{"id":9870,"date":"2024-12-07T18:00:25","date_gmt":"2024-12-07T17:00:25","guid":{"rendered":"https:\/\/cecilediy.com\/?post_type=product&#038;p=9870"},"modified":"2024-12-07T16:59:04","modified_gmt":"2024-12-07T15:59:04","slug":"soutien-gorge-ysance","status":"publish","type":"product","link":"https:\/\/cecilediy.com\/index.php\/produit\/soutien-gorge-ysance\/","title":{"rendered":"Soutien-gorge Ysance"},"content":{"rendered":"<ul>\n<li><b>Tissus <\/b>: Dentelle en bande extensible ou non-extensible, marquisette<\/li>\n<li><strong>Mercerie :<\/strong> \u00c9lastique plat 6 mm, \u00e9lastique \u00e0 bretelles 10 mm, \u00e9lastique \u00e0 boxer 40 mm, attache de soutien-gorge 40 mm, 2 anneaux, 2 barrettes de r\u00e9glage, ruban satin (optionnel)<\/li>\n<li><strong>Tailles<\/strong> : du 80 A au 115 G<\/li>\n<li><strong>Pdf<\/strong> : Patron A4, gamme de montage A4<\/li>\n<li><strong>Difficult\u00e9<\/strong> : \u2605\u2605\u2605\u2606\u2606<\/li>\n<li><b>A noter <\/b>: Imprimer en taille r\u00e9elle ou \u00e9chelle 100% la version avec ou sans valeur de couture<\/li>\n<li><strong>Pr\u00e9-requis<\/strong> : Avoir d\u00e9j\u00e0 cousu quelques v\u00eatements<\/li>\n<li><strong>Le petit \u00ab\u00a0+\u00a0\u00bb<\/strong> : Il est possible de filtrer le patron par taille pour n&rsquo;imprimer que la taille n\u00e9cessaire. La gamme de montage comporte un sch\u00e9ma d\u00e9taill\u00e9 par \u00e9tape.<\/li>\n<li><strong>Cours vid\u00e9o<\/strong> : non-inclus<\/li>\n<\/ul>\n","protected":false},"excerpt":{"rendered":"<div class=\"page\" title=\"Page 2\">\n<div class=\"section\">\n<div class=\"layoutArea\">\n<div class=\"column\">\n<p>Ysance est un patron de soutien-gorge triangle simple et rapide \u00e0 coudre tout en incluant les techniques de base sp\u00e9cifiques \u00e0 la lingerie, sp\u00e9cialement con\u00e7u pour les d\u00e9butants en lingerie corseterie.<\/p>\n<\/div>\n<p>Ce mod\u00e8le \u00e9l\u00e9gant, inspir\u00e9 de la lingerie haut de gamme, comporte une touche sportwear. Il est disponible du 80A au 115G.<\/p>\n<\/div>\n<p>Le livret de montage comporte des illustrations d\u00e9taill\u00e9es facilitant la compr\u00e9hension de chaque \u00e9tape. Le <a href=\"https:\/\/formations.cecilediy.com\/68cb802a-6df8-4898-9ad8-65468c613ef6\" target=\"_blank\" rel=\"noopener\">cours vid\u00e9o en 14 le\u00e7ons<\/a> n&rsquo;est pas inclus.<\/p>\n<\/div>\n<\/div>\n","protected":false},"featured_media":9871,"comment_status":"open","ping_status":"closed","template":"","meta":[],"product_brand":[],"product_cat":[1048,1050,951,993],"product_tag":[],"class_list":{"0":"post-9870","1":"product","2":"type-product","3":"status-publish","4":"has-post-thumbnail","6":"product_cat-femme","7":"product_cat-lingerie","8":"product_cat-patron-couture-lingerie","9":"product_cat-patrons-pdf","11":"first","12":"instock","13":"downloadable","14":"virtual","15":"purchasable","16":"product-type-simple"},"yoast_head":"<!-- This site is optimized with the Yoast SEO plugin v26.4 - https:\/\/yoast.com\/wordpress\/plugins\/seo\/ -->\n<title>Patron couture soutien-gorge Ysance du 80A au 115G | C\u00e9cile DIY<\/title>\n<meta name=\"description\" content=\"Patron de couture du soutien-gorge triangle Ysance, facile et rapide \u00e0 coudre du 80A au 115G, fourni en pdf avec sa gamme de montage illustr\u00e9e.\" \/>\n<meta name=\"robots\" content=\"index, follow, max-snippet:-1, max-image-preview:large, max-video-preview:-1\" \/>\n<link rel=\"canonical\" href=\"https:\/\/cecilediy.com\/index.php\/produit\/soutien-gorge-ysance\/\" \/>\n<meta property=\"og:locale\" content=\"fr_FR\" \/>\n<meta property=\"og:type\" content=\"article\" \/>\n<meta property=\"og:title\" content=\"Patron couture soutien-gorge Ysance du 80A au 115G | C\u00e9cile DIY\" \/>\n<meta property=\"og:description\" content=\"Patron de couture du soutien-gorge triangle Ysance, facile et rapide \u00e0 coudre du 80A au 115G, fourni en pdf avec sa gamme de montage illustr\u00e9e.\" \/>\n<meta property=\"og:url\" content=\"https:\/\/cecilediy.com\/index.php\/produit\/soutien-gorge-ysance\/\" \/>\n<meta property=\"og:site_name\" content=\"Cecile DIY\" \/>\n<meta property=\"article:publisher\" content=\"https:\/\/www.facebook.com\/cecileoff\/\" \/>\n<meta property=\"og:image\" content=\"https:\/\/cecilediy.com\/wp-content\/uploads\/2024\/12\/Illustration-soutien-gorge-triangle-Ysance-chair.webp\" \/>\n\t<meta property=\"og:image:width\" content=\"2500\" \/>\n\t<meta property=\"og:image:height\" content=\"2500\" \/>\n\t<meta property=\"og:image:type\" content=\"image\/webp\" \/>\n<meta name=\"twitter:card\" content=\"summary_large_image\" \/>\n<meta name=\"twitter:label1\" content=\"Dur\u00e9e de lecture estim\u00e9e\" \/>\n\t<meta name=\"twitter:data1\" content=\"1 minute\" \/>\n<script type=\"application\/ld+json\" class=\"yoast-schema-graph\">{\"@context\":\"https:\/\/schema.org\",\"@graph\":[{\"@type\":\"WebPage\",\"@id\":\"https:\/\/cecilediy.com\/index.php\/produit\/soutien-gorge-ysance\/\",\"url\":\"https:\/\/cecilediy.com\/index.php\/produit\/soutien-gorge-ysance\/\",\"name\":\"Patron couture soutien-gorge Ysance du 80A au 115G | C\u00e9cile DIY\",\"isPartOf\":{\"@id\":\"https:\/\/cecilediy.com\/#website\"},\"primaryImageOfPage\":{\"@id\":\"https:\/\/cecilediy.com\/index.php\/produit\/soutien-gorge-ysance\/#primaryimage\"},\"image\":{\"@id\":\"https:\/\/cecilediy.com\/index.php\/produit\/soutien-gorge-ysance\/#primaryimage\"},\"thumbnailUrl\":\"https:\/\/cecilediy.com\/wp-content\/uploads\/2024\/12\/Illustration-soutien-gorge-triangle-Ysance-chair.webp\",\"datePublished\":\"2024-12-07T17:00:25+00:00\",\"description\":\"Patron de couture du soutien-gorge triangle Ysance, facile et rapide \u00e0 coudre du 80A au 115G, fourni en pdf avec sa gamme de montage illustr\u00e9e.\",\"breadcrumb\":{\"@id\":\"https:\/\/cecilediy.com\/index.php\/produit\/soutien-gorge-ysance\/#breadcrumb\"},\"inLanguage\":\"fr-FR\",\"potentialAction\":[{\"@type\":\"ReadAction\",\"target\":[\"https:\/\/cecilediy.com\/index.php\/produit\/soutien-gorge-ysance\/\"]}]},{\"@type\":\"ImageObject\",\"inLanguage\":\"fr-FR\",\"@id\":\"https:\/\/cecilediy.com\/index.php\/produit\/soutien-gorge-ysance\/#primaryimage\",\"url\":\"https:\/\/cecilediy.com\/wp-content\/uploads\/2024\/12\/Illustration-soutien-gorge-triangle-Ysance-chair.webp\",\"contentUrl\":\"https:\/\/cecilediy.com\/wp-content\/uploads\/2024\/12\/Illustration-soutien-gorge-triangle-Ysance-chair.webp\",\"width\":2500,\"height\":2500},{\"@type\":\"BreadcrumbList\",\"@id\":\"https:\/\/cecilediy.com\/index.php\/produit\/soutien-gorge-ysance\/#breadcrumb\",\"itemListElement\":[{\"@type\":\"ListItem\",\"position\":1,\"name\":\"Accueil\",\"item\":\"https:\/\/cecilediy.com\/\"},{\"@type\":\"ListItem\",\"position\":2,\"name\":\"Boutique\",\"item\":\"https:\/\/cecilediy.com\/index.php\/boutique-cecile-diy\/\"},{\"@type\":\"ListItem\",\"position\":3,\"name\":\"Soutien-gorge Ysance\"}]},{\"@type\":\"WebSite\",\"@id\":\"https:\/\/cecilediy.com\/#website\",\"url\":\"https:\/\/cecilediy.com\/\",\"name\":\"C\u00e9cile DIY\",\"description\":\"DO IT YOURSELF\",\"publisher\":{\"@id\":\"https:\/\/cecilediy.com\/#\/schema\/person\/1e9bf1431e848e6f3f72380013e1d9db\"},\"potentialAction\":[{\"@type\":\"SearchAction\",\"target\":{\"@type\":\"EntryPoint\",\"urlTemplate\":\"https:\/\/cecilediy.com\/?s={search_term_string}\"},\"query-input\":{\"@type\":\"PropertyValueSpecification\",\"valueRequired\":true,\"valueName\":\"search_term_string\"}}],\"inLanguage\":\"fr-FR\"},{\"@type\":[\"Person\",\"Organization\"],\"@id\":\"https:\/\/cecilediy.com\/#\/schema\/person\/1e9bf1431e848e6f3f72380013e1d9db\",\"name\":\"C\u00e9cile\",\"image\":{\"@type\":\"ImageObject\",\"inLanguage\":\"fr-FR\",\"@id\":\"https:\/\/cecilediy.com\/#\/schema\/person\/image\/\",\"url\":\"https:\/\/cecilediy.com\/wp-content\/uploads\/2022\/12\/Robe-Cassiopee-scaled.jpg\",\"contentUrl\":\"https:\/\/cecilediy.com\/wp-content\/uploads\/2022\/12\/Robe-Cassiopee-scaled.jpg\",\"width\":1920,\"height\":2560,\"caption\":\"C\u00e9cile\"},\"logo\":{\"@id\":\"https:\/\/cecilediy.com\/#\/schema\/person\/image\/\"},\"description\":\"Mod\u00e9liste, Content &amp; social media, Photographe\",\"sameAs\":[\"https:\/\/cecilediy.com\",\"https:\/\/www.facebook.com\/cecileoff\/\",\"https:\/\/www.instagram.com\/cecilediy\/\",\"https:\/\/www.pinterest.fr\/ccilediy\",\"https:\/\/www.youtube.com\/c\/cecilediy\"]}]}<\/script>\n<!-- \/ Yoast SEO plugin. -->","yoast_head_json":{"title":"Patron couture soutien-gorge Ysance du 80A au 115G | C\u00e9cile DIY","description":"Patron de couture du soutien-gorge triangle Ysance, facile et rapide \u00e0 coudre du 80A au 115G, fourni en pdf avec sa gamme de montage illustr\u00e9e.","robots":{"index":"index","follow":"follow","max-snippet":"max-snippet:-1","max-image-preview":"max-image-preview:large","max-video-preview":"max-video-preview:-1"},"canonical":"https:\/\/cecilediy.com\/index.php\/produit\/soutien-gorge-ysance\/","og_locale":"fr_FR","og_type":"article","og_title":"Patron couture soutien-gorge Ysance du 80A au 115G | C\u00e9cile DIY","og_description":"Patron de couture du soutien-gorge triangle Ysance, facile et rapide \u00e0 coudre du 80A au 115G, fourni en pdf avec sa gamme de montage illustr\u00e9e.","og_url":"https:\/\/cecilediy.com\/index.php\/produit\/soutien-gorge-ysance\/","og_site_name":"Cecile DIY","article_publisher":"https:\/\/www.facebook.com\/cecileoff\/","og_image":[{"width":2500,"height":2500,"url":"https:\/\/cecilediy.com\/wp-content\/uploads\/2024\/12\/Illustration-soutien-gorge-triangle-Ysance-chair.webp","type":"image\/webp"}],"twitter_card":"summary_large_image","twitter_misc":{"Dur\u00e9e de lecture estim\u00e9e":"1 minute"},"schema":{"@context":"https:\/\/schema.org","@graph":[{"@type":"WebPage","@id":"https:\/\/cecilediy.com\/index.php\/produit\/soutien-gorge-ysance\/","url":"https:\/\/cecilediy.com\/index.php\/produit\/soutien-gorge-ysance\/","name":"Patron couture soutien-gorge Ysance du 80A au 115G | C\u00e9cile DIY","isPartOf":{"@id":"https:\/\/cecilediy.com\/#website"},"primaryImageOfPage":{"@id":"https:\/\/cecilediy.com\/index.php\/produit\/soutien-gorge-ysance\/#primaryimage"},"image":{"@id":"https:\/\/cecilediy.com\/index.php\/produit\/soutien-gorge-ysance\/#primaryimage"},"thumbnailUrl":"https:\/\/cecilediy.com\/wp-content\/uploads\/2024\/12\/Illustration-soutien-gorge-triangle-Ysance-chair.webp","datePublished":"2024-12-07T17:00:25+00:00","description":"Patron de couture du soutien-gorge triangle Ysance, facile et rapide \u00e0 coudre du 80A au 115G, fourni en pdf avec sa gamme de montage illustr\u00e9e.","breadcrumb":{"@id":"https:\/\/cecilediy.com\/index.php\/produit\/soutien-gorge-ysance\/#breadcrumb"},"inLanguage":"fr-FR","potentialAction":[{"@type":"ReadAction","target":["https:\/\/cecilediy.com\/index.php\/produit\/soutien-gorge-ysance\/"]}]},{"@type":"ImageObject","inLanguage":"fr-FR","@id":"https:\/\/cecilediy.com\/index.php\/produit\/soutien-gorge-ysance\/#primaryimage","url":"https:\/\/cecilediy.com\/wp-content\/uploads\/2024\/12\/Illustration-soutien-gorge-triangle-Ysance-chair.webp","contentUrl":"https:\/\/cecilediy.com\/wp-content\/uploads\/2024\/12\/Illustration-soutien-gorge-triangle-Ysance-chair.webp","width":2500,"height":2500},{"@type":"BreadcrumbList","@id":"https:\/\/cecilediy.com\/index.php\/produit\/soutien-gorge-ysance\/#breadcrumb","itemListElement":[{"@type":"ListItem","position":1,"name":"Accueil","item":"https:\/\/cecilediy.com\/"},{"@type":"ListItem","position":2,"name":"Boutique","item":"https:\/\/cecilediy.com\/index.php\/boutique-cecile-diy\/"},{"@type":"ListItem","position":3,"name":"Soutien-gorge Ysance"}]},{"@type":"WebSite","@id":"https:\/\/cecilediy.com\/#website","url":"https:\/\/cecilediy.com\/","name":"C\u00e9cile DIY","description":"DO IT YOURSELF","publisher":{"@id":"https:\/\/cecilediy.com\/#\/schema\/person\/1e9bf1431e848e6f3f72380013e1d9db"},"potentialAction":[{"@type":"SearchAction","target":{"@type":"EntryPoint","urlTemplate":"https:\/\/cecilediy.com\/?s={search_term_string}"},"query-input":{"@type":"PropertyValueSpecification","valueRequired":true,"valueName":"search_term_string"}}],"inLanguage":"fr-FR"},{"@type":["Person","Organization"],"@id":"https:\/\/cecilediy.com\/#\/schema\/person\/1e9bf1431e848e6f3f72380013e1d9db","name":"C\u00e9cile","image":{"@type":"ImageObject","inLanguage":"fr-FR","@id":"https:\/\/cecilediy.com\/#\/schema\/person\/image\/","url":"https:\/\/cecilediy.com\/wp-content\/uploads\/2022\/12\/Robe-Cassiopee-scaled.jpg","contentUrl":"https:\/\/cecilediy.com\/wp-content\/uploads\/2022\/12\/Robe-Cassiopee-scaled.jpg","width":1920,"height":2560,"caption":"C\u00e9cile"},"logo":{"@id":"https:\/\/cecilediy.com\/#\/schema\/person\/image\/"},"description":"Mod\u00e9liste, Content &amp; social media, Photographe","sameAs":["https:\/\/cecilediy.com","https:\/\/www.facebook.com\/cecileoff\/","https:\/\/www.instagram.com\/cecilediy\/","https:\/\/www.pinterest.fr\/ccilediy","https:\/\/www.youtube.com\/c\/cecilediy"]}]}},"_links":{"self":[{"href":"https:\/\/cecilediy.com\/index.php\/wp-json\/wp\/v2\/product\/9870","targetHints":{"allow":["GET"]}}],"collection":[{"href":"https:\/\/cecilediy.com\/index.php\/wp-json\/wp\/v2\/product"}],"about":[{"href":"https:\/\/cecilediy.com\/index.php\/wp-json\/wp\/v2\/types\/product"}],"replies":[{"embeddable":true,"href":"https:\/\/cecilediy.com\/index.php\/wp-json\/wp\/v2\/comments?post=9870"}],"wp:featuredmedia":[{"embeddable":true,"href":"https:\/\/cecilediy.com\/index.php\/wp-json\/wp\/v2\/media\/9871"}],"wp:attachment":[{"href":"https:\/\/cecilediy.com\/index.php\/wp-json\/wp\/v2\/media?parent=9870"}],"wp:term":[{"taxonomy":"product_brand","embeddable":true,"href":"https:\/\/cecilediy.com\/index.php\/wp-json\/wp\/v2\/product_brand?post=9870"},{"taxonomy":"product_cat","embeddable":true,"href":"https:\/\/cecilediy.com\/index.php\/wp-json\/wp\/v2\/product_cat?post=9870"},{"taxonomy":"product_tag","embeddable":true,"href":"https:\/\/cecilediy.com\/index.php\/wp-json\/wp\/v2\/product_tag?post=9870"}],"curies":[{"name":"wp","href":"https:\/\/api.w.org\/{rel}","templated":true}]}}