{"id":9867,"date":"2024-12-09T16:30:42","date_gmt":"2024-12-09T15:30:42","guid":{"rendered":"https:\/\/cecilediy.com\/?post_type=product&#038;p=9867"},"modified":"2025-02-18T10:23:16","modified_gmt":"2025-02-18T09:23:16","slug":"box-soutien-gorge-ysance-passion-cours","status":"publish","type":"product","link":"https:\/\/cecilediy.com\/index.php\/produit\/box-soutien-gorge-ysance-passion-cours\/","title":{"rendered":"Box soutien gorge-Ysance Passion + cours"},"content":{"rendered":"<p>Caract\u00e9ristiques du produit :<\/p>\n<ul>\n<li><strong>Nom<\/strong> : Box soutien-gorge Ysance<\/li>\n<li><strong>Coloris<\/strong> : Passion<\/li>\n<li><strong>Tailles<\/strong> : du 80A au 115G<\/li>\n<li><strong>Cours<\/strong> : du <a href=\"https:\/\/formations.cecilediy.com\/68cb802a-6df8-4898-9ad8-65468c613ef6\" target=\"_blank\" rel=\"noopener\">soutien-gorge Ysance<\/a> en 14 le\u00e7ons inclus, en d\u00e9couvrant votre code unique dans votre box<\/li>\n<li><b>Contenu <\/b>:\n<ul>\n<li>Dentelle en bande rouge : 135 x 21 cm<\/li>\n<li>Marquisette rouge : 20 x 100 ou 40 x 50 cm<\/li>\n<li>\u00c9lastique \u00e0 boxer rouge 40 mm x 0,85m<\/li>\n<li>\u00c9lastique plat rouge 6 mm x 145 cm<\/li>\n<li>\u00c9lastique \u00e0 bretelles rouge 10 mm x 120 cm<\/li>\n<li>Attache soutien-gorge 40 mm<\/li>\n<li>Set d&rsquo;anneaux et barrettes de r\u00e9glage 10 mm<\/li>\n<li>20 cm ruban satin 3 mm<br \/>\n10 cm ruban en satin 6 mm<\/li>\n<li>Bobine rouge 100m<\/li>\n<li>Patron imprim\u00e9 A3 avec et sans valeurs de couture<\/li>\n<li>Gamme de montage en livret A5 cartonn\u00e9<\/li>\n<li>Packaging <em>Ma box lingerie<\/em><\/li>\n<\/ul>\n<\/li>\n<li><b>Le petit \u00ab\u00a0+\u00a0\u00bb<\/b> : vous disposez \u00e9galement du patron pdf et du livret de montage pdf en format A4 dans votre commande.<\/li>\n<li><strong>Vente<\/strong> : \u00e0 l\u2019unit\u00e9, mat\u00e9riel permettant de r\u00e9aliser un soutien-gorge Ysance du 80A au 115G<\/li>\n<li><strong>R\u00e9f\u00e9rence<\/strong> : BOCYSAPAS<\/li>\n<\/ul>\n","protected":false},"excerpt":{"rendered":"<p>Ma Box Couture Ysance Passion est la box de lingerie corseterie qui vous permettra de coudre votre premier soutien-gorge tout en \u00e9tant guid\u00e9 pas \u00e0 pas \u00e0 travers un <a href=\"https:\/\/formations.cecilediy.com\/68cb802a-6df8-4898-9ad8-65468c613ef6\" target=\"_blank\" rel=\"noopener\">cours en 14 le\u00e7ons<\/a> dont un code unique sera joint dans votre box.<\/p>\n<p>Ce mod\u00e8le simple et rapide \u00e0 coudre vous permettra de r\u00e9aliser une pi\u00e8ce de lingerie parfaitement adapt\u00e9e \u00e0 votre poitrine dans un style \u00e9l\u00e9gant et raffin\u00e9, saupoudr\u00e9 d&rsquo;une touche sportwear.<\/p>\n<p>Cette box couvre un large panel de tailles, du 80A au 115G. Il vous est fortement recommand\u00e9 de coudre une ou plusieurs toiles de bonnets afin de valider votre taille : la taille que vous portez dans le commerce ainsi que la taille vous correspondant th\u00e9oriquement \u00e0 partir du tableau de mesure si cette derni\u00e8re diff\u00e8re de votre taille habituelle.<\/p>\n<p>&nbsp;<\/p>\n","protected":false},"featured_media":9868,"comment_status":"open","ping_status":"closed","template":"","meta":[],"product_brand":[],"product_cat":[1001,997,1108],"product_tag":[],"class_list":{"0":"post-9867","1":"product","2":"type-product","3":"status-publish","4":"has-post-thumbnail","6":"product_cat-box-couture","7":"product_cat-box-couture-cecile-diy","8":"product_cat-soutien-gorge","9":"product_shipping_class-box","11":"first","12":"instock","13":"downloadable","14":"shipping-taxable","15":"purchasable","16":"product-type-simple"},"yoast_head":"<!-- This site is optimized with the Yoast SEO plugin v26.4 - https:\/\/yoast.com\/wordpress\/plugins\/seo\/ -->\n<title>Box couture lingerie et cours : soutien-gorge Ysance passion<\/title>\n<meta name=\"description\" content=\"Box couture et cours pour coudre le soutien-gorge Ysance Passion gr\u00e2ce au patron, fournitures, gamme de montage et cours en 14 le\u00e7ons.\" \/>\n<meta name=\"robots\" content=\"index, follow, max-snippet:-1, max-image-preview:large, max-video-preview:-1\" \/>\n<link rel=\"canonical\" href=\"https:\/\/cecilediy.com\/index.php\/produit\/box-soutien-gorge-ysance-passion-cours\/\" \/>\n<meta property=\"og:locale\" content=\"fr_FR\" \/>\n<meta property=\"og:type\" content=\"article\" \/>\n<meta property=\"og:title\" content=\"Box couture lingerie et cours : soutien-gorge Ysance passion\" \/>\n<meta property=\"og:description\" content=\"Box couture et cours pour coudre le soutien-gorge Ysance Passion gr\u00e2ce au patron, fournitures, gamme de montage et cours en 14 le\u00e7ons.\" \/>\n<meta property=\"og:url\" content=\"https:\/\/cecilediy.com\/index.php\/produit\/box-soutien-gorge-ysance-passion-cours\/\" \/>\n<meta property=\"og:site_name\" content=\"Cecile DIY\" \/>\n<meta property=\"article:publisher\" content=\"https:\/\/www.facebook.com\/cecileoff\/\" \/>\n<meta property=\"article:modified_time\" content=\"2025-02-18T09:23:16+00:00\" \/>\n<meta property=\"og:image\" content=\"https:\/\/cecilediy.com\/wp-content\/uploads\/2024\/12\/Box-soutien-gorge-Ysance-et-cours.png\" \/>\n\t<meta property=\"og:image:width\" content=\"1890\" \/>\n\t<meta property=\"og:image:height\" content=\"1890\" \/>\n\t<meta property=\"og:image:type\" content=\"image\/png\" \/>\n<meta name=\"twitter:card\" content=\"summary_large_image\" \/>\n<meta name=\"twitter:label1\" content=\"Dur\u00e9e de lecture estim\u00e9e\" \/>\n\t<meta name=\"twitter:data1\" content=\"2 minutes\" \/>\n<script type=\"application\/ld+json\" class=\"yoast-schema-graph\">{\"@context\":\"https:\/\/schema.org\",\"@graph\":[{\"@type\":\"WebPage\",\"@id\":\"https:\/\/cecilediy.com\/index.php\/produit\/box-soutien-gorge-ysance-passion-cours\/\",\"url\":\"https:\/\/cecilediy.com\/index.php\/produit\/box-soutien-gorge-ysance-passion-cours\/\",\"name\":\"Box couture lingerie et cours : soutien-gorge Ysance passion\",\"isPartOf\":{\"@id\":\"https:\/\/cecilediy.com\/#website\"},\"primaryImageOfPage\":{\"@id\":\"https:\/\/cecilediy.com\/index.php\/produit\/box-soutien-gorge-ysance-passion-cours\/#primaryimage\"},\"image\":{\"@id\":\"https:\/\/cecilediy.com\/index.php\/produit\/box-soutien-gorge-ysance-passion-cours\/#primaryimage\"},\"thumbnailUrl\":\"https:\/\/cecilediy.com\/wp-content\/uploads\/2024\/12\/Box-soutien-gorge-Ysance-et-cours.png\",\"datePublished\":\"2024-12-09T15:30:42+00:00\",\"dateModified\":\"2025-02-18T09:23:16+00:00\",\"description\":\"Box couture et cours pour coudre le soutien-gorge Ysance Passion gr\u00e2ce au patron, fournitures, gamme de montage et cours en 14 le\u00e7ons.\",\"breadcrumb\":{\"@id\":\"https:\/\/cecilediy.com\/index.php\/produit\/box-soutien-gorge-ysance-passion-cours\/#breadcrumb\"},\"inLanguage\":\"fr-FR\",\"potentialAction\":[{\"@type\":\"ReadAction\",\"target\":[\"https:\/\/cecilediy.com\/index.php\/produit\/box-soutien-gorge-ysance-passion-cours\/\"]}]},{\"@type\":\"ImageObject\",\"inLanguage\":\"fr-FR\",\"@id\":\"https:\/\/cecilediy.com\/index.php\/produit\/box-soutien-gorge-ysance-passion-cours\/#primaryimage\",\"url\":\"https:\/\/cecilediy.com\/wp-content\/uploads\/2024\/12\/Box-soutien-gorge-Ysance-et-cours.png\",\"contentUrl\":\"https:\/\/cecilediy.com\/wp-content\/uploads\/2024\/12\/Box-soutien-gorge-Ysance-et-cours.png\",\"width\":1890,\"height\":1890},{\"@type\":\"BreadcrumbList\",\"@id\":\"https:\/\/cecilediy.com\/index.php\/produit\/box-soutien-gorge-ysance-passion-cours\/#breadcrumb\",\"itemListElement\":[{\"@type\":\"ListItem\",\"position\":1,\"name\":\"Accueil\",\"item\":\"https:\/\/cecilediy.com\/\"},{\"@type\":\"ListItem\",\"position\":2,\"name\":\"Boutique\",\"item\":\"https:\/\/cecilediy.com\/index.php\/boutique-cecile-diy\/\"},{\"@type\":\"ListItem\",\"position\":3,\"name\":\"Box soutien gorge-Ysance Passion + cours\"}]},{\"@type\":\"WebSite\",\"@id\":\"https:\/\/cecilediy.com\/#website\",\"url\":\"https:\/\/cecilediy.com\/\",\"name\":\"C\u00e9cile DIY\",\"description\":\"DO IT YOURSELF\",\"publisher\":{\"@id\":\"https:\/\/cecilediy.com\/#\/schema\/person\/1e9bf1431e848e6f3f72380013e1d9db\"},\"potentialAction\":[{\"@type\":\"SearchAction\",\"target\":{\"@type\":\"EntryPoint\",\"urlTemplate\":\"https:\/\/cecilediy.com\/?s={search_term_string}\"},\"query-input\":{\"@type\":\"PropertyValueSpecification\",\"valueRequired\":true,\"valueName\":\"search_term_string\"}}],\"inLanguage\":\"fr-FR\"},{\"@type\":[\"Person\",\"Organization\"],\"@id\":\"https:\/\/cecilediy.com\/#\/schema\/person\/1e9bf1431e848e6f3f72380013e1d9db\",\"name\":\"C\u00e9cile\",\"image\":{\"@type\":\"ImageObject\",\"inLanguage\":\"fr-FR\",\"@id\":\"https:\/\/cecilediy.com\/#\/schema\/person\/image\/\",\"url\":\"https:\/\/cecilediy.com\/wp-content\/uploads\/2022\/12\/Robe-Cassiopee-scaled.jpg\",\"contentUrl\":\"https:\/\/cecilediy.com\/wp-content\/uploads\/2022\/12\/Robe-Cassiopee-scaled.jpg\",\"width\":1920,\"height\":2560,\"caption\":\"C\u00e9cile\"},\"logo\":{\"@id\":\"https:\/\/cecilediy.com\/#\/schema\/person\/image\/\"},\"description\":\"Mod\u00e9liste, Content &amp; social media, Photographe\",\"sameAs\":[\"https:\/\/cecilediy.com\",\"https:\/\/www.facebook.com\/cecileoff\/\",\"https:\/\/www.instagram.com\/cecilediy\/\",\"https:\/\/www.pinterest.fr\/ccilediy\",\"https:\/\/www.youtube.com\/c\/cecilediy\"]}]}<\/script>\n<!-- \/ Yoast SEO plugin. -->","yoast_head_json":{"title":"Box couture lingerie et cours : soutien-gorge Ysance passion","description":"Box couture et cours pour coudre le soutien-gorge Ysance Passion gr\u00e2ce au patron, fournitures, gamme de montage et cours en 14 le\u00e7ons.","robots":{"index":"index","follow":"follow","max-snippet":"max-snippet:-1","max-image-preview":"max-image-preview:large","max-video-preview":"max-video-preview:-1"},"canonical":"https:\/\/cecilediy.com\/index.php\/produit\/box-soutien-gorge-ysance-passion-cours\/","og_locale":"fr_FR","og_type":"article","og_title":"Box couture lingerie et cours : soutien-gorge Ysance passion","og_description":"Box couture et cours pour coudre le soutien-gorge Ysance Passion gr\u00e2ce au patron, fournitures, gamme de montage et cours en 14 le\u00e7ons.","og_url":"https:\/\/cecilediy.com\/index.php\/produit\/box-soutien-gorge-ysance-passion-cours\/","og_site_name":"Cecile DIY","article_publisher":"https:\/\/www.facebook.com\/cecileoff\/","article_modified_time":"2025-02-18T09:23:16+00:00","og_image":[{"width":1890,"height":1890,"url":"https:\/\/cecilediy.com\/wp-content\/uploads\/2024\/12\/Box-soutien-gorge-Ysance-et-cours.png","type":"image\/png"}],"twitter_card":"summary_large_image","twitter_misc":{"Dur\u00e9e de lecture estim\u00e9e":"2 minutes"},"schema":{"@context":"https:\/\/schema.org","@graph":[{"@type":"WebPage","@id":"https:\/\/cecilediy.com\/index.php\/produit\/box-soutien-gorge-ysance-passion-cours\/","url":"https:\/\/cecilediy.com\/index.php\/produit\/box-soutien-gorge-ysance-passion-cours\/","name":"Box couture lingerie et cours : soutien-gorge Ysance passion","isPartOf":{"@id":"https:\/\/cecilediy.com\/#website"},"primaryImageOfPage":{"@id":"https:\/\/cecilediy.com\/index.php\/produit\/box-soutien-gorge-ysance-passion-cours\/#primaryimage"},"image":{"@id":"https:\/\/cecilediy.com\/index.php\/produit\/box-soutien-gorge-ysance-passion-cours\/#primaryimage"},"thumbnailUrl":"https:\/\/cecilediy.com\/wp-content\/uploads\/2024\/12\/Box-soutien-gorge-Ysance-et-cours.png","datePublished":"2024-12-09T15:30:42+00:00","dateModified":"2025-02-18T09:23:16+00:00","description":"Box couture et cours pour coudre le soutien-gorge Ysance Passion gr\u00e2ce au patron, fournitures, gamme de montage et cours en 14 le\u00e7ons.","breadcrumb":{"@id":"https:\/\/cecilediy.com\/index.php\/produit\/box-soutien-gorge-ysance-passion-cours\/#breadcrumb"},"inLanguage":"fr-FR","potentialAction":[{"@type":"ReadAction","target":["https:\/\/cecilediy.com\/index.php\/produit\/box-soutien-gorge-ysance-passion-cours\/"]}]},{"@type":"ImageObject","inLanguage":"fr-FR","@id":"https:\/\/cecilediy.com\/index.php\/produit\/box-soutien-gorge-ysance-passion-cours\/#primaryimage","url":"https:\/\/cecilediy.com\/wp-content\/uploads\/2024\/12\/Box-soutien-gorge-Ysance-et-cours.png","contentUrl":"https:\/\/cecilediy.com\/wp-content\/uploads\/2024\/12\/Box-soutien-gorge-Ysance-et-cours.png","width":1890,"height":1890},{"@type":"BreadcrumbList","@id":"https:\/\/cecilediy.com\/index.php\/produit\/box-soutien-gorge-ysance-passion-cours\/#breadcrumb","itemListElement":[{"@type":"ListItem","position":1,"name":"Accueil","item":"https:\/\/cecilediy.com\/"},{"@type":"ListItem","position":2,"name":"Boutique","item":"https:\/\/cecilediy.com\/index.php\/boutique-cecile-diy\/"},{"@type":"ListItem","position":3,"name":"Box soutien gorge-Ysance Passion + cours"}]},{"@type":"WebSite","@id":"https:\/\/cecilediy.com\/#website","url":"https:\/\/cecilediy.com\/","name":"C\u00e9cile DIY","description":"DO IT YOURSELF","publisher":{"@id":"https:\/\/cecilediy.com\/#\/schema\/person\/1e9bf1431e848e6f3f72380013e1d9db"},"potentialAction":[{"@type":"SearchAction","target":{"@type":"EntryPoint","urlTemplate":"https:\/\/cecilediy.com\/?s={search_term_string}"},"query-input":{"@type":"PropertyValueSpecification","valueRequired":true,"valueName":"search_term_string"}}],"inLanguage":"fr-FR"},{"@type":["Person","Organization"],"@id":"https:\/\/cecilediy.com\/#\/schema\/person\/1e9bf1431e848e6f3f72380013e1d9db","name":"C\u00e9cile","image":{"@type":"ImageObject","inLanguage":"fr-FR","@id":"https:\/\/cecilediy.com\/#\/schema\/person\/image\/","url":"https:\/\/cecilediy.com\/wp-content\/uploads\/2022\/12\/Robe-Cassiopee-scaled.jpg","contentUrl":"https:\/\/cecilediy.com\/wp-content\/uploads\/2022\/12\/Robe-Cassiopee-scaled.jpg","width":1920,"height":2560,"caption":"C\u00e9cile"},"logo":{"@id":"https:\/\/cecilediy.com\/#\/schema\/person\/image\/"},"description":"Mod\u00e9liste, Content &amp; social media, Photographe","sameAs":["https:\/\/cecilediy.com","https:\/\/www.facebook.com\/cecileoff\/","https:\/\/www.instagram.com\/cecilediy\/","https:\/\/www.pinterest.fr\/ccilediy","https:\/\/www.youtube.com\/c\/cecilediy"]}]}},"_links":{"self":[{"href":"https:\/\/cecilediy.com\/index.php\/wp-json\/wp\/v2\/product\/9867","targetHints":{"allow":["GET"]}}],"collection":[{"href":"https:\/\/cecilediy.com\/index.php\/wp-json\/wp\/v2\/product"}],"about":[{"href":"https:\/\/cecilediy.com\/index.php\/wp-json\/wp\/v2\/types\/product"}],"replies":[{"embeddable":true,"href":"https:\/\/cecilediy.com\/index.php\/wp-json\/wp\/v2\/comments?post=9867"}],"wp:featuredmedia":[{"embeddable":true,"href":"https:\/\/cecilediy.com\/index.php\/wp-json\/wp\/v2\/media\/9868"}],"wp:attachment":[{"href":"https:\/\/cecilediy.com\/index.php\/wp-json\/wp\/v2\/media?parent=9867"}],"wp:term":[{"taxonomy":"product_brand","embeddable":true,"href":"https:\/\/cecilediy.com\/index.php\/wp-json\/wp\/v2\/product_brand?post=9867"},{"taxonomy":"product_cat","embeddable":true,"href":"https:\/\/cecilediy.com\/index.php\/wp-json\/wp\/v2\/product_cat?post=9867"},{"taxonomy":"product_tag","embeddable":true,"href":"https:\/\/cecilediy.com\/index.php\/wp-json\/wp\/v2\/product_tag?post=9867"}],"curies":[{"name":"wp","href":"https:\/\/api.w.org\/{rel}","templated":true}]}}