{"id":8928,"date":"2023-06-27T19:28:29","date_gmt":"2023-06-27T17:28:29","guid":{"rendered":"https:\/\/cecilediy.com\/?post_type=product&#038;p=8928"},"modified":"2023-06-27T19:33:26","modified_gmt":"2023-06-27T17:33:26","slug":"pack-patrons-bikini-jeanne-adulte-et-pitiz","status":"publish","type":"product","link":"https:\/\/cecilediy.com\/index.php\/produit\/pack-patrons-bikini-jeanne-adulte-et-pitiz\/","title":{"rendered":"Pack patrons bikini Jeanne adulte et Pitiz"},"content":{"rendered":"<ul>\n<li><b>Tissus <\/b>: Lycra 200g\/m2 en 145 cm de laize, doublure mousse en 145 cm de laize<\/li>\n<li><strong>Mercerie :<\/strong> laminette 6 mm, aiguilles stretch ou jersey<\/li>\n<li><strong>Tailles<\/strong> : du 34 au 52, du 80 A au 115 G, du 2 au 14 ans + 75 A poitrine naissante<\/li>\n<li><strong>Pdf<\/strong> : Patron A4, livret de montage, tableaux de mesures, plan de coupe, plan d&rsquo;assemblage des feuilles A4, m\u00e9trage pr\u00e9cis<\/li>\n<li><strong>Difficult\u00e9<\/strong> : \u2605\u2605\u2605\u2606\u2606<\/li>\n<li><b>A noter <\/b>: Imprimer en taille r\u00e9elle ou \u00e9chelle 100%, les valeurs de couture sont incluses<\/li>\n<li><strong>Pr\u00e9-requis<\/strong> : Avoir d\u00e9j\u00e0 cousu quelques v\u00eatements<\/li>\n<li><strong>Le petit \u00ab\u00a0+\u00a0\u00bb<\/strong> : D\u00e9butant ou confirm\u00e9, vous disposez de vid\u00e9os explicatives qui vous guideront pas \u00e0 pas ainsi que d&rsquo;un livret de montage complet et illustr\u00e9, il est aussi possible de filtrer le patron pour n&rsquo;imprimer que la taille n\u00e9cessaire.<\/li>\n<li><strong>Cours vid\u00e9o gratuit<\/strong> : <a href=\"https:\/\/youtu.be\/RZ3EWzA6bkw\" target=\"_blank\" rel=\"noopener noreferrer\">Coudre le bikini Jeanne<\/a><\/li>\n<\/ul>\n","protected":false},"excerpt":{"rendered":"<p>Le bikini Jeanne est un basique \u00e0 ajouter \u00e0 votre garde-robe estivale ! Simple d\u2019apparence, l&rsquo;originalit\u00e9 et l\u2019\u00e9l\u00e9gance de ce mod\u00e8le se cache dans le dos.<\/p>\n<p>Disponible dans une large gamme de tailles chez les adultes, du 32 au 52 pour la culotte, et du 80A au 115G pour le haut, il s\u2019adapte \u00e0 chaque morphologie. Et pourquoi ne pas en profiter pour coudre un duo m\u00e8re-fille et partager un moment de complicit\u00e9 inoubliable ? Vous trouverez le patron en version Pitiz du 2 au 14 ans et en bonus une taille 75A pour les poitrines naissantes.<\/p>\n<p>Une fois la commande valid\u00e9e, retrouvez le patron dans Mon Compte &gt; T\u00e9l\u00e9chargements.<\/p>\n","protected":false},"featured_media":8929,"comment_status":"open","ping_status":"closed","template":"","meta":[],"product_brand":[],"product_cat":[1048,1049,1053,951,993,1047],"product_tag":[],"class_list":{"0":"post-8928","1":"product","2":"type-product","3":"status-publish","4":"has-post-thumbnail","6":"product_cat-femme","7":"product_cat-maillot-de-bain","8":"product_cat-pack-patrons","9":"product_cat-patron-couture-lingerie","10":"product_cat-patrons-pdf","11":"product_cat-pitiz","13":"first","14":"instock","15":"downloadable","16":"virtual","17":"purchasable","18":"product-type-simple"},"yoast_head":"<!-- This site is optimized with the Yoast SEO plugin v26.4 - https:\/\/yoast.com\/wordpress\/plugins\/seo\/ -->\n<title>Patrons couture bikini Jeanne enfant et adulte | C\u00e9cile DIY<\/title>\n<meta name=\"description\" content=\"Patron couture du maillot de bain Louise du 34 au 52, du 80A au 115 G, et du 2 au 14 ans + 75 A. Patron A4 et cours vid\u00e9o gratuit.\" \/>\n<meta name=\"robots\" content=\"index, follow, max-snippet:-1, max-image-preview:large, max-video-preview:-1\" \/>\n<link rel=\"canonical\" href=\"https:\/\/cecilediy.com\/index.php\/produit\/pack-patrons-bikini-jeanne-adulte-et-pitiz\/\" \/>\n<meta property=\"og:locale\" content=\"fr_FR\" \/>\n<meta property=\"og:type\" content=\"article\" \/>\n<meta property=\"og:title\" content=\"Patrons couture bikini Jeanne enfant et adulte | C\u00e9cile DIY\" \/>\n<meta property=\"og:description\" content=\"Patron couture du maillot de bain Louise du 34 au 52, du 80A au 115 G, et du 2 au 14 ans + 75 A. Patron A4 et cours vid\u00e9o gratuit.\" \/>\n<meta property=\"og:url\" content=\"https:\/\/cecilediy.com\/index.php\/produit\/pack-patrons-bikini-jeanne-adulte-et-pitiz\/\" \/>\n<meta property=\"og:site_name\" content=\"Cecile DIY\" \/>\n<meta property=\"article:publisher\" content=\"https:\/\/www.facebook.com\/cecileoff\/\" \/>\n<meta property=\"article:modified_time\" content=\"2023-06-27T17:33:26+00:00\" \/>\n<meta property=\"og:image\" content=\"https:\/\/cecilediy.com\/wp-content\/uploads\/2023\/06\/Illustration-bikini-Jeanne-devant.jpg\" \/>\n\t<meta property=\"og:image:width\" content=\"2268\" \/>\n\t<meta property=\"og:image:height\" content=\"2268\" \/>\n\t<meta property=\"og:image:type\" content=\"image\/jpeg\" \/>\n<meta name=\"twitter:card\" content=\"summary_large_image\" \/>\n<meta name=\"twitter:label1\" content=\"Dur\u00e9e de lecture estim\u00e9e\" \/>\n\t<meta name=\"twitter:data1\" content=\"1 minute\" \/>\n<script type=\"application\/ld+json\" class=\"yoast-schema-graph\">{\"@context\":\"https:\/\/schema.org\",\"@graph\":[{\"@type\":\"WebPage\",\"@id\":\"https:\/\/cecilediy.com\/index.php\/produit\/pack-patrons-bikini-jeanne-adulte-et-pitiz\/\",\"url\":\"https:\/\/cecilediy.com\/index.php\/produit\/pack-patrons-bikini-jeanne-adulte-et-pitiz\/\",\"name\":\"Patrons couture bikini Jeanne enfant et adulte | C\u00e9cile DIY\",\"isPartOf\":{\"@id\":\"https:\/\/cecilediy.com\/#website\"},\"primaryImageOfPage\":{\"@id\":\"https:\/\/cecilediy.com\/index.php\/produit\/pack-patrons-bikini-jeanne-adulte-et-pitiz\/#primaryimage\"},\"image\":{\"@id\":\"https:\/\/cecilediy.com\/index.php\/produit\/pack-patrons-bikini-jeanne-adulte-et-pitiz\/#primaryimage\"},\"thumbnailUrl\":\"https:\/\/cecilediy.com\/wp-content\/uploads\/2023\/06\/Illustration-bikini-Jeanne-devant.jpg\",\"datePublished\":\"2023-06-27T17:28:29+00:00\",\"dateModified\":\"2023-06-27T17:33:26+00:00\",\"description\":\"Patron couture du maillot de bain Louise du 34 au 52, du 80A au 115 G, et du 2 au 14 ans + 75 A. Patron A4 et cours vid\u00e9o gratuit.\",\"breadcrumb\":{\"@id\":\"https:\/\/cecilediy.com\/index.php\/produit\/pack-patrons-bikini-jeanne-adulte-et-pitiz\/#breadcrumb\"},\"inLanguage\":\"fr-FR\",\"potentialAction\":[{\"@type\":\"ReadAction\",\"target\":[\"https:\/\/cecilediy.com\/index.php\/produit\/pack-patrons-bikini-jeanne-adulte-et-pitiz\/\"]}]},{\"@type\":\"ImageObject\",\"inLanguage\":\"fr-FR\",\"@id\":\"https:\/\/cecilediy.com\/index.php\/produit\/pack-patrons-bikini-jeanne-adulte-et-pitiz\/#primaryimage\",\"url\":\"https:\/\/cecilediy.com\/wp-content\/uploads\/2023\/06\/Illustration-bikini-Jeanne-devant.jpg\",\"contentUrl\":\"https:\/\/cecilediy.com\/wp-content\/uploads\/2023\/06\/Illustration-bikini-Jeanne-devant.jpg\",\"width\":2268,\"height\":2268},{\"@type\":\"BreadcrumbList\",\"@id\":\"https:\/\/cecilediy.com\/index.php\/produit\/pack-patrons-bikini-jeanne-adulte-et-pitiz\/#breadcrumb\",\"itemListElement\":[{\"@type\":\"ListItem\",\"position\":1,\"name\":\"Accueil\",\"item\":\"https:\/\/cecilediy.com\/\"},{\"@type\":\"ListItem\",\"position\":2,\"name\":\"Boutique\",\"item\":\"https:\/\/cecilediy.com\/index.php\/boutique-cecile-diy\/\"},{\"@type\":\"ListItem\",\"position\":3,\"name\":\"Pack patrons bikini Jeanne adulte et Pitiz\"}]},{\"@type\":\"WebSite\",\"@id\":\"https:\/\/cecilediy.com\/#website\",\"url\":\"https:\/\/cecilediy.com\/\",\"name\":\"C\u00e9cile DIY\",\"description\":\"DO IT YOURSELF\",\"publisher\":{\"@id\":\"https:\/\/cecilediy.com\/#\/schema\/person\/1e9bf1431e848e6f3f72380013e1d9db\"},\"potentialAction\":[{\"@type\":\"SearchAction\",\"target\":{\"@type\":\"EntryPoint\",\"urlTemplate\":\"https:\/\/cecilediy.com\/?s={search_term_string}\"},\"query-input\":{\"@type\":\"PropertyValueSpecification\",\"valueRequired\":true,\"valueName\":\"search_term_string\"}}],\"inLanguage\":\"fr-FR\"},{\"@type\":[\"Person\",\"Organization\"],\"@id\":\"https:\/\/cecilediy.com\/#\/schema\/person\/1e9bf1431e848e6f3f72380013e1d9db\",\"name\":\"C\u00e9cile\",\"image\":{\"@type\":\"ImageObject\",\"inLanguage\":\"fr-FR\",\"@id\":\"https:\/\/cecilediy.com\/#\/schema\/person\/image\/\",\"url\":\"https:\/\/cecilediy.com\/wp-content\/uploads\/2022\/12\/Robe-Cassiopee-scaled.jpg\",\"contentUrl\":\"https:\/\/cecilediy.com\/wp-content\/uploads\/2022\/12\/Robe-Cassiopee-scaled.jpg\",\"width\":1920,\"height\":2560,\"caption\":\"C\u00e9cile\"},\"logo\":{\"@id\":\"https:\/\/cecilediy.com\/#\/schema\/person\/image\/\"},\"description\":\"Mod\u00e9liste, Content &amp; social media, Photographe\",\"sameAs\":[\"https:\/\/cecilediy.com\",\"https:\/\/www.facebook.com\/cecileoff\/\",\"https:\/\/www.instagram.com\/cecilediy\/\",\"https:\/\/www.pinterest.fr\/ccilediy\",\"https:\/\/www.youtube.com\/c\/cecilediy\"]}]}<\/script>\n<!-- \/ Yoast SEO plugin. -->","yoast_head_json":{"title":"Patrons couture bikini Jeanne enfant et adulte | C\u00e9cile DIY","description":"Patron couture du maillot de bain Louise du 34 au 52, du 80A au 115 G, et du 2 au 14 ans + 75 A. Patron A4 et cours vid\u00e9o gratuit.","robots":{"index":"index","follow":"follow","max-snippet":"max-snippet:-1","max-image-preview":"max-image-preview:large","max-video-preview":"max-video-preview:-1"},"canonical":"https:\/\/cecilediy.com\/index.php\/produit\/pack-patrons-bikini-jeanne-adulte-et-pitiz\/","og_locale":"fr_FR","og_type":"article","og_title":"Patrons couture bikini Jeanne enfant et adulte | C\u00e9cile DIY","og_description":"Patron couture du maillot de bain Louise du 34 au 52, du 80A au 115 G, et du 2 au 14 ans + 75 A. Patron A4 et cours vid\u00e9o gratuit.","og_url":"https:\/\/cecilediy.com\/index.php\/produit\/pack-patrons-bikini-jeanne-adulte-et-pitiz\/","og_site_name":"Cecile DIY","article_publisher":"https:\/\/www.facebook.com\/cecileoff\/","article_modified_time":"2023-06-27T17:33:26+00:00","og_image":[{"width":2268,"height":2268,"url":"https:\/\/cecilediy.com\/wp-content\/uploads\/2023\/06\/Illustration-bikini-Jeanne-devant.jpg","type":"image\/jpeg"}],"twitter_card":"summary_large_image","twitter_misc":{"Dur\u00e9e de lecture estim\u00e9e":"1 minute"},"schema":{"@context":"https:\/\/schema.org","@graph":[{"@type":"WebPage","@id":"https:\/\/cecilediy.com\/index.php\/produit\/pack-patrons-bikini-jeanne-adulte-et-pitiz\/","url":"https:\/\/cecilediy.com\/index.php\/produit\/pack-patrons-bikini-jeanne-adulte-et-pitiz\/","name":"Patrons couture bikini Jeanne enfant et adulte | C\u00e9cile DIY","isPartOf":{"@id":"https:\/\/cecilediy.com\/#website"},"primaryImageOfPage":{"@id":"https:\/\/cecilediy.com\/index.php\/produit\/pack-patrons-bikini-jeanne-adulte-et-pitiz\/#primaryimage"},"image":{"@id":"https:\/\/cecilediy.com\/index.php\/produit\/pack-patrons-bikini-jeanne-adulte-et-pitiz\/#primaryimage"},"thumbnailUrl":"https:\/\/cecilediy.com\/wp-content\/uploads\/2023\/06\/Illustration-bikini-Jeanne-devant.jpg","datePublished":"2023-06-27T17:28:29+00:00","dateModified":"2023-06-27T17:33:26+00:00","description":"Patron couture du maillot de bain Louise du 34 au 52, du 80A au 115 G, et du 2 au 14 ans + 75 A. Patron A4 et cours vid\u00e9o gratuit.","breadcrumb":{"@id":"https:\/\/cecilediy.com\/index.php\/produit\/pack-patrons-bikini-jeanne-adulte-et-pitiz\/#breadcrumb"},"inLanguage":"fr-FR","potentialAction":[{"@type":"ReadAction","target":["https:\/\/cecilediy.com\/index.php\/produit\/pack-patrons-bikini-jeanne-adulte-et-pitiz\/"]}]},{"@type":"ImageObject","inLanguage":"fr-FR","@id":"https:\/\/cecilediy.com\/index.php\/produit\/pack-patrons-bikini-jeanne-adulte-et-pitiz\/#primaryimage","url":"https:\/\/cecilediy.com\/wp-content\/uploads\/2023\/06\/Illustration-bikini-Jeanne-devant.jpg","contentUrl":"https:\/\/cecilediy.com\/wp-content\/uploads\/2023\/06\/Illustration-bikini-Jeanne-devant.jpg","width":2268,"height":2268},{"@type":"BreadcrumbList","@id":"https:\/\/cecilediy.com\/index.php\/produit\/pack-patrons-bikini-jeanne-adulte-et-pitiz\/#breadcrumb","itemListElement":[{"@type":"ListItem","position":1,"name":"Accueil","item":"https:\/\/cecilediy.com\/"},{"@type":"ListItem","position":2,"name":"Boutique","item":"https:\/\/cecilediy.com\/index.php\/boutique-cecile-diy\/"},{"@type":"ListItem","position":3,"name":"Pack patrons bikini Jeanne adulte et Pitiz"}]},{"@type":"WebSite","@id":"https:\/\/cecilediy.com\/#website","url":"https:\/\/cecilediy.com\/","name":"C\u00e9cile DIY","description":"DO IT YOURSELF","publisher":{"@id":"https:\/\/cecilediy.com\/#\/schema\/person\/1e9bf1431e848e6f3f72380013e1d9db"},"potentialAction":[{"@type":"SearchAction","target":{"@type":"EntryPoint","urlTemplate":"https:\/\/cecilediy.com\/?s={search_term_string}"},"query-input":{"@type":"PropertyValueSpecification","valueRequired":true,"valueName":"search_term_string"}}],"inLanguage":"fr-FR"},{"@type":["Person","Organization"],"@id":"https:\/\/cecilediy.com\/#\/schema\/person\/1e9bf1431e848e6f3f72380013e1d9db","name":"C\u00e9cile","image":{"@type":"ImageObject","inLanguage":"fr-FR","@id":"https:\/\/cecilediy.com\/#\/schema\/person\/image\/","url":"https:\/\/cecilediy.com\/wp-content\/uploads\/2022\/12\/Robe-Cassiopee-scaled.jpg","contentUrl":"https:\/\/cecilediy.com\/wp-content\/uploads\/2022\/12\/Robe-Cassiopee-scaled.jpg","width":1920,"height":2560,"caption":"C\u00e9cile"},"logo":{"@id":"https:\/\/cecilediy.com\/#\/schema\/person\/image\/"},"description":"Mod\u00e9liste, Content &amp; social media, Photographe","sameAs":["https:\/\/cecilediy.com","https:\/\/www.facebook.com\/cecileoff\/","https:\/\/www.instagram.com\/cecilediy\/","https:\/\/www.pinterest.fr\/ccilediy","https:\/\/www.youtube.com\/c\/cecilediy"]}]}},"_links":{"self":[{"href":"https:\/\/cecilediy.com\/index.php\/wp-json\/wp\/v2\/product\/8928","targetHints":{"allow":["GET"]}}],"collection":[{"href":"https:\/\/cecilediy.com\/index.php\/wp-json\/wp\/v2\/product"}],"about":[{"href":"https:\/\/cecilediy.com\/index.php\/wp-json\/wp\/v2\/types\/product"}],"replies":[{"embeddable":true,"href":"https:\/\/cecilediy.com\/index.php\/wp-json\/wp\/v2\/comments?post=8928"}],"wp:featuredmedia":[{"embeddable":true,"href":"https:\/\/cecilediy.com\/index.php\/wp-json\/wp\/v2\/media\/8929"}],"wp:attachment":[{"href":"https:\/\/cecilediy.com\/index.php\/wp-json\/wp\/v2\/media?parent=8928"}],"wp:term":[{"taxonomy":"product_brand","embeddable":true,"href":"https:\/\/cecilediy.com\/index.php\/wp-json\/wp\/v2\/product_brand?post=8928"},{"taxonomy":"product_cat","embeddable":true,"href":"https:\/\/cecilediy.com\/index.php\/wp-json\/wp\/v2\/product_cat?post=8928"},{"taxonomy":"product_tag","embeddable":true,"href":"https:\/\/cecilediy.com\/index.php\/wp-json\/wp\/v2\/product_tag?post=8928"}],"curies":[{"name":"wp","href":"https:\/\/api.w.org\/{rel}","templated":true}]}}