{"id":8911,"date":"2023-06-27T19:28:55","date_gmt":"2023-06-27T17:28:55","guid":{"rendered":"https:\/\/cecilediy.com\/?post_type=product&#038;p=8911"},"modified":"2023-06-27T19:32:17","modified_gmt":"2023-06-27T17:32:17","slug":"patron-bikini-jeanne-femme","status":"publish","type":"product","link":"https:\/\/cecilediy.com\/index.php\/produit\/patron-bikini-jeanne-femme\/","title":{"rendered":"Patron bikini Jeanne (32-52, 80A-115G)"},"content":{"rendered":"<ul>\n<li><b>Tissus <\/b>: Lycra 200g\/m2 en 145 cm de laize, doublure mousse en 145 cm de laize<\/li>\n<li><strong>Mercerie :<\/strong> laminette 6 mm, aiguilles stretch ou jersey<\/li>\n<li><strong>Tailles<\/strong> : du 32 au 52 pour la culotte de bikini, du 80 A au 115 G pour le haut de bikini<\/li>\n<li><strong>Pdf<\/strong> : Patron A4, livret de montage, tableaux de mesures, plan de coupe, plan d&rsquo;assemblage des feuilles A4, m\u00e9trage pr\u00e9cis<\/li>\n<li><strong>Difficult\u00e9<\/strong> : \u2605\u2605\u2605\u2606\u2606<\/li>\n<li><b>A noter <\/b>: Imprimer en taille r\u00e9elle ou \u00e9chelle 100%, les valeurs de couture sont incluses<\/li>\n<li><strong>Pr\u00e9-requis<\/strong> : Avoir d\u00e9j\u00e0 cousu quelques v\u00eatements<\/li>\n<li><strong>Le petit \u00ab\u00a0+\u00a0\u00bb<\/strong> : D\u00e9butant ou confirm\u00e9, vous disposez de vid\u00e9os explicatives qui vous guideront pas \u00e0 pas ainsi que d&rsquo;un livret de montage complet et illustr\u00e9, il est aussi possible de filtrer le patron par taille pour n&rsquo;imprimer que la taille n\u00e9cessaire.<\/li>\n<li><strong>Cours vid\u00e9o gratuit<\/strong> : <a href=\"https:\/\/youtu.be\/RZ3EWzA6bkw\" target=\"_blank\" rel=\"noopener noreferrer\">Coudre le bikini Jeanne<\/a><\/li>\n<\/ul>\n","protected":false},"excerpt":{"rendered":"<div class=\"page\" title=\"Page 2\">\n<div class=\"section\">\n<div class=\"layoutArea\">\n<div class=\"column\">\n<p>Le bikini Jeanne est un basique \u00e0 ajouter \u00e0 votre garde-robe estivale ! Simple d\u2019apparence, l&rsquo;originalit\u00e9 et l\u2019\u00e9l\u00e9gance de ce mod\u00e8le se cache dans le dos.<\/p>\n<p>Disponible dans une large gamme de tailles, du 80A au 115G, il s\u2019adapte \u00e0 chaque morphologie. Et pourquoi ne pas en profiter pour coudre un duo m\u00e8re-fille et partager un moment de complicit\u00e9 inoubliable ?<\/p>\n<\/div>\n<\/div>\n<\/div>\n<\/div>\n<p>La culotte, quant \u00e0 elle, est disponible de la taille 32 \u00e0 la taille 52. Une fois la commande valid\u00e9e, retrouvez le patron dans Mon Compte &gt; T\u00e9l\u00e9chargements.<\/p>\n","protected":false},"featured_media":8916,"comment_status":"open","ping_status":"closed","template":"","meta":[],"product_brand":[],"product_cat":[1048,1049,951,993],"product_tag":[],"class_list":{"0":"post-8911","1":"product","2":"type-product","3":"status-publish","4":"has-post-thumbnail","6":"product_cat-femme","7":"product_cat-maillot-de-bain","8":"product_cat-patron-couture-lingerie","9":"product_cat-patrons-pdf","11":"first","12":"instock","13":"downloadable","14":"virtual","15":"purchasable","16":"product-type-simple"},"yoast_head":"<!-- This site is optimized with the Yoast SEO plugin v26.4 - https:\/\/yoast.com\/wordpress\/plugins\/seo\/ -->\n<title>Patron couture bikini Jeanne du 32 au 52, du 80A au 115G | C\u00e9cile DIY<\/title>\n<meta name=\"description\" content=\"Patron de couture, bikini Jeanne du 32 au 52 et du 80 A au 115 G, accessible aux d\u00e9butants gr\u00e2ce au livret et aux vid\u00e9os explicatives.\" \/>\n<meta name=\"robots\" content=\"index, follow, max-snippet:-1, max-image-preview:large, max-video-preview:-1\" \/>\n<link rel=\"canonical\" href=\"https:\/\/cecilediy.com\/index.php\/produit\/patron-bikini-jeanne-femme\/\" \/>\n<meta property=\"og:locale\" content=\"fr_FR\" \/>\n<meta property=\"og:type\" content=\"article\" \/>\n<meta property=\"og:title\" content=\"Patron couture bikini Jeanne du 32 au 52, du 80A au 115G | C\u00e9cile DIY\" \/>\n<meta property=\"og:description\" content=\"Patron de couture, bikini Jeanne du 32 au 52 et du 80 A au 115 G, accessible aux d\u00e9butants gr\u00e2ce au livret et aux vid\u00e9os explicatives.\" \/>\n<meta property=\"og:url\" content=\"https:\/\/cecilediy.com\/index.php\/produit\/patron-bikini-jeanne-femme\/\" \/>\n<meta property=\"og:site_name\" content=\"Cecile DIY\" \/>\n<meta property=\"article:publisher\" content=\"https:\/\/www.facebook.com\/cecileoff\/\" \/>\n<meta property=\"article:modified_time\" content=\"2023-06-27T17:32:17+00:00\" \/>\n<meta property=\"og:image\" content=\"https:\/\/cecilediy.com\/wp-content\/uploads\/2023\/06\/IMG_6565-scaled-e1687881016346.jpg\" \/>\n\t<meta property=\"og:image:width\" content=\"1707\" \/>\n\t<meta property=\"og:image:height\" content=\"1715\" \/>\n\t<meta property=\"og:image:type\" content=\"image\/jpeg\" \/>\n<meta name=\"twitter:card\" content=\"summary_large_image\" \/>\n<meta name=\"twitter:label1\" content=\"Dur\u00e9e de lecture estim\u00e9e\" \/>\n\t<meta name=\"twitter:data1\" content=\"1 minute\" \/>\n<script type=\"application\/ld+json\" class=\"yoast-schema-graph\">{\"@context\":\"https:\/\/schema.org\",\"@graph\":[{\"@type\":\"WebPage\",\"@id\":\"https:\/\/cecilediy.com\/index.php\/produit\/patron-bikini-jeanne-femme\/\",\"url\":\"https:\/\/cecilediy.com\/index.php\/produit\/patron-bikini-jeanne-femme\/\",\"name\":\"Patron couture bikini Jeanne du 32 au 52, du 80A au 115G | C\u00e9cile DIY\",\"isPartOf\":{\"@id\":\"https:\/\/cecilediy.com\/#website\"},\"primaryImageOfPage\":{\"@id\":\"https:\/\/cecilediy.com\/index.php\/produit\/patron-bikini-jeanne-femme\/#primaryimage\"},\"image\":{\"@id\":\"https:\/\/cecilediy.com\/index.php\/produit\/patron-bikini-jeanne-femme\/#primaryimage\"},\"thumbnailUrl\":\"https:\/\/cecilediy.com\/wp-content\/uploads\/2023\/06\/IMG_6565-scaled-e1687881016346.jpg\",\"datePublished\":\"2023-06-27T17:28:55+00:00\",\"dateModified\":\"2023-06-27T17:32:17+00:00\",\"description\":\"Patron de couture, bikini Jeanne du 32 au 52 et du 80 A au 115 G, accessible aux d\u00e9butants gr\u00e2ce au livret et aux vid\u00e9os explicatives.\",\"breadcrumb\":{\"@id\":\"https:\/\/cecilediy.com\/index.php\/produit\/patron-bikini-jeanne-femme\/#breadcrumb\"},\"inLanguage\":\"fr-FR\",\"potentialAction\":[{\"@type\":\"ReadAction\",\"target\":[\"https:\/\/cecilediy.com\/index.php\/produit\/patron-bikini-jeanne-femme\/\"]}]},{\"@type\":\"ImageObject\",\"inLanguage\":\"fr-FR\",\"@id\":\"https:\/\/cecilediy.com\/index.php\/produit\/patron-bikini-jeanne-femme\/#primaryimage\",\"url\":\"https:\/\/cecilediy.com\/wp-content\/uploads\/2023\/06\/IMG_6565-scaled-e1687881016346.jpg\",\"contentUrl\":\"https:\/\/cecilediy.com\/wp-content\/uploads\/2023\/06\/IMG_6565-scaled-e1687881016346.jpg\",\"width\":1707,\"height\":1715},{\"@type\":\"BreadcrumbList\",\"@id\":\"https:\/\/cecilediy.com\/index.php\/produit\/patron-bikini-jeanne-femme\/#breadcrumb\",\"itemListElement\":[{\"@type\":\"ListItem\",\"position\":1,\"name\":\"Accueil\",\"item\":\"https:\/\/cecilediy.com\/\"},{\"@type\":\"ListItem\",\"position\":2,\"name\":\"Boutique\",\"item\":\"https:\/\/cecilediy.com\/index.php\/boutique-cecile-diy\/\"},{\"@type\":\"ListItem\",\"position\":3,\"name\":\"Patron bikini Jeanne (32-52, 80A-115G)\"}]},{\"@type\":\"WebSite\",\"@id\":\"https:\/\/cecilediy.com\/#website\",\"url\":\"https:\/\/cecilediy.com\/\",\"name\":\"C\u00e9cile DIY\",\"description\":\"DO IT YOURSELF\",\"publisher\":{\"@id\":\"https:\/\/cecilediy.com\/#\/schema\/person\/1e9bf1431e848e6f3f72380013e1d9db\"},\"potentialAction\":[{\"@type\":\"SearchAction\",\"target\":{\"@type\":\"EntryPoint\",\"urlTemplate\":\"https:\/\/cecilediy.com\/?s={search_term_string}\"},\"query-input\":{\"@type\":\"PropertyValueSpecification\",\"valueRequired\":true,\"valueName\":\"search_term_string\"}}],\"inLanguage\":\"fr-FR\"},{\"@type\":[\"Person\",\"Organization\"],\"@id\":\"https:\/\/cecilediy.com\/#\/schema\/person\/1e9bf1431e848e6f3f72380013e1d9db\",\"name\":\"C\u00e9cile\",\"image\":{\"@type\":\"ImageObject\",\"inLanguage\":\"fr-FR\",\"@id\":\"https:\/\/cecilediy.com\/#\/schema\/person\/image\/\",\"url\":\"https:\/\/cecilediy.com\/wp-content\/uploads\/2022\/12\/Robe-Cassiopee-scaled.jpg\",\"contentUrl\":\"https:\/\/cecilediy.com\/wp-content\/uploads\/2022\/12\/Robe-Cassiopee-scaled.jpg\",\"width\":1920,\"height\":2560,\"caption\":\"C\u00e9cile\"},\"logo\":{\"@id\":\"https:\/\/cecilediy.com\/#\/schema\/person\/image\/\"},\"description\":\"Mod\u00e9liste, Content &amp; social media, Photographe\",\"sameAs\":[\"https:\/\/cecilediy.com\",\"https:\/\/www.facebook.com\/cecileoff\/\",\"https:\/\/www.instagram.com\/cecilediy\/\",\"https:\/\/www.pinterest.fr\/ccilediy\",\"https:\/\/www.youtube.com\/c\/cecilediy\"]}]}<\/script>\n<!-- \/ Yoast SEO plugin. -->","yoast_head_json":{"title":"Patron couture bikini Jeanne du 32 au 52, du 80A au 115G | C\u00e9cile DIY","description":"Patron de couture, bikini Jeanne du 32 au 52 et du 80 A au 115 G, accessible aux d\u00e9butants gr\u00e2ce au livret et aux vid\u00e9os explicatives.","robots":{"index":"index","follow":"follow","max-snippet":"max-snippet:-1","max-image-preview":"max-image-preview:large","max-video-preview":"max-video-preview:-1"},"canonical":"https:\/\/cecilediy.com\/index.php\/produit\/patron-bikini-jeanne-femme\/","og_locale":"fr_FR","og_type":"article","og_title":"Patron couture bikini Jeanne du 32 au 52, du 80A au 115G | C\u00e9cile DIY","og_description":"Patron de couture, bikini Jeanne du 32 au 52 et du 80 A au 115 G, accessible aux d\u00e9butants gr\u00e2ce au livret et aux vid\u00e9os explicatives.","og_url":"https:\/\/cecilediy.com\/index.php\/produit\/patron-bikini-jeanne-femme\/","og_site_name":"Cecile DIY","article_publisher":"https:\/\/www.facebook.com\/cecileoff\/","article_modified_time":"2023-06-27T17:32:17+00:00","og_image":[{"width":1707,"height":1715,"url":"https:\/\/cecilediy.com\/wp-content\/uploads\/2023\/06\/IMG_6565-scaled-e1687881016346.jpg","type":"image\/jpeg"}],"twitter_card":"summary_large_image","twitter_misc":{"Dur\u00e9e de lecture estim\u00e9e":"1 minute"},"schema":{"@context":"https:\/\/schema.org","@graph":[{"@type":"WebPage","@id":"https:\/\/cecilediy.com\/index.php\/produit\/patron-bikini-jeanne-femme\/","url":"https:\/\/cecilediy.com\/index.php\/produit\/patron-bikini-jeanne-femme\/","name":"Patron couture bikini Jeanne du 32 au 52, du 80A au 115G | C\u00e9cile DIY","isPartOf":{"@id":"https:\/\/cecilediy.com\/#website"},"primaryImageOfPage":{"@id":"https:\/\/cecilediy.com\/index.php\/produit\/patron-bikini-jeanne-femme\/#primaryimage"},"image":{"@id":"https:\/\/cecilediy.com\/index.php\/produit\/patron-bikini-jeanne-femme\/#primaryimage"},"thumbnailUrl":"https:\/\/cecilediy.com\/wp-content\/uploads\/2023\/06\/IMG_6565-scaled-e1687881016346.jpg","datePublished":"2023-06-27T17:28:55+00:00","dateModified":"2023-06-27T17:32:17+00:00","description":"Patron de couture, bikini Jeanne du 32 au 52 et du 80 A au 115 G, accessible aux d\u00e9butants gr\u00e2ce au livret et aux vid\u00e9os explicatives.","breadcrumb":{"@id":"https:\/\/cecilediy.com\/index.php\/produit\/patron-bikini-jeanne-femme\/#breadcrumb"},"inLanguage":"fr-FR","potentialAction":[{"@type":"ReadAction","target":["https:\/\/cecilediy.com\/index.php\/produit\/patron-bikini-jeanne-femme\/"]}]},{"@type":"ImageObject","inLanguage":"fr-FR","@id":"https:\/\/cecilediy.com\/index.php\/produit\/patron-bikini-jeanne-femme\/#primaryimage","url":"https:\/\/cecilediy.com\/wp-content\/uploads\/2023\/06\/IMG_6565-scaled-e1687881016346.jpg","contentUrl":"https:\/\/cecilediy.com\/wp-content\/uploads\/2023\/06\/IMG_6565-scaled-e1687881016346.jpg","width":1707,"height":1715},{"@type":"BreadcrumbList","@id":"https:\/\/cecilediy.com\/index.php\/produit\/patron-bikini-jeanne-femme\/#breadcrumb","itemListElement":[{"@type":"ListItem","position":1,"name":"Accueil","item":"https:\/\/cecilediy.com\/"},{"@type":"ListItem","position":2,"name":"Boutique","item":"https:\/\/cecilediy.com\/index.php\/boutique-cecile-diy\/"},{"@type":"ListItem","position":3,"name":"Patron bikini Jeanne (32-52, 80A-115G)"}]},{"@type":"WebSite","@id":"https:\/\/cecilediy.com\/#website","url":"https:\/\/cecilediy.com\/","name":"C\u00e9cile DIY","description":"DO IT YOURSELF","publisher":{"@id":"https:\/\/cecilediy.com\/#\/schema\/person\/1e9bf1431e848e6f3f72380013e1d9db"},"potentialAction":[{"@type":"SearchAction","target":{"@type":"EntryPoint","urlTemplate":"https:\/\/cecilediy.com\/?s={search_term_string}"},"query-input":{"@type":"PropertyValueSpecification","valueRequired":true,"valueName":"search_term_string"}}],"inLanguage":"fr-FR"},{"@type":["Person","Organization"],"@id":"https:\/\/cecilediy.com\/#\/schema\/person\/1e9bf1431e848e6f3f72380013e1d9db","name":"C\u00e9cile","image":{"@type":"ImageObject","inLanguage":"fr-FR","@id":"https:\/\/cecilediy.com\/#\/schema\/person\/image\/","url":"https:\/\/cecilediy.com\/wp-content\/uploads\/2022\/12\/Robe-Cassiopee-scaled.jpg","contentUrl":"https:\/\/cecilediy.com\/wp-content\/uploads\/2022\/12\/Robe-Cassiopee-scaled.jpg","width":1920,"height":2560,"caption":"C\u00e9cile"},"logo":{"@id":"https:\/\/cecilediy.com\/#\/schema\/person\/image\/"},"description":"Mod\u00e9liste, Content &amp; social media, Photographe","sameAs":["https:\/\/cecilediy.com","https:\/\/www.facebook.com\/cecileoff\/","https:\/\/www.instagram.com\/cecilediy\/","https:\/\/www.pinterest.fr\/ccilediy","https:\/\/www.youtube.com\/c\/cecilediy"]}]}},"_links":{"self":[{"href":"https:\/\/cecilediy.com\/index.php\/wp-json\/wp\/v2\/product\/8911","targetHints":{"allow":["GET"]}}],"collection":[{"href":"https:\/\/cecilediy.com\/index.php\/wp-json\/wp\/v2\/product"}],"about":[{"href":"https:\/\/cecilediy.com\/index.php\/wp-json\/wp\/v2\/types\/product"}],"replies":[{"embeddable":true,"href":"https:\/\/cecilediy.com\/index.php\/wp-json\/wp\/v2\/comments?post=8911"}],"wp:featuredmedia":[{"embeddable":true,"href":"https:\/\/cecilediy.com\/index.php\/wp-json\/wp\/v2\/media\/8916"}],"wp:attachment":[{"href":"https:\/\/cecilediy.com\/index.php\/wp-json\/wp\/v2\/media?parent=8911"}],"wp:term":[{"taxonomy":"product_brand","embeddable":true,"href":"https:\/\/cecilediy.com\/index.php\/wp-json\/wp\/v2\/product_brand?post=8911"},{"taxonomy":"product_cat","embeddable":true,"href":"https:\/\/cecilediy.com\/index.php\/wp-json\/wp\/v2\/product_cat?post=8911"},{"taxonomy":"product_tag","embeddable":true,"href":"https:\/\/cecilediy.com\/index.php\/wp-json\/wp\/v2\/product_tag?post=8911"}],"curies":[{"name":"wp","href":"https:\/\/api.w.org\/{rel}","templated":true}]}}