{"id":8906,"date":"2023-06-27T19:28:51","date_gmt":"2023-06-27T17:28:51","guid":{"rendered":"https:\/\/cecilediy.com\/?post_type=product&#038;p=8906"},"modified":"2023-06-27T19:33:03","modified_gmt":"2023-06-27T17:33:03","slug":"patron-bikini-jeanne-pitiz","status":"publish","type":"product","link":"https:\/\/cecilediy.com\/index.php\/produit\/patron-bikini-jeanne-pitiz\/","title":{"rendered":"Patron bikini Jeanne (2-14 ans)"},"content":{"rendered":"<ul>\n<li><b>Tissus <\/b>: Lycra 200g\/m2 en 145 cm de laize, doublure mousse en 145 cm de laize<\/li>\n<li><strong>Mercerie :<\/strong> laminette 6 mm, aiguilles stretch ou jersey<\/li>\n<li><strong>Tailles<\/strong> : du 2 au 14 ans + haut de bikini en 75 A<\/li>\n<li><strong>Pdf<\/strong> : Patron A4, livret de montage, tableaux de mesures, plan de coupe, plan d&rsquo;assemblage des feuilles A4, m\u00e9trage pr\u00e9cis<\/li>\n<li><strong>Difficult\u00e9<\/strong> : \u2605\u2605\u2605\u2606\u2606<\/li>\n<li><b>A noter <\/b>: Imprimer en taille r\u00e9elle ou \u00e9chelle 100%, les valeurs de couture sont incluses<\/li>\n<li><strong>Pr\u00e9-requis<\/strong> : Avoir d\u00e9j\u00e0 cousu quelques v\u00eatements<\/li>\n<li><strong>Le petit \u00ab\u00a0+\u00a0\u00bb<\/strong> : D\u00e9butant ou confirm\u00e9, vous disposez de vid\u00e9os explicatives qui vous guideront pas \u00e0 pas ainsi que d&rsquo;un livret de montage complet et illustr\u00e9. Le patron peut \u00eatre filtr\u00e9 par taille pour n&rsquo;imprimer que la taille n\u00e9cessaire. Et le gros plus, vous pouvez le coudre pour vos adolescentes qui ont des poitrines naissantes gr\u00e2ce \u00e0 notre patron bonus en 75 A.<\/li>\n<li><strong>Cours vid\u00e9o gratuit<\/strong> : <a href=\"https:\/\/youtu.be\/RZ3EWzA6bkw\" target=\"_blank\" rel=\"noopener noreferrer\">Coudre le bikini Jeanne<\/a><\/li>\n<\/ul>\n","protected":false},"excerpt":{"rendered":"<div class=\"page\" title=\"Page 2\">\n<div class=\"section\">\n<div class=\"layoutArea\">\n<div class=\"column\">\n<p>Le bikini Jeanne est un maillot de bain deux pi\u00e8ces id\u00e9al pour la saison estivale ! Simple d\u2019apparence, l&rsquo;originalit\u00e9 et l\u2019\u00e9l\u00e9gance de ce mod\u00e8le se cache dans le dos.<\/p>\n<p>Intemporel, il est disponible du 2 ans au 14 ans, et pour les poitrines naissantes, un bonnet sp\u00e9cial jeune fille est disponible en 75 A.<\/p>\n<p>Il existe \u00e9galement en version adulte, ce qui vous permettra de coudre de superbes duos m\u00e8res-filles !<\/p>\n<\/div>\n<\/div>\n<\/div>\n<\/div>\n<p>Une fois la commande valid\u00e9e, retrouvez le patron dans Mon Compte &gt; T\u00e9l\u00e9chargements.<\/p>\n","protected":false},"featured_media":8909,"comment_status":"open","ping_status":"closed","template":"","meta":[],"product_brand":[],"product_cat":[1049,951,993,1047],"product_tag":[],"class_list":{"0":"post-8906","1":"product","2":"type-product","3":"status-publish","4":"has-post-thumbnail","6":"product_cat-maillot-de-bain","7":"product_cat-patron-couture-lingerie","8":"product_cat-patrons-pdf","9":"product_cat-pitiz","11":"first","12":"instock","13":"downloadable","14":"virtual","15":"purchasable","16":"product-type-simple"},"yoast_head":"<!-- This site is optimized with the Yoast SEO plugin v26.4 - https:\/\/yoast.com\/wordpress\/plugins\/seo\/ -->\n<title>Patron couture bikini Jeanne du 2 au 14 ans + 75 A | C\u00e9cile DIY<\/title>\n<meta name=\"description\" content=\"Patron du bikini Jeanne pour enfant du 2 au 14 ans, ainsi qu&#039;en 75 A pour les poitrines naissantes fourni avec un pas \u00e0 pas vid\u00e9o et livret.\" \/>\n<meta name=\"robots\" content=\"index, follow, max-snippet:-1, max-image-preview:large, max-video-preview:-1\" \/>\n<link rel=\"canonical\" href=\"https:\/\/cecilediy.com\/index.php\/produit\/patron-bikini-jeanne-pitiz\/\" \/>\n<meta property=\"og:locale\" content=\"fr_FR\" \/>\n<meta property=\"og:type\" content=\"article\" \/>\n<meta property=\"og:title\" content=\"Patron couture bikini Jeanne du 2 au 14 ans + 75 A | C\u00e9cile DIY\" \/>\n<meta property=\"og:description\" content=\"Patron du bikini Jeanne pour enfant du 2 au 14 ans, ainsi qu&#039;en 75 A pour les poitrines naissantes fourni avec un pas \u00e0 pas vid\u00e9o et livret.\" \/>\n<meta property=\"og:url\" content=\"https:\/\/cecilediy.com\/index.php\/produit\/patron-bikini-jeanne-pitiz\/\" \/>\n<meta property=\"og:site_name\" content=\"Cecile DIY\" \/>\n<meta property=\"article:publisher\" content=\"https:\/\/www.facebook.com\/cecileoff\/\" \/>\n<meta property=\"article:modified_time\" content=\"2023-06-27T17:33:03+00:00\" \/>\n<meta property=\"og:image\" content=\"https:\/\/cecilediy.com\/wp-content\/uploads\/2023\/06\/Photo-14-06-2023-09-49-25.jpg\" \/>\n\t<meta property=\"og:image:width\" content=\"1180\" \/>\n\t<meta property=\"og:image:height\" content=\"1572\" \/>\n\t<meta property=\"og:image:type\" content=\"image\/jpeg\" \/>\n<meta name=\"twitter:card\" content=\"summary_large_image\" \/>\n<meta name=\"twitter:label1\" content=\"Dur\u00e9e de lecture estim\u00e9e\" \/>\n\t<meta name=\"twitter:data1\" content=\"1 minute\" \/>\n<script type=\"application\/ld+json\" class=\"yoast-schema-graph\">{\"@context\":\"https:\/\/schema.org\",\"@graph\":[{\"@type\":\"WebPage\",\"@id\":\"https:\/\/cecilediy.com\/index.php\/produit\/patron-bikini-jeanne-pitiz\/\",\"url\":\"https:\/\/cecilediy.com\/index.php\/produit\/patron-bikini-jeanne-pitiz\/\",\"name\":\"Patron couture bikini Jeanne du 2 au 14 ans + 75 A | C\u00e9cile DIY\",\"isPartOf\":{\"@id\":\"https:\/\/cecilediy.com\/#website\"},\"primaryImageOfPage\":{\"@id\":\"https:\/\/cecilediy.com\/index.php\/produit\/patron-bikini-jeanne-pitiz\/#primaryimage\"},\"image\":{\"@id\":\"https:\/\/cecilediy.com\/index.php\/produit\/patron-bikini-jeanne-pitiz\/#primaryimage\"},\"thumbnailUrl\":\"https:\/\/cecilediy.com\/wp-content\/uploads\/2023\/06\/Photo-14-06-2023-09-49-25.jpg\",\"datePublished\":\"2023-06-27T17:28:51+00:00\",\"dateModified\":\"2023-06-27T17:33:03+00:00\",\"description\":\"Patron du bikini Jeanne pour enfant du 2 au 14 ans, ainsi qu'en 75 A pour les poitrines naissantes fourni avec un pas \u00e0 pas vid\u00e9o et livret.\",\"breadcrumb\":{\"@id\":\"https:\/\/cecilediy.com\/index.php\/produit\/patron-bikini-jeanne-pitiz\/#breadcrumb\"},\"inLanguage\":\"fr-FR\",\"potentialAction\":[{\"@type\":\"ReadAction\",\"target\":[\"https:\/\/cecilediy.com\/index.php\/produit\/patron-bikini-jeanne-pitiz\/\"]}]},{\"@type\":\"ImageObject\",\"inLanguage\":\"fr-FR\",\"@id\":\"https:\/\/cecilediy.com\/index.php\/produit\/patron-bikini-jeanne-pitiz\/#primaryimage\",\"url\":\"https:\/\/cecilediy.com\/wp-content\/uploads\/2023\/06\/Photo-14-06-2023-09-49-25.jpg\",\"contentUrl\":\"https:\/\/cecilediy.com\/wp-content\/uploads\/2023\/06\/Photo-14-06-2023-09-49-25.jpg\",\"width\":1180,\"height\":1572},{\"@type\":\"BreadcrumbList\",\"@id\":\"https:\/\/cecilediy.com\/index.php\/produit\/patron-bikini-jeanne-pitiz\/#breadcrumb\",\"itemListElement\":[{\"@type\":\"ListItem\",\"position\":1,\"name\":\"Accueil\",\"item\":\"https:\/\/cecilediy.com\/\"},{\"@type\":\"ListItem\",\"position\":2,\"name\":\"Boutique\",\"item\":\"https:\/\/cecilediy.com\/index.php\/boutique-cecile-diy\/\"},{\"@type\":\"ListItem\",\"position\":3,\"name\":\"Patron bikini Jeanne (2-14 ans)\"}]},{\"@type\":\"WebSite\",\"@id\":\"https:\/\/cecilediy.com\/#website\",\"url\":\"https:\/\/cecilediy.com\/\",\"name\":\"C\u00e9cile DIY\",\"description\":\"DO IT YOURSELF\",\"publisher\":{\"@id\":\"https:\/\/cecilediy.com\/#\/schema\/person\/1e9bf1431e848e6f3f72380013e1d9db\"},\"potentialAction\":[{\"@type\":\"SearchAction\",\"target\":{\"@type\":\"EntryPoint\",\"urlTemplate\":\"https:\/\/cecilediy.com\/?s={search_term_string}\"},\"query-input\":{\"@type\":\"PropertyValueSpecification\",\"valueRequired\":true,\"valueName\":\"search_term_string\"}}],\"inLanguage\":\"fr-FR\"},{\"@type\":[\"Person\",\"Organization\"],\"@id\":\"https:\/\/cecilediy.com\/#\/schema\/person\/1e9bf1431e848e6f3f72380013e1d9db\",\"name\":\"C\u00e9cile\",\"image\":{\"@type\":\"ImageObject\",\"inLanguage\":\"fr-FR\",\"@id\":\"https:\/\/cecilediy.com\/#\/schema\/person\/image\/\",\"url\":\"https:\/\/cecilediy.com\/wp-content\/uploads\/2022\/12\/Robe-Cassiopee-scaled.jpg\",\"contentUrl\":\"https:\/\/cecilediy.com\/wp-content\/uploads\/2022\/12\/Robe-Cassiopee-scaled.jpg\",\"width\":1920,\"height\":2560,\"caption\":\"C\u00e9cile\"},\"logo\":{\"@id\":\"https:\/\/cecilediy.com\/#\/schema\/person\/image\/\"},\"description\":\"Mod\u00e9liste, Content &amp; social media, Photographe\",\"sameAs\":[\"https:\/\/cecilediy.com\",\"https:\/\/www.facebook.com\/cecileoff\/\",\"https:\/\/www.instagram.com\/cecilediy\/\",\"https:\/\/www.pinterest.fr\/ccilediy\",\"https:\/\/www.youtube.com\/c\/cecilediy\"]}]}<\/script>\n<!-- \/ Yoast SEO plugin. -->","yoast_head_json":{"title":"Patron couture bikini Jeanne du 2 au 14 ans + 75 A | C\u00e9cile DIY","description":"Patron du bikini Jeanne pour enfant du 2 au 14 ans, ainsi qu'en 75 A pour les poitrines naissantes fourni avec un pas \u00e0 pas vid\u00e9o et livret.","robots":{"index":"index","follow":"follow","max-snippet":"max-snippet:-1","max-image-preview":"max-image-preview:large","max-video-preview":"max-video-preview:-1"},"canonical":"https:\/\/cecilediy.com\/index.php\/produit\/patron-bikini-jeanne-pitiz\/","og_locale":"fr_FR","og_type":"article","og_title":"Patron couture bikini Jeanne du 2 au 14 ans + 75 A | C\u00e9cile DIY","og_description":"Patron du bikini Jeanne pour enfant du 2 au 14 ans, ainsi qu'en 75 A pour les poitrines naissantes fourni avec un pas \u00e0 pas vid\u00e9o et livret.","og_url":"https:\/\/cecilediy.com\/index.php\/produit\/patron-bikini-jeanne-pitiz\/","og_site_name":"Cecile DIY","article_publisher":"https:\/\/www.facebook.com\/cecileoff\/","article_modified_time":"2023-06-27T17:33:03+00:00","og_image":[{"width":1180,"height":1572,"url":"https:\/\/cecilediy.com\/wp-content\/uploads\/2023\/06\/Photo-14-06-2023-09-49-25.jpg","type":"image\/jpeg"}],"twitter_card":"summary_large_image","twitter_misc":{"Dur\u00e9e de lecture estim\u00e9e":"1 minute"},"schema":{"@context":"https:\/\/schema.org","@graph":[{"@type":"WebPage","@id":"https:\/\/cecilediy.com\/index.php\/produit\/patron-bikini-jeanne-pitiz\/","url":"https:\/\/cecilediy.com\/index.php\/produit\/patron-bikini-jeanne-pitiz\/","name":"Patron couture bikini Jeanne du 2 au 14 ans + 75 A | C\u00e9cile DIY","isPartOf":{"@id":"https:\/\/cecilediy.com\/#website"},"primaryImageOfPage":{"@id":"https:\/\/cecilediy.com\/index.php\/produit\/patron-bikini-jeanne-pitiz\/#primaryimage"},"image":{"@id":"https:\/\/cecilediy.com\/index.php\/produit\/patron-bikini-jeanne-pitiz\/#primaryimage"},"thumbnailUrl":"https:\/\/cecilediy.com\/wp-content\/uploads\/2023\/06\/Photo-14-06-2023-09-49-25.jpg","datePublished":"2023-06-27T17:28:51+00:00","dateModified":"2023-06-27T17:33:03+00:00","description":"Patron du bikini Jeanne pour enfant du 2 au 14 ans, ainsi qu'en 75 A pour les poitrines naissantes fourni avec un pas \u00e0 pas vid\u00e9o et livret.","breadcrumb":{"@id":"https:\/\/cecilediy.com\/index.php\/produit\/patron-bikini-jeanne-pitiz\/#breadcrumb"},"inLanguage":"fr-FR","potentialAction":[{"@type":"ReadAction","target":["https:\/\/cecilediy.com\/index.php\/produit\/patron-bikini-jeanne-pitiz\/"]}]},{"@type":"ImageObject","inLanguage":"fr-FR","@id":"https:\/\/cecilediy.com\/index.php\/produit\/patron-bikini-jeanne-pitiz\/#primaryimage","url":"https:\/\/cecilediy.com\/wp-content\/uploads\/2023\/06\/Photo-14-06-2023-09-49-25.jpg","contentUrl":"https:\/\/cecilediy.com\/wp-content\/uploads\/2023\/06\/Photo-14-06-2023-09-49-25.jpg","width":1180,"height":1572},{"@type":"BreadcrumbList","@id":"https:\/\/cecilediy.com\/index.php\/produit\/patron-bikini-jeanne-pitiz\/#breadcrumb","itemListElement":[{"@type":"ListItem","position":1,"name":"Accueil","item":"https:\/\/cecilediy.com\/"},{"@type":"ListItem","position":2,"name":"Boutique","item":"https:\/\/cecilediy.com\/index.php\/boutique-cecile-diy\/"},{"@type":"ListItem","position":3,"name":"Patron bikini Jeanne (2-14 ans)"}]},{"@type":"WebSite","@id":"https:\/\/cecilediy.com\/#website","url":"https:\/\/cecilediy.com\/","name":"C\u00e9cile DIY","description":"DO IT YOURSELF","publisher":{"@id":"https:\/\/cecilediy.com\/#\/schema\/person\/1e9bf1431e848e6f3f72380013e1d9db"},"potentialAction":[{"@type":"SearchAction","target":{"@type":"EntryPoint","urlTemplate":"https:\/\/cecilediy.com\/?s={search_term_string}"},"query-input":{"@type":"PropertyValueSpecification","valueRequired":true,"valueName":"search_term_string"}}],"inLanguage":"fr-FR"},{"@type":["Person","Organization"],"@id":"https:\/\/cecilediy.com\/#\/schema\/person\/1e9bf1431e848e6f3f72380013e1d9db","name":"C\u00e9cile","image":{"@type":"ImageObject","inLanguage":"fr-FR","@id":"https:\/\/cecilediy.com\/#\/schema\/person\/image\/","url":"https:\/\/cecilediy.com\/wp-content\/uploads\/2022\/12\/Robe-Cassiopee-scaled.jpg","contentUrl":"https:\/\/cecilediy.com\/wp-content\/uploads\/2022\/12\/Robe-Cassiopee-scaled.jpg","width":1920,"height":2560,"caption":"C\u00e9cile"},"logo":{"@id":"https:\/\/cecilediy.com\/#\/schema\/person\/image\/"},"description":"Mod\u00e9liste, Content &amp; social media, Photographe","sameAs":["https:\/\/cecilediy.com","https:\/\/www.facebook.com\/cecileoff\/","https:\/\/www.instagram.com\/cecilediy\/","https:\/\/www.pinterest.fr\/ccilediy","https:\/\/www.youtube.com\/c\/cecilediy"]}]}},"_links":{"self":[{"href":"https:\/\/cecilediy.com\/index.php\/wp-json\/wp\/v2\/product\/8906","targetHints":{"allow":["GET"]}}],"collection":[{"href":"https:\/\/cecilediy.com\/index.php\/wp-json\/wp\/v2\/product"}],"about":[{"href":"https:\/\/cecilediy.com\/index.php\/wp-json\/wp\/v2\/types\/product"}],"replies":[{"embeddable":true,"href":"https:\/\/cecilediy.com\/index.php\/wp-json\/wp\/v2\/comments?post=8906"}],"wp:featuredmedia":[{"embeddable":true,"href":"https:\/\/cecilediy.com\/index.php\/wp-json\/wp\/v2\/media\/8909"}],"wp:attachment":[{"href":"https:\/\/cecilediy.com\/index.php\/wp-json\/wp\/v2\/media?parent=8906"}],"wp:term":[{"taxonomy":"product_brand","embeddable":true,"href":"https:\/\/cecilediy.com\/index.php\/wp-json\/wp\/v2\/product_brand?post=8906"},{"taxonomy":"product_cat","embeddable":true,"href":"https:\/\/cecilediy.com\/index.php\/wp-json\/wp\/v2\/product_cat?post=8906"},{"taxonomy":"product_tag","embeddable":true,"href":"https:\/\/cecilediy.com\/index.php\/wp-json\/wp\/v2\/product_tag?post=8906"}],"curies":[{"name":"wp","href":"https:\/\/api.w.org\/{rel}","templated":true}]}}