{"id":8781,"date":"2023-05-28T18:30:50","date_gmt":"2023-05-28T16:30:50","guid":{"rendered":"https:\/\/cecilediy.com\/?post_type=product&#038;p=8781"},"modified":"2023-09-06T17:41:38","modified_gmt":"2023-09-06T15:41:38","slug":"patron-maillot-louise-34-52","status":"publish","type":"product","link":"https:\/\/cecilediy.com\/index.php\/produit\/patron-maillot-louise-34-52\/","title":{"rendered":"Patron maillot de bain Louise (34-52)"},"content":{"rendered":"<ul>\n<li><b>Tissus <\/b>: Lycra 200g\/m2 en 145 cm de laize, doublure mousse en 145 cm de laize<\/li>\n<li><strong>Mercerie :<\/strong> laminette 6 mm, aiguilles stretch ou jersey<\/li>\n<li><strong>Tailles<\/strong> : du 34 au 52<\/li>\n<li><strong>Pdf<\/strong> : Patron A4, patron A1, livret de montage, tableaux de mesures, plan de coupe, plan d&rsquo;assemblage des feuilles A4, m\u00e9trage pr\u00e9cis<\/li>\n<li><strong>Difficult\u00e9<\/strong> : \u2605\u2605\u2605\u2606\u2606<\/li>\n<li><b>A noter <\/b>: Imprimer en taille r\u00e9elle ou \u00e9chelle 100%, les valeurs de couture sont incluses<\/li>\n<li><strong>Pr\u00e9-requis<\/strong> : Avoir d\u00e9j\u00e0 cousu quelques v\u00eatements<\/li>\n<li><strong>Le petit \u00ab\u00a0+\u00a0\u00bb<\/strong> : D\u00e9butant ou confirm\u00e9, vous disposez de vid\u00e9os explicatives qui vous guideront pas \u00e0 pas ainsi que d&rsquo;un livret de montage complet et illustr\u00e9, il est aussi possible de filtrer le patron par taille pour n&rsquo;imprimer que la taille n\u00e9cessaire.<\/li>\n<li><strong>Cours vid\u00e9o gratuit<\/strong> : <a href=\"https:\/\/youtu.be\/T5FgxGrNjSM\" target=\"_blank\" rel=\"noopener noreferrer\">Coudre le maillot de bain Louise<\/a><\/li>\n<\/ul>\n","protected":false},"excerpt":{"rendered":"<div class=\"page\" title=\"Page 2\">\n<div class=\"section\">\n<div class=\"layoutArea\">\n<div class=\"column\">\n<p>Avec le maillot de bain Louise, vous fai\u0302tes le choix d\u2019un mode\u0300le e\u0301le\u0301gant et ae\u0301rien pour cet e\u0301te\u0301. Ses volants de\u0301licats habilleront votre silhouette en lui apportant une touche de fluidite\u0301.<\/p>\n<p>Simple et rapide a\u0300 coudre, il est disponible en duo me\u0300re-fille, de quoi se coordonner avec style !<\/p>\n<\/div>\n<\/div>\n<\/div>\n<\/div>\n<p>Le patron est disponible de la taille 34 \u00e0 la taille 52. Une fois la commande valid\u00e9e, retrouvez le patron dans Mon Compte &gt; T\u00e9l\u00e9chargements.<\/p>\n","protected":false},"featured_media":8809,"comment_status":"open","ping_status":"closed","template":"","meta":[],"product_brand":[],"product_cat":[1048,1049,951,993],"product_tag":[],"class_list":{"0":"post-8781","1":"product","2":"type-product","3":"status-publish","4":"has-post-thumbnail","6":"product_cat-femme","7":"product_cat-maillot-de-bain","8":"product_cat-patron-couture-lingerie","9":"product_cat-patrons-pdf","11":"first","12":"instock","13":"downloadable","14":"virtual","15":"purchasable","16":"product-type-simple"},"yoast_head":"<!-- This site is optimized with the Yoast SEO plugin v26.4 - https:\/\/yoast.com\/wordpress\/plugins\/seo\/ -->\n<title>Patron maillot de bain Louise du 34 au 52 | C\u00e9cile DIY<\/title>\n<meta name=\"description\" content=\"Patron maillot de bain Louise du 34 au 52 \u00e0 coudre, accessible aux d\u00e9butants gr\u00e2ce au livret et aux vid\u00e9os explicatives.\" \/>\n<meta name=\"robots\" content=\"index, follow, max-snippet:-1, max-image-preview:large, max-video-preview:-1\" \/>\n<link rel=\"canonical\" href=\"https:\/\/cecilediy.com\/index.php\/produit\/patron-maillot-louise-34-52\/\" \/>\n<meta property=\"og:locale\" content=\"fr_FR\" \/>\n<meta property=\"og:type\" content=\"article\" \/>\n<meta property=\"og:title\" content=\"Patron maillot de bain Louise du 34 au 52 | C\u00e9cile DIY\" \/>\n<meta property=\"og:description\" content=\"Patron maillot de bain Louise du 34 au 52 \u00e0 coudre, accessible aux d\u00e9butants gr\u00e2ce au livret et aux vid\u00e9os explicatives.\" \/>\n<meta property=\"og:url\" content=\"https:\/\/cecilediy.com\/index.php\/produit\/patron-maillot-louise-34-52\/\" \/>\n<meta property=\"og:site_name\" content=\"Cecile DIY\" \/>\n<meta property=\"article:publisher\" content=\"https:\/\/www.facebook.com\/cecileoff\/\" \/>\n<meta property=\"article:modified_time\" content=\"2023-09-06T15:41:38+00:00\" \/>\n<meta property=\"og:image\" content=\"https:\/\/cecilediy.com\/wp-content\/uploads\/2023\/05\/Maillot-de-bain-Louise-scaled.jpg\" \/>\n\t<meta property=\"og:image:width\" content=\"1707\" \/>\n\t<meta property=\"og:image:height\" content=\"2560\" \/>\n\t<meta property=\"og:image:type\" content=\"image\/jpeg\" \/>\n<meta name=\"twitter:card\" content=\"summary_large_image\" \/>\n<meta name=\"twitter:label1\" content=\"Dur\u00e9e de lecture estim\u00e9e\" \/>\n\t<meta name=\"twitter:data1\" content=\"1 minute\" \/>\n<script type=\"application\/ld+json\" class=\"yoast-schema-graph\">{\"@context\":\"https:\/\/schema.org\",\"@graph\":[{\"@type\":\"WebPage\",\"@id\":\"https:\/\/cecilediy.com\/index.php\/produit\/patron-maillot-louise-34-52\/\",\"url\":\"https:\/\/cecilediy.com\/index.php\/produit\/patron-maillot-louise-34-52\/\",\"name\":\"Patron maillot de bain Louise du 34 au 52 | C\u00e9cile DIY\",\"isPartOf\":{\"@id\":\"https:\/\/cecilediy.com\/#website\"},\"primaryImageOfPage\":{\"@id\":\"https:\/\/cecilediy.com\/index.php\/produit\/patron-maillot-louise-34-52\/#primaryimage\"},\"image\":{\"@id\":\"https:\/\/cecilediy.com\/index.php\/produit\/patron-maillot-louise-34-52\/#primaryimage\"},\"thumbnailUrl\":\"https:\/\/cecilediy.com\/wp-content\/uploads\/2023\/05\/Maillot-de-bain-Louise-scaled.jpg\",\"datePublished\":\"2023-05-28T16:30:50+00:00\",\"dateModified\":\"2023-09-06T15:41:38+00:00\",\"description\":\"Patron maillot de bain Louise du 34 au 52 \u00e0 coudre, accessible aux d\u00e9butants gr\u00e2ce au livret et aux vid\u00e9os explicatives.\",\"breadcrumb\":{\"@id\":\"https:\/\/cecilediy.com\/index.php\/produit\/patron-maillot-louise-34-52\/#breadcrumb\"},\"inLanguage\":\"fr-FR\",\"potentialAction\":[{\"@type\":\"ReadAction\",\"target\":[\"https:\/\/cecilediy.com\/index.php\/produit\/patron-maillot-louise-34-52\/\"]}]},{\"@type\":\"ImageObject\",\"inLanguage\":\"fr-FR\",\"@id\":\"https:\/\/cecilediy.com\/index.php\/produit\/patron-maillot-louise-34-52\/#primaryimage\",\"url\":\"https:\/\/cecilediy.com\/wp-content\/uploads\/2023\/05\/Maillot-de-bain-Louise-scaled.jpg\",\"contentUrl\":\"https:\/\/cecilediy.com\/wp-content\/uploads\/2023\/05\/Maillot-de-bain-Louise-scaled.jpg\",\"width\":1707,\"height\":2560,\"caption\":\"Maillot de bain Louise\"},{\"@type\":\"BreadcrumbList\",\"@id\":\"https:\/\/cecilediy.com\/index.php\/produit\/patron-maillot-louise-34-52\/#breadcrumb\",\"itemListElement\":[{\"@type\":\"ListItem\",\"position\":1,\"name\":\"Accueil\",\"item\":\"https:\/\/cecilediy.com\/\"},{\"@type\":\"ListItem\",\"position\":2,\"name\":\"Boutique\",\"item\":\"https:\/\/cecilediy.com\/index.php\/boutique-cecile-diy\/\"},{\"@type\":\"ListItem\",\"position\":3,\"name\":\"Patron maillot de bain Louise (34-52)\"}]},{\"@type\":\"WebSite\",\"@id\":\"https:\/\/cecilediy.com\/#website\",\"url\":\"https:\/\/cecilediy.com\/\",\"name\":\"C\u00e9cile DIY\",\"description\":\"DO IT YOURSELF\",\"publisher\":{\"@id\":\"https:\/\/cecilediy.com\/#\/schema\/person\/1e9bf1431e848e6f3f72380013e1d9db\"},\"potentialAction\":[{\"@type\":\"SearchAction\",\"target\":{\"@type\":\"EntryPoint\",\"urlTemplate\":\"https:\/\/cecilediy.com\/?s={search_term_string}\"},\"query-input\":{\"@type\":\"PropertyValueSpecification\",\"valueRequired\":true,\"valueName\":\"search_term_string\"}}],\"inLanguage\":\"fr-FR\"},{\"@type\":[\"Person\",\"Organization\"],\"@id\":\"https:\/\/cecilediy.com\/#\/schema\/person\/1e9bf1431e848e6f3f72380013e1d9db\",\"name\":\"C\u00e9cile\",\"image\":{\"@type\":\"ImageObject\",\"inLanguage\":\"fr-FR\",\"@id\":\"https:\/\/cecilediy.com\/#\/schema\/person\/image\/\",\"url\":\"https:\/\/cecilediy.com\/wp-content\/uploads\/2022\/12\/Robe-Cassiopee-scaled.jpg\",\"contentUrl\":\"https:\/\/cecilediy.com\/wp-content\/uploads\/2022\/12\/Robe-Cassiopee-scaled.jpg\",\"width\":1920,\"height\":2560,\"caption\":\"C\u00e9cile\"},\"logo\":{\"@id\":\"https:\/\/cecilediy.com\/#\/schema\/person\/image\/\"},\"description\":\"Mod\u00e9liste, Content &amp; social media, Photographe\",\"sameAs\":[\"https:\/\/cecilediy.com\",\"https:\/\/www.facebook.com\/cecileoff\/\",\"https:\/\/www.instagram.com\/cecilediy\/\",\"https:\/\/www.pinterest.fr\/ccilediy\",\"https:\/\/www.youtube.com\/c\/cecilediy\"]}]}<\/script>\n<!-- \/ Yoast SEO plugin. -->","yoast_head_json":{"title":"Patron maillot de bain Louise du 34 au 52 | C\u00e9cile DIY","description":"Patron maillot de bain Louise du 34 au 52 \u00e0 coudre, accessible aux d\u00e9butants gr\u00e2ce au livret et aux vid\u00e9os explicatives.","robots":{"index":"index","follow":"follow","max-snippet":"max-snippet:-1","max-image-preview":"max-image-preview:large","max-video-preview":"max-video-preview:-1"},"canonical":"https:\/\/cecilediy.com\/index.php\/produit\/patron-maillot-louise-34-52\/","og_locale":"fr_FR","og_type":"article","og_title":"Patron maillot de bain Louise du 34 au 52 | C\u00e9cile DIY","og_description":"Patron maillot de bain Louise du 34 au 52 \u00e0 coudre, accessible aux d\u00e9butants gr\u00e2ce au livret et aux vid\u00e9os explicatives.","og_url":"https:\/\/cecilediy.com\/index.php\/produit\/patron-maillot-louise-34-52\/","og_site_name":"Cecile DIY","article_publisher":"https:\/\/www.facebook.com\/cecileoff\/","article_modified_time":"2023-09-06T15:41:38+00:00","og_image":[{"width":1707,"height":2560,"url":"https:\/\/cecilediy.com\/wp-content\/uploads\/2023\/05\/Maillot-de-bain-Louise-scaled.jpg","type":"image\/jpeg"}],"twitter_card":"summary_large_image","twitter_misc":{"Dur\u00e9e de lecture estim\u00e9e":"1 minute"},"schema":{"@context":"https:\/\/schema.org","@graph":[{"@type":"WebPage","@id":"https:\/\/cecilediy.com\/index.php\/produit\/patron-maillot-louise-34-52\/","url":"https:\/\/cecilediy.com\/index.php\/produit\/patron-maillot-louise-34-52\/","name":"Patron maillot de bain Louise du 34 au 52 | C\u00e9cile DIY","isPartOf":{"@id":"https:\/\/cecilediy.com\/#website"},"primaryImageOfPage":{"@id":"https:\/\/cecilediy.com\/index.php\/produit\/patron-maillot-louise-34-52\/#primaryimage"},"image":{"@id":"https:\/\/cecilediy.com\/index.php\/produit\/patron-maillot-louise-34-52\/#primaryimage"},"thumbnailUrl":"https:\/\/cecilediy.com\/wp-content\/uploads\/2023\/05\/Maillot-de-bain-Louise-scaled.jpg","datePublished":"2023-05-28T16:30:50+00:00","dateModified":"2023-09-06T15:41:38+00:00","description":"Patron maillot de bain Louise du 34 au 52 \u00e0 coudre, accessible aux d\u00e9butants gr\u00e2ce au livret et aux vid\u00e9os explicatives.","breadcrumb":{"@id":"https:\/\/cecilediy.com\/index.php\/produit\/patron-maillot-louise-34-52\/#breadcrumb"},"inLanguage":"fr-FR","potentialAction":[{"@type":"ReadAction","target":["https:\/\/cecilediy.com\/index.php\/produit\/patron-maillot-louise-34-52\/"]}]},{"@type":"ImageObject","inLanguage":"fr-FR","@id":"https:\/\/cecilediy.com\/index.php\/produit\/patron-maillot-louise-34-52\/#primaryimage","url":"https:\/\/cecilediy.com\/wp-content\/uploads\/2023\/05\/Maillot-de-bain-Louise-scaled.jpg","contentUrl":"https:\/\/cecilediy.com\/wp-content\/uploads\/2023\/05\/Maillot-de-bain-Louise-scaled.jpg","width":1707,"height":2560,"caption":"Maillot de bain Louise"},{"@type":"BreadcrumbList","@id":"https:\/\/cecilediy.com\/index.php\/produit\/patron-maillot-louise-34-52\/#breadcrumb","itemListElement":[{"@type":"ListItem","position":1,"name":"Accueil","item":"https:\/\/cecilediy.com\/"},{"@type":"ListItem","position":2,"name":"Boutique","item":"https:\/\/cecilediy.com\/index.php\/boutique-cecile-diy\/"},{"@type":"ListItem","position":3,"name":"Patron maillot de bain Louise (34-52)"}]},{"@type":"WebSite","@id":"https:\/\/cecilediy.com\/#website","url":"https:\/\/cecilediy.com\/","name":"C\u00e9cile DIY","description":"DO IT YOURSELF","publisher":{"@id":"https:\/\/cecilediy.com\/#\/schema\/person\/1e9bf1431e848e6f3f72380013e1d9db"},"potentialAction":[{"@type":"SearchAction","target":{"@type":"EntryPoint","urlTemplate":"https:\/\/cecilediy.com\/?s={search_term_string}"},"query-input":{"@type":"PropertyValueSpecification","valueRequired":true,"valueName":"search_term_string"}}],"inLanguage":"fr-FR"},{"@type":["Person","Organization"],"@id":"https:\/\/cecilediy.com\/#\/schema\/person\/1e9bf1431e848e6f3f72380013e1d9db","name":"C\u00e9cile","image":{"@type":"ImageObject","inLanguage":"fr-FR","@id":"https:\/\/cecilediy.com\/#\/schema\/person\/image\/","url":"https:\/\/cecilediy.com\/wp-content\/uploads\/2022\/12\/Robe-Cassiopee-scaled.jpg","contentUrl":"https:\/\/cecilediy.com\/wp-content\/uploads\/2022\/12\/Robe-Cassiopee-scaled.jpg","width":1920,"height":2560,"caption":"C\u00e9cile"},"logo":{"@id":"https:\/\/cecilediy.com\/#\/schema\/person\/image\/"},"description":"Mod\u00e9liste, Content &amp; social media, Photographe","sameAs":["https:\/\/cecilediy.com","https:\/\/www.facebook.com\/cecileoff\/","https:\/\/www.instagram.com\/cecilediy\/","https:\/\/www.pinterest.fr\/ccilediy","https:\/\/www.youtube.com\/c\/cecilediy"]}]}},"_links":{"self":[{"href":"https:\/\/cecilediy.com\/index.php\/wp-json\/wp\/v2\/product\/8781","targetHints":{"allow":["GET"]}}],"collection":[{"href":"https:\/\/cecilediy.com\/index.php\/wp-json\/wp\/v2\/product"}],"about":[{"href":"https:\/\/cecilediy.com\/index.php\/wp-json\/wp\/v2\/types\/product"}],"replies":[{"embeddable":true,"href":"https:\/\/cecilediy.com\/index.php\/wp-json\/wp\/v2\/comments?post=8781"}],"wp:featuredmedia":[{"embeddable":true,"href":"https:\/\/cecilediy.com\/index.php\/wp-json\/wp\/v2\/media\/8809"}],"wp:attachment":[{"href":"https:\/\/cecilediy.com\/index.php\/wp-json\/wp\/v2\/media?parent=8781"}],"wp:term":[{"taxonomy":"product_brand","embeddable":true,"href":"https:\/\/cecilediy.com\/index.php\/wp-json\/wp\/v2\/product_brand?post=8781"},{"taxonomy":"product_cat","embeddable":true,"href":"https:\/\/cecilediy.com\/index.php\/wp-json\/wp\/v2\/product_cat?post=8781"},{"taxonomy":"product_tag","embeddable":true,"href":"https:\/\/cecilediy.com\/index.php\/wp-json\/wp\/v2\/product_tag?post=8781"}],"curies":[{"name":"wp","href":"https:\/\/api.w.org\/{rel}","templated":true}]}}