{"id":8755,"date":"2023-05-21T16:52:15","date_gmt":"2023-05-21T14:52:15","guid":{"rendered":"https:\/\/cecilediy.com\/?post_type=product&#038;p=8755"},"modified":"2023-09-12T18:37:57","modified_gmt":"2023-09-12T16:37:57","slug":"pack-patrons-short-de-bain-guillaume-adulte-et-pitiz","status":"publish","type":"product","link":"https:\/\/cecilediy.com\/index.php\/produit\/pack-patrons-short-de-bain-guillaume-adulte-et-pitiz\/","title":{"rendered":"Pack patrons short de bain Guillaume adulte et Pitiz"},"content":{"rendered":"<ul>\n<li><b>Tissus <\/b>: Microfibre d\u00e9perlant, doublure mesh, thermocollant<\/li>\n<li><strong>Mercerie :<\/strong> Aiguilles microfibre, laminette 6 mm, cordon 4 mm, \u00e9lastique 35-40 mm<\/li>\n<li><strong>Tailles<\/strong> : du 40 au 58, du 2 au 14 ans<\/li>\n<li><strong>Pdf<\/strong> : Patron A4, patron A0, livret de montage, tableaux de mesures, plan de coupe, plan d&rsquo;assemblage des feuilles A4, m\u00e9trage pr\u00e9cis<\/li>\n<li><strong>Difficult\u00e9<\/strong> : \u2605\u2605\u2605\u2606\u2606<\/li>\n<li><b>A noter <\/b>: Imprimer en taille r\u00e9elle ou \u00e9chelle 100%, les valeurs de couture sont incluses<\/li>\n<li><strong>Pr\u00e9-requis<\/strong> : Avoir d\u00e9j\u00e0 cousu un premier v\u00eatement<\/li>\n<li><strong>Le petit \u00ab\u00a0+\u00a0\u00bb<\/strong> : Il peut \u00eatre cousu en short de bain ou short de ville d\u00e9contract\u00e9 et il est possible de n&rsquo;imprimer que sa taille en utilisant le filtre de tailles<\/li>\n<li><strong>Cours vid\u00e9o gratuit<\/strong> : <a href=\"https:\/\/youtu.be\/tm6Jw-9c8Cs\">Coudre un short de bain Guillaume<\/a><\/li>\n<\/ul>\n","protected":false},"excerpt":{"rendered":"<p>Le short de bain Guillaume est un incontournable de la garde-robe sous-marine. \u00c9l\u00e9gant, il peut \u00eatre port\u00e9 \u00e0 la mer comme en ville ! Vous pouvez d\u00e8s maintenant coudre de jolis duos p\u00e8re-fils gr\u00e2ce au pack patron propos\u00e9 de la taille 40 la taille 58 pour les adultes, et du 2 au 14 ans pour les enfants et adolescents.<\/p>\n<p>Il comporte une doublure, deux poches, des fentes en bas alliant confort et esth\u00e9tique, une ceinture \u00e9lastiqu\u00e9e ainsi qu\u2019un cordon \u00e0 nouer.<\/p>\n<p>Une fois la commande valid\u00e9e, retrouvez le patron dans Mon Compte &gt; T\u00e9l\u00e9chargements.<\/p>\n","protected":false},"featured_media":8758,"comment_status":"open","ping_status":"closed","template":"","meta":[],"product_brand":[],"product_cat":[1052,1049,1053,951,993,1047],"product_tag":[],"class_list":{"0":"post-8755","1":"product","2":"type-product","3":"status-publish","4":"has-post-thumbnail","6":"product_cat-homme","7":"product_cat-maillot-de-bain","8":"product_cat-pack-patrons","9":"product_cat-patron-couture-lingerie","10":"product_cat-patrons-pdf","11":"product_cat-pitiz","13":"first","14":"instock","15":"downloadable","16":"virtual","17":"purchasable","18":"product-type-simple"},"yoast_head":"<!-- This site is optimized with the Yoast SEO plugin v26.4 - https:\/\/yoast.com\/wordpress\/plugins\/seo\/ -->\n<title>Patron couture short de bain Guillaume enfant et adultes | C\u00e9cile DIY<\/title>\n<meta name=\"description\" content=\"Patron couture du short de bain Guillaume du 40 au 58 et du 2 au 14 ans. Patron A0, A4, livret de montage et cours vid\u00e9o gratuit.\" \/>\n<meta name=\"robots\" content=\"index, follow, max-snippet:-1, max-image-preview:large, max-video-preview:-1\" \/>\n<link rel=\"canonical\" href=\"https:\/\/cecilediy.com\/index.php\/produit\/pack-patrons-short-de-bain-guillaume-adulte-et-pitiz\/\" \/>\n<meta property=\"og:locale\" content=\"fr_FR\" \/>\n<meta property=\"og:type\" content=\"article\" \/>\n<meta property=\"og:title\" content=\"Patron couture short de bain Guillaume enfant et adultes | C\u00e9cile DIY\" \/>\n<meta property=\"og:description\" content=\"Patron couture du short de bain Guillaume du 40 au 58 et du 2 au 14 ans. Patron A0, A4, livret de montage et cours vid\u00e9o gratuit.\" \/>\n<meta property=\"og:url\" content=\"https:\/\/cecilediy.com\/index.php\/produit\/pack-patrons-short-de-bain-guillaume-adulte-et-pitiz\/\" \/>\n<meta property=\"og:site_name\" content=\"Cecile DIY\" \/>\n<meta property=\"article:publisher\" content=\"https:\/\/www.facebook.com\/cecileoff\/\" \/>\n<meta property=\"article:modified_time\" content=\"2023-09-12T16:37:57+00:00\" \/>\n<meta property=\"og:image\" content=\"https:\/\/cecilediy.com\/wp-content\/uploads\/2023\/05\/Short-de-bain-Guillaume-motif-ancres-1160x1160.png\" \/>\n\t<meta property=\"og:image:width\" content=\"1160\" \/>\n\t<meta property=\"og:image:height\" content=\"1160\" \/>\n\t<meta property=\"og:image:type\" content=\"image\/png\" \/>\n<meta name=\"twitter:card\" content=\"summary_large_image\" \/>\n<meta name=\"twitter:label1\" content=\"Dur\u00e9e de lecture estim\u00e9e\" \/>\n\t<meta name=\"twitter:data1\" content=\"1 minute\" \/>\n<script type=\"application\/ld+json\" class=\"yoast-schema-graph\">{\"@context\":\"https:\/\/schema.org\",\"@graph\":[{\"@type\":\"WebPage\",\"@id\":\"https:\/\/cecilediy.com\/index.php\/produit\/pack-patrons-short-de-bain-guillaume-adulte-et-pitiz\/\",\"url\":\"https:\/\/cecilediy.com\/index.php\/produit\/pack-patrons-short-de-bain-guillaume-adulte-et-pitiz\/\",\"name\":\"Patron couture short de bain Guillaume enfant et adultes | C\u00e9cile DIY\",\"isPartOf\":{\"@id\":\"https:\/\/cecilediy.com\/#website\"},\"primaryImageOfPage\":{\"@id\":\"https:\/\/cecilediy.com\/index.php\/produit\/pack-patrons-short-de-bain-guillaume-adulte-et-pitiz\/#primaryimage\"},\"image\":{\"@id\":\"https:\/\/cecilediy.com\/index.php\/produit\/pack-patrons-short-de-bain-guillaume-adulte-et-pitiz\/#primaryimage\"},\"thumbnailUrl\":\"https:\/\/cecilediy.com\/wp-content\/uploads\/2023\/05\/Short-de-bain-Guillaume-motif-ancres.png\",\"datePublished\":\"2023-05-21T14:52:15+00:00\",\"dateModified\":\"2023-09-12T16:37:57+00:00\",\"description\":\"Patron couture du short de bain Guillaume du 40 au 58 et du 2 au 14 ans. Patron A0, A4, livret de montage et cours vid\u00e9o gratuit.\",\"breadcrumb\":{\"@id\":\"https:\/\/cecilediy.com\/index.php\/produit\/pack-patrons-short-de-bain-guillaume-adulte-et-pitiz\/#breadcrumb\"},\"inLanguage\":\"fr-FR\",\"potentialAction\":[{\"@type\":\"ReadAction\",\"target\":[\"https:\/\/cecilediy.com\/index.php\/produit\/pack-patrons-short-de-bain-guillaume-adulte-et-pitiz\/\"]}]},{\"@type\":\"ImageObject\",\"inLanguage\":\"fr-FR\",\"@id\":\"https:\/\/cecilediy.com\/index.php\/produit\/pack-patrons-short-de-bain-guillaume-adulte-et-pitiz\/#primaryimage\",\"url\":\"https:\/\/cecilediy.com\/wp-content\/uploads\/2023\/05\/Short-de-bain-Guillaume-motif-ancres.png\",\"contentUrl\":\"https:\/\/cecilediy.com\/wp-content\/uploads\/2023\/05\/Short-de-bain-Guillaume-motif-ancres.png\",\"width\":3000,\"height\":3000},{\"@type\":\"BreadcrumbList\",\"@id\":\"https:\/\/cecilediy.com\/index.php\/produit\/pack-patrons-short-de-bain-guillaume-adulte-et-pitiz\/#breadcrumb\",\"itemListElement\":[{\"@type\":\"ListItem\",\"position\":1,\"name\":\"Accueil\",\"item\":\"https:\/\/cecilediy.com\/\"},{\"@type\":\"ListItem\",\"position\":2,\"name\":\"Boutique\",\"item\":\"https:\/\/cecilediy.com\/index.php\/boutique-cecile-diy\/\"},{\"@type\":\"ListItem\",\"position\":3,\"name\":\"Pack patrons short de bain Guillaume adulte et Pitiz\"}]},{\"@type\":\"WebSite\",\"@id\":\"https:\/\/cecilediy.com\/#website\",\"url\":\"https:\/\/cecilediy.com\/\",\"name\":\"C\u00e9cile DIY\",\"description\":\"DO IT YOURSELF\",\"publisher\":{\"@id\":\"https:\/\/cecilediy.com\/#\/schema\/person\/1e9bf1431e848e6f3f72380013e1d9db\"},\"potentialAction\":[{\"@type\":\"SearchAction\",\"target\":{\"@type\":\"EntryPoint\",\"urlTemplate\":\"https:\/\/cecilediy.com\/?s={search_term_string}\"},\"query-input\":{\"@type\":\"PropertyValueSpecification\",\"valueRequired\":true,\"valueName\":\"search_term_string\"}}],\"inLanguage\":\"fr-FR\"},{\"@type\":[\"Person\",\"Organization\"],\"@id\":\"https:\/\/cecilediy.com\/#\/schema\/person\/1e9bf1431e848e6f3f72380013e1d9db\",\"name\":\"C\u00e9cile\",\"image\":{\"@type\":\"ImageObject\",\"inLanguage\":\"fr-FR\",\"@id\":\"https:\/\/cecilediy.com\/#\/schema\/person\/image\/\",\"url\":\"https:\/\/cecilediy.com\/wp-content\/uploads\/2022\/12\/Robe-Cassiopee-scaled.jpg\",\"contentUrl\":\"https:\/\/cecilediy.com\/wp-content\/uploads\/2022\/12\/Robe-Cassiopee-scaled.jpg\",\"width\":1920,\"height\":2560,\"caption\":\"C\u00e9cile\"},\"logo\":{\"@id\":\"https:\/\/cecilediy.com\/#\/schema\/person\/image\/\"},\"description\":\"Mod\u00e9liste, Content &amp; social media, Photographe\",\"sameAs\":[\"https:\/\/cecilediy.com\",\"https:\/\/www.facebook.com\/cecileoff\/\",\"https:\/\/www.instagram.com\/cecilediy\/\",\"https:\/\/www.pinterest.fr\/ccilediy\",\"https:\/\/www.youtube.com\/c\/cecilediy\"]}]}<\/script>\n<!-- \/ Yoast SEO plugin. -->","yoast_head_json":{"title":"Patron couture short de bain Guillaume enfant et adultes | C\u00e9cile DIY","description":"Patron couture du short de bain Guillaume du 40 au 58 et du 2 au 14 ans. Patron A0, A4, livret de montage et cours vid\u00e9o gratuit.","robots":{"index":"index","follow":"follow","max-snippet":"max-snippet:-1","max-image-preview":"max-image-preview:large","max-video-preview":"max-video-preview:-1"},"canonical":"https:\/\/cecilediy.com\/index.php\/produit\/pack-patrons-short-de-bain-guillaume-adulte-et-pitiz\/","og_locale":"fr_FR","og_type":"article","og_title":"Patron couture short de bain Guillaume enfant et adultes | C\u00e9cile DIY","og_description":"Patron couture du short de bain Guillaume du 40 au 58 et du 2 au 14 ans. Patron A0, A4, livret de montage et cours vid\u00e9o gratuit.","og_url":"https:\/\/cecilediy.com\/index.php\/produit\/pack-patrons-short-de-bain-guillaume-adulte-et-pitiz\/","og_site_name":"Cecile DIY","article_publisher":"https:\/\/www.facebook.com\/cecileoff\/","article_modified_time":"2023-09-12T16:37:57+00:00","og_image":[{"width":1160,"height":1160,"url":"https:\/\/cecilediy.com\/wp-content\/uploads\/2023\/05\/Short-de-bain-Guillaume-motif-ancres-1160x1160.png","type":"image\/png"}],"twitter_card":"summary_large_image","twitter_misc":{"Dur\u00e9e de lecture estim\u00e9e":"1 minute"},"schema":{"@context":"https:\/\/schema.org","@graph":[{"@type":"WebPage","@id":"https:\/\/cecilediy.com\/index.php\/produit\/pack-patrons-short-de-bain-guillaume-adulte-et-pitiz\/","url":"https:\/\/cecilediy.com\/index.php\/produit\/pack-patrons-short-de-bain-guillaume-adulte-et-pitiz\/","name":"Patron couture short de bain Guillaume enfant et adultes | C\u00e9cile DIY","isPartOf":{"@id":"https:\/\/cecilediy.com\/#website"},"primaryImageOfPage":{"@id":"https:\/\/cecilediy.com\/index.php\/produit\/pack-patrons-short-de-bain-guillaume-adulte-et-pitiz\/#primaryimage"},"image":{"@id":"https:\/\/cecilediy.com\/index.php\/produit\/pack-patrons-short-de-bain-guillaume-adulte-et-pitiz\/#primaryimage"},"thumbnailUrl":"https:\/\/cecilediy.com\/wp-content\/uploads\/2023\/05\/Short-de-bain-Guillaume-motif-ancres.png","datePublished":"2023-05-21T14:52:15+00:00","dateModified":"2023-09-12T16:37:57+00:00","description":"Patron couture du short de bain Guillaume du 40 au 58 et du 2 au 14 ans. Patron A0, A4, livret de montage et cours vid\u00e9o gratuit.","breadcrumb":{"@id":"https:\/\/cecilediy.com\/index.php\/produit\/pack-patrons-short-de-bain-guillaume-adulte-et-pitiz\/#breadcrumb"},"inLanguage":"fr-FR","potentialAction":[{"@type":"ReadAction","target":["https:\/\/cecilediy.com\/index.php\/produit\/pack-patrons-short-de-bain-guillaume-adulte-et-pitiz\/"]}]},{"@type":"ImageObject","inLanguage":"fr-FR","@id":"https:\/\/cecilediy.com\/index.php\/produit\/pack-patrons-short-de-bain-guillaume-adulte-et-pitiz\/#primaryimage","url":"https:\/\/cecilediy.com\/wp-content\/uploads\/2023\/05\/Short-de-bain-Guillaume-motif-ancres.png","contentUrl":"https:\/\/cecilediy.com\/wp-content\/uploads\/2023\/05\/Short-de-bain-Guillaume-motif-ancres.png","width":3000,"height":3000},{"@type":"BreadcrumbList","@id":"https:\/\/cecilediy.com\/index.php\/produit\/pack-patrons-short-de-bain-guillaume-adulte-et-pitiz\/#breadcrumb","itemListElement":[{"@type":"ListItem","position":1,"name":"Accueil","item":"https:\/\/cecilediy.com\/"},{"@type":"ListItem","position":2,"name":"Boutique","item":"https:\/\/cecilediy.com\/index.php\/boutique-cecile-diy\/"},{"@type":"ListItem","position":3,"name":"Pack patrons short de bain Guillaume adulte et Pitiz"}]},{"@type":"WebSite","@id":"https:\/\/cecilediy.com\/#website","url":"https:\/\/cecilediy.com\/","name":"C\u00e9cile DIY","description":"DO IT YOURSELF","publisher":{"@id":"https:\/\/cecilediy.com\/#\/schema\/person\/1e9bf1431e848e6f3f72380013e1d9db"},"potentialAction":[{"@type":"SearchAction","target":{"@type":"EntryPoint","urlTemplate":"https:\/\/cecilediy.com\/?s={search_term_string}"},"query-input":{"@type":"PropertyValueSpecification","valueRequired":true,"valueName":"search_term_string"}}],"inLanguage":"fr-FR"},{"@type":["Person","Organization"],"@id":"https:\/\/cecilediy.com\/#\/schema\/person\/1e9bf1431e848e6f3f72380013e1d9db","name":"C\u00e9cile","image":{"@type":"ImageObject","inLanguage":"fr-FR","@id":"https:\/\/cecilediy.com\/#\/schema\/person\/image\/","url":"https:\/\/cecilediy.com\/wp-content\/uploads\/2022\/12\/Robe-Cassiopee-scaled.jpg","contentUrl":"https:\/\/cecilediy.com\/wp-content\/uploads\/2022\/12\/Robe-Cassiopee-scaled.jpg","width":1920,"height":2560,"caption":"C\u00e9cile"},"logo":{"@id":"https:\/\/cecilediy.com\/#\/schema\/person\/image\/"},"description":"Mod\u00e9liste, Content &amp; social media, Photographe","sameAs":["https:\/\/cecilediy.com","https:\/\/www.facebook.com\/cecileoff\/","https:\/\/www.instagram.com\/cecilediy\/","https:\/\/www.pinterest.fr\/ccilediy","https:\/\/www.youtube.com\/c\/cecilediy"]}]}},"_links":{"self":[{"href":"https:\/\/cecilediy.com\/index.php\/wp-json\/wp\/v2\/product\/8755","targetHints":{"allow":["GET"]}}],"collection":[{"href":"https:\/\/cecilediy.com\/index.php\/wp-json\/wp\/v2\/product"}],"about":[{"href":"https:\/\/cecilediy.com\/index.php\/wp-json\/wp\/v2\/types\/product"}],"replies":[{"embeddable":true,"href":"https:\/\/cecilediy.com\/index.php\/wp-json\/wp\/v2\/comments?post=8755"}],"wp:featuredmedia":[{"embeddable":true,"href":"https:\/\/cecilediy.com\/index.php\/wp-json\/wp\/v2\/media\/8758"}],"wp:attachment":[{"href":"https:\/\/cecilediy.com\/index.php\/wp-json\/wp\/v2\/media?parent=8755"}],"wp:term":[{"taxonomy":"product_brand","embeddable":true,"href":"https:\/\/cecilediy.com\/index.php\/wp-json\/wp\/v2\/product_brand?post=8755"},{"taxonomy":"product_cat","embeddable":true,"href":"https:\/\/cecilediy.com\/index.php\/wp-json\/wp\/v2\/product_cat?post=8755"},{"taxonomy":"product_tag","embeddable":true,"href":"https:\/\/cecilediy.com\/index.php\/wp-json\/wp\/v2\/product_tag?post=8755"}],"curies":[{"name":"wp","href":"https:\/\/api.w.org\/{rel}","templated":true}]}}