{"id":8372,"date":"2022-12-11T19:05:12","date_gmt":"2022-12-11T18:05:12","guid":{"rendered":"https:\/\/cecilediy.com\/?post_type=product&#038;p=8372"},"modified":"2023-05-31T00:15:52","modified_gmt":"2023-05-30T22:15:52","slug":"patron-robe-cassiopee","status":"publish","type":"product","link":"https:\/\/cecilediy.com\/index.php\/produit\/patron-robe-cassiopee\/","title":{"rendered":"Patron robe Cassiop\u00e9e (34-52)"},"content":{"rendered":"<ul>\n<li><b>Tissus <\/b>: Viscose \/ mousseline \/ cr\u00eape \/ soie, thermocollant<\/li>\n<li><strong>Mercerie :<\/strong> Boutons x1-13<\/li>\n<li><strong>Tailles<\/strong> : du 34 au 52, de 1m55 \u00e0 1m80<\/li>\n<li><strong>Pdf<\/strong> : Patron A4, patron A0, livret de montage, tableaux de mesures, plan de coupe, plan d&rsquo;assemblage des feuilles A4, le retour des testeuses<\/li>\n<li><strong>Difficult\u00e9<\/strong> : \u2605\u2605\u2605\u2605\u2606<\/li>\n<li><b>A noter <\/b>: Imprimer en taille r\u00e9elle ou \u00e9chelle 100%<\/li>\n<li><strong>Pr\u00e9-requis<\/strong> : Avoir d\u00e9j\u00e0 cousu un premier v\u00eatement<\/li>\n<li><strong>Le petit \u00ab\u00a0+\u00a0\u00bb<\/strong> : Le mod\u00e8le est d\u00e9clinable en 8 versions diff\u00e9rentes et il est possible de n&rsquo;imprimer que sa taille en utilisant le filtre de tailles<\/li>\n<li><strong>Instructions vid\u00e9o<\/strong> : <a href=\"https:\/\/www.youtube.com\/watch?v=EWyvFayE5KM&amp;t=30s\">Coudre une robe Cassiop\u00e9e<\/a><\/li>\n<\/ul>\n","protected":false},"excerpt":{"rendered":"<p>Le patron de couture de la robe Cassiop\u00e9e est la version portable de ma robe de mari\u00e9e. Du d\u00e9collet\u00e9 c\u0153ur \u00e0 empi\u00e8cements aux boutons recouverts en passant par les finitions \u00e0 la lichette boutonni\u00e8re, tous les d\u00e9tails ayant fait sa singularit\u00e9 ont \u00e9t\u00e9 repris dans un style babydoll.<\/p>\n<p>Cassiop\u00e9e est d\u00e9clinable en 8 versions diff\u00e9rentes pour se moduler au gr\u00e9 de vos envies (et des miennes !)<\/p>\n<p>La robe Cassiop\u00e9e s&rsquo;adresse aux cousettes ayant d\u00e9j\u00e0 cousu un v\u00eatement et aborde un certain nombre de points techniques. Un pas \u00e0 pas vid\u00e9o vous accompagne, ainsi qu&rsquo;un livret de montage du v\u00eatement.<\/p>\n<p>Le patron est disponible de la taille 34 \u00e0 la taille 52. Une fois la commande valid\u00e9e, retrouvez le patron dans Mon Compte &gt; T\u00e9l\u00e9chargements.<\/p>\n","protected":false},"featured_media":8536,"comment_status":"open","ping_status":"closed","template":"","meta":[],"product_brand":[],"product_cat":[1048,951,993,1051],"product_tag":[],"class_list":{"0":"post-8372","1":"product","2":"type-product","3":"status-publish","4":"has-post-thumbnail","6":"product_cat-femme","7":"product_cat-patron-couture-lingerie","8":"product_cat-patrons-pdf","9":"product_cat-vetement","11":"first","12":"instock","13":"downloadable","14":"virtual","15":"purchasable","16":"product-type-simple"},"yoast_head":"<!-- This site is optimized with the Yoast SEO plugin v26.4 - https:\/\/yoast.com\/wordpress\/plugins\/seo\/ -->\n<title>Patron couture robe Cassiop\u00e9e du 34 au 52 | C\u00e9cile DIY<\/title>\n<meta name=\"description\" content=\"Patron couture de la robe Cassiop\u00e9e du 34 au 52, un incontournable de la garde-robe f\u00e9minine ! Patron, livret et vid\u00e9o pas \u00e0 pas incluse\" \/>\n<meta name=\"robots\" content=\"index, follow, max-snippet:-1, max-image-preview:large, max-video-preview:-1\" \/>\n<link rel=\"canonical\" href=\"https:\/\/cecilediy.com\/index.php\/produit\/patron-robe-cassiopee\/\" \/>\n<meta property=\"og:locale\" content=\"fr_FR\" \/>\n<meta property=\"og:type\" content=\"article\" \/>\n<meta property=\"og:title\" content=\"Patron couture robe Cassiop\u00e9e du 34 au 52 | C\u00e9cile DIY\" \/>\n<meta property=\"og:description\" content=\"Patron couture de la robe Cassiop\u00e9e du 34 au 52, un incontournable de la garde-robe f\u00e9minine ! Patron, livret et vid\u00e9o pas \u00e0 pas incluse\" \/>\n<meta property=\"og:url\" content=\"https:\/\/cecilediy.com\/index.php\/produit\/patron-robe-cassiopee\/\" \/>\n<meta property=\"og:site_name\" content=\"Cecile DIY\" \/>\n<meta property=\"article:publisher\" content=\"https:\/\/www.facebook.com\/cecileoff\/\" \/>\n<meta property=\"article:modified_time\" content=\"2023-05-30T22:15:52+00:00\" \/>\n<meta property=\"og:image\" content=\"https:\/\/cecilediy.com\/wp-content\/uploads\/2022\/12\/Robe-Cassiopee-scaled.jpg\" \/>\n\t<meta property=\"og:image:width\" content=\"1920\" \/>\n\t<meta property=\"og:image:height\" content=\"2560\" \/>\n\t<meta property=\"og:image:type\" content=\"image\/jpeg\" \/>\n<meta name=\"twitter:card\" content=\"summary_large_image\" \/>\n<meta name=\"twitter:label1\" content=\"Dur\u00e9e de lecture estim\u00e9e\" \/>\n\t<meta name=\"twitter:data1\" content=\"1 minute\" \/>\n<script type=\"application\/ld+json\" class=\"yoast-schema-graph\">{\"@context\":\"https:\/\/schema.org\",\"@graph\":[{\"@type\":\"WebPage\",\"@id\":\"https:\/\/cecilediy.com\/index.php\/produit\/patron-robe-cassiopee\/\",\"url\":\"https:\/\/cecilediy.com\/index.php\/produit\/patron-robe-cassiopee\/\",\"name\":\"Patron couture robe Cassiop\u00e9e du 34 au 52 | C\u00e9cile DIY\",\"isPartOf\":{\"@id\":\"https:\/\/cecilediy.com\/#website\"},\"primaryImageOfPage\":{\"@id\":\"https:\/\/cecilediy.com\/index.php\/produit\/patron-robe-cassiopee\/#primaryimage\"},\"image\":{\"@id\":\"https:\/\/cecilediy.com\/index.php\/produit\/patron-robe-cassiopee\/#primaryimage\"},\"thumbnailUrl\":\"https:\/\/cecilediy.com\/wp-content\/uploads\/2022\/12\/Robe-Cassiopee-scaled.jpg\",\"datePublished\":\"2022-12-11T18:05:12+00:00\",\"dateModified\":\"2023-05-30T22:15:52+00:00\",\"description\":\"Patron couture de la robe Cassiop\u00e9e du 34 au 52, un incontournable de la garde-robe f\u00e9minine ! Patron, livret et vid\u00e9o pas \u00e0 pas incluse\",\"breadcrumb\":{\"@id\":\"https:\/\/cecilediy.com\/index.php\/produit\/patron-robe-cassiopee\/#breadcrumb\"},\"inLanguage\":\"fr-FR\",\"potentialAction\":[{\"@type\":\"ReadAction\",\"target\":[\"https:\/\/cecilediy.com\/index.php\/produit\/patron-robe-cassiopee\/\"]}]},{\"@type\":\"ImageObject\",\"inLanguage\":\"fr-FR\",\"@id\":\"https:\/\/cecilediy.com\/index.php\/produit\/patron-robe-cassiopee\/#primaryimage\",\"url\":\"https:\/\/cecilediy.com\/wp-content\/uploads\/2022\/12\/Robe-Cassiopee-scaled.jpg\",\"contentUrl\":\"https:\/\/cecilediy.com\/wp-content\/uploads\/2022\/12\/Robe-Cassiopee-scaled.jpg\",\"width\":1920,\"height\":2560},{\"@type\":\"BreadcrumbList\",\"@id\":\"https:\/\/cecilediy.com\/index.php\/produit\/patron-robe-cassiopee\/#breadcrumb\",\"itemListElement\":[{\"@type\":\"ListItem\",\"position\":1,\"name\":\"Accueil\",\"item\":\"https:\/\/cecilediy.com\/\"},{\"@type\":\"ListItem\",\"position\":2,\"name\":\"Boutique\",\"item\":\"https:\/\/cecilediy.com\/index.php\/boutique-cecile-diy\/\"},{\"@type\":\"ListItem\",\"position\":3,\"name\":\"Patron robe Cassiop\u00e9e (34-52)\"}]},{\"@type\":\"WebSite\",\"@id\":\"https:\/\/cecilediy.com\/#website\",\"url\":\"https:\/\/cecilediy.com\/\",\"name\":\"C\u00e9cile DIY\",\"description\":\"DO IT YOURSELF\",\"publisher\":{\"@id\":\"https:\/\/cecilediy.com\/#\/schema\/person\/1e9bf1431e848e6f3f72380013e1d9db\"},\"potentialAction\":[{\"@type\":\"SearchAction\",\"target\":{\"@type\":\"EntryPoint\",\"urlTemplate\":\"https:\/\/cecilediy.com\/?s={search_term_string}\"},\"query-input\":{\"@type\":\"PropertyValueSpecification\",\"valueRequired\":true,\"valueName\":\"search_term_string\"}}],\"inLanguage\":\"fr-FR\"},{\"@type\":[\"Person\",\"Organization\"],\"@id\":\"https:\/\/cecilediy.com\/#\/schema\/person\/1e9bf1431e848e6f3f72380013e1d9db\",\"name\":\"C\u00e9cile\",\"image\":{\"@type\":\"ImageObject\",\"inLanguage\":\"fr-FR\",\"@id\":\"https:\/\/cecilediy.com\/#\/schema\/person\/image\/\",\"url\":\"https:\/\/cecilediy.com\/wp-content\/uploads\/2022\/12\/Robe-Cassiopee-scaled.jpg\",\"contentUrl\":\"https:\/\/cecilediy.com\/wp-content\/uploads\/2022\/12\/Robe-Cassiopee-scaled.jpg\",\"width\":1920,\"height\":2560,\"caption\":\"C\u00e9cile\"},\"logo\":{\"@id\":\"https:\/\/cecilediy.com\/#\/schema\/person\/image\/\"},\"description\":\"Mod\u00e9liste, Content &amp; social media, Photographe\",\"sameAs\":[\"https:\/\/cecilediy.com\",\"https:\/\/www.facebook.com\/cecileoff\/\",\"https:\/\/www.instagram.com\/cecilediy\/\",\"https:\/\/www.pinterest.fr\/ccilediy\",\"https:\/\/www.youtube.com\/c\/cecilediy\"]}]}<\/script>\n<!-- \/ Yoast SEO plugin. -->","yoast_head_json":{"title":"Patron couture robe Cassiop\u00e9e du 34 au 52 | C\u00e9cile DIY","description":"Patron couture de la robe Cassiop\u00e9e du 34 au 52, un incontournable de la garde-robe f\u00e9minine ! Patron, livret et vid\u00e9o pas \u00e0 pas incluse","robots":{"index":"index","follow":"follow","max-snippet":"max-snippet:-1","max-image-preview":"max-image-preview:large","max-video-preview":"max-video-preview:-1"},"canonical":"https:\/\/cecilediy.com\/index.php\/produit\/patron-robe-cassiopee\/","og_locale":"fr_FR","og_type":"article","og_title":"Patron couture robe Cassiop\u00e9e du 34 au 52 | C\u00e9cile DIY","og_description":"Patron couture de la robe Cassiop\u00e9e du 34 au 52, un incontournable de la garde-robe f\u00e9minine ! Patron, livret et vid\u00e9o pas \u00e0 pas incluse","og_url":"https:\/\/cecilediy.com\/index.php\/produit\/patron-robe-cassiopee\/","og_site_name":"Cecile DIY","article_publisher":"https:\/\/www.facebook.com\/cecileoff\/","article_modified_time":"2023-05-30T22:15:52+00:00","og_image":[{"width":1920,"height":2560,"url":"https:\/\/cecilediy.com\/wp-content\/uploads\/2022\/12\/Robe-Cassiopee-scaled.jpg","type":"image\/jpeg"}],"twitter_card":"summary_large_image","twitter_misc":{"Dur\u00e9e de lecture estim\u00e9e":"1 minute"},"schema":{"@context":"https:\/\/schema.org","@graph":[{"@type":"WebPage","@id":"https:\/\/cecilediy.com\/index.php\/produit\/patron-robe-cassiopee\/","url":"https:\/\/cecilediy.com\/index.php\/produit\/patron-robe-cassiopee\/","name":"Patron couture robe Cassiop\u00e9e du 34 au 52 | C\u00e9cile DIY","isPartOf":{"@id":"https:\/\/cecilediy.com\/#website"},"primaryImageOfPage":{"@id":"https:\/\/cecilediy.com\/index.php\/produit\/patron-robe-cassiopee\/#primaryimage"},"image":{"@id":"https:\/\/cecilediy.com\/index.php\/produit\/patron-robe-cassiopee\/#primaryimage"},"thumbnailUrl":"https:\/\/cecilediy.com\/wp-content\/uploads\/2022\/12\/Robe-Cassiopee-scaled.jpg","datePublished":"2022-12-11T18:05:12+00:00","dateModified":"2023-05-30T22:15:52+00:00","description":"Patron couture de la robe Cassiop\u00e9e du 34 au 52, un incontournable de la garde-robe f\u00e9minine ! Patron, livret et vid\u00e9o pas \u00e0 pas incluse","breadcrumb":{"@id":"https:\/\/cecilediy.com\/index.php\/produit\/patron-robe-cassiopee\/#breadcrumb"},"inLanguage":"fr-FR","potentialAction":[{"@type":"ReadAction","target":["https:\/\/cecilediy.com\/index.php\/produit\/patron-robe-cassiopee\/"]}]},{"@type":"ImageObject","inLanguage":"fr-FR","@id":"https:\/\/cecilediy.com\/index.php\/produit\/patron-robe-cassiopee\/#primaryimage","url":"https:\/\/cecilediy.com\/wp-content\/uploads\/2022\/12\/Robe-Cassiopee-scaled.jpg","contentUrl":"https:\/\/cecilediy.com\/wp-content\/uploads\/2022\/12\/Robe-Cassiopee-scaled.jpg","width":1920,"height":2560},{"@type":"BreadcrumbList","@id":"https:\/\/cecilediy.com\/index.php\/produit\/patron-robe-cassiopee\/#breadcrumb","itemListElement":[{"@type":"ListItem","position":1,"name":"Accueil","item":"https:\/\/cecilediy.com\/"},{"@type":"ListItem","position":2,"name":"Boutique","item":"https:\/\/cecilediy.com\/index.php\/boutique-cecile-diy\/"},{"@type":"ListItem","position":3,"name":"Patron robe Cassiop\u00e9e (34-52)"}]},{"@type":"WebSite","@id":"https:\/\/cecilediy.com\/#website","url":"https:\/\/cecilediy.com\/","name":"C\u00e9cile DIY","description":"DO IT YOURSELF","publisher":{"@id":"https:\/\/cecilediy.com\/#\/schema\/person\/1e9bf1431e848e6f3f72380013e1d9db"},"potentialAction":[{"@type":"SearchAction","target":{"@type":"EntryPoint","urlTemplate":"https:\/\/cecilediy.com\/?s={search_term_string}"},"query-input":{"@type":"PropertyValueSpecification","valueRequired":true,"valueName":"search_term_string"}}],"inLanguage":"fr-FR"},{"@type":["Person","Organization"],"@id":"https:\/\/cecilediy.com\/#\/schema\/person\/1e9bf1431e848e6f3f72380013e1d9db","name":"C\u00e9cile","image":{"@type":"ImageObject","inLanguage":"fr-FR","@id":"https:\/\/cecilediy.com\/#\/schema\/person\/image\/","url":"https:\/\/cecilediy.com\/wp-content\/uploads\/2022\/12\/Robe-Cassiopee-scaled.jpg","contentUrl":"https:\/\/cecilediy.com\/wp-content\/uploads\/2022\/12\/Robe-Cassiopee-scaled.jpg","width":1920,"height":2560,"caption":"C\u00e9cile"},"logo":{"@id":"https:\/\/cecilediy.com\/#\/schema\/person\/image\/"},"description":"Mod\u00e9liste, Content &amp; social media, Photographe","sameAs":["https:\/\/cecilediy.com","https:\/\/www.facebook.com\/cecileoff\/","https:\/\/www.instagram.com\/cecilediy\/","https:\/\/www.pinterest.fr\/ccilediy","https:\/\/www.youtube.com\/c\/cecilediy"]}]}},"_links":{"self":[{"href":"https:\/\/cecilediy.com\/index.php\/wp-json\/wp\/v2\/product\/8372","targetHints":{"allow":["GET"]}}],"collection":[{"href":"https:\/\/cecilediy.com\/index.php\/wp-json\/wp\/v2\/product"}],"about":[{"href":"https:\/\/cecilediy.com\/index.php\/wp-json\/wp\/v2\/types\/product"}],"replies":[{"embeddable":true,"href":"https:\/\/cecilediy.com\/index.php\/wp-json\/wp\/v2\/comments?post=8372"}],"wp:featuredmedia":[{"embeddable":true,"href":"https:\/\/cecilediy.com\/index.php\/wp-json\/wp\/v2\/media\/8536"}],"wp:attachment":[{"href":"https:\/\/cecilediy.com\/index.php\/wp-json\/wp\/v2\/media?parent=8372"}],"wp:term":[{"taxonomy":"product_brand","embeddable":true,"href":"https:\/\/cecilediy.com\/index.php\/wp-json\/wp\/v2\/product_brand?post=8372"},{"taxonomy":"product_cat","embeddable":true,"href":"https:\/\/cecilediy.com\/index.php\/wp-json\/wp\/v2\/product_cat?post=8372"},{"taxonomy":"product_tag","embeddable":true,"href":"https:\/\/cecilediy.com\/index.php\/wp-json\/wp\/v2\/product_tag?post=8372"}],"curies":[{"name":"wp","href":"https:\/\/api.w.org\/{rel}","templated":true}]}}