{"id":7335,"date":"2021-12-02T19:32:39","date_gmt":"2021-12-02T18:32:39","guid":{"rendered":"https:\/\/cecilediy.com\/?post_type=product&#038;p=7335"},"modified":"2025-01-18T11:22:21","modified_gmt":"2025-01-18T10:22:21","slug":"dentelle-de-calais-moka","status":"publish","type":"product","link":"https:\/\/cecilediy.com\/index.php\/produit\/dentelle-de-calais-moka\/","title":{"rendered":"Dentelle de Calais Moka"},"content":{"rendered":"<p><strong>Caract\u00e9ristiques :<\/strong><\/p>\n<ul>\n<li><strong>Produit <\/strong>: Dentelle de calais<\/li>\n<li><strong>Couleur<\/strong> : Marron<\/li>\n<li><strong>Usage<\/strong> : Lingerie, Corsetterie, confection de soutien-gorge<\/li>\n<li><b>Vente <\/b>: Par 10 cm (10 unit\u00e9s = 1 m)<\/li>\n<li><b>Hauteur de bande <\/b>: 20 cm<\/li>\n<li><b>Composition \/ mati\u00e8re<\/b> : Elasthanne (tr\u00e8s l\u00e9g\u00e8rement extensible)<\/li>\n<li><strong>Vous pouvez r\u00e9aliser<\/strong> : Soutien-gorge, <a href=\"https:\/\/cecilediy.com\/index.php\/produit\/shorty-de-nuit-leila\/\" target=\"_blank\" rel=\"noopener noreferrer\">Shorty Leila (empi\u00e8cement)<\/a><\/li>\n<li><strong>R\u00e9f\u00e9rence<\/strong> : TIS-DENT-MOK<\/li>\n<\/ul>\n","protected":false},"excerpt":{"rendered":"<p>La dentelle de Calais est une dentelle de grande qualit\u00e9 permettant de r\u00e9aliser de nombreuses confections en lingerie corsetterie.<\/p>\n<p>Ainsi, vous pourrez coudre des culottes, soutiens gorges, mais aussi gu\u00eapi\u00e8res, bodys, nuisettes, au gr\u00e9 de votre inspiration.<\/p>\n<p>Notre dentelle de Calais Moka est vendue par 10 cm. Ses broderies lumineuses lui donnent un aspect \u00e9l\u00e9gant et haut de gamme.<\/p>\n<p>Vous aurez s\u00fbrement besoin d\u2019autres composants disponibles sur le site pour r\u00e9aliser votre lingerie : <a href=\"https:\/\/cecilediy.com\/index.php\/categorie-produit\/mercerie-accessoires-lingerie\/anneaux\/\" target=\"_blank\" rel=\"noopener noreferrer\">anneaux<\/a>,\u00a0<a href=\"https:\/\/cecilediy.com\/index.php\/categorie-produit\/mercerie-accessoires-lingerie\/anneaux\/\" target=\"_blank\" rel=\"noopener noreferrer\">barrettes de r\u00e9glage<\/a>, cache armature, n\u0153uds,\u00a0<a href=\"https:\/\/cecilediy.com\/index.php\/categorie-produit\/mercerie-accessoires-lingerie\/anneaux\/\" target=\"_blank\" rel=\"noopener noreferrer\">\u00e9lastique \u00e0 lingerie<\/a>,\u00a0<a href=\"https:\/\/cecilediy.com\/index.php\/categorie-produit\/mercerie-accessoires-lingerie\/anneaux\/\" target=\"_blank\" rel=\"noopener noreferrer\">attaches de soutien-gorge<\/a>.<\/p>\n","protected":false},"featured_media":7636,"comment_status":"open","ping_status":"closed","template":"","meta":[],"product_brand":[],"product_cat":[1040,1039],"product_tag":[],"class_list":{"0":"post-7335","1":"product","2":"type-product","3":"status-publish","4":"has-post-thumbnail","6":"product_cat-dentelle-tissus","7":"product_cat-tissus","9":"first","10":"instock","11":"shipping-taxable","12":"purchasable","13":"product-type-simple"},"yoast_head":"<!-- This site is optimized with the Yoast SEO plugin v26.4 - https:\/\/yoast.com\/wordpress\/plugins\/seo\/ -->\n<title>Dentelle de Calais marron - Dentelle haut de gamme, de grande qualit\u00e9<\/title>\n<meta name=\"description\" content=\"Dentelle de Calais marron : d\u00e9couvrez notre s\u00e9lection de dentelle haut de gamme pour coudre votre corsetterie et votre lingerie vous-m\u00eame.\" \/>\n<meta name=\"robots\" content=\"index, follow, max-snippet:-1, max-image-preview:large, max-video-preview:-1\" \/>\n<link rel=\"canonical\" href=\"https:\/\/cecilediy.com\/index.php\/produit\/dentelle-de-calais-moka\/\" \/>\n<meta property=\"og:locale\" content=\"fr_FR\" \/>\n<meta property=\"og:type\" content=\"article\" \/>\n<meta property=\"og:title\" content=\"Dentelle de Calais marron - Dentelle haut de gamme, de grande qualit\u00e9\" \/>\n<meta property=\"og:description\" content=\"Dentelle de Calais marron : d\u00e9couvrez notre s\u00e9lection de dentelle haut de gamme pour coudre votre corsetterie et votre lingerie vous-m\u00eame.\" \/>\n<meta property=\"og:url\" content=\"https:\/\/cecilediy.com\/index.php\/produit\/dentelle-de-calais-moka\/\" \/>\n<meta property=\"og:site_name\" content=\"Cecile DIY\" \/>\n<meta property=\"article:publisher\" content=\"https:\/\/www.facebook.com\/cecileoff\/\" \/>\n<meta property=\"article:modified_time\" content=\"2025-01-18T10:22:21+00:00\" \/>\n<meta property=\"og:image\" content=\"https:\/\/cecilediy.com\/wp-content\/uploads\/2021\/11\/Dentelle-de-Calais-Moka-1-800x800.png\" \/>\n\t<meta property=\"og:image:width\" content=\"800\" \/>\n\t<meta property=\"og:image:height\" content=\"800\" \/>\n\t<meta property=\"og:image:type\" content=\"image\/png\" \/>\n<meta name=\"twitter:card\" content=\"summary_large_image\" \/>\n<meta name=\"twitter:label1\" content=\"Dur\u00e9e de lecture estim\u00e9e\" \/>\n\t<meta name=\"twitter:data1\" content=\"1 minute\" \/>\n<script type=\"application\/ld+json\" class=\"yoast-schema-graph\">{\"@context\":\"https:\/\/schema.org\",\"@graph\":[{\"@type\":\"WebPage\",\"@id\":\"https:\/\/cecilediy.com\/index.php\/produit\/dentelle-de-calais-moka\/\",\"url\":\"https:\/\/cecilediy.com\/index.php\/produit\/dentelle-de-calais-moka\/\",\"name\":\"Dentelle de Calais marron - Dentelle haut de gamme, de grande qualit\u00e9\",\"isPartOf\":{\"@id\":\"https:\/\/cecilediy.com\/#website\"},\"primaryImageOfPage\":{\"@id\":\"https:\/\/cecilediy.com\/index.php\/produit\/dentelle-de-calais-moka\/#primaryimage\"},\"image\":{\"@id\":\"https:\/\/cecilediy.com\/index.php\/produit\/dentelle-de-calais-moka\/#primaryimage\"},\"thumbnailUrl\":\"https:\/\/cecilediy.com\/wp-content\/uploads\/2021\/11\/Dentelle-de-Calais-Moka-1.png\",\"datePublished\":\"2021-12-02T18:32:39+00:00\",\"dateModified\":\"2025-01-18T10:22:21+00:00\",\"description\":\"Dentelle de Calais marron : d\u00e9couvrez notre s\u00e9lection de dentelle haut de gamme pour coudre votre corsetterie et votre lingerie vous-m\u00eame.\",\"breadcrumb\":{\"@id\":\"https:\/\/cecilediy.com\/index.php\/produit\/dentelle-de-calais-moka\/#breadcrumb\"},\"inLanguage\":\"fr-FR\",\"potentialAction\":[{\"@type\":\"ReadAction\",\"target\":[\"https:\/\/cecilediy.com\/index.php\/produit\/dentelle-de-calais-moka\/\"]}]},{\"@type\":\"ImageObject\",\"inLanguage\":\"fr-FR\",\"@id\":\"https:\/\/cecilediy.com\/index.php\/produit\/dentelle-de-calais-moka\/#primaryimage\",\"url\":\"https:\/\/cecilediy.com\/wp-content\/uploads\/2021\/11\/Dentelle-de-Calais-Moka-1.png\",\"contentUrl\":\"https:\/\/cecilediy.com\/wp-content\/uploads\/2021\/11\/Dentelle-de-Calais-Moka-1.png\",\"width\":3456,\"height\":3456,\"caption\":\"Dentelle de Calais marron\"},{\"@type\":\"BreadcrumbList\",\"@id\":\"https:\/\/cecilediy.com\/index.php\/produit\/dentelle-de-calais-moka\/#breadcrumb\",\"itemListElement\":[{\"@type\":\"ListItem\",\"position\":1,\"name\":\"Accueil\",\"item\":\"https:\/\/cecilediy.com\/\"},{\"@type\":\"ListItem\",\"position\":2,\"name\":\"Boutique\",\"item\":\"https:\/\/cecilediy.com\/index.php\/boutique-cecile-diy\/\"},{\"@type\":\"ListItem\",\"position\":3,\"name\":\"Dentelle de Calais Moka\"}]},{\"@type\":\"WebSite\",\"@id\":\"https:\/\/cecilediy.com\/#website\",\"url\":\"https:\/\/cecilediy.com\/\",\"name\":\"C\u00e9cile DIY\",\"description\":\"DO IT YOURSELF\",\"publisher\":{\"@id\":\"https:\/\/cecilediy.com\/#\/schema\/person\/1e9bf1431e848e6f3f72380013e1d9db\"},\"potentialAction\":[{\"@type\":\"SearchAction\",\"target\":{\"@type\":\"EntryPoint\",\"urlTemplate\":\"https:\/\/cecilediy.com\/?s={search_term_string}\"},\"query-input\":{\"@type\":\"PropertyValueSpecification\",\"valueRequired\":true,\"valueName\":\"search_term_string\"}}],\"inLanguage\":\"fr-FR\"},{\"@type\":[\"Person\",\"Organization\"],\"@id\":\"https:\/\/cecilediy.com\/#\/schema\/person\/1e9bf1431e848e6f3f72380013e1d9db\",\"name\":\"C\u00e9cile\",\"image\":{\"@type\":\"ImageObject\",\"inLanguage\":\"fr-FR\",\"@id\":\"https:\/\/cecilediy.com\/#\/schema\/person\/image\/\",\"url\":\"https:\/\/cecilediy.com\/wp-content\/uploads\/2022\/12\/Robe-Cassiopee-scaled.jpg\",\"contentUrl\":\"https:\/\/cecilediy.com\/wp-content\/uploads\/2022\/12\/Robe-Cassiopee-scaled.jpg\",\"width\":1920,\"height\":2560,\"caption\":\"C\u00e9cile\"},\"logo\":{\"@id\":\"https:\/\/cecilediy.com\/#\/schema\/person\/image\/\"},\"description\":\"Mod\u00e9liste, Content &amp; social media, Photographe\",\"sameAs\":[\"https:\/\/cecilediy.com\",\"https:\/\/www.facebook.com\/cecileoff\/\",\"https:\/\/www.instagram.com\/cecilediy\/\",\"https:\/\/www.pinterest.fr\/ccilediy\",\"https:\/\/www.youtube.com\/c\/cecilediy\"]}]}<\/script>\n<!-- \/ Yoast SEO plugin. -->","yoast_head_json":{"title":"Dentelle de Calais marron - Dentelle haut de gamme, de grande qualit\u00e9","description":"Dentelle de Calais marron : d\u00e9couvrez notre s\u00e9lection de dentelle haut de gamme pour coudre votre corsetterie et votre lingerie vous-m\u00eame.","robots":{"index":"index","follow":"follow","max-snippet":"max-snippet:-1","max-image-preview":"max-image-preview:large","max-video-preview":"max-video-preview:-1"},"canonical":"https:\/\/cecilediy.com\/index.php\/produit\/dentelle-de-calais-moka\/","og_locale":"fr_FR","og_type":"article","og_title":"Dentelle de Calais marron - Dentelle haut de gamme, de grande qualit\u00e9","og_description":"Dentelle de Calais marron : d\u00e9couvrez notre s\u00e9lection de dentelle haut de gamme pour coudre votre corsetterie et votre lingerie vous-m\u00eame.","og_url":"https:\/\/cecilediy.com\/index.php\/produit\/dentelle-de-calais-moka\/","og_site_name":"Cecile DIY","article_publisher":"https:\/\/www.facebook.com\/cecileoff\/","article_modified_time":"2025-01-18T10:22:21+00:00","og_image":[{"width":800,"height":800,"url":"https:\/\/cecilediy.com\/wp-content\/uploads\/2021\/11\/Dentelle-de-Calais-Moka-1-800x800.png","type":"image\/png"}],"twitter_card":"summary_large_image","twitter_misc":{"Dur\u00e9e de lecture estim\u00e9e":"1 minute"},"schema":{"@context":"https:\/\/schema.org","@graph":[{"@type":"WebPage","@id":"https:\/\/cecilediy.com\/index.php\/produit\/dentelle-de-calais-moka\/","url":"https:\/\/cecilediy.com\/index.php\/produit\/dentelle-de-calais-moka\/","name":"Dentelle de Calais marron - Dentelle haut de gamme, de grande qualit\u00e9","isPartOf":{"@id":"https:\/\/cecilediy.com\/#website"},"primaryImageOfPage":{"@id":"https:\/\/cecilediy.com\/index.php\/produit\/dentelle-de-calais-moka\/#primaryimage"},"image":{"@id":"https:\/\/cecilediy.com\/index.php\/produit\/dentelle-de-calais-moka\/#primaryimage"},"thumbnailUrl":"https:\/\/cecilediy.com\/wp-content\/uploads\/2021\/11\/Dentelle-de-Calais-Moka-1.png","datePublished":"2021-12-02T18:32:39+00:00","dateModified":"2025-01-18T10:22:21+00:00","description":"Dentelle de Calais marron : d\u00e9couvrez notre s\u00e9lection de dentelle haut de gamme pour coudre votre corsetterie et votre lingerie vous-m\u00eame.","breadcrumb":{"@id":"https:\/\/cecilediy.com\/index.php\/produit\/dentelle-de-calais-moka\/#breadcrumb"},"inLanguage":"fr-FR","potentialAction":[{"@type":"ReadAction","target":["https:\/\/cecilediy.com\/index.php\/produit\/dentelle-de-calais-moka\/"]}]},{"@type":"ImageObject","inLanguage":"fr-FR","@id":"https:\/\/cecilediy.com\/index.php\/produit\/dentelle-de-calais-moka\/#primaryimage","url":"https:\/\/cecilediy.com\/wp-content\/uploads\/2021\/11\/Dentelle-de-Calais-Moka-1.png","contentUrl":"https:\/\/cecilediy.com\/wp-content\/uploads\/2021\/11\/Dentelle-de-Calais-Moka-1.png","width":3456,"height":3456,"caption":"Dentelle de Calais marron"},{"@type":"BreadcrumbList","@id":"https:\/\/cecilediy.com\/index.php\/produit\/dentelle-de-calais-moka\/#breadcrumb","itemListElement":[{"@type":"ListItem","position":1,"name":"Accueil","item":"https:\/\/cecilediy.com\/"},{"@type":"ListItem","position":2,"name":"Boutique","item":"https:\/\/cecilediy.com\/index.php\/boutique-cecile-diy\/"},{"@type":"ListItem","position":3,"name":"Dentelle de Calais Moka"}]},{"@type":"WebSite","@id":"https:\/\/cecilediy.com\/#website","url":"https:\/\/cecilediy.com\/","name":"C\u00e9cile DIY","description":"DO IT YOURSELF","publisher":{"@id":"https:\/\/cecilediy.com\/#\/schema\/person\/1e9bf1431e848e6f3f72380013e1d9db"},"potentialAction":[{"@type":"SearchAction","target":{"@type":"EntryPoint","urlTemplate":"https:\/\/cecilediy.com\/?s={search_term_string}"},"query-input":{"@type":"PropertyValueSpecification","valueRequired":true,"valueName":"search_term_string"}}],"inLanguage":"fr-FR"},{"@type":["Person","Organization"],"@id":"https:\/\/cecilediy.com\/#\/schema\/person\/1e9bf1431e848e6f3f72380013e1d9db","name":"C\u00e9cile","image":{"@type":"ImageObject","inLanguage":"fr-FR","@id":"https:\/\/cecilediy.com\/#\/schema\/person\/image\/","url":"https:\/\/cecilediy.com\/wp-content\/uploads\/2022\/12\/Robe-Cassiopee-scaled.jpg","contentUrl":"https:\/\/cecilediy.com\/wp-content\/uploads\/2022\/12\/Robe-Cassiopee-scaled.jpg","width":1920,"height":2560,"caption":"C\u00e9cile"},"logo":{"@id":"https:\/\/cecilediy.com\/#\/schema\/person\/image\/"},"description":"Mod\u00e9liste, Content &amp; social media, Photographe","sameAs":["https:\/\/cecilediy.com","https:\/\/www.facebook.com\/cecileoff\/","https:\/\/www.instagram.com\/cecilediy\/","https:\/\/www.pinterest.fr\/ccilediy","https:\/\/www.youtube.com\/c\/cecilediy"]}]}},"_links":{"self":[{"href":"https:\/\/cecilediy.com\/index.php\/wp-json\/wp\/v2\/product\/7335","targetHints":{"allow":["GET"]}}],"collection":[{"href":"https:\/\/cecilediy.com\/index.php\/wp-json\/wp\/v2\/product"}],"about":[{"href":"https:\/\/cecilediy.com\/index.php\/wp-json\/wp\/v2\/types\/product"}],"replies":[{"embeddable":true,"href":"https:\/\/cecilediy.com\/index.php\/wp-json\/wp\/v2\/comments?post=7335"}],"wp:featuredmedia":[{"embeddable":true,"href":"https:\/\/cecilediy.com\/index.php\/wp-json\/wp\/v2\/media\/7636"}],"wp:attachment":[{"href":"https:\/\/cecilediy.com\/index.php\/wp-json\/wp\/v2\/media?parent=7335"}],"wp:term":[{"taxonomy":"product_brand","embeddable":true,"href":"https:\/\/cecilediy.com\/index.php\/wp-json\/wp\/v2\/product_brand?post=7335"},{"taxonomy":"product_cat","embeddable":true,"href":"https:\/\/cecilediy.com\/index.php\/wp-json\/wp\/v2\/product_cat?post=7335"},{"taxonomy":"product_tag","embeddable":true,"href":"https:\/\/cecilediy.com\/index.php\/wp-json\/wp\/v2\/product_tag?post=7335"}],"curies":[{"name":"wp","href":"https:\/\/api.w.org\/{rel}","templated":true}]}}