{"id":7023,"date":"2021-10-05T18:23:06","date_gmt":"2021-10-05T16:23:06","guid":{"rendered":"https:\/\/cecilediy.com\/?post_type=product&#038;p=7023"},"modified":"2022-01-24T11:31:58","modified_gmt":"2022-01-24T10:31:58","slug":"armature-soutien-gorge-105","status":"publish","type":"product","link":"https:\/\/cecilediy.com\/index.php\/produit\/armature-soutien-gorge-105\/","title":{"rendered":"Armature soutien gorge 105"},"content":{"rendered":"<p>Caract\u00e9ristiques du produit :<\/p>\n<ul>\n<li><strong>Produit<\/strong> : Armature soutien gorge<\/li>\n<li><strong>Tailles<\/strong> : 110A, 105B, 100C, 95D, 90E<\/li>\n<li><strong>Couleur<\/strong> : Blanc<\/li>\n<li><strong>Usage<\/strong> : Lingerie, Corsetterie, confection de soutien-gorge<\/li>\n<li><b>Vente <\/b>: \u00c0 la paire<\/li>\n<li><strong>Largeur entre les\u00a0<\/strong><span style=\"font-size: 14.4px\"><b>extr\u00e9mit\u00e9s <\/b><\/span>: 138 mm<\/li>\n<li><strong>Hauteur<\/strong> : 260 mm<\/li>\n<li><b>Composition mati\u00e8re<\/b> : M\u00e9tal galvanis\u00e9 laqu\u00e9<\/li>\n<\/ul>\n","protected":false},"excerpt":{"rendered":"<div>Les armatures de soutien-gorge disponibles dans notre mercerie lingerie en ligne sont un indispensable pour coudre ses propres soutiens-gorges, bustiers, gu\u00eapi\u00e8res, corsets, etc.<\/div>\n<div><\/div>\n<div>Notre s\u00e9lection de baleines pour soutiens-gorges vendue \u00e0 la paire sont compos\u00e9es de m\u00e9tal galvanis\u00e9 laqu\u00e9 blanc. Les extr\u00e9mit\u00e9s sont recouvertes d\u2019un rev\u00eatement en nylon blanc garantissant confort et s\u00e9curit\u00e9. La partie color\u00e9e se place au centre de la poitrine.<\/div>\n<div><\/div>\n<div>Suivant la forme du soutien-gorge r\u00e9alis\u00e9, la longueur de l\u2019armature peut diff\u00e9rer. L&rsquo;armature est lavable de 30\u00b0 \u00e0 40\u00b0 en machine.<\/div>\n<div><\/div>\n<div>Vous aurez s\u00fbrement besoin d\u2019autres composants disponibles sur le site pour r\u00e9aliser votre lingerie : <a href=\"https:\/\/cecilediy.com\/index.php\/categorie-produit\/mercerie-accessoires-lingerie\/anneaux\/\" target=\"_blank\" rel=\"noopener noreferrer\">anneaux<\/a>, <a href=\"https:\/\/cecilediy.com\/index.php\/categorie-produit\/mercerie-accessoires-lingerie\/barrettes-de-reglage\/\" target=\"_blank\" rel=\"noopener noreferrer\">barrettes de r\u00e9glage<\/a>, cache armature, n\u0153uds, <a href=\"https:\/\/cecilediy.com\/index.php\/categorie-produit\/mercerie-accessoires-lingerie\/elastiques-a-lingerie\/\" target=\"_blank\" rel=\"noopener noreferrer\">\u00e9lastique \u00e0 lingerie<\/a>, <a href=\"https:\/\/cecilediy.com\/index.php\/categorie-produit\/mercerie-accessoires-lingerie\/agrafes\/\" target=\"_blank\" rel=\"noopener noreferrer\">attaches de soutien-gorge<\/a>.<\/div>\n","protected":false},"featured_media":7105,"comment_status":"open","ping_status":"closed","template":"","meta":[],"product_brand":[],"product_cat":[1036,944],"product_tag":[],"class_list":{"0":"post-7023","1":"product","2":"type-product","3":"status-publish","4":"has-post-thumbnail","6":"product_cat-armature-soutien-gorge-mercerie","7":"product_cat-mercerie-accessoires-lingerie","9":"first","10":"instock","11":"shipping-taxable","12":"purchasable","13":"product-type-simple"},"yoast_head":"<!-- This site is optimized with the Yoast SEO plugin v26.4 - https:\/\/yoast.com\/wordpress\/plugins\/seo\/ -->\n<title>Armature soutien gorge mercerie du 70B au 105B pour coudre sa lingerie<\/title>\n<meta name=\"description\" content=\"Armature soutien gorge mercerie du 70B au 105B pour confectionner ses soutiens-gorge. D\u00e9couvrez notre gamme dans notre mercerie lingerie.\" \/>\n<meta name=\"robots\" content=\"index, follow, max-snippet:-1, max-image-preview:large, max-video-preview:-1\" \/>\n<link rel=\"canonical\" href=\"https:\/\/cecilediy.com\/index.php\/produit\/armature-soutien-gorge-105\/\" \/>\n<meta property=\"og:locale\" content=\"fr_FR\" \/>\n<meta property=\"og:type\" content=\"article\" \/>\n<meta property=\"og:title\" content=\"Armature soutien gorge mercerie du 70B au 105B pour coudre sa lingerie\" \/>\n<meta property=\"og:description\" content=\"Armature soutien gorge mercerie du 70B au 105B pour confectionner ses soutiens-gorge. D\u00e9couvrez notre gamme dans notre mercerie lingerie.\" \/>\n<meta property=\"og:url\" content=\"https:\/\/cecilediy.com\/index.php\/produit\/armature-soutien-gorge-105\/\" \/>\n<meta property=\"og:site_name\" content=\"Cecile DIY\" \/>\n<meta property=\"article:publisher\" content=\"https:\/\/www.facebook.com\/cecileoff\/\" \/>\n<meta property=\"article:modified_time\" content=\"2022-01-24T10:31:58+00:00\" \/>\n<meta property=\"og:image\" content=\"https:\/\/cecilediy.com\/wp-content\/uploads\/2021\/10\/ARM105-1-scaled.jpg\" \/>\n\t<meta property=\"og:image:width\" content=\"2560\" \/>\n\t<meta property=\"og:image:height\" content=\"2560\" \/>\n\t<meta property=\"og:image:type\" content=\"image\/jpeg\" \/>\n<meta name=\"twitter:card\" content=\"summary_large_image\" \/>\n<meta name=\"twitter:label1\" content=\"Dur\u00e9e de lecture estim\u00e9e\" \/>\n\t<meta name=\"twitter:data1\" content=\"1 minute\" \/>\n<script type=\"application\/ld+json\" class=\"yoast-schema-graph\">{\"@context\":\"https:\/\/schema.org\",\"@graph\":[{\"@type\":\"WebPage\",\"@id\":\"https:\/\/cecilediy.com\/index.php\/produit\/armature-soutien-gorge-105\/\",\"url\":\"https:\/\/cecilediy.com\/index.php\/produit\/armature-soutien-gorge-105\/\",\"name\":\"Armature soutien gorge mercerie du 70B au 105B pour coudre sa lingerie\",\"isPartOf\":{\"@id\":\"https:\/\/cecilediy.com\/#website\"},\"primaryImageOfPage\":{\"@id\":\"https:\/\/cecilediy.com\/index.php\/produit\/armature-soutien-gorge-105\/#primaryimage\"},\"image\":{\"@id\":\"https:\/\/cecilediy.com\/index.php\/produit\/armature-soutien-gorge-105\/#primaryimage\"},\"thumbnailUrl\":\"https:\/\/cecilediy.com\/wp-content\/uploads\/2021\/10\/ARM105-1-scaled.jpg\",\"datePublished\":\"2021-10-05T16:23:06+00:00\",\"dateModified\":\"2022-01-24T10:31:58+00:00\",\"description\":\"Armature soutien gorge mercerie du 70B au 105B pour confectionner ses soutiens-gorge. D\u00e9couvrez notre gamme dans notre mercerie lingerie.\",\"breadcrumb\":{\"@id\":\"https:\/\/cecilediy.com\/index.php\/produit\/armature-soutien-gorge-105\/#breadcrumb\"},\"inLanguage\":\"fr-FR\",\"potentialAction\":[{\"@type\":\"ReadAction\",\"target\":[\"https:\/\/cecilediy.com\/index.php\/produit\/armature-soutien-gorge-105\/\"]}]},{\"@type\":\"ImageObject\",\"inLanguage\":\"fr-FR\",\"@id\":\"https:\/\/cecilediy.com\/index.php\/produit\/armature-soutien-gorge-105\/#primaryimage\",\"url\":\"https:\/\/cecilediy.com\/wp-content\/uploads\/2021\/10\/ARM105-1-scaled.jpg\",\"contentUrl\":\"https:\/\/cecilediy.com\/wp-content\/uploads\/2021\/10\/ARM105-1-scaled.jpg\",\"width\":2560,\"height\":2560,\"caption\":\"Armature 105B\"},{\"@type\":\"BreadcrumbList\",\"@id\":\"https:\/\/cecilediy.com\/index.php\/produit\/armature-soutien-gorge-105\/#breadcrumb\",\"itemListElement\":[{\"@type\":\"ListItem\",\"position\":1,\"name\":\"Accueil\",\"item\":\"https:\/\/cecilediy.com\/\"},{\"@type\":\"ListItem\",\"position\":2,\"name\":\"Boutique\",\"item\":\"https:\/\/cecilediy.com\/index.php\/boutique-cecile-diy\/\"},{\"@type\":\"ListItem\",\"position\":3,\"name\":\"Armature soutien gorge 105\"}]},{\"@type\":\"WebSite\",\"@id\":\"https:\/\/cecilediy.com\/#website\",\"url\":\"https:\/\/cecilediy.com\/\",\"name\":\"C\u00e9cile DIY\",\"description\":\"DO IT YOURSELF\",\"publisher\":{\"@id\":\"https:\/\/cecilediy.com\/#\/schema\/person\/1e9bf1431e848e6f3f72380013e1d9db\"},\"potentialAction\":[{\"@type\":\"SearchAction\",\"target\":{\"@type\":\"EntryPoint\",\"urlTemplate\":\"https:\/\/cecilediy.com\/?s={search_term_string}\"},\"query-input\":{\"@type\":\"PropertyValueSpecification\",\"valueRequired\":true,\"valueName\":\"search_term_string\"}}],\"inLanguage\":\"fr-FR\"},{\"@type\":[\"Person\",\"Organization\"],\"@id\":\"https:\/\/cecilediy.com\/#\/schema\/person\/1e9bf1431e848e6f3f72380013e1d9db\",\"name\":\"C\u00e9cile\",\"image\":{\"@type\":\"ImageObject\",\"inLanguage\":\"fr-FR\",\"@id\":\"https:\/\/cecilediy.com\/#\/schema\/person\/image\/\",\"url\":\"https:\/\/cecilediy.com\/wp-content\/uploads\/2022\/12\/Robe-Cassiopee-scaled.jpg\",\"contentUrl\":\"https:\/\/cecilediy.com\/wp-content\/uploads\/2022\/12\/Robe-Cassiopee-scaled.jpg\",\"width\":1920,\"height\":2560,\"caption\":\"C\u00e9cile\"},\"logo\":{\"@id\":\"https:\/\/cecilediy.com\/#\/schema\/person\/image\/\"},\"description\":\"Mod\u00e9liste, Content &amp; social media, Photographe\",\"sameAs\":[\"https:\/\/cecilediy.com\",\"https:\/\/www.facebook.com\/cecileoff\/\",\"https:\/\/www.instagram.com\/cecilediy\/\",\"https:\/\/www.pinterest.fr\/ccilediy\",\"https:\/\/www.youtube.com\/c\/cecilediy\"]}]}<\/script>\n<!-- \/ Yoast SEO plugin. -->","yoast_head_json":{"title":"Armature soutien gorge mercerie du 70B au 105B pour coudre sa lingerie","description":"Armature soutien gorge mercerie du 70B au 105B pour confectionner ses soutiens-gorge. D\u00e9couvrez notre gamme dans notre mercerie lingerie.","robots":{"index":"index","follow":"follow","max-snippet":"max-snippet:-1","max-image-preview":"max-image-preview:large","max-video-preview":"max-video-preview:-1"},"canonical":"https:\/\/cecilediy.com\/index.php\/produit\/armature-soutien-gorge-105\/","og_locale":"fr_FR","og_type":"article","og_title":"Armature soutien gorge mercerie du 70B au 105B pour coudre sa lingerie","og_description":"Armature soutien gorge mercerie du 70B au 105B pour confectionner ses soutiens-gorge. D\u00e9couvrez notre gamme dans notre mercerie lingerie.","og_url":"https:\/\/cecilediy.com\/index.php\/produit\/armature-soutien-gorge-105\/","og_site_name":"Cecile DIY","article_publisher":"https:\/\/www.facebook.com\/cecileoff\/","article_modified_time":"2022-01-24T10:31:58+00:00","og_image":[{"width":2560,"height":2560,"url":"https:\/\/cecilediy.com\/wp-content\/uploads\/2021\/10\/ARM105-1-scaled.jpg","type":"image\/jpeg"}],"twitter_card":"summary_large_image","twitter_misc":{"Dur\u00e9e de lecture estim\u00e9e":"1 minute"},"schema":{"@context":"https:\/\/schema.org","@graph":[{"@type":"WebPage","@id":"https:\/\/cecilediy.com\/index.php\/produit\/armature-soutien-gorge-105\/","url":"https:\/\/cecilediy.com\/index.php\/produit\/armature-soutien-gorge-105\/","name":"Armature soutien gorge mercerie du 70B au 105B pour coudre sa lingerie","isPartOf":{"@id":"https:\/\/cecilediy.com\/#website"},"primaryImageOfPage":{"@id":"https:\/\/cecilediy.com\/index.php\/produit\/armature-soutien-gorge-105\/#primaryimage"},"image":{"@id":"https:\/\/cecilediy.com\/index.php\/produit\/armature-soutien-gorge-105\/#primaryimage"},"thumbnailUrl":"https:\/\/cecilediy.com\/wp-content\/uploads\/2021\/10\/ARM105-1-scaled.jpg","datePublished":"2021-10-05T16:23:06+00:00","dateModified":"2022-01-24T10:31:58+00:00","description":"Armature soutien gorge mercerie du 70B au 105B pour confectionner ses soutiens-gorge. D\u00e9couvrez notre gamme dans notre mercerie lingerie.","breadcrumb":{"@id":"https:\/\/cecilediy.com\/index.php\/produit\/armature-soutien-gorge-105\/#breadcrumb"},"inLanguage":"fr-FR","potentialAction":[{"@type":"ReadAction","target":["https:\/\/cecilediy.com\/index.php\/produit\/armature-soutien-gorge-105\/"]}]},{"@type":"ImageObject","inLanguage":"fr-FR","@id":"https:\/\/cecilediy.com\/index.php\/produit\/armature-soutien-gorge-105\/#primaryimage","url":"https:\/\/cecilediy.com\/wp-content\/uploads\/2021\/10\/ARM105-1-scaled.jpg","contentUrl":"https:\/\/cecilediy.com\/wp-content\/uploads\/2021\/10\/ARM105-1-scaled.jpg","width":2560,"height":2560,"caption":"Armature 105B"},{"@type":"BreadcrumbList","@id":"https:\/\/cecilediy.com\/index.php\/produit\/armature-soutien-gorge-105\/#breadcrumb","itemListElement":[{"@type":"ListItem","position":1,"name":"Accueil","item":"https:\/\/cecilediy.com\/"},{"@type":"ListItem","position":2,"name":"Boutique","item":"https:\/\/cecilediy.com\/index.php\/boutique-cecile-diy\/"},{"@type":"ListItem","position":3,"name":"Armature soutien gorge 105"}]},{"@type":"WebSite","@id":"https:\/\/cecilediy.com\/#website","url":"https:\/\/cecilediy.com\/","name":"C\u00e9cile DIY","description":"DO IT YOURSELF","publisher":{"@id":"https:\/\/cecilediy.com\/#\/schema\/person\/1e9bf1431e848e6f3f72380013e1d9db"},"potentialAction":[{"@type":"SearchAction","target":{"@type":"EntryPoint","urlTemplate":"https:\/\/cecilediy.com\/?s={search_term_string}"},"query-input":{"@type":"PropertyValueSpecification","valueRequired":true,"valueName":"search_term_string"}}],"inLanguage":"fr-FR"},{"@type":["Person","Organization"],"@id":"https:\/\/cecilediy.com\/#\/schema\/person\/1e9bf1431e848e6f3f72380013e1d9db","name":"C\u00e9cile","image":{"@type":"ImageObject","inLanguage":"fr-FR","@id":"https:\/\/cecilediy.com\/#\/schema\/person\/image\/","url":"https:\/\/cecilediy.com\/wp-content\/uploads\/2022\/12\/Robe-Cassiopee-scaled.jpg","contentUrl":"https:\/\/cecilediy.com\/wp-content\/uploads\/2022\/12\/Robe-Cassiopee-scaled.jpg","width":1920,"height":2560,"caption":"C\u00e9cile"},"logo":{"@id":"https:\/\/cecilediy.com\/#\/schema\/person\/image\/"},"description":"Mod\u00e9liste, Content &amp; social media, Photographe","sameAs":["https:\/\/cecilediy.com","https:\/\/www.facebook.com\/cecileoff\/","https:\/\/www.instagram.com\/cecilediy\/","https:\/\/www.pinterest.fr\/ccilediy","https:\/\/www.youtube.com\/c\/cecilediy"]}]}},"_links":{"self":[{"href":"https:\/\/cecilediy.com\/index.php\/wp-json\/wp\/v2\/product\/7023","targetHints":{"allow":["GET"]}}],"collection":[{"href":"https:\/\/cecilediy.com\/index.php\/wp-json\/wp\/v2\/product"}],"about":[{"href":"https:\/\/cecilediy.com\/index.php\/wp-json\/wp\/v2\/types\/product"}],"replies":[{"embeddable":true,"href":"https:\/\/cecilediy.com\/index.php\/wp-json\/wp\/v2\/comments?post=7023"}],"wp:featuredmedia":[{"embeddable":true,"href":"https:\/\/cecilediy.com\/index.php\/wp-json\/wp\/v2\/media\/7105"}],"wp:attachment":[{"href":"https:\/\/cecilediy.com\/index.php\/wp-json\/wp\/v2\/media?parent=7023"}],"wp:term":[{"taxonomy":"product_brand","embeddable":true,"href":"https:\/\/cecilediy.com\/index.php\/wp-json\/wp\/v2\/product_brand?post=7023"},{"taxonomy":"product_cat","embeddable":true,"href":"https:\/\/cecilediy.com\/index.php\/wp-json\/wp\/v2\/product_cat?post=7023"},{"taxonomy":"product_tag","embeddable":true,"href":"https:\/\/cecilediy.com\/index.php\/wp-json\/wp\/v2\/product_tag?post=7023"}],"curies":[{"name":"wp","href":"https:\/\/api.w.org\/{rel}","templated":true}]}}