{"id":6382,"date":"2021-04-15T11:55:11","date_gmt":"2021-04-15T09:55:11","guid":{"rendered":"https:\/\/cecilediy.com\/?post_type=product&#038;p=6382"},"modified":"2025-12-12T17:06:06","modified_gmt":"2025-12-12T16:06:06","slug":"elastique-a-festons-coquelicot-6-mm","status":"publish","type":"product","link":"https:\/\/cecilediy.com\/index.php\/produit\/elastique-a-festons-coquelicot-6-mm\/","title":{"rendered":"\u00c9lastique \u00e0 festons coquelicot 6 mm"},"content":{"rendered":"<p>Caract\u00e9ristiques du produit :<\/p>\n<ul>\n<li><strong>Nom<\/strong> : \u00c9lastique \u00e0 festons lingerie<\/li>\n<li><strong>Couleur<\/strong> : Coquelicot<\/li>\n<li><strong>Usage<\/strong> : Lingerie, body, <a href=\"https:\/\/cecilediy.com\/index.php\/produit\/culotte-appoline\/\" target=\"_blank\" rel=\"noopener noreferrer\">Culotte Appoline<\/a>, <a href=\"https:\/\/cecilediy.com\/index.php\/2017\/09\/23\/patron-couture-gratuit-de-lingerie-faire-un-tanga-avec-cecile-diy\/\" target=\"_blank\" rel=\"noopener noreferrer\">Tanga C\u00e9cile<\/a>, <a href=\"https:\/\/cecilediy.com\/index.php\/2017\/10\/07\/patron-couture-gratuit-coudre-une-nuisette-avec-cecile-diy\/\" target=\"_blank\" rel=\"noopener noreferrer\">D\u00e9shabill\u00e9<\/a>, <a href=\"https:\/\/cecilediy.com\/index.php\/2019\/06\/08\/coudre-une-culotte-surprise\/\" target=\"_blank\" rel=\"noopener noreferrer\">Culotte surprise<\/a><\/li>\n<li><strong>Coupe<\/strong> : au m\u00e8tre<\/li>\n<li><strong>Largeur<\/strong> : 4 mm sans festons et 10 mm avec festons<\/li>\n<li><strong>Le petit \u00ab\u00a0+\u00a0\u00bb<\/strong> : Les tutos vid\u00e9o C\u00e9cile DIY pour apprendre \u00e0 <a href=\"https:\/\/www.youtube.com\/playlist?list=PLWXLOSHTIdT_crHTmnMVzPnYMvjngsy_k\" target=\"_blank\" rel=\"noopener noreferrer\">coudre sa lingerie<\/a><\/li>\n<\/ul>\n","protected":false},"excerpt":{"rendered":"<p>L&rsquo;\u00e9lastique \u00e0 festons coquelicot est un alli\u00e9 indispensable lorsque l&rsquo;on souhaite r\u00e9aliser sa propre lingerie.<\/p>\n<p>Il vous servira notamment \u00e0 r\u00e9aliser de belles finitions au niveau des cuisses et de la taille de vos culottes mais aussi \u00e0 r\u00e9aliser les finitions sur vos bodys, nuisettes, d\u00e9shabill\u00e9s, etc.<\/p>\n<p>La coupe s&rsquo;effectue au m\u00e8tre. Si vous s\u00e9lectionnez 3 unit\u00e9s, cela correspondra \u00e0 3 m\u00e8tres.<\/p>\n","protected":false},"featured_media":6383,"comment_status":"open","ping_status":"closed","template":"","meta":[],"product_brand":[],"product_cat":[975,944],"product_tag":[],"class_list":{"0":"post-6382","1":"product","2":"type-product","3":"status-publish","4":"has-post-thumbnail","6":"product_cat-elastiques-a-lingerie","7":"product_cat-mercerie-accessoires-lingerie","9":"first","10":"instock","11":"shipping-taxable","12":"purchasable","13":"product-type-simple"},"yoast_head":"<!-- This site is optimized with the Yoast SEO plugin v26.4 - https:\/\/yoast.com\/wordpress\/plugins\/seo\/ -->\n<title>Elastique \u00e0 festons lingerie coquelicot | Cecile DIY<\/title>\n<meta name=\"description\" content=\"L&#039;\u00e9lastique \u00e0 festons lingerie coquelicot est un indispensable pour coudre sa lingerie. D\u00e9couvrez d\u00e8s maintenant notre s\u00e9lection.\" \/>\n<meta name=\"robots\" content=\"index, follow, max-snippet:-1, max-image-preview:large, max-video-preview:-1\" \/>\n<link rel=\"canonical\" href=\"https:\/\/cecilediy.com\/index.php\/produit\/elastique-a-festons-coquelicot-6-mm\/\" \/>\n<meta property=\"og:locale\" content=\"fr_FR\" \/>\n<meta property=\"og:type\" content=\"article\" \/>\n<meta property=\"og:title\" content=\"Elastique \u00e0 festons lingerie coquelicot | Cecile DIY\" \/>\n<meta property=\"og:description\" content=\"L&#039;\u00e9lastique \u00e0 festons lingerie coquelicot est un indispensable pour coudre sa lingerie. D\u00e9couvrez d\u00e8s maintenant notre s\u00e9lection.\" \/>\n<meta property=\"og:url\" content=\"https:\/\/cecilediy.com\/index.php\/produit\/elastique-a-festons-coquelicot-6-mm\/\" \/>\n<meta property=\"og:site_name\" content=\"Cecile DIY\" \/>\n<meta property=\"article:publisher\" content=\"https:\/\/www.facebook.com\/cecileoff\/\" \/>\n<meta property=\"article:modified_time\" content=\"2025-12-12T16:06:06+00:00\" \/>\n<meta property=\"og:image\" content=\"https:\/\/cecilediy.com\/wp-content\/uploads\/2021\/04\/2021-04-13-14.11.43c-scaled.jpg\" \/>\n\t<meta property=\"og:image:width\" content=\"2560\" \/>\n\t<meta property=\"og:image:height\" content=\"2560\" \/>\n\t<meta property=\"og:image:type\" content=\"image\/jpeg\" \/>\n<meta name=\"twitter:card\" content=\"summary_large_image\" \/>\n<meta name=\"twitter:label1\" content=\"Dur\u00e9e de lecture estim\u00e9e\" \/>\n\t<meta name=\"twitter:data1\" content=\"1 minute\" \/>\n<script type=\"application\/ld+json\" class=\"yoast-schema-graph\">{\"@context\":\"https:\/\/schema.org\",\"@graph\":[{\"@type\":\"WebPage\",\"@id\":\"https:\/\/cecilediy.com\/index.php\/produit\/elastique-a-festons-coquelicot-6-mm\/\",\"url\":\"https:\/\/cecilediy.com\/index.php\/produit\/elastique-a-festons-coquelicot-6-mm\/\",\"name\":\"Elastique \u00e0 festons lingerie coquelicot | Cecile DIY\",\"isPartOf\":{\"@id\":\"https:\/\/cecilediy.com\/#website\"},\"primaryImageOfPage\":{\"@id\":\"https:\/\/cecilediy.com\/index.php\/produit\/elastique-a-festons-coquelicot-6-mm\/#primaryimage\"},\"image\":{\"@id\":\"https:\/\/cecilediy.com\/index.php\/produit\/elastique-a-festons-coquelicot-6-mm\/#primaryimage\"},\"thumbnailUrl\":\"https:\/\/cecilediy.com\/wp-content\/uploads\/2021\/04\/2021-04-13-14.11.43c-scaled.jpg\",\"datePublished\":\"2021-04-15T09:55:11+00:00\",\"dateModified\":\"2025-12-12T16:06:06+00:00\",\"description\":\"L'\u00e9lastique \u00e0 festons lingerie coquelicot est un indispensable pour coudre sa lingerie. D\u00e9couvrez d\u00e8s maintenant notre s\u00e9lection.\",\"breadcrumb\":{\"@id\":\"https:\/\/cecilediy.com\/index.php\/produit\/elastique-a-festons-coquelicot-6-mm\/#breadcrumb\"},\"inLanguage\":\"fr-FR\",\"potentialAction\":[{\"@type\":\"ReadAction\",\"target\":[\"https:\/\/cecilediy.com\/index.php\/produit\/elastique-a-festons-coquelicot-6-mm\/\"]}]},{\"@type\":\"ImageObject\",\"inLanguage\":\"fr-FR\",\"@id\":\"https:\/\/cecilediy.com\/index.php\/produit\/elastique-a-festons-coquelicot-6-mm\/#primaryimage\",\"url\":\"https:\/\/cecilediy.com\/wp-content\/uploads\/2021\/04\/2021-04-13-14.11.43c-scaled.jpg\",\"contentUrl\":\"https:\/\/cecilediy.com\/wp-content\/uploads\/2021\/04\/2021-04-13-14.11.43c-scaled.jpg\",\"width\":2560,\"height\":2560},{\"@type\":\"BreadcrumbList\",\"@id\":\"https:\/\/cecilediy.com\/index.php\/produit\/elastique-a-festons-coquelicot-6-mm\/#breadcrumb\",\"itemListElement\":[{\"@type\":\"ListItem\",\"position\":1,\"name\":\"Accueil\",\"item\":\"https:\/\/cecilediy.com\/\"},{\"@type\":\"ListItem\",\"position\":2,\"name\":\"Boutique\",\"item\":\"https:\/\/cecilediy.com\/index.php\/boutique-cecile-diy\/\"},{\"@type\":\"ListItem\",\"position\":3,\"name\":\"\u00c9lastique \u00e0 festons coquelicot 6 mm\"}]},{\"@type\":\"WebSite\",\"@id\":\"https:\/\/cecilediy.com\/#website\",\"url\":\"https:\/\/cecilediy.com\/\",\"name\":\"C\u00e9cile DIY\",\"description\":\"DO IT YOURSELF\",\"publisher\":{\"@id\":\"https:\/\/cecilediy.com\/#\/schema\/person\/1e9bf1431e848e6f3f72380013e1d9db\"},\"potentialAction\":[{\"@type\":\"SearchAction\",\"target\":{\"@type\":\"EntryPoint\",\"urlTemplate\":\"https:\/\/cecilediy.com\/?s={search_term_string}\"},\"query-input\":{\"@type\":\"PropertyValueSpecification\",\"valueRequired\":true,\"valueName\":\"search_term_string\"}}],\"inLanguage\":\"fr-FR\"},{\"@type\":[\"Person\",\"Organization\"],\"@id\":\"https:\/\/cecilediy.com\/#\/schema\/person\/1e9bf1431e848e6f3f72380013e1d9db\",\"name\":\"C\u00e9cile\",\"image\":{\"@type\":\"ImageObject\",\"inLanguage\":\"fr-FR\",\"@id\":\"https:\/\/cecilediy.com\/#\/schema\/person\/image\/\",\"url\":\"https:\/\/cecilediy.com\/wp-content\/uploads\/2022\/12\/Robe-Cassiopee-scaled.jpg\",\"contentUrl\":\"https:\/\/cecilediy.com\/wp-content\/uploads\/2022\/12\/Robe-Cassiopee-scaled.jpg\",\"width\":1920,\"height\":2560,\"caption\":\"C\u00e9cile\"},\"logo\":{\"@id\":\"https:\/\/cecilediy.com\/#\/schema\/person\/image\/\"},\"description\":\"Mod\u00e9liste, Content &amp; social media, Photographe\",\"sameAs\":[\"https:\/\/cecilediy.com\",\"https:\/\/www.facebook.com\/cecileoff\/\",\"https:\/\/www.instagram.com\/cecilediy\/\",\"https:\/\/www.pinterest.fr\/ccilediy\",\"https:\/\/www.youtube.com\/c\/cecilediy\"]}]}<\/script>\n<!-- \/ Yoast SEO plugin. -->","yoast_head_json":{"title":"Elastique \u00e0 festons lingerie coquelicot | Cecile DIY","description":"L'\u00e9lastique \u00e0 festons lingerie coquelicot est un indispensable pour coudre sa lingerie. D\u00e9couvrez d\u00e8s maintenant notre s\u00e9lection.","robots":{"index":"index","follow":"follow","max-snippet":"max-snippet:-1","max-image-preview":"max-image-preview:large","max-video-preview":"max-video-preview:-1"},"canonical":"https:\/\/cecilediy.com\/index.php\/produit\/elastique-a-festons-coquelicot-6-mm\/","og_locale":"fr_FR","og_type":"article","og_title":"Elastique \u00e0 festons lingerie coquelicot | Cecile DIY","og_description":"L'\u00e9lastique \u00e0 festons lingerie coquelicot est un indispensable pour coudre sa lingerie. D\u00e9couvrez d\u00e8s maintenant notre s\u00e9lection.","og_url":"https:\/\/cecilediy.com\/index.php\/produit\/elastique-a-festons-coquelicot-6-mm\/","og_site_name":"Cecile DIY","article_publisher":"https:\/\/www.facebook.com\/cecileoff\/","article_modified_time":"2025-12-12T16:06:06+00:00","og_image":[{"width":2560,"height":2560,"url":"https:\/\/cecilediy.com\/wp-content\/uploads\/2021\/04\/2021-04-13-14.11.43c-scaled.jpg","type":"image\/jpeg"}],"twitter_card":"summary_large_image","twitter_misc":{"Dur\u00e9e de lecture estim\u00e9e":"1 minute"},"schema":{"@context":"https:\/\/schema.org","@graph":[{"@type":"WebPage","@id":"https:\/\/cecilediy.com\/index.php\/produit\/elastique-a-festons-coquelicot-6-mm\/","url":"https:\/\/cecilediy.com\/index.php\/produit\/elastique-a-festons-coquelicot-6-mm\/","name":"Elastique \u00e0 festons lingerie coquelicot | Cecile DIY","isPartOf":{"@id":"https:\/\/cecilediy.com\/#website"},"primaryImageOfPage":{"@id":"https:\/\/cecilediy.com\/index.php\/produit\/elastique-a-festons-coquelicot-6-mm\/#primaryimage"},"image":{"@id":"https:\/\/cecilediy.com\/index.php\/produit\/elastique-a-festons-coquelicot-6-mm\/#primaryimage"},"thumbnailUrl":"https:\/\/cecilediy.com\/wp-content\/uploads\/2021\/04\/2021-04-13-14.11.43c-scaled.jpg","datePublished":"2021-04-15T09:55:11+00:00","dateModified":"2025-12-12T16:06:06+00:00","description":"L'\u00e9lastique \u00e0 festons lingerie coquelicot est un indispensable pour coudre sa lingerie. D\u00e9couvrez d\u00e8s maintenant notre s\u00e9lection.","breadcrumb":{"@id":"https:\/\/cecilediy.com\/index.php\/produit\/elastique-a-festons-coquelicot-6-mm\/#breadcrumb"},"inLanguage":"fr-FR","potentialAction":[{"@type":"ReadAction","target":["https:\/\/cecilediy.com\/index.php\/produit\/elastique-a-festons-coquelicot-6-mm\/"]}]},{"@type":"ImageObject","inLanguage":"fr-FR","@id":"https:\/\/cecilediy.com\/index.php\/produit\/elastique-a-festons-coquelicot-6-mm\/#primaryimage","url":"https:\/\/cecilediy.com\/wp-content\/uploads\/2021\/04\/2021-04-13-14.11.43c-scaled.jpg","contentUrl":"https:\/\/cecilediy.com\/wp-content\/uploads\/2021\/04\/2021-04-13-14.11.43c-scaled.jpg","width":2560,"height":2560},{"@type":"BreadcrumbList","@id":"https:\/\/cecilediy.com\/index.php\/produit\/elastique-a-festons-coquelicot-6-mm\/#breadcrumb","itemListElement":[{"@type":"ListItem","position":1,"name":"Accueil","item":"https:\/\/cecilediy.com\/"},{"@type":"ListItem","position":2,"name":"Boutique","item":"https:\/\/cecilediy.com\/index.php\/boutique-cecile-diy\/"},{"@type":"ListItem","position":3,"name":"\u00c9lastique \u00e0 festons coquelicot 6 mm"}]},{"@type":"WebSite","@id":"https:\/\/cecilediy.com\/#website","url":"https:\/\/cecilediy.com\/","name":"C\u00e9cile DIY","description":"DO IT YOURSELF","publisher":{"@id":"https:\/\/cecilediy.com\/#\/schema\/person\/1e9bf1431e848e6f3f72380013e1d9db"},"potentialAction":[{"@type":"SearchAction","target":{"@type":"EntryPoint","urlTemplate":"https:\/\/cecilediy.com\/?s={search_term_string}"},"query-input":{"@type":"PropertyValueSpecification","valueRequired":true,"valueName":"search_term_string"}}],"inLanguage":"fr-FR"},{"@type":["Person","Organization"],"@id":"https:\/\/cecilediy.com\/#\/schema\/person\/1e9bf1431e848e6f3f72380013e1d9db","name":"C\u00e9cile","image":{"@type":"ImageObject","inLanguage":"fr-FR","@id":"https:\/\/cecilediy.com\/#\/schema\/person\/image\/","url":"https:\/\/cecilediy.com\/wp-content\/uploads\/2022\/12\/Robe-Cassiopee-scaled.jpg","contentUrl":"https:\/\/cecilediy.com\/wp-content\/uploads\/2022\/12\/Robe-Cassiopee-scaled.jpg","width":1920,"height":2560,"caption":"C\u00e9cile"},"logo":{"@id":"https:\/\/cecilediy.com\/#\/schema\/person\/image\/"},"description":"Mod\u00e9liste, Content &amp; social media, Photographe","sameAs":["https:\/\/cecilediy.com","https:\/\/www.facebook.com\/cecileoff\/","https:\/\/www.instagram.com\/cecilediy\/","https:\/\/www.pinterest.fr\/ccilediy","https:\/\/www.youtube.com\/c\/cecilediy"]}]}},"_links":{"self":[{"href":"https:\/\/cecilediy.com\/index.php\/wp-json\/wp\/v2\/product\/6382","targetHints":{"allow":["GET"]}}],"collection":[{"href":"https:\/\/cecilediy.com\/index.php\/wp-json\/wp\/v2\/product"}],"about":[{"href":"https:\/\/cecilediy.com\/index.php\/wp-json\/wp\/v2\/types\/product"}],"replies":[{"embeddable":true,"href":"https:\/\/cecilediy.com\/index.php\/wp-json\/wp\/v2\/comments?post=6382"}],"wp:featuredmedia":[{"embeddable":true,"href":"https:\/\/cecilediy.com\/index.php\/wp-json\/wp\/v2\/media\/6383"}],"wp:attachment":[{"href":"https:\/\/cecilediy.com\/index.php\/wp-json\/wp\/v2\/media?parent=6382"}],"wp:term":[{"taxonomy":"product_brand","embeddable":true,"href":"https:\/\/cecilediy.com\/index.php\/wp-json\/wp\/v2\/product_brand?post=6382"},{"taxonomy":"product_cat","embeddable":true,"href":"https:\/\/cecilediy.com\/index.php\/wp-json\/wp\/v2\/product_cat?post=6382"},{"taxonomy":"product_tag","embeddable":true,"href":"https:\/\/cecilediy.com\/index.php\/wp-json\/wp\/v2\/product_tag?post=6382"}],"curies":[{"name":"wp","href":"https:\/\/api.w.org\/{rel}","templated":true}]}}