{"id":5911,"date":"2022-12-05T17:43:04","date_gmt":"2022-12-05T16:43:04","guid":{"rendered":"https:\/\/cecilediy.com\/?post_type=product&#038;p=5911"},"modified":"2025-06-03T20:54:32","modified_gmt":"2025-06-03T18:54:32","slug":"box-tanga-cecile-passion","status":"publish","type":"product","link":"https:\/\/cecilediy.com\/index.php\/produit\/box-tanga-cecile-passion\/","title":{"rendered":"Box tanga C\u00e9cile Passion"},"content":{"rendered":"<p>Caract\u00e9ristiques du produit :<\/p>\n<ul>\n<li><strong>Nom<\/strong> : Box tanga C\u00e9cile<\/li>\n<li><strong>Coloris<\/strong> : Passion<\/li>\n<li><b>Contenu <\/b>:\n<ul>\n<li>Patron pochette du 34 au 52<\/li>\n<li>Dentelle extensible pour la bande taille<\/li>\n<li>R\u00e9sille extensible pour le devant et le dos<\/li>\n<li>Ruban en satin<\/li>\n<li>Jersey de coton pour le devant<\/li>\n<li>\u00c9lastique \u00e0 lingerie<\/li>\n<li>Vid\u00e9os explicatives<\/li>\n<\/ul>\n<\/li>\n<li><strong>Niveau requis<\/strong> : Interm\u00e9diaire<\/li>\n<li><strong>Vente<\/strong> : \u00e0 l\u2019unit\u00e9, mat\u00e9riel permettant de r\u00e9aliser un tanga<\/li>\n<li><strong>R\u00e9f\u00e9rence<\/strong> : BOXCECPAS<\/li>\n<li><b>Le petit \u00ab\u00a0+\u00a0\u00bb<\/b>: Vous disposez de vid\u00e9os explicatives qui vous guideront pas \u00e0 pas.<\/li>\n<li><strong>Vid\u00e9os explicatives<\/strong>\u00a0: <a href=\"https:\/\/www.youtube.com\/watch?v=u2q3kKqYjZk&amp;t=606s\" target=\"_blank\" rel=\"noopener noreferrer\">Coudre un tanga C\u00e9cile<\/a>, <a href=\"https:\/\/www.youtube.com\/watch?v=MF4vhEuF2Sk\" target=\"_blank\" rel=\"noopener noreferrer\">Poser un \u00e9lastique \u00e0 lingerie<\/a>, <a href=\"https:\/\/www.youtube.com\/watch?v=f9ne1tqNZHU\" target=\"_blank\" rel=\"noopener noreferrer\">Coudre un n\u0153ud de lingerie <\/a><\/li>\n<\/ul>\n<p>&nbsp;<\/p>\n","protected":false},"excerpt":{"rendered":"<p>Ma Box Lingerie permet de r\u00e9aliser sa lingerie tout en \u00e9tant guid\u00e9 pas \u00e0 pas \u00e0 travers des explications vid\u00e9o. Elle existe sous diff\u00e9rents formats <a href=\"https:\/\/cecilediy.com\/index.php\/categorie-produit\/box-couture-cecile-diy\/\" target=\"_blank\" rel=\"noopener noreferrer\">kits, m\u00e9gakits, box et m\u00e9gabox<\/a> \u2728<\/p>\n<p>La box tanga C\u00e9cile coloris Passion est accessible aux niveaux interm\u00e9diaires en couture. Le devant du tanga peut \u00eatre r\u00e9alis\u00e9 en dentelle ou en r\u00e9sille extensible, et doubl\u00e9 de jersey de coton. Le mod\u00e8le expos\u00e9 est un mod\u00e8le dentelle.<\/p>\n<p>Cette box a \u00e9t\u00e9 compos\u00e9e avec le plus grand soin et comporte des produits de qualit\u00e9, notamment de la dentelle de Calais.<\/p>\n","protected":false},"featured_media":5900,"comment_status":"open","ping_status":"closed","template":"","meta":[],"product_brand":[],"product_cat":[1001,997,1034],"product_tag":[],"class_list":{"0":"post-5911","1":"product","2":"type-product","3":"status-publish","4":"has-post-thumbnail","6":"product_cat-box-couture","7":"product_cat-box-couture-cecile-diy","8":"product_cat-tanga","9":"product_shipping_class-box","11":"first","12":"outofstock","13":"shipping-taxable","14":"purchasable","15":"product-type-variable"},"yoast_head":"<!-- This site is optimized with the Yoast SEO plugin v26.4 - https:\/\/yoast.com\/wordpress\/plugins\/seo\/ -->\n<title>Box couture lingerie - Tout pour coudre le tanga C\u00e9cile Passion<\/title>\n<meta name=\"description\" content=\"D\u00e9couvrez notre s\u00e9lection de box couture lingerie et cousez le tanga C\u00e9cile Passion gr\u00e2ce au patron, aux fournitures et aux vid\u00e9os.\" \/>\n<meta name=\"robots\" content=\"index, follow, max-snippet:-1, max-image-preview:large, max-video-preview:-1\" \/>\n<link rel=\"canonical\" href=\"https:\/\/cecilediy.com\/index.php\/produit\/box-tanga-cecile-passion\/\" \/>\n<meta property=\"og:locale\" content=\"fr_FR\" \/>\n<meta property=\"og:type\" content=\"article\" \/>\n<meta property=\"og:title\" content=\"Box couture lingerie - Tout pour coudre le tanga C\u00e9cile Passion\" \/>\n<meta property=\"og:description\" content=\"D\u00e9couvrez notre s\u00e9lection de box couture lingerie et cousez le tanga C\u00e9cile Passion gr\u00e2ce au patron, aux fournitures et aux vid\u00e9os.\" \/>\n<meta property=\"og:url\" content=\"https:\/\/cecilediy.com\/index.php\/produit\/box-tanga-cecile-passion\/\" \/>\n<meta property=\"og:site_name\" content=\"Cecile DIY\" \/>\n<meta property=\"article:publisher\" content=\"https:\/\/www.facebook.com\/cecileoff\/\" \/>\n<meta property=\"article:modified_time\" content=\"2025-06-03T18:54:32+00:00\" \/>\n<meta property=\"og:image\" content=\"https:\/\/cecilediy.com\/wp-content\/uploads\/2021\/04\/Box-tanga-Cecile-Coquelicot-2-scaled.jpg\" \/>\n\t<meta property=\"og:image:width\" content=\"1920\" \/>\n\t<meta property=\"og:image:height\" content=\"2560\" \/>\n\t<meta property=\"og:image:type\" content=\"image\/jpeg\" \/>\n<meta name=\"twitter:card\" content=\"summary_large_image\" \/>\n<meta name=\"twitter:label1\" content=\"Dur\u00e9e de lecture estim\u00e9e\" \/>\n\t<meta name=\"twitter:data1\" content=\"1 minute\" \/>\n<script type=\"application\/ld+json\" class=\"yoast-schema-graph\">{\"@context\":\"https:\/\/schema.org\",\"@graph\":[{\"@type\":\"WebPage\",\"@id\":\"https:\/\/cecilediy.com\/index.php\/produit\/box-tanga-cecile-passion\/\",\"url\":\"https:\/\/cecilediy.com\/index.php\/produit\/box-tanga-cecile-passion\/\",\"name\":\"Box couture lingerie - Tout pour coudre le tanga C\u00e9cile Passion\",\"isPartOf\":{\"@id\":\"https:\/\/cecilediy.com\/#website\"},\"primaryImageOfPage\":{\"@id\":\"https:\/\/cecilediy.com\/index.php\/produit\/box-tanga-cecile-passion\/#primaryimage\"},\"image\":{\"@id\":\"https:\/\/cecilediy.com\/index.php\/produit\/box-tanga-cecile-passion\/#primaryimage\"},\"thumbnailUrl\":\"https:\/\/cecilediy.com\/wp-content\/uploads\/2021\/04\/Box-tanga-Cecile-Coquelicot-2-scaled.jpg\",\"datePublished\":\"2022-12-05T16:43:04+00:00\",\"dateModified\":\"2025-06-03T18:54:32+00:00\",\"description\":\"D\u00e9couvrez notre s\u00e9lection de box couture lingerie et cousez le tanga C\u00e9cile Passion gr\u00e2ce au patron, aux fournitures et aux vid\u00e9os.\",\"breadcrumb\":{\"@id\":\"https:\/\/cecilediy.com\/index.php\/produit\/box-tanga-cecile-passion\/#breadcrumb\"},\"inLanguage\":\"fr-FR\",\"potentialAction\":[{\"@type\":\"ReadAction\",\"target\":[\"https:\/\/cecilediy.com\/index.php\/produit\/box-tanga-cecile-passion\/\"]}]},{\"@type\":\"ImageObject\",\"inLanguage\":\"fr-FR\",\"@id\":\"https:\/\/cecilediy.com\/index.php\/produit\/box-tanga-cecile-passion\/#primaryimage\",\"url\":\"https:\/\/cecilediy.com\/wp-content\/uploads\/2021\/04\/Box-tanga-Cecile-Coquelicot-2-scaled.jpg\",\"contentUrl\":\"https:\/\/cecilediy.com\/wp-content\/uploads\/2021\/04\/Box-tanga-Cecile-Coquelicot-2-scaled.jpg\",\"width\":1920,\"height\":2560},{\"@type\":\"BreadcrumbList\",\"@id\":\"https:\/\/cecilediy.com\/index.php\/produit\/box-tanga-cecile-passion\/#breadcrumb\",\"itemListElement\":[{\"@type\":\"ListItem\",\"position\":1,\"name\":\"Accueil\",\"item\":\"https:\/\/cecilediy.com\/\"},{\"@type\":\"ListItem\",\"position\":2,\"name\":\"Boutique\",\"item\":\"https:\/\/cecilediy.com\/index.php\/boutique-cecile-diy\/\"},{\"@type\":\"ListItem\",\"position\":3,\"name\":\"Box tanga C\u00e9cile Passion\"}]},{\"@type\":\"WebSite\",\"@id\":\"https:\/\/cecilediy.com\/#website\",\"url\":\"https:\/\/cecilediy.com\/\",\"name\":\"C\u00e9cile DIY\",\"description\":\"DO IT YOURSELF\",\"publisher\":{\"@id\":\"https:\/\/cecilediy.com\/#\/schema\/person\/1e9bf1431e848e6f3f72380013e1d9db\"},\"potentialAction\":[{\"@type\":\"SearchAction\",\"target\":{\"@type\":\"EntryPoint\",\"urlTemplate\":\"https:\/\/cecilediy.com\/?s={search_term_string}\"},\"query-input\":{\"@type\":\"PropertyValueSpecification\",\"valueRequired\":true,\"valueName\":\"search_term_string\"}}],\"inLanguage\":\"fr-FR\"},{\"@type\":[\"Person\",\"Organization\"],\"@id\":\"https:\/\/cecilediy.com\/#\/schema\/person\/1e9bf1431e848e6f3f72380013e1d9db\",\"name\":\"C\u00e9cile\",\"image\":{\"@type\":\"ImageObject\",\"inLanguage\":\"fr-FR\",\"@id\":\"https:\/\/cecilediy.com\/#\/schema\/person\/image\/\",\"url\":\"https:\/\/cecilediy.com\/wp-content\/uploads\/2022\/12\/Robe-Cassiopee-scaled.jpg\",\"contentUrl\":\"https:\/\/cecilediy.com\/wp-content\/uploads\/2022\/12\/Robe-Cassiopee-scaled.jpg\",\"width\":1920,\"height\":2560,\"caption\":\"C\u00e9cile\"},\"logo\":{\"@id\":\"https:\/\/cecilediy.com\/#\/schema\/person\/image\/\"},\"description\":\"Mod\u00e9liste, Content &amp; social media, Photographe\",\"sameAs\":[\"https:\/\/cecilediy.com\",\"https:\/\/www.facebook.com\/cecileoff\/\",\"https:\/\/www.instagram.com\/cecilediy\/\",\"https:\/\/www.pinterest.fr\/ccilediy\",\"https:\/\/www.youtube.com\/c\/cecilediy\"]}]}<\/script>\n<!-- \/ Yoast SEO plugin. -->","yoast_head_json":{"title":"Box couture lingerie - Tout pour coudre le tanga C\u00e9cile Passion","description":"D\u00e9couvrez notre s\u00e9lection de box couture lingerie et cousez le tanga C\u00e9cile Passion gr\u00e2ce au patron, aux fournitures et aux vid\u00e9os.","robots":{"index":"index","follow":"follow","max-snippet":"max-snippet:-1","max-image-preview":"max-image-preview:large","max-video-preview":"max-video-preview:-1"},"canonical":"https:\/\/cecilediy.com\/index.php\/produit\/box-tanga-cecile-passion\/","og_locale":"fr_FR","og_type":"article","og_title":"Box couture lingerie - Tout pour coudre le tanga C\u00e9cile Passion","og_description":"D\u00e9couvrez notre s\u00e9lection de box couture lingerie et cousez le tanga C\u00e9cile Passion gr\u00e2ce au patron, aux fournitures et aux vid\u00e9os.","og_url":"https:\/\/cecilediy.com\/index.php\/produit\/box-tanga-cecile-passion\/","og_site_name":"Cecile DIY","article_publisher":"https:\/\/www.facebook.com\/cecileoff\/","article_modified_time":"2025-06-03T18:54:32+00:00","og_image":[{"width":1920,"height":2560,"url":"https:\/\/cecilediy.com\/wp-content\/uploads\/2021\/04\/Box-tanga-Cecile-Coquelicot-2-scaled.jpg","type":"image\/jpeg"}],"twitter_card":"summary_large_image","twitter_misc":{"Dur\u00e9e de lecture estim\u00e9e":"1 minute"},"schema":{"@context":"https:\/\/schema.org","@graph":[{"@type":"WebPage","@id":"https:\/\/cecilediy.com\/index.php\/produit\/box-tanga-cecile-passion\/","url":"https:\/\/cecilediy.com\/index.php\/produit\/box-tanga-cecile-passion\/","name":"Box couture lingerie - Tout pour coudre le tanga C\u00e9cile Passion","isPartOf":{"@id":"https:\/\/cecilediy.com\/#website"},"primaryImageOfPage":{"@id":"https:\/\/cecilediy.com\/index.php\/produit\/box-tanga-cecile-passion\/#primaryimage"},"image":{"@id":"https:\/\/cecilediy.com\/index.php\/produit\/box-tanga-cecile-passion\/#primaryimage"},"thumbnailUrl":"https:\/\/cecilediy.com\/wp-content\/uploads\/2021\/04\/Box-tanga-Cecile-Coquelicot-2-scaled.jpg","datePublished":"2022-12-05T16:43:04+00:00","dateModified":"2025-06-03T18:54:32+00:00","description":"D\u00e9couvrez notre s\u00e9lection de box couture lingerie et cousez le tanga C\u00e9cile Passion gr\u00e2ce au patron, aux fournitures et aux vid\u00e9os.","breadcrumb":{"@id":"https:\/\/cecilediy.com\/index.php\/produit\/box-tanga-cecile-passion\/#breadcrumb"},"inLanguage":"fr-FR","potentialAction":[{"@type":"ReadAction","target":["https:\/\/cecilediy.com\/index.php\/produit\/box-tanga-cecile-passion\/"]}]},{"@type":"ImageObject","inLanguage":"fr-FR","@id":"https:\/\/cecilediy.com\/index.php\/produit\/box-tanga-cecile-passion\/#primaryimage","url":"https:\/\/cecilediy.com\/wp-content\/uploads\/2021\/04\/Box-tanga-Cecile-Coquelicot-2-scaled.jpg","contentUrl":"https:\/\/cecilediy.com\/wp-content\/uploads\/2021\/04\/Box-tanga-Cecile-Coquelicot-2-scaled.jpg","width":1920,"height":2560},{"@type":"BreadcrumbList","@id":"https:\/\/cecilediy.com\/index.php\/produit\/box-tanga-cecile-passion\/#breadcrumb","itemListElement":[{"@type":"ListItem","position":1,"name":"Accueil","item":"https:\/\/cecilediy.com\/"},{"@type":"ListItem","position":2,"name":"Boutique","item":"https:\/\/cecilediy.com\/index.php\/boutique-cecile-diy\/"},{"@type":"ListItem","position":3,"name":"Box tanga C\u00e9cile Passion"}]},{"@type":"WebSite","@id":"https:\/\/cecilediy.com\/#website","url":"https:\/\/cecilediy.com\/","name":"C\u00e9cile DIY","description":"DO IT YOURSELF","publisher":{"@id":"https:\/\/cecilediy.com\/#\/schema\/person\/1e9bf1431e848e6f3f72380013e1d9db"},"potentialAction":[{"@type":"SearchAction","target":{"@type":"EntryPoint","urlTemplate":"https:\/\/cecilediy.com\/?s={search_term_string}"},"query-input":{"@type":"PropertyValueSpecification","valueRequired":true,"valueName":"search_term_string"}}],"inLanguage":"fr-FR"},{"@type":["Person","Organization"],"@id":"https:\/\/cecilediy.com\/#\/schema\/person\/1e9bf1431e848e6f3f72380013e1d9db","name":"C\u00e9cile","image":{"@type":"ImageObject","inLanguage":"fr-FR","@id":"https:\/\/cecilediy.com\/#\/schema\/person\/image\/","url":"https:\/\/cecilediy.com\/wp-content\/uploads\/2022\/12\/Robe-Cassiopee-scaled.jpg","contentUrl":"https:\/\/cecilediy.com\/wp-content\/uploads\/2022\/12\/Robe-Cassiopee-scaled.jpg","width":1920,"height":2560,"caption":"C\u00e9cile"},"logo":{"@id":"https:\/\/cecilediy.com\/#\/schema\/person\/image\/"},"description":"Mod\u00e9liste, Content &amp; social media, Photographe","sameAs":["https:\/\/cecilediy.com","https:\/\/www.facebook.com\/cecileoff\/","https:\/\/www.instagram.com\/cecilediy\/","https:\/\/www.pinterest.fr\/ccilediy","https:\/\/www.youtube.com\/c\/cecilediy"]}]}},"_links":{"self":[{"href":"https:\/\/cecilediy.com\/index.php\/wp-json\/wp\/v2\/product\/5911","targetHints":{"allow":["GET"]}}],"collection":[{"href":"https:\/\/cecilediy.com\/index.php\/wp-json\/wp\/v2\/product"}],"about":[{"href":"https:\/\/cecilediy.com\/index.php\/wp-json\/wp\/v2\/types\/product"}],"replies":[{"embeddable":true,"href":"https:\/\/cecilediy.com\/index.php\/wp-json\/wp\/v2\/comments?post=5911"}],"wp:featuredmedia":[{"embeddable":true,"href":"https:\/\/cecilediy.com\/index.php\/wp-json\/wp\/v2\/media\/5900"}],"wp:attachment":[{"href":"https:\/\/cecilediy.com\/index.php\/wp-json\/wp\/v2\/media?parent=5911"}],"wp:term":[{"taxonomy":"product_brand","embeddable":true,"href":"https:\/\/cecilediy.com\/index.php\/wp-json\/wp\/v2\/product_brand?post=5911"},{"taxonomy":"product_cat","embeddable":true,"href":"https:\/\/cecilediy.com\/index.php\/wp-json\/wp\/v2\/product_cat?post=5911"},{"taxonomy":"product_tag","embeddable":true,"href":"https:\/\/cecilediy.com\/index.php\/wp-json\/wp\/v2\/product_tag?post=5911"}],"curies":[{"name":"wp","href":"https:\/\/api.w.org\/{rel}","templated":true}]}}