{"id":5329,"date":"2021-01-27T17:35:15","date_gmt":"2021-01-27T16:35:15","guid":{"rendered":"https:\/\/cecilediy.com\/?post_type=product&#038;p=5329"},"modified":"2025-12-12T17:06:06","modified_gmt":"2025-12-12T16:06:06","slug":"agrafe-soutien-gorge-blanche-37-mm","status":"publish","type":"product","link":"https:\/\/cecilediy.com\/index.php\/produit\/agrafe-soutien-gorge-blanche-37-mm\/","title":{"rendered":"Agrafe soutien-gorge blanche 37 mm"},"content":{"rendered":"<p>Caract\u00e9ristiques du produit :<\/p>\n<ul>\n<li><strong>Nom<\/strong> : Agrafe soutien-gorge<\/li>\n<li><strong>Couleur<\/strong> : Blanc<\/li>\n<li><strong>Usage<\/strong> : Lingerie, Corsetterie, confection de soutiens-gorge<\/li>\n<li><b>Vente <\/b>: \u00e0 l&rsquo;unit\u00e9 (1 agrafe + 1\u00a0 crochet)<\/li>\n<li><strong>Largeur<\/strong> : 59 mm<\/li>\n<li><strong>Hauteur<\/strong> : 37 mm<\/li>\n<li><b>Composition mati\u00e8re<\/b> : Synth\u00e9tique<\/li>\n<\/ul>\n","protected":false},"excerpt":{"rendered":"<p>L&rsquo;agrafe de soutien-gorge blanche est un indispensable en corsetterie et lingerie. Vous pourrez l&rsquo;utiliser pour vos soutiens-gorge mais aussi pour certaines pi\u00e8ces de lingerie telles que les nuisettes et caracos.<\/p>\n<p>La vente est \u00e0 l&rsquo;unit\u00e9. Une unit\u00e9 correspond \u00e0 une agrafe et un crochet.<\/p>\n","protected":false},"featured_media":5807,"comment_status":"open","ping_status":"closed","template":"","meta":[],"product_brand":[],"product_cat":[1029,944],"product_tag":[],"class_list":{"0":"post-5329","1":"product","2":"type-product","3":"status-publish","4":"has-post-thumbnail","6":"product_cat-agrafes","7":"product_cat-mercerie-accessoires-lingerie","9":"first","10":"instock","11":"shipping-taxable","12":"purchasable","13":"product-type-simple"},"yoast_head":"<!-- This site is optimized with the Yoast SEO plugin v26.4 - https:\/\/yoast.com\/wordpress\/plugins\/seo\/ -->\n<title>Agrafe soutien-gorge blanche pour coudre sa lingerie | Cecile DIY<\/title>\n<meta name=\"description\" content=\"L&#039;agrafe de soutien-gorge blanche est un indispensable pour coudre sa lingerie. D\u00e9couvrez d\u00e8s maintenant notre s\u00e9lection.\" \/>\n<meta name=\"robots\" content=\"index, follow, max-snippet:-1, max-image-preview:large, max-video-preview:-1\" \/>\n<link rel=\"canonical\" href=\"https:\/\/cecilediy.com\/index.php\/produit\/agrafe-soutien-gorge-blanche-37-mm\/\" \/>\n<meta property=\"og:locale\" content=\"fr_FR\" \/>\n<meta property=\"og:type\" content=\"article\" \/>\n<meta property=\"og:title\" content=\"Agrafe soutien-gorge blanche pour coudre sa lingerie | Cecile DIY\" \/>\n<meta property=\"og:description\" content=\"L&#039;agrafe de soutien-gorge blanche est un indispensable pour coudre sa lingerie. D\u00e9couvrez d\u00e8s maintenant notre s\u00e9lection.\" \/>\n<meta property=\"og:url\" content=\"https:\/\/cecilediy.com\/index.php\/produit\/agrafe-soutien-gorge-blanche-37-mm\/\" \/>\n<meta property=\"og:site_name\" content=\"Cecile DIY\" \/>\n<meta property=\"article:publisher\" content=\"https:\/\/www.facebook.com\/cecileoff\/\" \/>\n<meta property=\"article:modified_time\" content=\"2025-12-12T16:06:06+00:00\" \/>\n<meta property=\"og:image\" content=\"https:\/\/cecilediy.com\/wp-content\/uploads\/2021\/03\/ATT2SGF0001.jpg\" \/>\n\t<meta property=\"og:image:width\" content=\"2000\" \/>\n\t<meta property=\"og:image:height\" content=\"2000\" \/>\n\t<meta property=\"og:image:type\" content=\"image\/jpeg\" \/>\n<meta name=\"twitter:card\" content=\"summary_large_image\" \/>\n<meta name=\"twitter:label1\" content=\"Dur\u00e9e de lecture estim\u00e9e\" \/>\n\t<meta name=\"twitter:data1\" content=\"1 minute\" \/>\n<script type=\"application\/ld+json\" class=\"yoast-schema-graph\">{\"@context\":\"https:\/\/schema.org\",\"@graph\":[{\"@type\":\"WebPage\",\"@id\":\"https:\/\/cecilediy.com\/index.php\/produit\/agrafe-soutien-gorge-blanche-37-mm\/\",\"url\":\"https:\/\/cecilediy.com\/index.php\/produit\/agrafe-soutien-gorge-blanche-37-mm\/\",\"name\":\"Agrafe soutien-gorge blanche pour coudre sa lingerie | Cecile DIY\",\"isPartOf\":{\"@id\":\"https:\/\/cecilediy.com\/#website\"},\"primaryImageOfPage\":{\"@id\":\"https:\/\/cecilediy.com\/index.php\/produit\/agrafe-soutien-gorge-blanche-37-mm\/#primaryimage\"},\"image\":{\"@id\":\"https:\/\/cecilediy.com\/index.php\/produit\/agrafe-soutien-gorge-blanche-37-mm\/#primaryimage\"},\"thumbnailUrl\":\"https:\/\/cecilediy.com\/wp-content\/uploads\/2021\/03\/ATT2SGF0001.jpg\",\"datePublished\":\"2021-01-27T16:35:15+00:00\",\"dateModified\":\"2025-12-12T16:06:06+00:00\",\"description\":\"L'agrafe de soutien-gorge blanche est un indispensable pour coudre sa lingerie. D\u00e9couvrez d\u00e8s maintenant notre s\u00e9lection.\",\"breadcrumb\":{\"@id\":\"https:\/\/cecilediy.com\/index.php\/produit\/agrafe-soutien-gorge-blanche-37-mm\/#breadcrumb\"},\"inLanguage\":\"fr-FR\",\"potentialAction\":[{\"@type\":\"ReadAction\",\"target\":[\"https:\/\/cecilediy.com\/index.php\/produit\/agrafe-soutien-gorge-blanche-37-mm\/\"]}]},{\"@type\":\"ImageObject\",\"inLanguage\":\"fr-FR\",\"@id\":\"https:\/\/cecilediy.com\/index.php\/produit\/agrafe-soutien-gorge-blanche-37-mm\/#primaryimage\",\"url\":\"https:\/\/cecilediy.com\/wp-content\/uploads\/2021\/03\/ATT2SGF0001.jpg\",\"contentUrl\":\"https:\/\/cecilediy.com\/wp-content\/uploads\/2021\/03\/ATT2SGF0001.jpg\",\"width\":2000,\"height\":2000},{\"@type\":\"BreadcrumbList\",\"@id\":\"https:\/\/cecilediy.com\/index.php\/produit\/agrafe-soutien-gorge-blanche-37-mm\/#breadcrumb\",\"itemListElement\":[{\"@type\":\"ListItem\",\"position\":1,\"name\":\"Accueil\",\"item\":\"https:\/\/cecilediy.com\/\"},{\"@type\":\"ListItem\",\"position\":2,\"name\":\"Boutique\",\"item\":\"https:\/\/cecilediy.com\/index.php\/boutique-cecile-diy\/\"},{\"@type\":\"ListItem\",\"position\":3,\"name\":\"Agrafe soutien-gorge blanche 37 mm\"}]},{\"@type\":\"WebSite\",\"@id\":\"https:\/\/cecilediy.com\/#website\",\"url\":\"https:\/\/cecilediy.com\/\",\"name\":\"C\u00e9cile DIY\",\"description\":\"DO IT YOURSELF\",\"publisher\":{\"@id\":\"https:\/\/cecilediy.com\/#\/schema\/person\/1e9bf1431e848e6f3f72380013e1d9db\"},\"potentialAction\":[{\"@type\":\"SearchAction\",\"target\":{\"@type\":\"EntryPoint\",\"urlTemplate\":\"https:\/\/cecilediy.com\/?s={search_term_string}\"},\"query-input\":{\"@type\":\"PropertyValueSpecification\",\"valueRequired\":true,\"valueName\":\"search_term_string\"}}],\"inLanguage\":\"fr-FR\"},{\"@type\":[\"Person\",\"Organization\"],\"@id\":\"https:\/\/cecilediy.com\/#\/schema\/person\/1e9bf1431e848e6f3f72380013e1d9db\",\"name\":\"C\u00e9cile\",\"image\":{\"@type\":\"ImageObject\",\"inLanguage\":\"fr-FR\",\"@id\":\"https:\/\/cecilediy.com\/#\/schema\/person\/image\/\",\"url\":\"https:\/\/cecilediy.com\/wp-content\/uploads\/2022\/12\/Robe-Cassiopee-scaled.jpg\",\"contentUrl\":\"https:\/\/cecilediy.com\/wp-content\/uploads\/2022\/12\/Robe-Cassiopee-scaled.jpg\",\"width\":1920,\"height\":2560,\"caption\":\"C\u00e9cile\"},\"logo\":{\"@id\":\"https:\/\/cecilediy.com\/#\/schema\/person\/image\/\"},\"description\":\"Mod\u00e9liste, Content &amp; social media, Photographe\",\"sameAs\":[\"https:\/\/cecilediy.com\",\"https:\/\/www.facebook.com\/cecileoff\/\",\"https:\/\/www.instagram.com\/cecilediy\/\",\"https:\/\/www.pinterest.fr\/ccilediy\",\"https:\/\/www.youtube.com\/c\/cecilediy\"]}]}<\/script>\n<!-- \/ Yoast SEO plugin. -->","yoast_head_json":{"title":"Agrafe soutien-gorge blanche pour coudre sa lingerie | Cecile DIY","description":"L'agrafe de soutien-gorge blanche est un indispensable pour coudre sa lingerie. D\u00e9couvrez d\u00e8s maintenant notre s\u00e9lection.","robots":{"index":"index","follow":"follow","max-snippet":"max-snippet:-1","max-image-preview":"max-image-preview:large","max-video-preview":"max-video-preview:-1"},"canonical":"https:\/\/cecilediy.com\/index.php\/produit\/agrafe-soutien-gorge-blanche-37-mm\/","og_locale":"fr_FR","og_type":"article","og_title":"Agrafe soutien-gorge blanche pour coudre sa lingerie | Cecile DIY","og_description":"L'agrafe de soutien-gorge blanche est un indispensable pour coudre sa lingerie. D\u00e9couvrez d\u00e8s maintenant notre s\u00e9lection.","og_url":"https:\/\/cecilediy.com\/index.php\/produit\/agrafe-soutien-gorge-blanche-37-mm\/","og_site_name":"Cecile DIY","article_publisher":"https:\/\/www.facebook.com\/cecileoff\/","article_modified_time":"2025-12-12T16:06:06+00:00","og_image":[{"width":2000,"height":2000,"url":"https:\/\/cecilediy.com\/wp-content\/uploads\/2021\/03\/ATT2SGF0001.jpg","type":"image\/jpeg"}],"twitter_card":"summary_large_image","twitter_misc":{"Dur\u00e9e de lecture estim\u00e9e":"1 minute"},"schema":{"@context":"https:\/\/schema.org","@graph":[{"@type":"WebPage","@id":"https:\/\/cecilediy.com\/index.php\/produit\/agrafe-soutien-gorge-blanche-37-mm\/","url":"https:\/\/cecilediy.com\/index.php\/produit\/agrafe-soutien-gorge-blanche-37-mm\/","name":"Agrafe soutien-gorge blanche pour coudre sa lingerie | Cecile DIY","isPartOf":{"@id":"https:\/\/cecilediy.com\/#website"},"primaryImageOfPage":{"@id":"https:\/\/cecilediy.com\/index.php\/produit\/agrafe-soutien-gorge-blanche-37-mm\/#primaryimage"},"image":{"@id":"https:\/\/cecilediy.com\/index.php\/produit\/agrafe-soutien-gorge-blanche-37-mm\/#primaryimage"},"thumbnailUrl":"https:\/\/cecilediy.com\/wp-content\/uploads\/2021\/03\/ATT2SGF0001.jpg","datePublished":"2021-01-27T16:35:15+00:00","dateModified":"2025-12-12T16:06:06+00:00","description":"L'agrafe de soutien-gorge blanche est un indispensable pour coudre sa lingerie. D\u00e9couvrez d\u00e8s maintenant notre s\u00e9lection.","breadcrumb":{"@id":"https:\/\/cecilediy.com\/index.php\/produit\/agrafe-soutien-gorge-blanche-37-mm\/#breadcrumb"},"inLanguage":"fr-FR","potentialAction":[{"@type":"ReadAction","target":["https:\/\/cecilediy.com\/index.php\/produit\/agrafe-soutien-gorge-blanche-37-mm\/"]}]},{"@type":"ImageObject","inLanguage":"fr-FR","@id":"https:\/\/cecilediy.com\/index.php\/produit\/agrafe-soutien-gorge-blanche-37-mm\/#primaryimage","url":"https:\/\/cecilediy.com\/wp-content\/uploads\/2021\/03\/ATT2SGF0001.jpg","contentUrl":"https:\/\/cecilediy.com\/wp-content\/uploads\/2021\/03\/ATT2SGF0001.jpg","width":2000,"height":2000},{"@type":"BreadcrumbList","@id":"https:\/\/cecilediy.com\/index.php\/produit\/agrafe-soutien-gorge-blanche-37-mm\/#breadcrumb","itemListElement":[{"@type":"ListItem","position":1,"name":"Accueil","item":"https:\/\/cecilediy.com\/"},{"@type":"ListItem","position":2,"name":"Boutique","item":"https:\/\/cecilediy.com\/index.php\/boutique-cecile-diy\/"},{"@type":"ListItem","position":3,"name":"Agrafe soutien-gorge blanche 37 mm"}]},{"@type":"WebSite","@id":"https:\/\/cecilediy.com\/#website","url":"https:\/\/cecilediy.com\/","name":"C\u00e9cile DIY","description":"DO IT YOURSELF","publisher":{"@id":"https:\/\/cecilediy.com\/#\/schema\/person\/1e9bf1431e848e6f3f72380013e1d9db"},"potentialAction":[{"@type":"SearchAction","target":{"@type":"EntryPoint","urlTemplate":"https:\/\/cecilediy.com\/?s={search_term_string}"},"query-input":{"@type":"PropertyValueSpecification","valueRequired":true,"valueName":"search_term_string"}}],"inLanguage":"fr-FR"},{"@type":["Person","Organization"],"@id":"https:\/\/cecilediy.com\/#\/schema\/person\/1e9bf1431e848e6f3f72380013e1d9db","name":"C\u00e9cile","image":{"@type":"ImageObject","inLanguage":"fr-FR","@id":"https:\/\/cecilediy.com\/#\/schema\/person\/image\/","url":"https:\/\/cecilediy.com\/wp-content\/uploads\/2022\/12\/Robe-Cassiopee-scaled.jpg","contentUrl":"https:\/\/cecilediy.com\/wp-content\/uploads\/2022\/12\/Robe-Cassiopee-scaled.jpg","width":1920,"height":2560,"caption":"C\u00e9cile"},"logo":{"@id":"https:\/\/cecilediy.com\/#\/schema\/person\/image\/"},"description":"Mod\u00e9liste, Content &amp; social media, Photographe","sameAs":["https:\/\/cecilediy.com","https:\/\/www.facebook.com\/cecileoff\/","https:\/\/www.instagram.com\/cecilediy\/","https:\/\/www.pinterest.fr\/ccilediy","https:\/\/www.youtube.com\/c\/cecilediy"]}]}},"_links":{"self":[{"href":"https:\/\/cecilediy.com\/index.php\/wp-json\/wp\/v2\/product\/5329","targetHints":{"allow":["GET"]}}],"collection":[{"href":"https:\/\/cecilediy.com\/index.php\/wp-json\/wp\/v2\/product"}],"about":[{"href":"https:\/\/cecilediy.com\/index.php\/wp-json\/wp\/v2\/types\/product"}],"replies":[{"embeddable":true,"href":"https:\/\/cecilediy.com\/index.php\/wp-json\/wp\/v2\/comments?post=5329"}],"wp:featuredmedia":[{"embeddable":true,"href":"https:\/\/cecilediy.com\/index.php\/wp-json\/wp\/v2\/media\/5807"}],"wp:attachment":[{"href":"https:\/\/cecilediy.com\/index.php\/wp-json\/wp\/v2\/media?parent=5329"}],"wp:term":[{"taxonomy":"product_brand","embeddable":true,"href":"https:\/\/cecilediy.com\/index.php\/wp-json\/wp\/v2\/product_brand?post=5329"},{"taxonomy":"product_cat","embeddable":true,"href":"https:\/\/cecilediy.com\/index.php\/wp-json\/wp\/v2\/product_cat?post=5329"},{"taxonomy":"product_tag","embeddable":true,"href":"https:\/\/cecilediy.com\/index.php\/wp-json\/wp\/v2\/product_tag?post=5329"}],"curies":[{"name":"wp","href":"https:\/\/api.w.org\/{rel}","templated":true}]}}