{"id":4120,"date":"2020-11-11T19:19:16","date_gmt":"2020-11-11T18:19:16","guid":{"rendered":"https:\/\/cecilediy.com\/?post_type=product&#038;p=4120"},"modified":"2025-05-01T09:53:32","modified_gmt":"2025-05-01T07:53:32","slug":"culotte-appoline-34-52","status":"publish","type":"product","link":"https:\/\/cecilediy.com\/index.php\/produit\/culotte-appoline-34-52\/","title":{"rendered":"Culotte Appoline (34-52)"},"content":{"rendered":"<p>Caract\u00e9ristiques du produit :<\/p>\n<ul>\n<li><strong>Nom<\/strong> : Patron pochette de la culotte Appoline<\/li>\n<li><strong>Taille<\/strong>\u00a0: 34-52<\/li>\n<li><b>Usage <\/b>: \u00a0Coudre sa lingerie<\/li>\n<li><b>Contenu\u00a0<\/b>: patron, tableau de mesures, liste de fournitures et d\u00e9tails dimensions, plan de coupe<\/li>\n<li><strong>Vente<\/strong> : \u00e0 l\u2019unit\u00e9<\/li>\n<li><strong>R\u00e9f\u00e9rence<\/strong> : PATCULAPP<\/li>\n<li><b>Le petit \u201c+\u201d<\/b>: D\u00e9butant ou confirm\u00e9, vous disposez de vid\u00e9os explicatives qui vous guideront pas \u00e0 pas.<\/li>\n<li><strong>Vid\u00e9os explicatives<\/strong>\u00a0:\u00a0<a href=\"https:\/\/www.youtube.com\/watch?v=FnqEmU8kLz0&amp;t=18s\" target=\"_blank\" rel=\"noopener noreferrer\">Coudre une culotte Appoline<\/a>,\u00a0<a href=\"https:\/\/www.youtube.com\/watch?v=MF4vhEuF2Sk\" target=\"_blank\" rel=\"noopener noreferrer\">Poser un \u00e9lastique \u00e0 lingerie<\/a>,\u00a0<a href=\"https:\/\/www.youtube.com\/watch?v=f9ne1tqNZHU\" target=\"_blank\" rel=\"noopener noreferrer\">Coudre un n\u0153ud de culotte<\/a><\/li>\n<\/ul>\n","protected":false},"excerpt":{"rendered":"<p>La culotte Appoline est un basique en lingerie qui vous permettra de vous lancer dans la confection de lingerie, tout en \u00e9tant guid\u00e9 pas \u00e0 pas \u00e0 travers des explications vid\u00e9o.<\/p>\n<p>Accessibles aux d\u00e9butants maitrisant les bases de la couture, la culotte Appoline rejoindra bien rapidement votre garde-robe.<\/p>\n<p>Elle est d\u00e9clinable \u00e0 l&rsquo;infini et allie confort et \u00e9l\u00e9gance.<\/p>\n","protected":false},"featured_media":4279,"comment_status":"open","ping_status":"closed","template":"","meta":[],"product_brand":[],"product_cat":[951,1016],"product_tag":[],"class_list":{"0":"post-4120","1":"product","2":"type-product","3":"status-publish","4":"has-post-thumbnail","6":"product_cat-patron-couture-lingerie","7":"product_cat-patrons-pochette","9":"first","10":"instock","11":"shipping-taxable","12":"purchasable","13":"product-type-simple"},"yoast_head":"<!-- This site is optimized with the Yoast SEO plugin v26.4 - https:\/\/yoast.com\/wordpress\/plugins\/seo\/ -->\n<title>Patron couture lingerie - La culotte Appoline du 34 au 52 | C\u00e9cile DIY<\/title>\n<meta name=\"description\" content=\"Cr\u00e9ez votre lingerie gr\u00e2ce au patron de couture de la culotte Appoline, disponible du 34 au 52 en suivant pas \u00e0 pas les explications vid\u00e9o.\" \/>\n<meta name=\"robots\" content=\"index, follow, max-snippet:-1, max-image-preview:large, max-video-preview:-1\" \/>\n<link rel=\"canonical\" href=\"https:\/\/cecilediy.com\/index.php\/produit\/culotte-appoline-34-52\/\" \/>\n<meta property=\"og:locale\" content=\"fr_FR\" \/>\n<meta property=\"og:type\" content=\"article\" \/>\n<meta property=\"og:title\" content=\"Patron couture lingerie - La culotte Appoline du 34 au 52 | C\u00e9cile DIY\" \/>\n<meta property=\"og:description\" content=\"Cr\u00e9ez votre lingerie gr\u00e2ce au patron de couture de la culotte Appoline, disponible du 34 au 52 en suivant pas \u00e0 pas les explications vid\u00e9o.\" \/>\n<meta property=\"og:url\" content=\"https:\/\/cecilediy.com\/index.php\/produit\/culotte-appoline-34-52\/\" \/>\n<meta property=\"og:site_name\" content=\"Cecile DIY\" \/>\n<meta property=\"article:publisher\" content=\"https:\/\/www.facebook.com\/cecileoff\/\" \/>\n<meta property=\"article:modified_time\" content=\"2025-05-01T07:53:32+00:00\" \/>\n<meta property=\"og:image\" content=\"https:\/\/cecilediy.com\/wp-content\/uploads\/2020\/11\/Patron-pochette-culotte-Appoline2_V1-2-scaled.jpg\" \/>\n\t<meta property=\"og:image:width\" content=\"2560\" \/>\n\t<meta property=\"og:image:height\" content=\"2560\" \/>\n\t<meta property=\"og:image:type\" content=\"image\/jpeg\" \/>\n<meta name=\"twitter:card\" content=\"summary_large_image\" \/>\n<meta name=\"twitter:label1\" content=\"Dur\u00e9e de lecture estim\u00e9e\" \/>\n\t<meta name=\"twitter:data1\" content=\"1 minute\" \/>\n<script type=\"application\/ld+json\" class=\"yoast-schema-graph\">{\"@context\":\"https:\/\/schema.org\",\"@graph\":[{\"@type\":\"WebPage\",\"@id\":\"https:\/\/cecilediy.com\/index.php\/produit\/culotte-appoline-34-52\/\",\"url\":\"https:\/\/cecilediy.com\/index.php\/produit\/culotte-appoline-34-52\/\",\"name\":\"Patron couture lingerie - La culotte Appoline du 34 au 52 | C\u00e9cile DIY\",\"isPartOf\":{\"@id\":\"https:\/\/cecilediy.com\/#website\"},\"primaryImageOfPage\":{\"@id\":\"https:\/\/cecilediy.com\/index.php\/produit\/culotte-appoline-34-52\/#primaryimage\"},\"image\":{\"@id\":\"https:\/\/cecilediy.com\/index.php\/produit\/culotte-appoline-34-52\/#primaryimage\"},\"thumbnailUrl\":\"https:\/\/cecilediy.com\/wp-content\/uploads\/2020\/11\/Patron-pochette-culotte-Appoline2_V1-2-scaled.jpg\",\"datePublished\":\"2020-11-11T18:19:16+00:00\",\"dateModified\":\"2025-05-01T07:53:32+00:00\",\"description\":\"Cr\u00e9ez votre lingerie gr\u00e2ce au patron de couture de la culotte Appoline, disponible du 34 au 52 en suivant pas \u00e0 pas les explications vid\u00e9o.\",\"breadcrumb\":{\"@id\":\"https:\/\/cecilediy.com\/index.php\/produit\/culotte-appoline-34-52\/#breadcrumb\"},\"inLanguage\":\"fr-FR\",\"potentialAction\":[{\"@type\":\"ReadAction\",\"target\":[\"https:\/\/cecilediy.com\/index.php\/produit\/culotte-appoline-34-52\/\"]}]},{\"@type\":\"ImageObject\",\"inLanguage\":\"fr-FR\",\"@id\":\"https:\/\/cecilediy.com\/index.php\/produit\/culotte-appoline-34-52\/#primaryimage\",\"url\":\"https:\/\/cecilediy.com\/wp-content\/uploads\/2020\/11\/Patron-pochette-culotte-Appoline2_V1-2-scaled.jpg\",\"contentUrl\":\"https:\/\/cecilediy.com\/wp-content\/uploads\/2020\/11\/Patron-pochette-culotte-Appoline2_V1-2-scaled.jpg\",\"width\":2560,\"height\":2560},{\"@type\":\"BreadcrumbList\",\"@id\":\"https:\/\/cecilediy.com\/index.php\/produit\/culotte-appoline-34-52\/#breadcrumb\",\"itemListElement\":[{\"@type\":\"ListItem\",\"position\":1,\"name\":\"Accueil\",\"item\":\"https:\/\/cecilediy.com\/\"},{\"@type\":\"ListItem\",\"position\":2,\"name\":\"Boutique\",\"item\":\"https:\/\/cecilediy.com\/index.php\/boutique-cecile-diy\/\"},{\"@type\":\"ListItem\",\"position\":3,\"name\":\"Culotte Appoline (34-52)\"}]},{\"@type\":\"WebSite\",\"@id\":\"https:\/\/cecilediy.com\/#website\",\"url\":\"https:\/\/cecilediy.com\/\",\"name\":\"C\u00e9cile DIY\",\"description\":\"DO IT YOURSELF\",\"publisher\":{\"@id\":\"https:\/\/cecilediy.com\/#\/schema\/person\/1e9bf1431e848e6f3f72380013e1d9db\"},\"potentialAction\":[{\"@type\":\"SearchAction\",\"target\":{\"@type\":\"EntryPoint\",\"urlTemplate\":\"https:\/\/cecilediy.com\/?s={search_term_string}\"},\"query-input\":{\"@type\":\"PropertyValueSpecification\",\"valueRequired\":true,\"valueName\":\"search_term_string\"}}],\"inLanguage\":\"fr-FR\"},{\"@type\":[\"Person\",\"Organization\"],\"@id\":\"https:\/\/cecilediy.com\/#\/schema\/person\/1e9bf1431e848e6f3f72380013e1d9db\",\"name\":\"C\u00e9cile\",\"image\":{\"@type\":\"ImageObject\",\"inLanguage\":\"fr-FR\",\"@id\":\"https:\/\/cecilediy.com\/#\/schema\/person\/image\/\",\"url\":\"https:\/\/cecilediy.com\/wp-content\/uploads\/2022\/12\/Robe-Cassiopee-scaled.jpg\",\"contentUrl\":\"https:\/\/cecilediy.com\/wp-content\/uploads\/2022\/12\/Robe-Cassiopee-scaled.jpg\",\"width\":1920,\"height\":2560,\"caption\":\"C\u00e9cile\"},\"logo\":{\"@id\":\"https:\/\/cecilediy.com\/#\/schema\/person\/image\/\"},\"description\":\"Mod\u00e9liste, Content &amp; social media, Photographe\",\"sameAs\":[\"https:\/\/cecilediy.com\",\"https:\/\/www.facebook.com\/cecileoff\/\",\"https:\/\/www.instagram.com\/cecilediy\/\",\"https:\/\/www.pinterest.fr\/ccilediy\",\"https:\/\/www.youtube.com\/c\/cecilediy\"]}]}<\/script>\n<!-- \/ Yoast SEO plugin. -->","yoast_head_json":{"title":"Patron couture lingerie - La culotte Appoline du 34 au 52 | C\u00e9cile DIY","description":"Cr\u00e9ez votre lingerie gr\u00e2ce au patron de couture de la culotte Appoline, disponible du 34 au 52 en suivant pas \u00e0 pas les explications vid\u00e9o.","robots":{"index":"index","follow":"follow","max-snippet":"max-snippet:-1","max-image-preview":"max-image-preview:large","max-video-preview":"max-video-preview:-1"},"canonical":"https:\/\/cecilediy.com\/index.php\/produit\/culotte-appoline-34-52\/","og_locale":"fr_FR","og_type":"article","og_title":"Patron couture lingerie - La culotte Appoline du 34 au 52 | C\u00e9cile DIY","og_description":"Cr\u00e9ez votre lingerie gr\u00e2ce au patron de couture de la culotte Appoline, disponible du 34 au 52 en suivant pas \u00e0 pas les explications vid\u00e9o.","og_url":"https:\/\/cecilediy.com\/index.php\/produit\/culotte-appoline-34-52\/","og_site_name":"Cecile DIY","article_publisher":"https:\/\/www.facebook.com\/cecileoff\/","article_modified_time":"2025-05-01T07:53:32+00:00","og_image":[{"width":2560,"height":2560,"url":"https:\/\/cecilediy.com\/wp-content\/uploads\/2020\/11\/Patron-pochette-culotte-Appoline2_V1-2-scaled.jpg","type":"image\/jpeg"}],"twitter_card":"summary_large_image","twitter_misc":{"Dur\u00e9e de lecture estim\u00e9e":"1 minute"},"schema":{"@context":"https:\/\/schema.org","@graph":[{"@type":"WebPage","@id":"https:\/\/cecilediy.com\/index.php\/produit\/culotte-appoline-34-52\/","url":"https:\/\/cecilediy.com\/index.php\/produit\/culotte-appoline-34-52\/","name":"Patron couture lingerie - La culotte Appoline du 34 au 52 | C\u00e9cile DIY","isPartOf":{"@id":"https:\/\/cecilediy.com\/#website"},"primaryImageOfPage":{"@id":"https:\/\/cecilediy.com\/index.php\/produit\/culotte-appoline-34-52\/#primaryimage"},"image":{"@id":"https:\/\/cecilediy.com\/index.php\/produit\/culotte-appoline-34-52\/#primaryimage"},"thumbnailUrl":"https:\/\/cecilediy.com\/wp-content\/uploads\/2020\/11\/Patron-pochette-culotte-Appoline2_V1-2-scaled.jpg","datePublished":"2020-11-11T18:19:16+00:00","dateModified":"2025-05-01T07:53:32+00:00","description":"Cr\u00e9ez votre lingerie gr\u00e2ce au patron de couture de la culotte Appoline, disponible du 34 au 52 en suivant pas \u00e0 pas les explications vid\u00e9o.","breadcrumb":{"@id":"https:\/\/cecilediy.com\/index.php\/produit\/culotte-appoline-34-52\/#breadcrumb"},"inLanguage":"fr-FR","potentialAction":[{"@type":"ReadAction","target":["https:\/\/cecilediy.com\/index.php\/produit\/culotte-appoline-34-52\/"]}]},{"@type":"ImageObject","inLanguage":"fr-FR","@id":"https:\/\/cecilediy.com\/index.php\/produit\/culotte-appoline-34-52\/#primaryimage","url":"https:\/\/cecilediy.com\/wp-content\/uploads\/2020\/11\/Patron-pochette-culotte-Appoline2_V1-2-scaled.jpg","contentUrl":"https:\/\/cecilediy.com\/wp-content\/uploads\/2020\/11\/Patron-pochette-culotte-Appoline2_V1-2-scaled.jpg","width":2560,"height":2560},{"@type":"BreadcrumbList","@id":"https:\/\/cecilediy.com\/index.php\/produit\/culotte-appoline-34-52\/#breadcrumb","itemListElement":[{"@type":"ListItem","position":1,"name":"Accueil","item":"https:\/\/cecilediy.com\/"},{"@type":"ListItem","position":2,"name":"Boutique","item":"https:\/\/cecilediy.com\/index.php\/boutique-cecile-diy\/"},{"@type":"ListItem","position":3,"name":"Culotte Appoline (34-52)"}]},{"@type":"WebSite","@id":"https:\/\/cecilediy.com\/#website","url":"https:\/\/cecilediy.com\/","name":"C\u00e9cile DIY","description":"DO IT YOURSELF","publisher":{"@id":"https:\/\/cecilediy.com\/#\/schema\/person\/1e9bf1431e848e6f3f72380013e1d9db"},"potentialAction":[{"@type":"SearchAction","target":{"@type":"EntryPoint","urlTemplate":"https:\/\/cecilediy.com\/?s={search_term_string}"},"query-input":{"@type":"PropertyValueSpecification","valueRequired":true,"valueName":"search_term_string"}}],"inLanguage":"fr-FR"},{"@type":["Person","Organization"],"@id":"https:\/\/cecilediy.com\/#\/schema\/person\/1e9bf1431e848e6f3f72380013e1d9db","name":"C\u00e9cile","image":{"@type":"ImageObject","inLanguage":"fr-FR","@id":"https:\/\/cecilediy.com\/#\/schema\/person\/image\/","url":"https:\/\/cecilediy.com\/wp-content\/uploads\/2022\/12\/Robe-Cassiopee-scaled.jpg","contentUrl":"https:\/\/cecilediy.com\/wp-content\/uploads\/2022\/12\/Robe-Cassiopee-scaled.jpg","width":1920,"height":2560,"caption":"C\u00e9cile"},"logo":{"@id":"https:\/\/cecilediy.com\/#\/schema\/person\/image\/"},"description":"Mod\u00e9liste, Content &amp; social media, Photographe","sameAs":["https:\/\/cecilediy.com","https:\/\/www.facebook.com\/cecileoff\/","https:\/\/www.instagram.com\/cecilediy\/","https:\/\/www.pinterest.fr\/ccilediy","https:\/\/www.youtube.com\/c\/cecilediy"]}]}},"_links":{"self":[{"href":"https:\/\/cecilediy.com\/index.php\/wp-json\/wp\/v2\/product\/4120","targetHints":{"allow":["GET"]}}],"collection":[{"href":"https:\/\/cecilediy.com\/index.php\/wp-json\/wp\/v2\/product"}],"about":[{"href":"https:\/\/cecilediy.com\/index.php\/wp-json\/wp\/v2\/types\/product"}],"replies":[{"embeddable":true,"href":"https:\/\/cecilediy.com\/index.php\/wp-json\/wp\/v2\/comments?post=4120"}],"wp:featuredmedia":[{"embeddable":true,"href":"https:\/\/cecilediy.com\/index.php\/wp-json\/wp\/v2\/media\/4279"}],"wp:attachment":[{"href":"https:\/\/cecilediy.com\/index.php\/wp-json\/wp\/v2\/media?parent=4120"}],"wp:term":[{"taxonomy":"product_brand","embeddable":true,"href":"https:\/\/cecilediy.com\/index.php\/wp-json\/wp\/v2\/product_brand?post=4120"},{"taxonomy":"product_cat","embeddable":true,"href":"https:\/\/cecilediy.com\/index.php\/wp-json\/wp\/v2\/product_cat?post=4120"},{"taxonomy":"product_tag","embeddable":true,"href":"https:\/\/cecilediy.com\/index.php\/wp-json\/wp\/v2\/product_tag?post=4120"}],"curies":[{"name":"wp","href":"https:\/\/api.w.org\/{rel}","templated":true}]}}