{"id":4070,"date":"2022-12-06T11:43:07","date_gmt":"2022-12-06T10:43:07","guid":{"rendered":"https:\/\/cecilediy.com\/?post_type=product&#038;p=4070"},"modified":"2024-10-04T11:49:39","modified_gmt":"2024-10-04T09:49:39","slug":"box-culotte-appoline-onyx","status":"publish","type":"product","link":"https:\/\/cecilediy.com\/index.php\/produit\/box-culotte-appoline-onyx\/","title":{"rendered":"Box culotte Appoline Onyx"},"content":{"rendered":"<p>Caract\u00e9ristiques du produit :<\/p>\n<ul>\n<li><strong>Nom<\/strong>\u00a0: Box culotte Appoline<\/li>\n<li><strong>Coloris<\/strong> : Onyx (noir)<\/li>\n<li><b>Contenu\u00a0<\/b>: Patron pochette, dentelle extensible, ruban en satin, jersey de coton, \u00e9lastique \u00e0 lingerie, vid\u00e9os explicatives et\u2026 une petite surprise !<\/li>\n<li><strong>Vente<\/strong>\u00a0: \u00e0 l\u2019unit\u00e9, mat\u00e9riel permettant de r\u00e9aliser une culotte<\/li>\n<li><strong>R\u00e9f\u00e9rence<\/strong> : BOXAPPONY<\/li>\n<li><b>Le petit \u201c+\u201d<\/b>: D\u00e9butant ou confirm\u00e9, vous disposez de vid\u00e9os explicatives qui vous guideront pas \u00e0 pas.<\/li>\n<li><strong>Vid\u00e9os explicatives<\/strong>\u00a0:\u00a0<a href=\"https:\/\/www.youtube.com\/watch?v=FnqEmU8kLz0&amp;t=18s\" target=\"_blank\" rel=\"noopener noreferrer\">Coudre une culotte Appoline<\/a>,\u00a0<a href=\"https:\/\/www.youtube.com\/watch?v=MF4vhEuF2Sk\" target=\"_blank\" rel=\"noopener noreferrer\">Poser un \u00e9lastique \u00e0 lingerie<\/a>,\u00a0<a href=\"https:\/\/www.youtube.com\/watch?v=f9ne1tqNZHU\" target=\"_blank\" rel=\"noopener noreferrer\">Coudre un n\u0153ud de culotte<\/a><\/li>\n<\/ul>\n","protected":false},"excerpt":{"rendered":"<p>Les box lingerie sont enfin arriv\u00e9s !<\/p>\n<p>D\u00e9couvrez la box couture lingerie Appoline. Que vous d\u00e9butiez ou non en couture, vous pourrez r\u00e9aliser la culotte Appoline Onyx gr\u00e2ce aux explications vid\u00e9os qui vous accompagneront pas \u00e0 pas.<\/p>\n<p>Cette box a \u00e9t\u00e9 compos\u00e9e avec le plus grand soin et comporte des produits achet\u00e9s en France.<\/p>\n","protected":false},"featured_media":8438,"comment_status":"open","ping_status":"closed","template":"","meta":[],"product_brand":[],"product_cat":[1001,997,1035],"product_tag":[],"class_list":{"0":"post-4070","1":"product","2":"type-product","3":"status-publish","4":"has-post-thumbnail","6":"product_cat-box-couture","7":"product_cat-box-couture-cecile-diy","8":"product_cat-culotte","9":"product_shipping_class-box","11":"first","12":"instock","13":"shipping-taxable","14":"purchasable","15":"product-type-variable"},"yoast_head":"<!-- This site is optimized with the Yoast SEO plugin v26.4 - https:\/\/yoast.com\/wordpress\/plugins\/seo\/ -->\n<title>Box couture lingerie - Tout pour coudre la culotte Appoline Onyx<\/title>\n<meta name=\"description\" content=\"D\u00e9couvrez notre s\u00e9lection de box couture lingerie et cousez la culotte Appoline Onyx gr\u00e2ce au patron, aux fournitures et aux vid\u00e9os.\" \/>\n<meta name=\"robots\" content=\"index, follow, max-snippet:-1, max-image-preview:large, max-video-preview:-1\" \/>\n<link rel=\"canonical\" href=\"https:\/\/cecilediy.com\/index.php\/produit\/box-culotte-appoline-onyx\/\" \/>\n<meta property=\"og:locale\" content=\"fr_FR\" \/>\n<meta property=\"og:type\" content=\"article\" \/>\n<meta property=\"og:title\" content=\"Box couture lingerie - Tout pour coudre la culotte Appoline Onyx\" \/>\n<meta property=\"og:description\" content=\"D\u00e9couvrez notre s\u00e9lection de box couture lingerie et cousez la culotte Appoline Onyx gr\u00e2ce au patron, aux fournitures et aux vid\u00e9os.\" \/>\n<meta property=\"og:url\" content=\"https:\/\/cecilediy.com\/index.php\/produit\/box-culotte-appoline-onyx\/\" \/>\n<meta property=\"og:site_name\" content=\"Cecile DIY\" \/>\n<meta property=\"article:publisher\" content=\"https:\/\/www.facebook.com\/cecileoff\/\" \/>\n<meta property=\"article:modified_time\" content=\"2024-10-04T09:49:39+00:00\" \/>\n<meta property=\"og:image\" content=\"https:\/\/cecilediy.com\/wp-content\/uploads\/2022\/12\/Dentelle-Onyx-scaled.jpg\" \/>\n\t<meta property=\"og:image:width\" content=\"1707\" \/>\n\t<meta property=\"og:image:height\" content=\"2560\" \/>\n\t<meta property=\"og:image:type\" content=\"image\/jpeg\" \/>\n<meta name=\"twitter:card\" content=\"summary_large_image\" \/>\n<meta name=\"twitter:label1\" content=\"Dur\u00e9e de lecture estim\u00e9e\" \/>\n\t<meta name=\"twitter:data1\" content=\"1 minute\" \/>\n<script type=\"application\/ld+json\" class=\"yoast-schema-graph\">{\"@context\":\"https:\/\/schema.org\",\"@graph\":[{\"@type\":\"WebPage\",\"@id\":\"https:\/\/cecilediy.com\/index.php\/produit\/box-culotte-appoline-onyx\/\",\"url\":\"https:\/\/cecilediy.com\/index.php\/produit\/box-culotte-appoline-onyx\/\",\"name\":\"Box couture lingerie - Tout pour coudre la culotte Appoline Onyx\",\"isPartOf\":{\"@id\":\"https:\/\/cecilediy.com\/#website\"},\"primaryImageOfPage\":{\"@id\":\"https:\/\/cecilediy.com\/index.php\/produit\/box-culotte-appoline-onyx\/#primaryimage\"},\"image\":{\"@id\":\"https:\/\/cecilediy.com\/index.php\/produit\/box-culotte-appoline-onyx\/#primaryimage\"},\"thumbnailUrl\":\"https:\/\/cecilediy.com\/wp-content\/uploads\/2022\/12\/Dentelle-Onyx-scaled.jpg\",\"datePublished\":\"2022-12-06T10:43:07+00:00\",\"dateModified\":\"2024-10-04T09:49:39+00:00\",\"description\":\"D\u00e9couvrez notre s\u00e9lection de box couture lingerie et cousez la culotte Appoline Onyx gr\u00e2ce au patron, aux fournitures et aux vid\u00e9os.\",\"breadcrumb\":{\"@id\":\"https:\/\/cecilediy.com\/index.php\/produit\/box-culotte-appoline-onyx\/#breadcrumb\"},\"inLanguage\":\"fr-FR\",\"potentialAction\":[{\"@type\":\"ReadAction\",\"target\":[\"https:\/\/cecilediy.com\/index.php\/produit\/box-culotte-appoline-onyx\/\"]}]},{\"@type\":\"ImageObject\",\"inLanguage\":\"fr-FR\",\"@id\":\"https:\/\/cecilediy.com\/index.php\/produit\/box-culotte-appoline-onyx\/#primaryimage\",\"url\":\"https:\/\/cecilediy.com\/wp-content\/uploads\/2022\/12\/Dentelle-Onyx-scaled.jpg\",\"contentUrl\":\"https:\/\/cecilediy.com\/wp-content\/uploads\/2022\/12\/Dentelle-Onyx-scaled.jpg\",\"width\":1707,\"height\":2560},{\"@type\":\"BreadcrumbList\",\"@id\":\"https:\/\/cecilediy.com\/index.php\/produit\/box-culotte-appoline-onyx\/#breadcrumb\",\"itemListElement\":[{\"@type\":\"ListItem\",\"position\":1,\"name\":\"Accueil\",\"item\":\"https:\/\/cecilediy.com\/\"},{\"@type\":\"ListItem\",\"position\":2,\"name\":\"Boutique\",\"item\":\"https:\/\/cecilediy.com\/index.php\/boutique-cecile-diy\/\"},{\"@type\":\"ListItem\",\"position\":3,\"name\":\"Box culotte Appoline Onyx\"}]},{\"@type\":\"WebSite\",\"@id\":\"https:\/\/cecilediy.com\/#website\",\"url\":\"https:\/\/cecilediy.com\/\",\"name\":\"C\u00e9cile DIY\",\"description\":\"DO IT YOURSELF\",\"publisher\":{\"@id\":\"https:\/\/cecilediy.com\/#\/schema\/person\/1e9bf1431e848e6f3f72380013e1d9db\"},\"potentialAction\":[{\"@type\":\"SearchAction\",\"target\":{\"@type\":\"EntryPoint\",\"urlTemplate\":\"https:\/\/cecilediy.com\/?s={search_term_string}\"},\"query-input\":{\"@type\":\"PropertyValueSpecification\",\"valueRequired\":true,\"valueName\":\"search_term_string\"}}],\"inLanguage\":\"fr-FR\"},{\"@type\":[\"Person\",\"Organization\"],\"@id\":\"https:\/\/cecilediy.com\/#\/schema\/person\/1e9bf1431e848e6f3f72380013e1d9db\",\"name\":\"C\u00e9cile\",\"image\":{\"@type\":\"ImageObject\",\"inLanguage\":\"fr-FR\",\"@id\":\"https:\/\/cecilediy.com\/#\/schema\/person\/image\/\",\"url\":\"https:\/\/cecilediy.com\/wp-content\/uploads\/2022\/12\/Robe-Cassiopee-scaled.jpg\",\"contentUrl\":\"https:\/\/cecilediy.com\/wp-content\/uploads\/2022\/12\/Robe-Cassiopee-scaled.jpg\",\"width\":1920,\"height\":2560,\"caption\":\"C\u00e9cile\"},\"logo\":{\"@id\":\"https:\/\/cecilediy.com\/#\/schema\/person\/image\/\"},\"description\":\"Mod\u00e9liste, Content &amp; social media, Photographe\",\"sameAs\":[\"https:\/\/cecilediy.com\",\"https:\/\/www.facebook.com\/cecileoff\/\",\"https:\/\/www.instagram.com\/cecilediy\/\",\"https:\/\/www.pinterest.fr\/ccilediy\",\"https:\/\/www.youtube.com\/c\/cecilediy\"]}]}<\/script>\n<!-- \/ Yoast SEO plugin. -->","yoast_head_json":{"title":"Box couture lingerie - Tout pour coudre la culotte Appoline Onyx","description":"D\u00e9couvrez notre s\u00e9lection de box couture lingerie et cousez la culotte Appoline Onyx gr\u00e2ce au patron, aux fournitures et aux vid\u00e9os.","robots":{"index":"index","follow":"follow","max-snippet":"max-snippet:-1","max-image-preview":"max-image-preview:large","max-video-preview":"max-video-preview:-1"},"canonical":"https:\/\/cecilediy.com\/index.php\/produit\/box-culotte-appoline-onyx\/","og_locale":"fr_FR","og_type":"article","og_title":"Box couture lingerie - Tout pour coudre la culotte Appoline Onyx","og_description":"D\u00e9couvrez notre s\u00e9lection de box couture lingerie et cousez la culotte Appoline Onyx gr\u00e2ce au patron, aux fournitures et aux vid\u00e9os.","og_url":"https:\/\/cecilediy.com\/index.php\/produit\/box-culotte-appoline-onyx\/","og_site_name":"Cecile DIY","article_publisher":"https:\/\/www.facebook.com\/cecileoff\/","article_modified_time":"2024-10-04T09:49:39+00:00","og_image":[{"width":1707,"height":2560,"url":"https:\/\/cecilediy.com\/wp-content\/uploads\/2022\/12\/Dentelle-Onyx-scaled.jpg","type":"image\/jpeg"}],"twitter_card":"summary_large_image","twitter_misc":{"Dur\u00e9e de lecture estim\u00e9e":"1 minute"},"schema":{"@context":"https:\/\/schema.org","@graph":[{"@type":"WebPage","@id":"https:\/\/cecilediy.com\/index.php\/produit\/box-culotte-appoline-onyx\/","url":"https:\/\/cecilediy.com\/index.php\/produit\/box-culotte-appoline-onyx\/","name":"Box couture lingerie - Tout pour coudre la culotte Appoline Onyx","isPartOf":{"@id":"https:\/\/cecilediy.com\/#website"},"primaryImageOfPage":{"@id":"https:\/\/cecilediy.com\/index.php\/produit\/box-culotte-appoline-onyx\/#primaryimage"},"image":{"@id":"https:\/\/cecilediy.com\/index.php\/produit\/box-culotte-appoline-onyx\/#primaryimage"},"thumbnailUrl":"https:\/\/cecilediy.com\/wp-content\/uploads\/2022\/12\/Dentelle-Onyx-scaled.jpg","datePublished":"2022-12-06T10:43:07+00:00","dateModified":"2024-10-04T09:49:39+00:00","description":"D\u00e9couvrez notre s\u00e9lection de box couture lingerie et cousez la culotte Appoline Onyx gr\u00e2ce au patron, aux fournitures et aux vid\u00e9os.","breadcrumb":{"@id":"https:\/\/cecilediy.com\/index.php\/produit\/box-culotte-appoline-onyx\/#breadcrumb"},"inLanguage":"fr-FR","potentialAction":[{"@type":"ReadAction","target":["https:\/\/cecilediy.com\/index.php\/produit\/box-culotte-appoline-onyx\/"]}]},{"@type":"ImageObject","inLanguage":"fr-FR","@id":"https:\/\/cecilediy.com\/index.php\/produit\/box-culotte-appoline-onyx\/#primaryimage","url":"https:\/\/cecilediy.com\/wp-content\/uploads\/2022\/12\/Dentelle-Onyx-scaled.jpg","contentUrl":"https:\/\/cecilediy.com\/wp-content\/uploads\/2022\/12\/Dentelle-Onyx-scaled.jpg","width":1707,"height":2560},{"@type":"BreadcrumbList","@id":"https:\/\/cecilediy.com\/index.php\/produit\/box-culotte-appoline-onyx\/#breadcrumb","itemListElement":[{"@type":"ListItem","position":1,"name":"Accueil","item":"https:\/\/cecilediy.com\/"},{"@type":"ListItem","position":2,"name":"Boutique","item":"https:\/\/cecilediy.com\/index.php\/boutique-cecile-diy\/"},{"@type":"ListItem","position":3,"name":"Box culotte Appoline Onyx"}]},{"@type":"WebSite","@id":"https:\/\/cecilediy.com\/#website","url":"https:\/\/cecilediy.com\/","name":"C\u00e9cile DIY","description":"DO IT YOURSELF","publisher":{"@id":"https:\/\/cecilediy.com\/#\/schema\/person\/1e9bf1431e848e6f3f72380013e1d9db"},"potentialAction":[{"@type":"SearchAction","target":{"@type":"EntryPoint","urlTemplate":"https:\/\/cecilediy.com\/?s={search_term_string}"},"query-input":{"@type":"PropertyValueSpecification","valueRequired":true,"valueName":"search_term_string"}}],"inLanguage":"fr-FR"},{"@type":["Person","Organization"],"@id":"https:\/\/cecilediy.com\/#\/schema\/person\/1e9bf1431e848e6f3f72380013e1d9db","name":"C\u00e9cile","image":{"@type":"ImageObject","inLanguage":"fr-FR","@id":"https:\/\/cecilediy.com\/#\/schema\/person\/image\/","url":"https:\/\/cecilediy.com\/wp-content\/uploads\/2022\/12\/Robe-Cassiopee-scaled.jpg","contentUrl":"https:\/\/cecilediy.com\/wp-content\/uploads\/2022\/12\/Robe-Cassiopee-scaled.jpg","width":1920,"height":2560,"caption":"C\u00e9cile"},"logo":{"@id":"https:\/\/cecilediy.com\/#\/schema\/person\/image\/"},"description":"Mod\u00e9liste, Content &amp; social media, Photographe","sameAs":["https:\/\/cecilediy.com","https:\/\/www.facebook.com\/cecileoff\/","https:\/\/www.instagram.com\/cecilediy\/","https:\/\/www.pinterest.fr\/ccilediy","https:\/\/www.youtube.com\/c\/cecilediy"]}]}},"_links":{"self":[{"href":"https:\/\/cecilediy.com\/index.php\/wp-json\/wp\/v2\/product\/4070","targetHints":{"allow":["GET"]}}],"collection":[{"href":"https:\/\/cecilediy.com\/index.php\/wp-json\/wp\/v2\/product"}],"about":[{"href":"https:\/\/cecilediy.com\/index.php\/wp-json\/wp\/v2\/types\/product"}],"replies":[{"embeddable":true,"href":"https:\/\/cecilediy.com\/index.php\/wp-json\/wp\/v2\/comments?post=4070"}],"wp:featuredmedia":[{"embeddable":true,"href":"https:\/\/cecilediy.com\/index.php\/wp-json\/wp\/v2\/media\/8438"}],"wp:attachment":[{"href":"https:\/\/cecilediy.com\/index.php\/wp-json\/wp\/v2\/media?parent=4070"}],"wp:term":[{"taxonomy":"product_brand","embeddable":true,"href":"https:\/\/cecilediy.com\/index.php\/wp-json\/wp\/v2\/product_brand?post=4070"},{"taxonomy":"product_cat","embeddable":true,"href":"https:\/\/cecilediy.com\/index.php\/wp-json\/wp\/v2\/product_cat?post=4070"},{"taxonomy":"product_tag","embeddable":true,"href":"https:\/\/cecilediy.com\/index.php\/wp-json\/wp\/v2\/product_tag?post=4070"}],"curies":[{"name":"wp","href":"https:\/\/api.w.org\/{rel}","templated":true}]}}