{"id":3734,"date":"2020-10-23T18:25:16","date_gmt":"2020-10-23T16:25:16","guid":{"rendered":"https:\/\/cecilediy.com\/?post_type=product&#038;p=3734"},"modified":"2023-09-12T18:29:28","modified_gmt":"2023-09-12T16:29:28","slug":"culotte-appoline","status":"publish","type":"product","link":"https:\/\/cecilediy.com\/index.php\/produit\/culotte-appoline\/","title":{"rendered":"Patron Culotte Appoline (34-52)"},"content":{"rendered":"<ul>\n<li><b>Mat\u00e9riel <\/b>: Dentelle extensible, jersey de coton, \u00e9lastique \u00e0 lingerie, ruban en satin<\/li>\n<li><strong>Tailles<\/strong> : 34-52 pour une stature de 167 cm<\/li>\n<li><strong>Pdf<\/strong> : Patron A4, patron A3, livret de montage illustr\u00e9<\/li>\n<li><strong>Difficult\u00e9<\/strong> : \u2605\u2605\u2606\u2606\u2606<\/li>\n<li><b>A noter <\/b>: Imprimer en taille r\u00e9elle ou \u00e9chelle 100%<\/li>\n<li><strong>Pr\u00e9-requis<\/strong> : <a href=\"https:\/\/youtu.be\/1ldnpb5DMl8\" target=\"_blank\" rel=\"noopener noreferrer\">enfiler une machine \u00e0 coudre<\/a>, b\u00e2tir, coudre droit, <a href=\"https:\/\/www.youtube.com\/watch?v=-MrxKy7cCcE\" target=\"_blank\" rel=\"noopener noreferrer\">assembler des pi\u00e8ces<\/a>, <a href=\"https:\/\/www.youtube.com\/watch?v=MF4vhEuF2Sk\" target=\"_blank\" rel=\"noopener noreferrer\">faire un n\u0153ud de culotte en satin<\/a>, <a href=\"https:\/\/www.youtube.com\/watch?v=f9ne1tqNZHU\" target=\"_blank\" rel=\"noopener noreferrer\">coudre un \u00e9lastique \u00e0 lingerie<\/a><\/li>\n<li><strong>Le petit \u00ab\u00a0+\u00a0\u00bb<\/strong> : chaque technique est d\u00e9taill\u00e9e de sorte \u00e0 rendre la lingerie ultra accessible, impression avec filtre de taille pour n&rsquo;imprimer que la taille n\u00e9cessaire, le patron A3 ne fait qu&rsquo;une seule page !<\/li>\n<li><strong>Pas \u00e0 pas vid\u00e9o<\/strong> : <a href=\"https:\/\/www.youtube.com\/watch?v=FnqEmU8kLz0&amp;ab_channel=C%C3%A9cileDIY\" target=\"_blank\" rel=\"noopener noreferrer\">Coudre une culotte Appoline<\/a><\/li>\n<\/ul>\n","protected":false},"excerpt":{"rendered":"<p>La culotte Appoline est un grand classique de la lingerie f\u00e9minine. Elle allie confort et \u00e9l\u00e9gance et peut \u00eatre d\u00e9clin\u00e9e \u00e0 l&rsquo;infini.<\/p>\n<p>Le patron est disponible de la taille 34 \u00e0 la taille 52.<\/p>\n<p>Une fois la commande valid\u00e9e, retrouvez le patron dans Mon Compte &gt; T\u00e9l\u00e9chargements.<\/p>\n","protected":false},"featured_media":3737,"comment_status":"open","ping_status":"closed","template":"","meta":[],"product_brand":[],"product_cat":[1048,1050,951,993],"product_tag":[],"class_list":{"0":"post-3734","1":"product","2":"type-product","3":"status-publish","4":"has-post-thumbnail","6":"product_cat-femme","7":"product_cat-lingerie","8":"product_cat-patron-couture-lingerie","9":"product_cat-patrons-pdf","11":"first","12":"instock","13":"downloadable","14":"virtual","15":"purchasable","16":"product-type-simple"},"yoast_head":"<!-- This site is optimized with the Yoast SEO plugin v26.4 - https:\/\/yoast.com\/wordpress\/plugins\/seo\/ -->\n<title>Patron couture lingerie culotte du 34 au 52, le\u00e7ons vid\u00e9o gratuites et livret<\/title>\n<meta name=\"description\" content=\"Patron couture lingerie pour se lancer dans la confection d&#039;une culotte, du 34 au 52, imprimable par taille avec des le\u00e7ons vid\u00e9o gratuites.\" \/>\n<meta name=\"robots\" content=\"index, follow, max-snippet:-1, max-image-preview:large, max-video-preview:-1\" \/>\n<link rel=\"canonical\" href=\"https:\/\/cecilediy.com\/index.php\/produit\/culotte-appoline\/\" \/>\n<meta property=\"og:locale\" content=\"fr_FR\" \/>\n<meta property=\"og:type\" content=\"article\" \/>\n<meta property=\"og:title\" content=\"Patron couture lingerie culotte du 34 au 52, le\u00e7ons vid\u00e9o gratuites et livret\" \/>\n<meta property=\"og:description\" content=\"Patron couture lingerie pour se lancer dans la confection d&#039;une culotte, du 34 au 52, imprimable par taille avec des le\u00e7ons vid\u00e9o gratuites.\" \/>\n<meta property=\"og:url\" content=\"https:\/\/cecilediy.com\/index.php\/produit\/culotte-appoline\/\" \/>\n<meta property=\"og:site_name\" content=\"Cecile DIY\" \/>\n<meta property=\"article:publisher\" content=\"https:\/\/www.facebook.com\/cecileoff\/\" \/>\n<meta property=\"article:modified_time\" content=\"2023-09-12T16:29:28+00:00\" \/>\n<meta property=\"og:image\" content=\"https:\/\/cecilediy.com\/wp-content\/uploads\/2020\/10\/IMG_2094-compresse-scaled-e1650451065719.jpg\" \/>\n\t<meta property=\"og:image:width\" content=\"1440\" \/>\n\t<meta property=\"og:image:height\" content=\"1440\" \/>\n\t<meta property=\"og:image:type\" content=\"image\/jpeg\" \/>\n<meta name=\"twitter:card\" content=\"summary_large_image\" \/>\n<meta name=\"twitter:label1\" content=\"Dur\u00e9e de lecture estim\u00e9e\" \/>\n\t<meta name=\"twitter:data1\" content=\"1 minute\" \/>\n<script type=\"application\/ld+json\" class=\"yoast-schema-graph\">{\"@context\":\"https:\/\/schema.org\",\"@graph\":[{\"@type\":\"WebPage\",\"@id\":\"https:\/\/cecilediy.com\/index.php\/produit\/culotte-appoline\/\",\"url\":\"https:\/\/cecilediy.com\/index.php\/produit\/culotte-appoline\/\",\"name\":\"Patron couture lingerie culotte du 34 au 52, le\u00e7ons vid\u00e9o gratuites et livret\",\"isPartOf\":{\"@id\":\"https:\/\/cecilediy.com\/#website\"},\"primaryImageOfPage\":{\"@id\":\"https:\/\/cecilediy.com\/index.php\/produit\/culotte-appoline\/#primaryimage\"},\"image\":{\"@id\":\"https:\/\/cecilediy.com\/index.php\/produit\/culotte-appoline\/#primaryimage\"},\"thumbnailUrl\":\"https:\/\/cecilediy.com\/wp-content\/uploads\/2020\/10\/IMG_2094-compresse-scaled-e1650451065719.jpg\",\"datePublished\":\"2020-10-23T16:25:16+00:00\",\"dateModified\":\"2023-09-12T16:29:28+00:00\",\"description\":\"Patron couture lingerie pour se lancer dans la confection d'une culotte, du 34 au 52, imprimable par taille avec des le\u00e7ons vid\u00e9o gratuites.\",\"breadcrumb\":{\"@id\":\"https:\/\/cecilediy.com\/index.php\/produit\/culotte-appoline\/#breadcrumb\"},\"inLanguage\":\"fr-FR\",\"potentialAction\":[{\"@type\":\"ReadAction\",\"target\":[\"https:\/\/cecilediy.com\/index.php\/produit\/culotte-appoline\/\"]}]},{\"@type\":\"ImageObject\",\"inLanguage\":\"fr-FR\",\"@id\":\"https:\/\/cecilediy.com\/index.php\/produit\/culotte-appoline\/#primaryimage\",\"url\":\"https:\/\/cecilediy.com\/wp-content\/uploads\/2020\/10\/IMG_2094-compresse-scaled-e1650451065719.jpg\",\"contentUrl\":\"https:\/\/cecilediy.com\/wp-content\/uploads\/2020\/10\/IMG_2094-compresse-scaled-e1650451065719.jpg\",\"width\":1440,\"height\":1440},{\"@type\":\"BreadcrumbList\",\"@id\":\"https:\/\/cecilediy.com\/index.php\/produit\/culotte-appoline\/#breadcrumb\",\"itemListElement\":[{\"@type\":\"ListItem\",\"position\":1,\"name\":\"Accueil\",\"item\":\"https:\/\/cecilediy.com\/\"},{\"@type\":\"ListItem\",\"position\":2,\"name\":\"Boutique\",\"item\":\"https:\/\/cecilediy.com\/index.php\/boutique-cecile-diy\/\"},{\"@type\":\"ListItem\",\"position\":3,\"name\":\"Patron Culotte Appoline (34-52)\"}]},{\"@type\":\"WebSite\",\"@id\":\"https:\/\/cecilediy.com\/#website\",\"url\":\"https:\/\/cecilediy.com\/\",\"name\":\"C\u00e9cile DIY\",\"description\":\"DO IT YOURSELF\",\"publisher\":{\"@id\":\"https:\/\/cecilediy.com\/#\/schema\/person\/1e9bf1431e848e6f3f72380013e1d9db\"},\"potentialAction\":[{\"@type\":\"SearchAction\",\"target\":{\"@type\":\"EntryPoint\",\"urlTemplate\":\"https:\/\/cecilediy.com\/?s={search_term_string}\"},\"query-input\":{\"@type\":\"PropertyValueSpecification\",\"valueRequired\":true,\"valueName\":\"search_term_string\"}}],\"inLanguage\":\"fr-FR\"},{\"@type\":[\"Person\",\"Organization\"],\"@id\":\"https:\/\/cecilediy.com\/#\/schema\/person\/1e9bf1431e848e6f3f72380013e1d9db\",\"name\":\"C\u00e9cile\",\"image\":{\"@type\":\"ImageObject\",\"inLanguage\":\"fr-FR\",\"@id\":\"https:\/\/cecilediy.com\/#\/schema\/person\/image\/\",\"url\":\"https:\/\/cecilediy.com\/wp-content\/uploads\/2022\/12\/Robe-Cassiopee-scaled.jpg\",\"contentUrl\":\"https:\/\/cecilediy.com\/wp-content\/uploads\/2022\/12\/Robe-Cassiopee-scaled.jpg\",\"width\":1920,\"height\":2560,\"caption\":\"C\u00e9cile\"},\"logo\":{\"@id\":\"https:\/\/cecilediy.com\/#\/schema\/person\/image\/\"},\"description\":\"Mod\u00e9liste, Content &amp; social media, Photographe\",\"sameAs\":[\"https:\/\/cecilediy.com\",\"https:\/\/www.facebook.com\/cecileoff\/\",\"https:\/\/www.instagram.com\/cecilediy\/\",\"https:\/\/www.pinterest.fr\/ccilediy\",\"https:\/\/www.youtube.com\/c\/cecilediy\"]}]}<\/script>\n<!-- \/ Yoast SEO plugin. -->","yoast_head_json":{"title":"Patron couture lingerie culotte du 34 au 52, le\u00e7ons vid\u00e9o gratuites et livret","description":"Patron couture lingerie pour se lancer dans la confection d'une culotte, du 34 au 52, imprimable par taille avec des le\u00e7ons vid\u00e9o gratuites.","robots":{"index":"index","follow":"follow","max-snippet":"max-snippet:-1","max-image-preview":"max-image-preview:large","max-video-preview":"max-video-preview:-1"},"canonical":"https:\/\/cecilediy.com\/index.php\/produit\/culotte-appoline\/","og_locale":"fr_FR","og_type":"article","og_title":"Patron couture lingerie culotte du 34 au 52, le\u00e7ons vid\u00e9o gratuites et livret","og_description":"Patron couture lingerie pour se lancer dans la confection d'une culotte, du 34 au 52, imprimable par taille avec des le\u00e7ons vid\u00e9o gratuites.","og_url":"https:\/\/cecilediy.com\/index.php\/produit\/culotte-appoline\/","og_site_name":"Cecile DIY","article_publisher":"https:\/\/www.facebook.com\/cecileoff\/","article_modified_time":"2023-09-12T16:29:28+00:00","og_image":[{"width":1440,"height":1440,"url":"https:\/\/cecilediy.com\/wp-content\/uploads\/2020\/10\/IMG_2094-compresse-scaled-e1650451065719.jpg","type":"image\/jpeg"}],"twitter_card":"summary_large_image","twitter_misc":{"Dur\u00e9e de lecture estim\u00e9e":"1 minute"},"schema":{"@context":"https:\/\/schema.org","@graph":[{"@type":"WebPage","@id":"https:\/\/cecilediy.com\/index.php\/produit\/culotte-appoline\/","url":"https:\/\/cecilediy.com\/index.php\/produit\/culotte-appoline\/","name":"Patron couture lingerie culotte du 34 au 52, le\u00e7ons vid\u00e9o gratuites et livret","isPartOf":{"@id":"https:\/\/cecilediy.com\/#website"},"primaryImageOfPage":{"@id":"https:\/\/cecilediy.com\/index.php\/produit\/culotte-appoline\/#primaryimage"},"image":{"@id":"https:\/\/cecilediy.com\/index.php\/produit\/culotte-appoline\/#primaryimage"},"thumbnailUrl":"https:\/\/cecilediy.com\/wp-content\/uploads\/2020\/10\/IMG_2094-compresse-scaled-e1650451065719.jpg","datePublished":"2020-10-23T16:25:16+00:00","dateModified":"2023-09-12T16:29:28+00:00","description":"Patron couture lingerie pour se lancer dans la confection d'une culotte, du 34 au 52, imprimable par taille avec des le\u00e7ons vid\u00e9o gratuites.","breadcrumb":{"@id":"https:\/\/cecilediy.com\/index.php\/produit\/culotte-appoline\/#breadcrumb"},"inLanguage":"fr-FR","potentialAction":[{"@type":"ReadAction","target":["https:\/\/cecilediy.com\/index.php\/produit\/culotte-appoline\/"]}]},{"@type":"ImageObject","inLanguage":"fr-FR","@id":"https:\/\/cecilediy.com\/index.php\/produit\/culotte-appoline\/#primaryimage","url":"https:\/\/cecilediy.com\/wp-content\/uploads\/2020\/10\/IMG_2094-compresse-scaled-e1650451065719.jpg","contentUrl":"https:\/\/cecilediy.com\/wp-content\/uploads\/2020\/10\/IMG_2094-compresse-scaled-e1650451065719.jpg","width":1440,"height":1440},{"@type":"BreadcrumbList","@id":"https:\/\/cecilediy.com\/index.php\/produit\/culotte-appoline\/#breadcrumb","itemListElement":[{"@type":"ListItem","position":1,"name":"Accueil","item":"https:\/\/cecilediy.com\/"},{"@type":"ListItem","position":2,"name":"Boutique","item":"https:\/\/cecilediy.com\/index.php\/boutique-cecile-diy\/"},{"@type":"ListItem","position":3,"name":"Patron Culotte Appoline (34-52)"}]},{"@type":"WebSite","@id":"https:\/\/cecilediy.com\/#website","url":"https:\/\/cecilediy.com\/","name":"C\u00e9cile DIY","description":"DO IT YOURSELF","publisher":{"@id":"https:\/\/cecilediy.com\/#\/schema\/person\/1e9bf1431e848e6f3f72380013e1d9db"},"potentialAction":[{"@type":"SearchAction","target":{"@type":"EntryPoint","urlTemplate":"https:\/\/cecilediy.com\/?s={search_term_string}"},"query-input":{"@type":"PropertyValueSpecification","valueRequired":true,"valueName":"search_term_string"}}],"inLanguage":"fr-FR"},{"@type":["Person","Organization"],"@id":"https:\/\/cecilediy.com\/#\/schema\/person\/1e9bf1431e848e6f3f72380013e1d9db","name":"C\u00e9cile","image":{"@type":"ImageObject","inLanguage":"fr-FR","@id":"https:\/\/cecilediy.com\/#\/schema\/person\/image\/","url":"https:\/\/cecilediy.com\/wp-content\/uploads\/2022\/12\/Robe-Cassiopee-scaled.jpg","contentUrl":"https:\/\/cecilediy.com\/wp-content\/uploads\/2022\/12\/Robe-Cassiopee-scaled.jpg","width":1920,"height":2560,"caption":"C\u00e9cile"},"logo":{"@id":"https:\/\/cecilediy.com\/#\/schema\/person\/image\/"},"description":"Mod\u00e9liste, Content &amp; social media, Photographe","sameAs":["https:\/\/cecilediy.com","https:\/\/www.facebook.com\/cecileoff\/","https:\/\/www.instagram.com\/cecilediy\/","https:\/\/www.pinterest.fr\/ccilediy","https:\/\/www.youtube.com\/c\/cecilediy"]}]}},"_links":{"self":[{"href":"https:\/\/cecilediy.com\/index.php\/wp-json\/wp\/v2\/product\/3734","targetHints":{"allow":["GET"]}}],"collection":[{"href":"https:\/\/cecilediy.com\/index.php\/wp-json\/wp\/v2\/product"}],"about":[{"href":"https:\/\/cecilediy.com\/index.php\/wp-json\/wp\/v2\/types\/product"}],"replies":[{"embeddable":true,"href":"https:\/\/cecilediy.com\/index.php\/wp-json\/wp\/v2\/comments?post=3734"}],"wp:featuredmedia":[{"embeddable":true,"href":"https:\/\/cecilediy.com\/index.php\/wp-json\/wp\/v2\/media\/3737"}],"wp:attachment":[{"href":"https:\/\/cecilediy.com\/index.php\/wp-json\/wp\/v2\/media?parent=3734"}],"wp:term":[{"taxonomy":"product_brand","embeddable":true,"href":"https:\/\/cecilediy.com\/index.php\/wp-json\/wp\/v2\/product_brand?post=3734"},{"taxonomy":"product_cat","embeddable":true,"href":"https:\/\/cecilediy.com\/index.php\/wp-json\/wp\/v2\/product_cat?post=3734"},{"taxonomy":"product_tag","embeddable":true,"href":"https:\/\/cecilediy.com\/index.php\/wp-json\/wp\/v2\/product_tag?post=3734"}],"curies":[{"name":"wp","href":"https:\/\/api.w.org\/{rel}","templated":true}]}}