{"id":3550,"date":"2019-12-22T12:45:44","date_gmt":"2019-12-22T11:45:44","guid":{"rendered":"https:\/\/cecilediy.com\/?post_type=product&#038;p=3550"},"modified":"2023-05-31T00:24:23","modified_gmt":"2023-05-30T22:24:23","slug":"boxer-homme","status":"publish","type":"product","link":"https:\/\/cecilediy.com\/index.php\/produit\/boxer-homme\/","title":{"rendered":"Boxer homme taille M"},"content":{"rendered":"<ul>\n<li><b>Mat\u00e9riel <\/b>:\n<ul>\n<li>Jersey de coton : 40 cm<\/li>\n<li>\u00c9lastique : entre 68 et 72 cm, ce qui correspond au tour de ceinture &#8211; 15%<\/li>\n<\/ul>\n<\/li>\n<li><strong>Tailles<\/strong> : M<\/li>\n<li><strong>Pdf<\/strong> : Patron<\/li>\n<li><strong>Difficult\u00e9<\/strong> : \u2605\u2605\u2606\u2606\u2606<\/li>\n<li><b>A noter <\/b>: Imprimer en taille r\u00e9elle ou \u00e9chelle 100%<\/li>\n<li><strong>Pr\u00e9-requis<\/strong> : <a href=\"https:\/\/youtu.be\/1ldnpb5DMl8\" target=\"_blank\" rel=\"noopener noreferrer\">enfiler une machine \u00e0 coudre<\/a>, coudre droit, ma\u00eetriser les bases de l&rsquo;assemblage<\/li>\n<li><strong>Le petit \u00ab\u00a0+\u00a0\u00bb<\/strong> : Prix mini, beaut\u00e9 maxi \u2665<\/li>\n<li><strong>Instructions vid\u00e9o<\/strong> : <a href=\"https:\/\/www.youtube.com\/watch?v=2j6a1fZ3eVk\" target=\"_blank\" rel=\"noopener noreferrer\">Faire un boxer pour homme<\/a>, <a href=\"https:\/\/www.youtube.com\/watch?v=7tQ2utQIODA\" target=\"_blank\" rel=\"noopener noreferrer\">Faire un ourlet sur du jersey<\/a>, <a href=\"https:\/\/www.youtube.com\/watch?v=vNFoThZQml8\" target=\"_blank\" rel=\"noopener noreferrer\">Coudre un \u00e9lastique sur un boxer pour homme<\/a><\/li>\n<li><strong>Article de blog <\/strong>: <a href=\"https:\/\/cecilediy.com\/index.php\/2018\/12\/12\/patron-couture-gratuit-faire-un-boxer-pour-homme\/\" target=\"_blank\" rel=\"noopener noreferrer\">Faire un boxer pour homme<\/a>, <a href=\"https:\/\/cecilediy.com\/index.php\/2019\/12\/21\/faire-un-ourlet-sur-du-jersey\/\" target=\"_blank\" rel=\"noopener noreferrer\">Faire un ourlet sur du jersey<\/a>, <a href=\"https:\/\/cecilediy.com\/index.php\/2019\/12\/21\/coudre-un-elastique-sur-un-boxer-pour-homme\/\" target=\"_blank\" rel=\"noopener noreferrer\">Coudre un \u00e9lastique sur un boxer pour homme<\/a><\/li>\n<\/ul>\n","protected":false},"excerpt":{"rendered":"<p>Vous souhaitez coudre vos propres boxers pour homme ? Vous \u00eates au bon endroit !<\/p>\n<p>T\u00e9l\u00e9chargez d\u00e8s maintenant le patron du boxer pour homme en taille M et d\u00e9couvrez pas \u00e0 pas les \u00e9tapes dans les vid\u00e9os explicatives et laissez votre avis sur le patron !<\/p>\n<p>La version grad\u00e9e du XS au 3XL est disponible <a href=\"https:\/\/cecilediy.com\/index.php\/produit\/boxer-homme\/\" target=\"_blank\" rel=\"noopener noreferrer\">ici<\/a><\/p>\n<p>Une fois la commande valid\u00e9e, retrouvez le patron dans Mon Compte &gt; T\u00e9l\u00e9chargements.<\/p>\n","protected":false},"featured_media":5191,"comment_status":"open","ping_status":"closed","template":"","meta":[],"product_brand":[],"product_cat":[1052,1050,951,993],"product_tag":[],"class_list":{"0":"post-3550","1":"product","2":"type-product","3":"status-publish","4":"has-post-thumbnail","6":"product_cat-homme","7":"product_cat-lingerie","8":"product_cat-patron-couture-lingerie","9":"product_cat-patrons-pdf","11":"first","12":"instock","13":"downloadable","14":"virtual","15":"purchasable","16":"product-type-simple"},"yoast_head":"<!-- This site is optimized with the Yoast SEO plugin v26.4 - https:\/\/yoast.com\/wordpress\/plugins\/seo\/ -->\n<title>Patron de couture - boxer pour homme taille M | C\u00e9cile DIY<\/title>\n<meta name=\"description\" content=\"D\u00e9couvrez le patron du boxer pour homme en taille M et r\u00e9alisez le \u00e9tape par \u00e9tape \u00e0 l&#039;aide des vid\u00e9os explicatives.\" \/>\n<meta name=\"robots\" content=\"index, follow, max-snippet:-1, max-image-preview:large, max-video-preview:-1\" \/>\n<link rel=\"canonical\" href=\"https:\/\/cecilediy.com\/index.php\/produit\/boxer-homme\/\" \/>\n<meta property=\"og:locale\" content=\"fr_FR\" \/>\n<meta property=\"og:type\" content=\"article\" \/>\n<meta property=\"og:title\" content=\"Patron de couture - boxer pour homme taille M | C\u00e9cile DIY\" \/>\n<meta property=\"og:description\" content=\"D\u00e9couvrez le patron du boxer pour homme en taille M et r\u00e9alisez le \u00e9tape par \u00e9tape \u00e0 l&#039;aide des vid\u00e9os explicatives.\" \/>\n<meta property=\"og:url\" content=\"https:\/\/cecilediy.com\/index.php\/produit\/boxer-homme\/\" \/>\n<meta property=\"og:site_name\" content=\"Cecile DIY\" \/>\n<meta property=\"article:publisher\" content=\"https:\/\/www.facebook.com\/cecileoff\/\" \/>\n<meta property=\"article:modified_time\" content=\"2023-05-30T22:24:23+00:00\" \/>\n<meta property=\"og:image\" content=\"https:\/\/cecilediy.com\/wp-content\/uploads\/2019\/12\/Boxer-taille-M-1160x1160.jpg\" \/>\n\t<meta property=\"og:image:width\" content=\"1160\" \/>\n\t<meta property=\"og:image:height\" content=\"1160\" \/>\n\t<meta property=\"og:image:type\" content=\"image\/jpeg\" \/>\n<meta name=\"twitter:card\" content=\"summary_large_image\" \/>\n<meta name=\"twitter:label1\" content=\"Dur\u00e9e de lecture estim\u00e9e\" \/>\n\t<meta name=\"twitter:data1\" content=\"1 minute\" \/>\n<script type=\"application\/ld+json\" class=\"yoast-schema-graph\">{\"@context\":\"https:\/\/schema.org\",\"@graph\":[{\"@type\":\"WebPage\",\"@id\":\"https:\/\/cecilediy.com\/index.php\/produit\/boxer-homme\/\",\"url\":\"https:\/\/cecilediy.com\/index.php\/produit\/boxer-homme\/\",\"name\":\"Patron de couture - boxer pour homme taille M | C\u00e9cile DIY\",\"isPartOf\":{\"@id\":\"https:\/\/cecilediy.com\/#website\"},\"primaryImageOfPage\":{\"@id\":\"https:\/\/cecilediy.com\/index.php\/produit\/boxer-homme\/#primaryimage\"},\"image\":{\"@id\":\"https:\/\/cecilediy.com\/index.php\/produit\/boxer-homme\/#primaryimage\"},\"thumbnailUrl\":\"https:\/\/cecilediy.com\/wp-content\/uploads\/2019\/12\/Boxer-taille-M.jpg\",\"datePublished\":\"2019-12-22T11:45:44+00:00\",\"dateModified\":\"2023-05-30T22:24:23+00:00\",\"description\":\"D\u00e9couvrez le patron du boxer pour homme en taille M et r\u00e9alisez le \u00e9tape par \u00e9tape \u00e0 l'aide des vid\u00e9os explicatives.\",\"breadcrumb\":{\"@id\":\"https:\/\/cecilediy.com\/index.php\/produit\/boxer-homme\/#breadcrumb\"},\"inLanguage\":\"fr-FR\",\"potentialAction\":[{\"@type\":\"ReadAction\",\"target\":[\"https:\/\/cecilediy.com\/index.php\/produit\/boxer-homme\/\"]}]},{\"@type\":\"ImageObject\",\"inLanguage\":\"fr-FR\",\"@id\":\"https:\/\/cecilediy.com\/index.php\/produit\/boxer-homme\/#primaryimage\",\"url\":\"https:\/\/cecilediy.com\/wp-content\/uploads\/2019\/12\/Boxer-taille-M.jpg\",\"contentUrl\":\"https:\/\/cecilediy.com\/wp-content\/uploads\/2019\/12\/Boxer-taille-M.jpg\",\"width\":1728,\"height\":1728},{\"@type\":\"BreadcrumbList\",\"@id\":\"https:\/\/cecilediy.com\/index.php\/produit\/boxer-homme\/#breadcrumb\",\"itemListElement\":[{\"@type\":\"ListItem\",\"position\":1,\"name\":\"Accueil\",\"item\":\"https:\/\/cecilediy.com\/\"},{\"@type\":\"ListItem\",\"position\":2,\"name\":\"Boutique\",\"item\":\"https:\/\/cecilediy.com\/index.php\/boutique-cecile-diy\/\"},{\"@type\":\"ListItem\",\"position\":3,\"name\":\"Boxer homme taille M\"}]},{\"@type\":\"WebSite\",\"@id\":\"https:\/\/cecilediy.com\/#website\",\"url\":\"https:\/\/cecilediy.com\/\",\"name\":\"C\u00e9cile DIY\",\"description\":\"DO IT YOURSELF\",\"publisher\":{\"@id\":\"https:\/\/cecilediy.com\/#\/schema\/person\/1e9bf1431e848e6f3f72380013e1d9db\"},\"potentialAction\":[{\"@type\":\"SearchAction\",\"target\":{\"@type\":\"EntryPoint\",\"urlTemplate\":\"https:\/\/cecilediy.com\/?s={search_term_string}\"},\"query-input\":{\"@type\":\"PropertyValueSpecification\",\"valueRequired\":true,\"valueName\":\"search_term_string\"}}],\"inLanguage\":\"fr-FR\"},{\"@type\":[\"Person\",\"Organization\"],\"@id\":\"https:\/\/cecilediy.com\/#\/schema\/person\/1e9bf1431e848e6f3f72380013e1d9db\",\"name\":\"C\u00e9cile\",\"image\":{\"@type\":\"ImageObject\",\"inLanguage\":\"fr-FR\",\"@id\":\"https:\/\/cecilediy.com\/#\/schema\/person\/image\/\",\"url\":\"https:\/\/cecilediy.com\/wp-content\/uploads\/2022\/12\/Robe-Cassiopee-scaled.jpg\",\"contentUrl\":\"https:\/\/cecilediy.com\/wp-content\/uploads\/2022\/12\/Robe-Cassiopee-scaled.jpg\",\"width\":1920,\"height\":2560,\"caption\":\"C\u00e9cile\"},\"logo\":{\"@id\":\"https:\/\/cecilediy.com\/#\/schema\/person\/image\/\"},\"description\":\"Mod\u00e9liste, Content &amp; social media, Photographe\",\"sameAs\":[\"https:\/\/cecilediy.com\",\"https:\/\/www.facebook.com\/cecileoff\/\",\"https:\/\/www.instagram.com\/cecilediy\/\",\"https:\/\/www.pinterest.fr\/ccilediy\",\"https:\/\/www.youtube.com\/c\/cecilediy\"]}]}<\/script>\n<!-- \/ Yoast SEO plugin. -->","yoast_head_json":{"title":"Patron de couture - boxer pour homme taille M | C\u00e9cile DIY","description":"D\u00e9couvrez le patron du boxer pour homme en taille M et r\u00e9alisez le \u00e9tape par \u00e9tape \u00e0 l'aide des vid\u00e9os explicatives.","robots":{"index":"index","follow":"follow","max-snippet":"max-snippet:-1","max-image-preview":"max-image-preview:large","max-video-preview":"max-video-preview:-1"},"canonical":"https:\/\/cecilediy.com\/index.php\/produit\/boxer-homme\/","og_locale":"fr_FR","og_type":"article","og_title":"Patron de couture - boxer pour homme taille M | C\u00e9cile DIY","og_description":"D\u00e9couvrez le patron du boxer pour homme en taille M et r\u00e9alisez le \u00e9tape par \u00e9tape \u00e0 l'aide des vid\u00e9os explicatives.","og_url":"https:\/\/cecilediy.com\/index.php\/produit\/boxer-homme\/","og_site_name":"Cecile DIY","article_publisher":"https:\/\/www.facebook.com\/cecileoff\/","article_modified_time":"2023-05-30T22:24:23+00:00","og_image":[{"width":1160,"height":1160,"url":"https:\/\/cecilediy.com\/wp-content\/uploads\/2019\/12\/Boxer-taille-M-1160x1160.jpg","type":"image\/jpeg"}],"twitter_card":"summary_large_image","twitter_misc":{"Dur\u00e9e de lecture estim\u00e9e":"1 minute"},"schema":{"@context":"https:\/\/schema.org","@graph":[{"@type":"WebPage","@id":"https:\/\/cecilediy.com\/index.php\/produit\/boxer-homme\/","url":"https:\/\/cecilediy.com\/index.php\/produit\/boxer-homme\/","name":"Patron de couture - boxer pour homme taille M | C\u00e9cile DIY","isPartOf":{"@id":"https:\/\/cecilediy.com\/#website"},"primaryImageOfPage":{"@id":"https:\/\/cecilediy.com\/index.php\/produit\/boxer-homme\/#primaryimage"},"image":{"@id":"https:\/\/cecilediy.com\/index.php\/produit\/boxer-homme\/#primaryimage"},"thumbnailUrl":"https:\/\/cecilediy.com\/wp-content\/uploads\/2019\/12\/Boxer-taille-M.jpg","datePublished":"2019-12-22T11:45:44+00:00","dateModified":"2023-05-30T22:24:23+00:00","description":"D\u00e9couvrez le patron du boxer pour homme en taille M et r\u00e9alisez le \u00e9tape par \u00e9tape \u00e0 l'aide des vid\u00e9os explicatives.","breadcrumb":{"@id":"https:\/\/cecilediy.com\/index.php\/produit\/boxer-homme\/#breadcrumb"},"inLanguage":"fr-FR","potentialAction":[{"@type":"ReadAction","target":["https:\/\/cecilediy.com\/index.php\/produit\/boxer-homme\/"]}]},{"@type":"ImageObject","inLanguage":"fr-FR","@id":"https:\/\/cecilediy.com\/index.php\/produit\/boxer-homme\/#primaryimage","url":"https:\/\/cecilediy.com\/wp-content\/uploads\/2019\/12\/Boxer-taille-M.jpg","contentUrl":"https:\/\/cecilediy.com\/wp-content\/uploads\/2019\/12\/Boxer-taille-M.jpg","width":1728,"height":1728},{"@type":"BreadcrumbList","@id":"https:\/\/cecilediy.com\/index.php\/produit\/boxer-homme\/#breadcrumb","itemListElement":[{"@type":"ListItem","position":1,"name":"Accueil","item":"https:\/\/cecilediy.com\/"},{"@type":"ListItem","position":2,"name":"Boutique","item":"https:\/\/cecilediy.com\/index.php\/boutique-cecile-diy\/"},{"@type":"ListItem","position":3,"name":"Boxer homme taille M"}]},{"@type":"WebSite","@id":"https:\/\/cecilediy.com\/#website","url":"https:\/\/cecilediy.com\/","name":"C\u00e9cile DIY","description":"DO IT YOURSELF","publisher":{"@id":"https:\/\/cecilediy.com\/#\/schema\/person\/1e9bf1431e848e6f3f72380013e1d9db"},"potentialAction":[{"@type":"SearchAction","target":{"@type":"EntryPoint","urlTemplate":"https:\/\/cecilediy.com\/?s={search_term_string}"},"query-input":{"@type":"PropertyValueSpecification","valueRequired":true,"valueName":"search_term_string"}}],"inLanguage":"fr-FR"},{"@type":["Person","Organization"],"@id":"https:\/\/cecilediy.com\/#\/schema\/person\/1e9bf1431e848e6f3f72380013e1d9db","name":"C\u00e9cile","image":{"@type":"ImageObject","inLanguage":"fr-FR","@id":"https:\/\/cecilediy.com\/#\/schema\/person\/image\/","url":"https:\/\/cecilediy.com\/wp-content\/uploads\/2022\/12\/Robe-Cassiopee-scaled.jpg","contentUrl":"https:\/\/cecilediy.com\/wp-content\/uploads\/2022\/12\/Robe-Cassiopee-scaled.jpg","width":1920,"height":2560,"caption":"C\u00e9cile"},"logo":{"@id":"https:\/\/cecilediy.com\/#\/schema\/person\/image\/"},"description":"Mod\u00e9liste, Content &amp; social media, Photographe","sameAs":["https:\/\/cecilediy.com","https:\/\/www.facebook.com\/cecileoff\/","https:\/\/www.instagram.com\/cecilediy\/","https:\/\/www.pinterest.fr\/ccilediy","https:\/\/www.youtube.com\/c\/cecilediy"]}]}},"_links":{"self":[{"href":"https:\/\/cecilediy.com\/index.php\/wp-json\/wp\/v2\/product\/3550","targetHints":{"allow":["GET"]}}],"collection":[{"href":"https:\/\/cecilediy.com\/index.php\/wp-json\/wp\/v2\/product"}],"about":[{"href":"https:\/\/cecilediy.com\/index.php\/wp-json\/wp\/v2\/types\/product"}],"replies":[{"embeddable":true,"href":"https:\/\/cecilediy.com\/index.php\/wp-json\/wp\/v2\/comments?post=3550"}],"wp:featuredmedia":[{"embeddable":true,"href":"https:\/\/cecilediy.com\/index.php\/wp-json\/wp\/v2\/media\/5191"}],"wp:attachment":[{"href":"https:\/\/cecilediy.com\/index.php\/wp-json\/wp\/v2\/media?parent=3550"}],"wp:term":[{"taxonomy":"product_brand","embeddable":true,"href":"https:\/\/cecilediy.com\/index.php\/wp-json\/wp\/v2\/product_brand?post=3550"},{"taxonomy":"product_cat","embeddable":true,"href":"https:\/\/cecilediy.com\/index.php\/wp-json\/wp\/v2\/product_cat?post=3550"},{"taxonomy":"product_tag","embeddable":true,"href":"https:\/\/cecilediy.com\/index.php\/wp-json\/wp\/v2\/product_tag?post=3550"}],"curies":[{"name":"wp","href":"https:\/\/api.w.org\/{rel}","templated":true}]}}