{"id":3469,"date":"2021-08-10T13:11:59","date_gmt":"2021-08-10T11:11:59","guid":{"rendered":"https:\/\/cecilediy.com\/?post_type=product&#038;p=3469"},"modified":"2023-10-17T19:31:57","modified_gmt":"2023-10-17T17:31:57","slug":"patron-maillot-solene-et-variante","status":"publish","type":"product","link":"https:\/\/cecilediy.com\/index.php\/produit\/patron-maillot-solene-et-variante\/","title":{"rendered":"Patron maillot de bain Sol\u00e8ne et sa variante 80&rsquo;s (34-52)"},"content":{"rendered":"<ul>\n<li><b>Mat\u00e9riel <\/b>: Lycra, doublure mousse, laminette, fil mousse<\/li>\n<li><strong>Tailles<\/strong> : 34-52 pour une stature de 167 cm<\/li>\n<li><strong>Pdf<\/strong> :\n<ul>\n<li>Patron maillot de bain Sol\u00e8ne classique (\u00e9chancr\u00e9)<\/li>\n<li>Patron maillot de bain Sol\u00e8ne coupe 80&rsquo;s (plus couvrant)<\/li>\n<li>Tableaux de mesures, plan de coupe, plan d&rsquo;assemblage des feuilles A4<\/li>\n<li>Livret de montage : m\u00e9thode doubl\u00e9e, m\u00e9thode r\u00e9versible<\/li>\n<\/ul>\n<\/li>\n<li><strong>Difficult\u00e9<\/strong> : \u2605\u2605\u2606\u2606\u2606<\/li>\n<li><b>\u00c0 noter <\/b>: Imprimer en taille r\u00e9elle ou \u00e9chelle 100%<\/li>\n<li><strong>Pr\u00e9-requis<\/strong> : <a href=\"https:\/\/youtu.be\/1ldnpb5DMl8\" target=\"_blank\" rel=\"noopener noreferrer\">enfiler une machine \u00e0 coudre<\/a>, <a href=\"https:\/\/www.youtube.com\/watch?v=bxKKBV7Iclg\" target=\"_blank\" rel=\"noopener noreferrer\">b\u00e2tir<\/a>, coudre droit, ma\u00eetriser les bases de l&rsquo;assemblage, <a href=\"https:\/\/www.youtube.com\/watch?v=Ia2jpbBHNZU\" target=\"_blank\" rel=\"noopener noreferrer\">faire un point invisible \u00e0 la main<\/a><\/li>\n<li><strong>Les petit \u00ab\u00a0+\u00a0\u00bb<\/strong> : le patron comprend deux versions, il est filtrable par taille pour n&rsquo;imprimer que la taille n\u00e9cessaire<\/li>\n<li><strong>Instructions vid\u00e9o<\/strong> : <a href=\"https:\/\/youtu.be\/baSg_f_CSDA\" target=\"_blank\" rel=\"noopener noreferrer\">Coudre un maillot de bain Sol\u00e8ne doubl\u00e9<\/a>, <a href=\"https:\/\/www.youtube.com\/watch?v=x3lKhTdufRA\" target=\"_blank\" rel=\"noopener noreferrer\">R\u00e9aliser un maillot de bain Sol\u00e8ne r\u00e9versible<\/a><\/li>\n<\/ul>\n","protected":false},"excerpt":{"rendered":"<p>Le patron du maillot de bain Sol\u00e8ne est un basique de la garde-robe f\u00e9minine, d\u00e9clinable \u00e0 l&rsquo;infini.<\/p>\n<p>C\u2019est un mod\u00e8le relativement \u00e9chancr\u00e9 donnant une allure \u00e9lanc\u00e9e. Une variante du patron est propos\u00e9e en version 80\u2019s. Sa coupe disco est plus couvrante mais tout aussi sexy et tendance ! Vous l&rsquo;aurez compris : 2 patrons en 1 sont donc propos\u00e9s.<\/p>\n<p>Le livret de montage et les vid\u00e9os C\u00e9cile DIY permettent de le r\u00e9aliser de fa\u00e7on r\u00e9versible ou doubl\u00e9e de la taille 34 \u00e0 la taille 52.<\/p>\n<p>Une fois la commande valid\u00e9e, retrouvez le patron dans Mon Compte &gt; T\u00e9l\u00e9chargements.<\/p>\n","protected":false},"featured_media":6884,"comment_status":"open","ping_status":"closed","template":"","meta":[],"product_brand":[],"product_cat":[1048,1049,1053,951,993],"product_tag":[],"class_list":{"0":"post-3469","1":"product","2":"type-product","3":"status-publish","4":"has-post-thumbnail","6":"product_cat-femme","7":"product_cat-maillot-de-bain","8":"product_cat-pack-patrons","9":"product_cat-patron-couture-lingerie","10":"product_cat-patrons-pdf","12":"first","13":"instock","14":"downloadable","15":"virtual","16":"purchasable","17":"product-type-simple"},"yoast_head":"<!-- This site is optimized with the Yoast SEO plugin v26.4 - https:\/\/yoast.com\/wordpress\/plugins\/seo\/ -->\n<title>Patron maillot de bain Sol\u00e8ne classique + 80&#039;s du 34 au 52 | C\u00e9cile DIY<\/title>\n<meta name=\"description\" content=\"Patron de couture 2 en 1 : maillot de bain Sol\u00e8ne du 34 au 52 \u00e0 coudre en coupe classique ou 80s. Accessible aux d\u00e9butants gr\u00e2ce aux vid\u00e9os\" \/>\n<meta name=\"robots\" content=\"index, follow, max-snippet:-1, max-image-preview:large, max-video-preview:-1\" \/>\n<link rel=\"canonical\" href=\"https:\/\/cecilediy.com\/index.php\/produit\/patron-maillot-solene-et-variante\/\" \/>\n<meta property=\"og:locale\" content=\"fr_FR\" \/>\n<meta property=\"og:type\" content=\"article\" \/>\n<meta property=\"og:title\" content=\"Patron maillot de bain Sol\u00e8ne classique + 80&#039;s du 34 au 52 | C\u00e9cile DIY\" \/>\n<meta property=\"og:description\" content=\"Patron de couture 2 en 1 : maillot de bain Sol\u00e8ne du 34 au 52 \u00e0 coudre en coupe classique ou 80s. Accessible aux d\u00e9butants gr\u00e2ce aux vid\u00e9os\" \/>\n<meta property=\"og:url\" content=\"https:\/\/cecilediy.com\/index.php\/produit\/patron-maillot-solene-et-variante\/\" \/>\n<meta property=\"og:site_name\" content=\"Cecile DIY\" \/>\n<meta property=\"article:publisher\" content=\"https:\/\/www.facebook.com\/cecileoff\/\" \/>\n<meta property=\"article:modified_time\" content=\"2023-10-17T17:31:57+00:00\" \/>\n<meta property=\"og:image\" content=\"https:\/\/cecilediy.com\/wp-content\/uploads\/2021\/08\/Illustration-Maillot-Solene-classique-et-sa-variante-80s.jpg\" \/>\n\t<meta property=\"og:image:width\" content=\"1182\" \/>\n\t<meta property=\"og:image:height\" content=\"1182\" \/>\n\t<meta property=\"og:image:type\" content=\"image\/jpeg\" \/>\n<meta name=\"twitter:card\" content=\"summary_large_image\" \/>\n<meta name=\"twitter:label1\" content=\"Dur\u00e9e de lecture estim\u00e9e\" \/>\n\t<meta name=\"twitter:data1\" content=\"1 minute\" \/>\n<script type=\"application\/ld+json\" class=\"yoast-schema-graph\">{\"@context\":\"https:\/\/schema.org\",\"@graph\":[{\"@type\":\"WebPage\",\"@id\":\"https:\/\/cecilediy.com\/index.php\/produit\/patron-maillot-solene-et-variante\/\",\"url\":\"https:\/\/cecilediy.com\/index.php\/produit\/patron-maillot-solene-et-variante\/\",\"name\":\"Patron maillot de bain Sol\u00e8ne classique + 80's du 34 au 52 | C\u00e9cile DIY\",\"isPartOf\":{\"@id\":\"https:\/\/cecilediy.com\/#website\"},\"primaryImageOfPage\":{\"@id\":\"https:\/\/cecilediy.com\/index.php\/produit\/patron-maillot-solene-et-variante\/#primaryimage\"},\"image\":{\"@id\":\"https:\/\/cecilediy.com\/index.php\/produit\/patron-maillot-solene-et-variante\/#primaryimage\"},\"thumbnailUrl\":\"https:\/\/cecilediy.com\/wp-content\/uploads\/2021\/08\/Illustration-Maillot-Solene-classique-et-sa-variante-80s.jpg\",\"datePublished\":\"2021-08-10T11:11:59+00:00\",\"dateModified\":\"2023-10-17T17:31:57+00:00\",\"description\":\"Patron de couture 2 en 1 : maillot de bain Sol\u00e8ne du 34 au 52 \u00e0 coudre en coupe classique ou 80s. Accessible aux d\u00e9butants gr\u00e2ce aux vid\u00e9os\",\"breadcrumb\":{\"@id\":\"https:\/\/cecilediy.com\/index.php\/produit\/patron-maillot-solene-et-variante\/#breadcrumb\"},\"inLanguage\":\"fr-FR\",\"potentialAction\":[{\"@type\":\"ReadAction\",\"target\":[\"https:\/\/cecilediy.com\/index.php\/produit\/patron-maillot-solene-et-variante\/\"]}]},{\"@type\":\"ImageObject\",\"inLanguage\":\"fr-FR\",\"@id\":\"https:\/\/cecilediy.com\/index.php\/produit\/patron-maillot-solene-et-variante\/#primaryimage\",\"url\":\"https:\/\/cecilediy.com\/wp-content\/uploads\/2021\/08\/Illustration-Maillot-Solene-classique-et-sa-variante-80s.jpg\",\"contentUrl\":\"https:\/\/cecilediy.com\/wp-content\/uploads\/2021\/08\/Illustration-Maillot-Solene-classique-et-sa-variante-80s.jpg\",\"width\":1182,\"height\":1182},{\"@type\":\"BreadcrumbList\",\"@id\":\"https:\/\/cecilediy.com\/index.php\/produit\/patron-maillot-solene-et-variante\/#breadcrumb\",\"itemListElement\":[{\"@type\":\"ListItem\",\"position\":1,\"name\":\"Accueil\",\"item\":\"https:\/\/cecilediy.com\/\"},{\"@type\":\"ListItem\",\"position\":2,\"name\":\"Boutique\",\"item\":\"https:\/\/cecilediy.com\/index.php\/boutique-cecile-diy\/\"},{\"@type\":\"ListItem\",\"position\":3,\"name\":\"Patron maillot de bain Sol\u00e8ne et sa variante 80&#8217;s (34-52)\"}]},{\"@type\":\"WebSite\",\"@id\":\"https:\/\/cecilediy.com\/#website\",\"url\":\"https:\/\/cecilediy.com\/\",\"name\":\"C\u00e9cile DIY\",\"description\":\"DO IT YOURSELF\",\"publisher\":{\"@id\":\"https:\/\/cecilediy.com\/#\/schema\/person\/1e9bf1431e848e6f3f72380013e1d9db\"},\"potentialAction\":[{\"@type\":\"SearchAction\",\"target\":{\"@type\":\"EntryPoint\",\"urlTemplate\":\"https:\/\/cecilediy.com\/?s={search_term_string}\"},\"query-input\":{\"@type\":\"PropertyValueSpecification\",\"valueRequired\":true,\"valueName\":\"search_term_string\"}}],\"inLanguage\":\"fr-FR\"},{\"@type\":[\"Person\",\"Organization\"],\"@id\":\"https:\/\/cecilediy.com\/#\/schema\/person\/1e9bf1431e848e6f3f72380013e1d9db\",\"name\":\"C\u00e9cile\",\"image\":{\"@type\":\"ImageObject\",\"inLanguage\":\"fr-FR\",\"@id\":\"https:\/\/cecilediy.com\/#\/schema\/person\/image\/\",\"url\":\"https:\/\/cecilediy.com\/wp-content\/uploads\/2022\/12\/Robe-Cassiopee-scaled.jpg\",\"contentUrl\":\"https:\/\/cecilediy.com\/wp-content\/uploads\/2022\/12\/Robe-Cassiopee-scaled.jpg\",\"width\":1920,\"height\":2560,\"caption\":\"C\u00e9cile\"},\"logo\":{\"@id\":\"https:\/\/cecilediy.com\/#\/schema\/person\/image\/\"},\"description\":\"Mod\u00e9liste, Content &amp; social media, Photographe\",\"sameAs\":[\"https:\/\/cecilediy.com\",\"https:\/\/www.facebook.com\/cecileoff\/\",\"https:\/\/www.instagram.com\/cecilediy\/\",\"https:\/\/www.pinterest.fr\/ccilediy\",\"https:\/\/www.youtube.com\/c\/cecilediy\"]}]}<\/script>\n<!-- \/ Yoast SEO plugin. -->","yoast_head_json":{"title":"Patron maillot de bain Sol\u00e8ne classique + 80's du 34 au 52 | C\u00e9cile DIY","description":"Patron de couture 2 en 1 : maillot de bain Sol\u00e8ne du 34 au 52 \u00e0 coudre en coupe classique ou 80s. Accessible aux d\u00e9butants gr\u00e2ce aux vid\u00e9os","robots":{"index":"index","follow":"follow","max-snippet":"max-snippet:-1","max-image-preview":"max-image-preview:large","max-video-preview":"max-video-preview:-1"},"canonical":"https:\/\/cecilediy.com\/index.php\/produit\/patron-maillot-solene-et-variante\/","og_locale":"fr_FR","og_type":"article","og_title":"Patron maillot de bain Sol\u00e8ne classique + 80's du 34 au 52 | C\u00e9cile DIY","og_description":"Patron de couture 2 en 1 : maillot de bain Sol\u00e8ne du 34 au 52 \u00e0 coudre en coupe classique ou 80s. Accessible aux d\u00e9butants gr\u00e2ce aux vid\u00e9os","og_url":"https:\/\/cecilediy.com\/index.php\/produit\/patron-maillot-solene-et-variante\/","og_site_name":"Cecile DIY","article_publisher":"https:\/\/www.facebook.com\/cecileoff\/","article_modified_time":"2023-10-17T17:31:57+00:00","og_image":[{"width":1182,"height":1182,"url":"https:\/\/cecilediy.com\/wp-content\/uploads\/2021\/08\/Illustration-Maillot-Solene-classique-et-sa-variante-80s.jpg","type":"image\/jpeg"}],"twitter_card":"summary_large_image","twitter_misc":{"Dur\u00e9e de lecture estim\u00e9e":"1 minute"},"schema":{"@context":"https:\/\/schema.org","@graph":[{"@type":"WebPage","@id":"https:\/\/cecilediy.com\/index.php\/produit\/patron-maillot-solene-et-variante\/","url":"https:\/\/cecilediy.com\/index.php\/produit\/patron-maillot-solene-et-variante\/","name":"Patron maillot de bain Sol\u00e8ne classique + 80's du 34 au 52 | C\u00e9cile DIY","isPartOf":{"@id":"https:\/\/cecilediy.com\/#website"},"primaryImageOfPage":{"@id":"https:\/\/cecilediy.com\/index.php\/produit\/patron-maillot-solene-et-variante\/#primaryimage"},"image":{"@id":"https:\/\/cecilediy.com\/index.php\/produit\/patron-maillot-solene-et-variante\/#primaryimage"},"thumbnailUrl":"https:\/\/cecilediy.com\/wp-content\/uploads\/2021\/08\/Illustration-Maillot-Solene-classique-et-sa-variante-80s.jpg","datePublished":"2021-08-10T11:11:59+00:00","dateModified":"2023-10-17T17:31:57+00:00","description":"Patron de couture 2 en 1 : maillot de bain Sol\u00e8ne du 34 au 52 \u00e0 coudre en coupe classique ou 80s. Accessible aux d\u00e9butants gr\u00e2ce aux vid\u00e9os","breadcrumb":{"@id":"https:\/\/cecilediy.com\/index.php\/produit\/patron-maillot-solene-et-variante\/#breadcrumb"},"inLanguage":"fr-FR","potentialAction":[{"@type":"ReadAction","target":["https:\/\/cecilediy.com\/index.php\/produit\/patron-maillot-solene-et-variante\/"]}]},{"@type":"ImageObject","inLanguage":"fr-FR","@id":"https:\/\/cecilediy.com\/index.php\/produit\/patron-maillot-solene-et-variante\/#primaryimage","url":"https:\/\/cecilediy.com\/wp-content\/uploads\/2021\/08\/Illustration-Maillot-Solene-classique-et-sa-variante-80s.jpg","contentUrl":"https:\/\/cecilediy.com\/wp-content\/uploads\/2021\/08\/Illustration-Maillot-Solene-classique-et-sa-variante-80s.jpg","width":1182,"height":1182},{"@type":"BreadcrumbList","@id":"https:\/\/cecilediy.com\/index.php\/produit\/patron-maillot-solene-et-variante\/#breadcrumb","itemListElement":[{"@type":"ListItem","position":1,"name":"Accueil","item":"https:\/\/cecilediy.com\/"},{"@type":"ListItem","position":2,"name":"Boutique","item":"https:\/\/cecilediy.com\/index.php\/boutique-cecile-diy\/"},{"@type":"ListItem","position":3,"name":"Patron maillot de bain Sol\u00e8ne et sa variante 80&#8217;s (34-52)"}]},{"@type":"WebSite","@id":"https:\/\/cecilediy.com\/#website","url":"https:\/\/cecilediy.com\/","name":"C\u00e9cile DIY","description":"DO IT YOURSELF","publisher":{"@id":"https:\/\/cecilediy.com\/#\/schema\/person\/1e9bf1431e848e6f3f72380013e1d9db"},"potentialAction":[{"@type":"SearchAction","target":{"@type":"EntryPoint","urlTemplate":"https:\/\/cecilediy.com\/?s={search_term_string}"},"query-input":{"@type":"PropertyValueSpecification","valueRequired":true,"valueName":"search_term_string"}}],"inLanguage":"fr-FR"},{"@type":["Person","Organization"],"@id":"https:\/\/cecilediy.com\/#\/schema\/person\/1e9bf1431e848e6f3f72380013e1d9db","name":"C\u00e9cile","image":{"@type":"ImageObject","inLanguage":"fr-FR","@id":"https:\/\/cecilediy.com\/#\/schema\/person\/image\/","url":"https:\/\/cecilediy.com\/wp-content\/uploads\/2022\/12\/Robe-Cassiopee-scaled.jpg","contentUrl":"https:\/\/cecilediy.com\/wp-content\/uploads\/2022\/12\/Robe-Cassiopee-scaled.jpg","width":1920,"height":2560,"caption":"C\u00e9cile"},"logo":{"@id":"https:\/\/cecilediy.com\/#\/schema\/person\/image\/"},"description":"Mod\u00e9liste, Content &amp; social media, Photographe","sameAs":["https:\/\/cecilediy.com","https:\/\/www.facebook.com\/cecileoff\/","https:\/\/www.instagram.com\/cecilediy\/","https:\/\/www.pinterest.fr\/ccilediy","https:\/\/www.youtube.com\/c\/cecilediy"]}]}},"_links":{"self":[{"href":"https:\/\/cecilediy.com\/index.php\/wp-json\/wp\/v2\/product\/3469","targetHints":{"allow":["GET"]}}],"collection":[{"href":"https:\/\/cecilediy.com\/index.php\/wp-json\/wp\/v2\/product"}],"about":[{"href":"https:\/\/cecilediy.com\/index.php\/wp-json\/wp\/v2\/types\/product"}],"replies":[{"embeddable":true,"href":"https:\/\/cecilediy.com\/index.php\/wp-json\/wp\/v2\/comments?post=3469"}],"wp:featuredmedia":[{"embeddable":true,"href":"https:\/\/cecilediy.com\/index.php\/wp-json\/wp\/v2\/media\/6884"}],"wp:attachment":[{"href":"https:\/\/cecilediy.com\/index.php\/wp-json\/wp\/v2\/media?parent=3469"}],"wp:term":[{"taxonomy":"product_brand","embeddable":true,"href":"https:\/\/cecilediy.com\/index.php\/wp-json\/wp\/v2\/product_brand?post=3469"},{"taxonomy":"product_cat","embeddable":true,"href":"https:\/\/cecilediy.com\/index.php\/wp-json\/wp\/v2\/product_cat?post=3469"},{"taxonomy":"product_tag","embeddable":true,"href":"https:\/\/cecilediy.com\/index.php\/wp-json\/wp\/v2\/product_tag?post=3469"}],"curies":[{"name":"wp","href":"https:\/\/api.w.org\/{rel}","templated":true}]}}