{"id":3301,"date":"2020-03-13T19:12:30","date_gmt":"2020-03-13T18:12:30","guid":{"rendered":"https:\/\/cecilediy.com\/?post_type=product&#038;p=3301"},"modified":"2025-10-05T10:19:55","modified_gmt":"2025-10-05T08:19:55","slug":"serviettes-hygieniques-lavables","status":"publish","type":"product","link":"https:\/\/cecilediy.com\/index.php\/produit\/serviettes-hygieniques-lavables\/","title":{"rendered":"Serviettes hygi\u00e9niques lavables SHL"},"content":{"rendered":"<ul>\n<li><b>Mat\u00e9riel <\/b>: Coton bio non trait\u00e9 GOTS ou Oekotex, PUL, zorb, pressions en plastique<\/li>\n<li><strong>Tailles<\/strong> : SHL de nuit, SHL de jour, SHL de fins de r\u00e8gles, prot\u00e8ge slip<\/li>\n<li><strong>Pdf<\/strong> : 4 patrons de diff\u00e9rentes tailles pour r\u00e9aliser toutes ses protections intimes, livret de montage illustr\u00e9<\/li>\n<li><strong>Difficult\u00e9<\/strong> : \u2605\u2606\u2606\u2606\u2606<\/li>\n<li><b>A noter <\/b>: Imprimer en taille r\u00e9elle ou \u00e9chelle 100%, possibilit\u00e9 de n&rsquo;imprimer que la taille n\u00e9cessaire<\/li>\n<li><strong>Pr\u00e9-requis<\/strong> : <a href=\"https:\/\/youtu.be\/1ldnpb5DMl8\" target=\"_blank\" rel=\"noopener noreferrer\">enfiler une machine \u00e0 coudre<\/a>, b\u00e2tir, coudre droit, ma\u00eetriser les bases de l&rsquo;assemblage<\/li>\n<li><strong>Le petit \u00ab\u00a0+\u00a0\u00bb<\/strong> : simple et rapide \u00e0 coudre, un projet id\u00e9al pour les novices en couture. Le patron est filtrable par taille, ce qui permet de n&rsquo;imprimer que la taille n\u00e9cessaire.<\/li>\n<li><strong>Pas \u00e0 pas vid\u00e9o<\/strong> : <a href=\"https:\/\/youtu.be\/6NarXUQ1H90?si=v2vO7mwVjjvxrUGd\" target=\"_blank\" rel=\"noopener noreferrer\">Coudre des serviettes hygi\u00e9niques lavables<\/a><\/li>\n<\/ul>\n","protected":false},"excerpt":{"rendered":"<p>En moyenne, chaque femme d\u00e9pense plusieurs milliers d&rsquo;euros au cours de sa vie pour acheter ses protections intimes. Ces protections comportent de nombreux produits chimiques. Aujourd&rsquo;hui, le textile a \u00e9volu\u00e9 et nous disposons de tissus tr\u00e8s techniques permettant de r\u00e9aliser ses propres protections intimes, permettant d&rsquo;\u00e9conomiser de l&rsquo;argent et de se tourner vers une solution plus durable.<\/p>\n<p>Ce pack comprend 4 patrons pour r\u00e9aliser des serviettes hygi\u00e9niques de nuit, de jour, de fin de r\u00e8gles et un prot\u00e8ge slip.<\/p>\n<p>Une fois la commande valid\u00e9e, retrouvez le patron dans Mon Compte &gt; T\u00e9l\u00e9chargements.<\/p>\n","protected":false},"featured_media":3302,"comment_status":"open","ping_status":"closed","template":"","meta":[],"product_brand":[],"product_cat":[1048,1050,951,993],"product_tag":[],"class_list":{"0":"post-3301","1":"product","2":"type-product","3":"status-publish","4":"has-post-thumbnail","6":"product_cat-femme","7":"product_cat-lingerie","8":"product_cat-patron-couture-lingerie","9":"product_cat-patrons-pdf","11":"first","12":"instock","13":"downloadable","14":"virtual","15":"purchasable","16":"product-type-simple"},"yoast_head":"<!-- This site is optimized with the Yoast SEO plugin v26.4 - https:\/\/yoast.com\/wordpress\/plugins\/seo\/ -->\n<title>Patron de couture serviettes hygi\u00e9niques lavables | C\u00e9cile DIY<\/title>\n<meta name=\"description\" content=\"Patron pour coudre 4 tailles de serviettes hygi\u00e9niques lavables, tout en \u00e9tant accompagn\u00e9 d&#039;une vid\u00e9o explicative et d&#039;un livret de montage.\" \/>\n<meta name=\"robots\" content=\"index, follow, max-snippet:-1, max-image-preview:large, max-video-preview:-1\" \/>\n<link rel=\"canonical\" href=\"https:\/\/cecilediy.com\/index.php\/produit\/serviettes-hygieniques-lavables\/\" \/>\n<meta property=\"og:locale\" content=\"fr_FR\" \/>\n<meta property=\"og:type\" content=\"article\" \/>\n<meta property=\"og:title\" content=\"Patron de couture serviettes hygi\u00e9niques lavables | C\u00e9cile DIY\" \/>\n<meta property=\"og:description\" content=\"Patron pour coudre 4 tailles de serviettes hygi\u00e9niques lavables, tout en \u00e9tant accompagn\u00e9 d&#039;une vid\u00e9o explicative et d&#039;un livret de montage.\" \/>\n<meta property=\"og:url\" content=\"https:\/\/cecilediy.com\/index.php\/produit\/serviettes-hygieniques-lavables\/\" \/>\n<meta property=\"og:site_name\" content=\"Cecile DIY\" \/>\n<meta property=\"article:publisher\" content=\"https:\/\/www.facebook.com\/cecileoff\/\" \/>\n<meta property=\"article:modified_time\" content=\"2025-10-05T08:19:55+00:00\" \/>\n<meta property=\"og:image\" content=\"https:\/\/cecilediy.com\/wp-content\/uploads\/2020\/03\/P1044065-scaled.jpg\" \/>\n\t<meta property=\"og:image:width\" content=\"2560\" \/>\n\t<meta property=\"og:image:height\" content=\"1442\" \/>\n\t<meta property=\"og:image:type\" content=\"image\/jpeg\" \/>\n<meta name=\"twitter:card\" content=\"summary_large_image\" \/>\n<meta name=\"twitter:label1\" content=\"Dur\u00e9e de lecture estim\u00e9e\" \/>\n\t<meta name=\"twitter:data1\" content=\"1 minute\" \/>\n<script type=\"application\/ld+json\" class=\"yoast-schema-graph\">{\"@context\":\"https:\/\/schema.org\",\"@graph\":[{\"@type\":\"WebPage\",\"@id\":\"https:\/\/cecilediy.com\/index.php\/produit\/serviettes-hygieniques-lavables\/\",\"url\":\"https:\/\/cecilediy.com\/index.php\/produit\/serviettes-hygieniques-lavables\/\",\"name\":\"Patron de couture serviettes hygi\u00e9niques lavables | C\u00e9cile DIY\",\"isPartOf\":{\"@id\":\"https:\/\/cecilediy.com\/#website\"},\"primaryImageOfPage\":{\"@id\":\"https:\/\/cecilediy.com\/index.php\/produit\/serviettes-hygieniques-lavables\/#primaryimage\"},\"image\":{\"@id\":\"https:\/\/cecilediy.com\/index.php\/produit\/serviettes-hygieniques-lavables\/#primaryimage\"},\"thumbnailUrl\":\"https:\/\/cecilediy.com\/wp-content\/uploads\/2020\/03\/P1044065-scaled.jpg\",\"datePublished\":\"2020-03-13T18:12:30+00:00\",\"dateModified\":\"2025-10-05T08:19:55+00:00\",\"description\":\"Patron pour coudre 4 tailles de serviettes hygi\u00e9niques lavables, tout en \u00e9tant accompagn\u00e9 d'une vid\u00e9o explicative et d'un livret de montage.\",\"breadcrumb\":{\"@id\":\"https:\/\/cecilediy.com\/index.php\/produit\/serviettes-hygieniques-lavables\/#breadcrumb\"},\"inLanguage\":\"fr-FR\",\"potentialAction\":[{\"@type\":\"ReadAction\",\"target\":[\"https:\/\/cecilediy.com\/index.php\/produit\/serviettes-hygieniques-lavables\/\"]}]},{\"@type\":\"ImageObject\",\"inLanguage\":\"fr-FR\",\"@id\":\"https:\/\/cecilediy.com\/index.php\/produit\/serviettes-hygieniques-lavables\/#primaryimage\",\"url\":\"https:\/\/cecilediy.com\/wp-content\/uploads\/2020\/03\/P1044065-scaled.jpg\",\"contentUrl\":\"https:\/\/cecilediy.com\/wp-content\/uploads\/2020\/03\/P1044065-scaled.jpg\",\"width\":2560,\"height\":1442},{\"@type\":\"BreadcrumbList\",\"@id\":\"https:\/\/cecilediy.com\/index.php\/produit\/serviettes-hygieniques-lavables\/#breadcrumb\",\"itemListElement\":[{\"@type\":\"ListItem\",\"position\":1,\"name\":\"Accueil\",\"item\":\"https:\/\/cecilediy.com\/\"},{\"@type\":\"ListItem\",\"position\":2,\"name\":\"Boutique\",\"item\":\"https:\/\/cecilediy.com\/index.php\/boutique-cecile-diy\/\"},{\"@type\":\"ListItem\",\"position\":3,\"name\":\"Serviettes hygi\u00e9niques lavables SHL\"}]},{\"@type\":\"WebSite\",\"@id\":\"https:\/\/cecilediy.com\/#website\",\"url\":\"https:\/\/cecilediy.com\/\",\"name\":\"C\u00e9cile DIY\",\"description\":\"DO IT YOURSELF\",\"publisher\":{\"@id\":\"https:\/\/cecilediy.com\/#\/schema\/person\/1e9bf1431e848e6f3f72380013e1d9db\"},\"potentialAction\":[{\"@type\":\"SearchAction\",\"target\":{\"@type\":\"EntryPoint\",\"urlTemplate\":\"https:\/\/cecilediy.com\/?s={search_term_string}\"},\"query-input\":{\"@type\":\"PropertyValueSpecification\",\"valueRequired\":true,\"valueName\":\"search_term_string\"}}],\"inLanguage\":\"fr-FR\"},{\"@type\":[\"Person\",\"Organization\"],\"@id\":\"https:\/\/cecilediy.com\/#\/schema\/person\/1e9bf1431e848e6f3f72380013e1d9db\",\"name\":\"C\u00e9cile\",\"image\":{\"@type\":\"ImageObject\",\"inLanguage\":\"fr-FR\",\"@id\":\"https:\/\/cecilediy.com\/#\/schema\/person\/image\/\",\"url\":\"https:\/\/cecilediy.com\/wp-content\/uploads\/2022\/12\/Robe-Cassiopee-scaled.jpg\",\"contentUrl\":\"https:\/\/cecilediy.com\/wp-content\/uploads\/2022\/12\/Robe-Cassiopee-scaled.jpg\",\"width\":1920,\"height\":2560,\"caption\":\"C\u00e9cile\"},\"logo\":{\"@id\":\"https:\/\/cecilediy.com\/#\/schema\/person\/image\/\"},\"description\":\"Mod\u00e9liste, Content &amp; social media, Photographe\",\"sameAs\":[\"https:\/\/cecilediy.com\",\"https:\/\/www.facebook.com\/cecileoff\/\",\"https:\/\/www.instagram.com\/cecilediy\/\",\"https:\/\/www.pinterest.fr\/ccilediy\",\"https:\/\/www.youtube.com\/c\/cecilediy\"]}]}<\/script>\n<!-- \/ Yoast SEO plugin. -->","yoast_head_json":{"title":"Patron de couture serviettes hygi\u00e9niques lavables | C\u00e9cile DIY","description":"Patron pour coudre 4 tailles de serviettes hygi\u00e9niques lavables, tout en \u00e9tant accompagn\u00e9 d'une vid\u00e9o explicative et d'un livret de montage.","robots":{"index":"index","follow":"follow","max-snippet":"max-snippet:-1","max-image-preview":"max-image-preview:large","max-video-preview":"max-video-preview:-1"},"canonical":"https:\/\/cecilediy.com\/index.php\/produit\/serviettes-hygieniques-lavables\/","og_locale":"fr_FR","og_type":"article","og_title":"Patron de couture serviettes hygi\u00e9niques lavables | C\u00e9cile DIY","og_description":"Patron pour coudre 4 tailles de serviettes hygi\u00e9niques lavables, tout en \u00e9tant accompagn\u00e9 d'une vid\u00e9o explicative et d'un livret de montage.","og_url":"https:\/\/cecilediy.com\/index.php\/produit\/serviettes-hygieniques-lavables\/","og_site_name":"Cecile DIY","article_publisher":"https:\/\/www.facebook.com\/cecileoff\/","article_modified_time":"2025-10-05T08:19:55+00:00","og_image":[{"width":2560,"height":1442,"url":"https:\/\/cecilediy.com\/wp-content\/uploads\/2020\/03\/P1044065-scaled.jpg","type":"image\/jpeg"}],"twitter_card":"summary_large_image","twitter_misc":{"Dur\u00e9e de lecture estim\u00e9e":"1 minute"},"schema":{"@context":"https:\/\/schema.org","@graph":[{"@type":"WebPage","@id":"https:\/\/cecilediy.com\/index.php\/produit\/serviettes-hygieniques-lavables\/","url":"https:\/\/cecilediy.com\/index.php\/produit\/serviettes-hygieniques-lavables\/","name":"Patron de couture serviettes hygi\u00e9niques lavables | C\u00e9cile DIY","isPartOf":{"@id":"https:\/\/cecilediy.com\/#website"},"primaryImageOfPage":{"@id":"https:\/\/cecilediy.com\/index.php\/produit\/serviettes-hygieniques-lavables\/#primaryimage"},"image":{"@id":"https:\/\/cecilediy.com\/index.php\/produit\/serviettes-hygieniques-lavables\/#primaryimage"},"thumbnailUrl":"https:\/\/cecilediy.com\/wp-content\/uploads\/2020\/03\/P1044065-scaled.jpg","datePublished":"2020-03-13T18:12:30+00:00","dateModified":"2025-10-05T08:19:55+00:00","description":"Patron pour coudre 4 tailles de serviettes hygi\u00e9niques lavables, tout en \u00e9tant accompagn\u00e9 d'une vid\u00e9o explicative et d'un livret de montage.","breadcrumb":{"@id":"https:\/\/cecilediy.com\/index.php\/produit\/serviettes-hygieniques-lavables\/#breadcrumb"},"inLanguage":"fr-FR","potentialAction":[{"@type":"ReadAction","target":["https:\/\/cecilediy.com\/index.php\/produit\/serviettes-hygieniques-lavables\/"]}]},{"@type":"ImageObject","inLanguage":"fr-FR","@id":"https:\/\/cecilediy.com\/index.php\/produit\/serviettes-hygieniques-lavables\/#primaryimage","url":"https:\/\/cecilediy.com\/wp-content\/uploads\/2020\/03\/P1044065-scaled.jpg","contentUrl":"https:\/\/cecilediy.com\/wp-content\/uploads\/2020\/03\/P1044065-scaled.jpg","width":2560,"height":1442},{"@type":"BreadcrumbList","@id":"https:\/\/cecilediy.com\/index.php\/produit\/serviettes-hygieniques-lavables\/#breadcrumb","itemListElement":[{"@type":"ListItem","position":1,"name":"Accueil","item":"https:\/\/cecilediy.com\/"},{"@type":"ListItem","position":2,"name":"Boutique","item":"https:\/\/cecilediy.com\/index.php\/boutique-cecile-diy\/"},{"@type":"ListItem","position":3,"name":"Serviettes hygi\u00e9niques lavables SHL"}]},{"@type":"WebSite","@id":"https:\/\/cecilediy.com\/#website","url":"https:\/\/cecilediy.com\/","name":"C\u00e9cile DIY","description":"DO IT YOURSELF","publisher":{"@id":"https:\/\/cecilediy.com\/#\/schema\/person\/1e9bf1431e848e6f3f72380013e1d9db"},"potentialAction":[{"@type":"SearchAction","target":{"@type":"EntryPoint","urlTemplate":"https:\/\/cecilediy.com\/?s={search_term_string}"},"query-input":{"@type":"PropertyValueSpecification","valueRequired":true,"valueName":"search_term_string"}}],"inLanguage":"fr-FR"},{"@type":["Person","Organization"],"@id":"https:\/\/cecilediy.com\/#\/schema\/person\/1e9bf1431e848e6f3f72380013e1d9db","name":"C\u00e9cile","image":{"@type":"ImageObject","inLanguage":"fr-FR","@id":"https:\/\/cecilediy.com\/#\/schema\/person\/image\/","url":"https:\/\/cecilediy.com\/wp-content\/uploads\/2022\/12\/Robe-Cassiopee-scaled.jpg","contentUrl":"https:\/\/cecilediy.com\/wp-content\/uploads\/2022\/12\/Robe-Cassiopee-scaled.jpg","width":1920,"height":2560,"caption":"C\u00e9cile"},"logo":{"@id":"https:\/\/cecilediy.com\/#\/schema\/person\/image\/"},"description":"Mod\u00e9liste, Content &amp; social media, Photographe","sameAs":["https:\/\/cecilediy.com","https:\/\/www.facebook.com\/cecileoff\/","https:\/\/www.instagram.com\/cecilediy\/","https:\/\/www.pinterest.fr\/ccilediy","https:\/\/www.youtube.com\/c\/cecilediy"]}]}},"_links":{"self":[{"href":"https:\/\/cecilediy.com\/index.php\/wp-json\/wp\/v2\/product\/3301","targetHints":{"allow":["GET"]}}],"collection":[{"href":"https:\/\/cecilediy.com\/index.php\/wp-json\/wp\/v2\/product"}],"about":[{"href":"https:\/\/cecilediy.com\/index.php\/wp-json\/wp\/v2\/types\/product"}],"replies":[{"embeddable":true,"href":"https:\/\/cecilediy.com\/index.php\/wp-json\/wp\/v2\/comments?post=3301"}],"wp:featuredmedia":[{"embeddable":true,"href":"https:\/\/cecilediy.com\/index.php\/wp-json\/wp\/v2\/media\/3302"}],"wp:attachment":[{"href":"https:\/\/cecilediy.com\/index.php\/wp-json\/wp\/v2\/media?parent=3301"}],"wp:term":[{"taxonomy":"product_brand","embeddable":true,"href":"https:\/\/cecilediy.com\/index.php\/wp-json\/wp\/v2\/product_brand?post=3301"},{"taxonomy":"product_cat","embeddable":true,"href":"https:\/\/cecilediy.com\/index.php\/wp-json\/wp\/v2\/product_cat?post=3301"},{"taxonomy":"product_tag","embeddable":true,"href":"https:\/\/cecilediy.com\/index.php\/wp-json\/wp\/v2\/product_tag?post=3301"}],"curies":[{"name":"wp","href":"https:\/\/api.w.org\/{rel}","templated":true}]}}