{"id":2934,"date":"2019-11-21T14:12:09","date_gmt":"2019-11-21T13:12:09","guid":{"rendered":"https:\/\/cecilediy.com\/?post_type=product&#038;p=2934"},"modified":"2025-02-18T12:49:41","modified_gmt":"2025-02-18T11:49:41","slug":"barrette-de-reglage-soutien-gorge-rose-langue-12-mm","status":"publish","type":"product","link":"https:\/\/cecilediy.com\/index.php\/produit\/barrette-de-reglage-soutien-gorge-rose-langue-12-mm\/","title":{"rendered":"Barrette de r\u00e9glage soutien-gorge"},"content":{"rendered":"<p>Caract\u00e9ristiques du produit :<\/p>\n<ul>\n<li><strong>Nom<\/strong> : Barrette de r\u00e9glage pour soutien-gorge<\/li>\n<li><strong>Couleur<\/strong> : Rose langue<\/li>\n<li><strong>Mat\u00e9riaux<\/strong> : M\u00e9tal<\/li>\n<li><strong>Usage<\/strong> : Lingerie<\/li>\n<li><strong>Vente<\/strong> : \u00e0 l&rsquo;unit\u00e9<\/li>\n<li><b>Diam\u00e8tre ext\u00e9rieur <\/b>: 12 mm<\/li>\n<li><b>Diam\u00e8tre int\u00e9rieur <\/b>: 9,5 mm<\/li>\n<li><strong>R\u00e9f\u00e9rence<\/strong> : BA1015<\/li>\n<\/ul>\n","protected":false},"excerpt":{"rendered":"<p class=\"p1\">Cette barrette de r\u00e9glage rose langue en m\u00e9tal avec finition laqu\u00e9e, aussi appel\u00e9e r\u00e9glette, est id\u00e9ale pour la confection de lingerie. Elle permet notamment de constituer des bretelles de soutien-gorge ou de v\u00eatements ajustables aux \u00e9paules.<\/p>\n<p class=\"p1\">Son diam\u00e8tre int\u00e9rieur mesurant 9,5 mm, elle est particuli\u00e8rement adapt\u00e9e pour les \u00e9lastiques \u00e0 bretelles faisant 10 mm de large.<\/p>\n","protected":false},"featured_media":4887,"comment_status":"open","ping_status":"closed","template":"","meta":[],"product_brand":[],"product_cat":[979],"product_tag":[],"class_list":{"0":"post-2934","1":"product","2":"type-product","3":"status-publish","4":"has-post-thumbnail","6":"product_cat-barrettes-de-reglage","8":"first","9":"instock","10":"shipping-taxable","11":"purchasable","12":"product-type-simple"},"yoast_head":"<!-- This site is optimized with the Yoast SEO plugin v26.4 - https:\/\/yoast.com\/wordpress\/plugins\/seo\/ -->\n<title>Barrette de r\u00e9glage soutien-gorge m\u00e9tal rose langue 12 mm r\u00e9glette<\/title>\n<meta name=\"description\" content=\"Barrette de r\u00e9glage soutien-gorge en m\u00e9tal rose langue 12 mm - r\u00e9glette : d\u00e9couvrez notre s\u00e9lection de mercerie lingerie pour coudre votre lingerie.\" \/>\n<meta name=\"robots\" content=\"index, follow, max-snippet:-1, max-image-preview:large, max-video-preview:-1\" \/>\n<link rel=\"canonical\" href=\"https:\/\/cecilediy.com\/index.php\/produit\/barrette-de-reglage-soutien-gorge-rose-langue-12-mm\/\" \/>\n<meta property=\"og:locale\" content=\"fr_FR\" \/>\n<meta property=\"og:type\" content=\"article\" \/>\n<meta property=\"og:title\" content=\"Barrette de r\u00e9glage soutien-gorge m\u00e9tal rose langue 12 mm r\u00e9glette\" \/>\n<meta property=\"og:description\" content=\"Barrette de r\u00e9glage soutien-gorge en m\u00e9tal rose langue 12 mm - r\u00e9glette : d\u00e9couvrez notre s\u00e9lection de mercerie lingerie pour coudre votre lingerie.\" \/>\n<meta property=\"og:url\" content=\"https:\/\/cecilediy.com\/index.php\/produit\/barrette-de-reglage-soutien-gorge-rose-langue-12-mm\/\" \/>\n<meta property=\"og:site_name\" content=\"Cecile DIY\" \/>\n<meta property=\"article:publisher\" content=\"https:\/\/www.facebook.com\/cecileoff\/\" \/>\n<meta property=\"article:modified_time\" content=\"2025-02-18T11:49:41+00:00\" \/>\n<meta property=\"og:image\" content=\"https:\/\/cecilediy.com\/wp-content\/uploads\/2020\/12\/BA1015.jpg\" \/>\n\t<meta property=\"og:image:width\" content=\"2000\" \/>\n\t<meta property=\"og:image:height\" content=\"2000\" \/>\n\t<meta property=\"og:image:type\" content=\"image\/jpeg\" \/>\n<meta name=\"twitter:card\" content=\"summary_large_image\" \/>\n<meta name=\"twitter:label1\" content=\"Dur\u00e9e de lecture estim\u00e9e\" \/>\n\t<meta name=\"twitter:data1\" content=\"1 minute\" \/>\n<script type=\"application\/ld+json\" class=\"yoast-schema-graph\">{\"@context\":\"https:\/\/schema.org\",\"@graph\":[{\"@type\":\"WebPage\",\"@id\":\"https:\/\/cecilediy.com\/index.php\/produit\/barrette-de-reglage-soutien-gorge-rose-langue-12-mm\/\",\"url\":\"https:\/\/cecilediy.com\/index.php\/produit\/barrette-de-reglage-soutien-gorge-rose-langue-12-mm\/\",\"name\":\"Barrette de r\u00e9glage soutien-gorge m\u00e9tal rose langue 12 mm r\u00e9glette\",\"isPartOf\":{\"@id\":\"https:\/\/cecilediy.com\/#website\"},\"primaryImageOfPage\":{\"@id\":\"https:\/\/cecilediy.com\/index.php\/produit\/barrette-de-reglage-soutien-gorge-rose-langue-12-mm\/#primaryimage\"},\"image\":{\"@id\":\"https:\/\/cecilediy.com\/index.php\/produit\/barrette-de-reglage-soutien-gorge-rose-langue-12-mm\/#primaryimage\"},\"thumbnailUrl\":\"https:\/\/cecilediy.com\/wp-content\/uploads\/2020\/12\/BA1015.jpg\",\"datePublished\":\"2019-11-21T13:12:09+00:00\",\"dateModified\":\"2025-02-18T11:49:41+00:00\",\"description\":\"Barrette de r\u00e9glage soutien-gorge en m\u00e9tal rose langue 12 mm - r\u00e9glette : d\u00e9couvrez notre s\u00e9lection de mercerie lingerie pour coudre votre lingerie.\",\"breadcrumb\":{\"@id\":\"https:\/\/cecilediy.com\/index.php\/produit\/barrette-de-reglage-soutien-gorge-rose-langue-12-mm\/#breadcrumb\"},\"inLanguage\":\"fr-FR\",\"potentialAction\":[{\"@type\":\"ReadAction\",\"target\":[\"https:\/\/cecilediy.com\/index.php\/produit\/barrette-de-reglage-soutien-gorge-rose-langue-12-mm\/\"]}]},{\"@type\":\"ImageObject\",\"inLanguage\":\"fr-FR\",\"@id\":\"https:\/\/cecilediy.com\/index.php\/produit\/barrette-de-reglage-soutien-gorge-rose-langue-12-mm\/#primaryimage\",\"url\":\"https:\/\/cecilediy.com\/wp-content\/uploads\/2020\/12\/BA1015.jpg\",\"contentUrl\":\"https:\/\/cecilediy.com\/wp-content\/uploads\/2020\/12\/BA1015.jpg\",\"width\":2000,\"height\":2000},{\"@type\":\"BreadcrumbList\",\"@id\":\"https:\/\/cecilediy.com\/index.php\/produit\/barrette-de-reglage-soutien-gorge-rose-langue-12-mm\/#breadcrumb\",\"itemListElement\":[{\"@type\":\"ListItem\",\"position\":1,\"name\":\"Accueil\",\"item\":\"https:\/\/cecilediy.com\/\"},{\"@type\":\"ListItem\",\"position\":2,\"name\":\"Boutique\",\"item\":\"https:\/\/cecilediy.com\/index.php\/boutique-cecile-diy\/\"},{\"@type\":\"ListItem\",\"position\":3,\"name\":\"Barrette de r\u00e9glage soutien-gorge\"}]},{\"@type\":\"WebSite\",\"@id\":\"https:\/\/cecilediy.com\/#website\",\"url\":\"https:\/\/cecilediy.com\/\",\"name\":\"C\u00e9cile DIY\",\"description\":\"DO IT YOURSELF\",\"publisher\":{\"@id\":\"https:\/\/cecilediy.com\/#\/schema\/person\/1e9bf1431e848e6f3f72380013e1d9db\"},\"potentialAction\":[{\"@type\":\"SearchAction\",\"target\":{\"@type\":\"EntryPoint\",\"urlTemplate\":\"https:\/\/cecilediy.com\/?s={search_term_string}\"},\"query-input\":{\"@type\":\"PropertyValueSpecification\",\"valueRequired\":true,\"valueName\":\"search_term_string\"}}],\"inLanguage\":\"fr-FR\"},{\"@type\":[\"Person\",\"Organization\"],\"@id\":\"https:\/\/cecilediy.com\/#\/schema\/person\/1e9bf1431e848e6f3f72380013e1d9db\",\"name\":\"C\u00e9cile\",\"image\":{\"@type\":\"ImageObject\",\"inLanguage\":\"fr-FR\",\"@id\":\"https:\/\/cecilediy.com\/#\/schema\/person\/image\/\",\"url\":\"https:\/\/cecilediy.com\/wp-content\/uploads\/2022\/12\/Robe-Cassiopee-scaled.jpg\",\"contentUrl\":\"https:\/\/cecilediy.com\/wp-content\/uploads\/2022\/12\/Robe-Cassiopee-scaled.jpg\",\"width\":1920,\"height\":2560,\"caption\":\"C\u00e9cile\"},\"logo\":{\"@id\":\"https:\/\/cecilediy.com\/#\/schema\/person\/image\/\"},\"description\":\"Mod\u00e9liste, Content &amp; social media, Photographe\",\"sameAs\":[\"https:\/\/cecilediy.com\",\"https:\/\/www.facebook.com\/cecileoff\/\",\"https:\/\/www.instagram.com\/cecilediy\/\",\"https:\/\/www.pinterest.fr\/ccilediy\",\"https:\/\/www.youtube.com\/c\/cecilediy\"]}]}<\/script>\n<!-- \/ Yoast SEO plugin. -->","yoast_head_json":{"title":"Barrette de r\u00e9glage soutien-gorge m\u00e9tal rose langue 12 mm r\u00e9glette","description":"Barrette de r\u00e9glage soutien-gorge en m\u00e9tal rose langue 12 mm - r\u00e9glette : d\u00e9couvrez notre s\u00e9lection de mercerie lingerie pour coudre votre lingerie.","robots":{"index":"index","follow":"follow","max-snippet":"max-snippet:-1","max-image-preview":"max-image-preview:large","max-video-preview":"max-video-preview:-1"},"canonical":"https:\/\/cecilediy.com\/index.php\/produit\/barrette-de-reglage-soutien-gorge-rose-langue-12-mm\/","og_locale":"fr_FR","og_type":"article","og_title":"Barrette de r\u00e9glage soutien-gorge m\u00e9tal rose langue 12 mm r\u00e9glette","og_description":"Barrette de r\u00e9glage soutien-gorge en m\u00e9tal rose langue 12 mm - r\u00e9glette : d\u00e9couvrez notre s\u00e9lection de mercerie lingerie pour coudre votre lingerie.","og_url":"https:\/\/cecilediy.com\/index.php\/produit\/barrette-de-reglage-soutien-gorge-rose-langue-12-mm\/","og_site_name":"Cecile DIY","article_publisher":"https:\/\/www.facebook.com\/cecileoff\/","article_modified_time":"2025-02-18T11:49:41+00:00","og_image":[{"width":2000,"height":2000,"url":"https:\/\/cecilediy.com\/wp-content\/uploads\/2020\/12\/BA1015.jpg","type":"image\/jpeg"}],"twitter_card":"summary_large_image","twitter_misc":{"Dur\u00e9e de lecture estim\u00e9e":"1 minute"},"schema":{"@context":"https:\/\/schema.org","@graph":[{"@type":"WebPage","@id":"https:\/\/cecilediy.com\/index.php\/produit\/barrette-de-reglage-soutien-gorge-rose-langue-12-mm\/","url":"https:\/\/cecilediy.com\/index.php\/produit\/barrette-de-reglage-soutien-gorge-rose-langue-12-mm\/","name":"Barrette de r\u00e9glage soutien-gorge m\u00e9tal rose langue 12 mm r\u00e9glette","isPartOf":{"@id":"https:\/\/cecilediy.com\/#website"},"primaryImageOfPage":{"@id":"https:\/\/cecilediy.com\/index.php\/produit\/barrette-de-reglage-soutien-gorge-rose-langue-12-mm\/#primaryimage"},"image":{"@id":"https:\/\/cecilediy.com\/index.php\/produit\/barrette-de-reglage-soutien-gorge-rose-langue-12-mm\/#primaryimage"},"thumbnailUrl":"https:\/\/cecilediy.com\/wp-content\/uploads\/2020\/12\/BA1015.jpg","datePublished":"2019-11-21T13:12:09+00:00","dateModified":"2025-02-18T11:49:41+00:00","description":"Barrette de r\u00e9glage soutien-gorge en m\u00e9tal rose langue 12 mm - r\u00e9glette : d\u00e9couvrez notre s\u00e9lection de mercerie lingerie pour coudre votre lingerie.","breadcrumb":{"@id":"https:\/\/cecilediy.com\/index.php\/produit\/barrette-de-reglage-soutien-gorge-rose-langue-12-mm\/#breadcrumb"},"inLanguage":"fr-FR","potentialAction":[{"@type":"ReadAction","target":["https:\/\/cecilediy.com\/index.php\/produit\/barrette-de-reglage-soutien-gorge-rose-langue-12-mm\/"]}]},{"@type":"ImageObject","inLanguage":"fr-FR","@id":"https:\/\/cecilediy.com\/index.php\/produit\/barrette-de-reglage-soutien-gorge-rose-langue-12-mm\/#primaryimage","url":"https:\/\/cecilediy.com\/wp-content\/uploads\/2020\/12\/BA1015.jpg","contentUrl":"https:\/\/cecilediy.com\/wp-content\/uploads\/2020\/12\/BA1015.jpg","width":2000,"height":2000},{"@type":"BreadcrumbList","@id":"https:\/\/cecilediy.com\/index.php\/produit\/barrette-de-reglage-soutien-gorge-rose-langue-12-mm\/#breadcrumb","itemListElement":[{"@type":"ListItem","position":1,"name":"Accueil","item":"https:\/\/cecilediy.com\/"},{"@type":"ListItem","position":2,"name":"Boutique","item":"https:\/\/cecilediy.com\/index.php\/boutique-cecile-diy\/"},{"@type":"ListItem","position":3,"name":"Barrette de r\u00e9glage soutien-gorge"}]},{"@type":"WebSite","@id":"https:\/\/cecilediy.com\/#website","url":"https:\/\/cecilediy.com\/","name":"C\u00e9cile DIY","description":"DO IT YOURSELF","publisher":{"@id":"https:\/\/cecilediy.com\/#\/schema\/person\/1e9bf1431e848e6f3f72380013e1d9db"},"potentialAction":[{"@type":"SearchAction","target":{"@type":"EntryPoint","urlTemplate":"https:\/\/cecilediy.com\/?s={search_term_string}"},"query-input":{"@type":"PropertyValueSpecification","valueRequired":true,"valueName":"search_term_string"}}],"inLanguage":"fr-FR"},{"@type":["Person","Organization"],"@id":"https:\/\/cecilediy.com\/#\/schema\/person\/1e9bf1431e848e6f3f72380013e1d9db","name":"C\u00e9cile","image":{"@type":"ImageObject","inLanguage":"fr-FR","@id":"https:\/\/cecilediy.com\/#\/schema\/person\/image\/","url":"https:\/\/cecilediy.com\/wp-content\/uploads\/2022\/12\/Robe-Cassiopee-scaled.jpg","contentUrl":"https:\/\/cecilediy.com\/wp-content\/uploads\/2022\/12\/Robe-Cassiopee-scaled.jpg","width":1920,"height":2560,"caption":"C\u00e9cile"},"logo":{"@id":"https:\/\/cecilediy.com\/#\/schema\/person\/image\/"},"description":"Mod\u00e9liste, Content &amp; social media, Photographe","sameAs":["https:\/\/cecilediy.com","https:\/\/www.facebook.com\/cecileoff\/","https:\/\/www.instagram.com\/cecilediy\/","https:\/\/www.pinterest.fr\/ccilediy","https:\/\/www.youtube.com\/c\/cecilediy"]}]}},"_links":{"self":[{"href":"https:\/\/cecilediy.com\/index.php\/wp-json\/wp\/v2\/product\/2934","targetHints":{"allow":["GET"]}}],"collection":[{"href":"https:\/\/cecilediy.com\/index.php\/wp-json\/wp\/v2\/product"}],"about":[{"href":"https:\/\/cecilediy.com\/index.php\/wp-json\/wp\/v2\/types\/product"}],"replies":[{"embeddable":true,"href":"https:\/\/cecilediy.com\/index.php\/wp-json\/wp\/v2\/comments?post=2934"}],"wp:featuredmedia":[{"embeddable":true,"href":"https:\/\/cecilediy.com\/index.php\/wp-json\/wp\/v2\/media\/4887"}],"wp:attachment":[{"href":"https:\/\/cecilediy.com\/index.php\/wp-json\/wp\/v2\/media?parent=2934"}],"wp:term":[{"taxonomy":"product_brand","embeddable":true,"href":"https:\/\/cecilediy.com\/index.php\/wp-json\/wp\/v2\/product_brand?post=2934"},{"taxonomy":"product_cat","embeddable":true,"href":"https:\/\/cecilediy.com\/index.php\/wp-json\/wp\/v2\/product_cat?post=2934"},{"taxonomy":"product_tag","embeddable":true,"href":"https:\/\/cecilediy.com\/index.php\/wp-json\/wp\/v2\/product_tag?post=2934"}],"curies":[{"name":"wp","href":"https:\/\/api.w.org\/{rel}","templated":true}]}}