{"id":10039,"date":"2025-02-18T13:20:11","date_gmt":"2025-02-18T12:20:11","guid":{"rendered":"https:\/\/cecilediy.com\/?post_type=product&#038;p=10039"},"modified":"2025-07-16T22:13:49","modified_gmt":"2025-07-16T20:13:49","slug":"kit-bretelles-lingerie-haut-de-gamme","status":"publish","type":"product","link":"https:\/\/cecilediy.com\/index.php\/produit\/kit-bretelles-lingerie-haut-de-gamme\/","title":{"rendered":"Kit bretelles lingerie haut de gamme"},"content":{"rendered":"<p>Caract\u00e9ristiques du produit :<\/p>\n<ul>\n<li><strong>Nom<\/strong> : Kit bretelles lingerie : 2 anneaux, 2 r\u00e9glettes, \u00e9lastique lingerie haut de gamme<\/li>\n<li><strong>Couleur<\/strong> : Blanc<\/li>\n<li><strong>Mat\u00e9riaux<\/strong> : \u00c9lasthanne, m\u00e9tal<\/li>\n<li><strong>Usage<\/strong> : Lingerie<\/li>\n<li><strong>Vente<\/strong> : \u00e0 l&rsquo;unit\u00e9<\/li>\n<li><b>Anneaux<\/b>\n<ul>\n<li><b>Diam\u00e8tre ext\u00e9rieur <\/b>: 14 mm<\/li>\n<li><b>Diam\u00e8tre int\u00e9rieur <\/b>: 11 mm<\/li>\n<\/ul>\n<\/li>\n<li><b>\u00c9lastique <\/b>: 11 mm x 120 cm<\/li>\n<li><strong>R\u00e9f\u00e9rence<\/strong> : KIT0001BR2<\/li>\n<\/ul>\n","protected":false},"excerpt":{"rendered":"<p>Constituez les bretelles de votre soutien-gorge avec ce kit qui a \u00e9t\u00e9 compos\u00e9 \u00e0 partir de d\u00e9stockages de marques fran\u00e7aises de v\u00eatements et sous-v\u00eatements.<\/p>\n<p>Montez-les facilement gr\u00e2ce \u00e0 notre <a href=\"https:\/\/www.instagram.com\/reel\/DFZkLqDtGhg\/?igsh=MXFwZWozNmt3cHQ2cw%3D%3D\" target=\"_blank\" rel=\"noopener\">tuto minute<\/a>.<\/p>\n","protected":false},"featured_media":10044,"comment_status":"open","ping_status":"closed","template":"","meta":[],"product_brand":[],"product_cat":[973,975],"product_tag":[],"class_list":{"0":"post-10039","1":"product","2":"type-product","3":"status-publish","4":"has-post-thumbnail","6":"product_cat-anneaux","7":"product_cat-elastiques-a-lingerie","9":"first","10":"outofstock","11":"shipping-taxable","12":"purchasable","13":"product-type-simple"},"yoast_head":"<!-- This site is optimized with the Yoast SEO plugin v26.4 - https:\/\/yoast.com\/wordpress\/plugins\/seo\/ -->\n<title>Kit bretelles lingerie haut de gamme blanc<\/title>\n<meta name=\"description\" content=\"Kit bretelles lingerie haut de gamme blanc : indispensable pour coudre ses propres soutiens-gorge avec du mat\u00e9riel d\u00e9stock\u00e9 d&#039;usines de marques fran\u00e7aises.\" \/>\n<meta name=\"robots\" content=\"index, follow, max-snippet:-1, max-image-preview:large, max-video-preview:-1\" \/>\n<link rel=\"canonical\" href=\"https:\/\/cecilediy.com\/index.php\/produit\/kit-bretelles-lingerie-haut-de-gamme\/\" \/>\n<meta property=\"og:locale\" content=\"fr_FR\" \/>\n<meta property=\"og:type\" content=\"article\" \/>\n<meta property=\"og:title\" content=\"Kit bretelles lingerie haut de gamme blanc\" \/>\n<meta property=\"og:description\" content=\"Kit bretelles lingerie haut de gamme blanc : indispensable pour coudre ses propres soutiens-gorge avec du mat\u00e9riel d\u00e9stock\u00e9 d&#039;usines de marques fran\u00e7aises.\" \/>\n<meta property=\"og:url\" content=\"https:\/\/cecilediy.com\/index.php\/produit\/kit-bretelles-lingerie-haut-de-gamme\/\" \/>\n<meta property=\"og:site_name\" content=\"Cecile DIY\" \/>\n<meta property=\"article:publisher\" content=\"https:\/\/www.facebook.com\/cecileoff\/\" \/>\n<meta property=\"article:modified_time\" content=\"2025-07-16T20:13:49+00:00\" \/>\n<meta property=\"og:image\" content=\"https:\/\/cecilediy.com\/wp-content\/uploads\/2025\/02\/KIT0001BR2-scaled.webp\" \/>\n\t<meta property=\"og:image:width\" content=\"2048\" \/>\n\t<meta property=\"og:image:height\" content=\"2560\" \/>\n\t<meta property=\"og:image:type\" content=\"image\/webp\" \/>\n<meta name=\"twitter:card\" content=\"summary_large_image\" \/>\n<meta name=\"twitter:label1\" content=\"Dur\u00e9e de lecture estim\u00e9e\" \/>\n\t<meta name=\"twitter:data1\" content=\"1 minute\" \/>\n<script type=\"application\/ld+json\" class=\"yoast-schema-graph\">{\"@context\":\"https:\/\/schema.org\",\"@graph\":[{\"@type\":\"WebPage\",\"@id\":\"https:\/\/cecilediy.com\/index.php\/produit\/kit-bretelles-lingerie-haut-de-gamme\/\",\"url\":\"https:\/\/cecilediy.com\/index.php\/produit\/kit-bretelles-lingerie-haut-de-gamme\/\",\"name\":\"Kit bretelles lingerie haut de gamme blanc\",\"isPartOf\":{\"@id\":\"https:\/\/cecilediy.com\/#website\"},\"primaryImageOfPage\":{\"@id\":\"https:\/\/cecilediy.com\/index.php\/produit\/kit-bretelles-lingerie-haut-de-gamme\/#primaryimage\"},\"image\":{\"@id\":\"https:\/\/cecilediy.com\/index.php\/produit\/kit-bretelles-lingerie-haut-de-gamme\/#primaryimage\"},\"thumbnailUrl\":\"https:\/\/cecilediy.com\/wp-content\/uploads\/2025\/02\/KIT0001BR2-scaled.webp\",\"datePublished\":\"2025-02-18T12:20:11+00:00\",\"dateModified\":\"2025-07-16T20:13:49+00:00\",\"description\":\"Kit bretelles lingerie haut de gamme blanc : indispensable pour coudre ses propres soutiens-gorge avec du mat\u00e9riel d\u00e9stock\u00e9 d'usines de marques fran\u00e7aises.\",\"breadcrumb\":{\"@id\":\"https:\/\/cecilediy.com\/index.php\/produit\/kit-bretelles-lingerie-haut-de-gamme\/#breadcrumb\"},\"inLanguage\":\"fr-FR\",\"potentialAction\":[{\"@type\":\"ReadAction\",\"target\":[\"https:\/\/cecilediy.com\/index.php\/produit\/kit-bretelles-lingerie-haut-de-gamme\/\"]}]},{\"@type\":\"ImageObject\",\"inLanguage\":\"fr-FR\",\"@id\":\"https:\/\/cecilediy.com\/index.php\/produit\/kit-bretelles-lingerie-haut-de-gamme\/#primaryimage\",\"url\":\"https:\/\/cecilediy.com\/wp-content\/uploads\/2025\/02\/KIT0001BR2-scaled.webp\",\"contentUrl\":\"https:\/\/cecilediy.com\/wp-content\/uploads\/2025\/02\/KIT0001BR2-scaled.webp\",\"width\":2048,\"height\":2560},{\"@type\":\"BreadcrumbList\",\"@id\":\"https:\/\/cecilediy.com\/index.php\/produit\/kit-bretelles-lingerie-haut-de-gamme\/#breadcrumb\",\"itemListElement\":[{\"@type\":\"ListItem\",\"position\":1,\"name\":\"Accueil\",\"item\":\"https:\/\/cecilediy.com\/\"},{\"@type\":\"ListItem\",\"position\":2,\"name\":\"Boutique\",\"item\":\"https:\/\/cecilediy.com\/index.php\/boutique-cecile-diy\/\"},{\"@type\":\"ListItem\",\"position\":3,\"name\":\"Kit bretelles lingerie haut de gamme\"}]},{\"@type\":\"WebSite\",\"@id\":\"https:\/\/cecilediy.com\/#website\",\"url\":\"https:\/\/cecilediy.com\/\",\"name\":\"C\u00e9cile DIY\",\"description\":\"DO IT YOURSELF\",\"publisher\":{\"@id\":\"https:\/\/cecilediy.com\/#\/schema\/person\/1e9bf1431e848e6f3f72380013e1d9db\"},\"potentialAction\":[{\"@type\":\"SearchAction\",\"target\":{\"@type\":\"EntryPoint\",\"urlTemplate\":\"https:\/\/cecilediy.com\/?s={search_term_string}\"},\"query-input\":{\"@type\":\"PropertyValueSpecification\",\"valueRequired\":true,\"valueName\":\"search_term_string\"}}],\"inLanguage\":\"fr-FR\"},{\"@type\":[\"Person\",\"Organization\"],\"@id\":\"https:\/\/cecilediy.com\/#\/schema\/person\/1e9bf1431e848e6f3f72380013e1d9db\",\"name\":\"C\u00e9cile\",\"image\":{\"@type\":\"ImageObject\",\"inLanguage\":\"fr-FR\",\"@id\":\"https:\/\/cecilediy.com\/#\/schema\/person\/image\/\",\"url\":\"https:\/\/cecilediy.com\/wp-content\/uploads\/2022\/12\/Robe-Cassiopee-scaled.jpg\",\"contentUrl\":\"https:\/\/cecilediy.com\/wp-content\/uploads\/2022\/12\/Robe-Cassiopee-scaled.jpg\",\"width\":1920,\"height\":2560,\"caption\":\"C\u00e9cile\"},\"logo\":{\"@id\":\"https:\/\/cecilediy.com\/#\/schema\/person\/image\/\"},\"description\":\"Mod\u00e9liste, Content &amp; social media, Photographe\",\"sameAs\":[\"https:\/\/cecilediy.com\",\"https:\/\/www.facebook.com\/cecileoff\/\",\"https:\/\/www.instagram.com\/cecilediy\/\",\"https:\/\/www.pinterest.fr\/ccilediy\",\"https:\/\/www.youtube.com\/c\/cecilediy\"]}]}<\/script>\n<!-- \/ Yoast SEO plugin. -->","yoast_head_json":{"title":"Kit bretelles lingerie haut de gamme blanc","description":"Kit bretelles lingerie haut de gamme blanc : indispensable pour coudre ses propres soutiens-gorge avec du mat\u00e9riel d\u00e9stock\u00e9 d'usines de marques fran\u00e7aises.","robots":{"index":"index","follow":"follow","max-snippet":"max-snippet:-1","max-image-preview":"max-image-preview:large","max-video-preview":"max-video-preview:-1"},"canonical":"https:\/\/cecilediy.com\/index.php\/produit\/kit-bretelles-lingerie-haut-de-gamme\/","og_locale":"fr_FR","og_type":"article","og_title":"Kit bretelles lingerie haut de gamme blanc","og_description":"Kit bretelles lingerie haut de gamme blanc : indispensable pour coudre ses propres soutiens-gorge avec du mat\u00e9riel d\u00e9stock\u00e9 d'usines de marques fran\u00e7aises.","og_url":"https:\/\/cecilediy.com\/index.php\/produit\/kit-bretelles-lingerie-haut-de-gamme\/","og_site_name":"Cecile DIY","article_publisher":"https:\/\/www.facebook.com\/cecileoff\/","article_modified_time":"2025-07-16T20:13:49+00:00","og_image":[{"width":2048,"height":2560,"url":"https:\/\/cecilediy.com\/wp-content\/uploads\/2025\/02\/KIT0001BR2-scaled.webp","type":"image\/webp"}],"twitter_card":"summary_large_image","twitter_misc":{"Dur\u00e9e de lecture estim\u00e9e":"1 minute"},"schema":{"@context":"https:\/\/schema.org","@graph":[{"@type":"WebPage","@id":"https:\/\/cecilediy.com\/index.php\/produit\/kit-bretelles-lingerie-haut-de-gamme\/","url":"https:\/\/cecilediy.com\/index.php\/produit\/kit-bretelles-lingerie-haut-de-gamme\/","name":"Kit bretelles lingerie haut de gamme blanc","isPartOf":{"@id":"https:\/\/cecilediy.com\/#website"},"primaryImageOfPage":{"@id":"https:\/\/cecilediy.com\/index.php\/produit\/kit-bretelles-lingerie-haut-de-gamme\/#primaryimage"},"image":{"@id":"https:\/\/cecilediy.com\/index.php\/produit\/kit-bretelles-lingerie-haut-de-gamme\/#primaryimage"},"thumbnailUrl":"https:\/\/cecilediy.com\/wp-content\/uploads\/2025\/02\/KIT0001BR2-scaled.webp","datePublished":"2025-02-18T12:20:11+00:00","dateModified":"2025-07-16T20:13:49+00:00","description":"Kit bretelles lingerie haut de gamme blanc : indispensable pour coudre ses propres soutiens-gorge avec du mat\u00e9riel d\u00e9stock\u00e9 d'usines de marques fran\u00e7aises.","breadcrumb":{"@id":"https:\/\/cecilediy.com\/index.php\/produit\/kit-bretelles-lingerie-haut-de-gamme\/#breadcrumb"},"inLanguage":"fr-FR","potentialAction":[{"@type":"ReadAction","target":["https:\/\/cecilediy.com\/index.php\/produit\/kit-bretelles-lingerie-haut-de-gamme\/"]}]},{"@type":"ImageObject","inLanguage":"fr-FR","@id":"https:\/\/cecilediy.com\/index.php\/produit\/kit-bretelles-lingerie-haut-de-gamme\/#primaryimage","url":"https:\/\/cecilediy.com\/wp-content\/uploads\/2025\/02\/KIT0001BR2-scaled.webp","contentUrl":"https:\/\/cecilediy.com\/wp-content\/uploads\/2025\/02\/KIT0001BR2-scaled.webp","width":2048,"height":2560},{"@type":"BreadcrumbList","@id":"https:\/\/cecilediy.com\/index.php\/produit\/kit-bretelles-lingerie-haut-de-gamme\/#breadcrumb","itemListElement":[{"@type":"ListItem","position":1,"name":"Accueil","item":"https:\/\/cecilediy.com\/"},{"@type":"ListItem","position":2,"name":"Boutique","item":"https:\/\/cecilediy.com\/index.php\/boutique-cecile-diy\/"},{"@type":"ListItem","position":3,"name":"Kit bretelles lingerie haut de gamme"}]},{"@type":"WebSite","@id":"https:\/\/cecilediy.com\/#website","url":"https:\/\/cecilediy.com\/","name":"C\u00e9cile DIY","description":"DO IT YOURSELF","publisher":{"@id":"https:\/\/cecilediy.com\/#\/schema\/person\/1e9bf1431e848e6f3f72380013e1d9db"},"potentialAction":[{"@type":"SearchAction","target":{"@type":"EntryPoint","urlTemplate":"https:\/\/cecilediy.com\/?s={search_term_string}"},"query-input":{"@type":"PropertyValueSpecification","valueRequired":true,"valueName":"search_term_string"}}],"inLanguage":"fr-FR"},{"@type":["Person","Organization"],"@id":"https:\/\/cecilediy.com\/#\/schema\/person\/1e9bf1431e848e6f3f72380013e1d9db","name":"C\u00e9cile","image":{"@type":"ImageObject","inLanguage":"fr-FR","@id":"https:\/\/cecilediy.com\/#\/schema\/person\/image\/","url":"https:\/\/cecilediy.com\/wp-content\/uploads\/2022\/12\/Robe-Cassiopee-scaled.jpg","contentUrl":"https:\/\/cecilediy.com\/wp-content\/uploads\/2022\/12\/Robe-Cassiopee-scaled.jpg","width":1920,"height":2560,"caption":"C\u00e9cile"},"logo":{"@id":"https:\/\/cecilediy.com\/#\/schema\/person\/image\/"},"description":"Mod\u00e9liste, Content &amp; social media, Photographe","sameAs":["https:\/\/cecilediy.com","https:\/\/www.facebook.com\/cecileoff\/","https:\/\/www.instagram.com\/cecilediy\/","https:\/\/www.pinterest.fr\/ccilediy","https:\/\/www.youtube.com\/c\/cecilediy"]}]}},"_links":{"self":[{"href":"https:\/\/cecilediy.com\/index.php\/wp-json\/wp\/v2\/product\/10039","targetHints":{"allow":["GET"]}}],"collection":[{"href":"https:\/\/cecilediy.com\/index.php\/wp-json\/wp\/v2\/product"}],"about":[{"href":"https:\/\/cecilediy.com\/index.php\/wp-json\/wp\/v2\/types\/product"}],"replies":[{"embeddable":true,"href":"https:\/\/cecilediy.com\/index.php\/wp-json\/wp\/v2\/comments?post=10039"}],"wp:featuredmedia":[{"embeddable":true,"href":"https:\/\/cecilediy.com\/index.php\/wp-json\/wp\/v2\/media\/10044"}],"wp:attachment":[{"href":"https:\/\/cecilediy.com\/index.php\/wp-json\/wp\/v2\/media?parent=10039"}],"wp:term":[{"taxonomy":"product_brand","embeddable":true,"href":"https:\/\/cecilediy.com\/index.php\/wp-json\/wp\/v2\/product_brand?post=10039"},{"taxonomy":"product_cat","embeddable":true,"href":"https:\/\/cecilediy.com\/index.php\/wp-json\/wp\/v2\/product_cat?post=10039"},{"taxonomy":"product_tag","embeddable":true,"href":"https:\/\/cecilediy.com\/index.php\/wp-json\/wp\/v2\/product_tag?post=10039"}],"curies":[{"name":"wp","href":"https:\/\/api.w.org\/{rel}","templated":true}]}}