{"id":5314,"date":"2021-01-27T16:56:59","date_gmt":"2021-01-27T15:56:59","guid":{"rendered":"https:\/\/cecilediy.com\/?page_id=5314"},"modified":"2021-01-27T16:57:12","modified_gmt":"2021-01-27T15:57:12","slug":"cecilediy","status":"publish","type":"page","link":"https:\/\/cecilediy.com\/index.php\/cecilediy\/","title":{"rendered":"A propos"},"content":{"rendered":"\n<p>Bienvenue sur le site C\u00e9cile DIY<\/p>\n\n\n\n<p>C\u00e9cile DIY est destin\u00e9 aux adeptes de la couture, avec une dominante lingerie. Que vous soyez de niveau d\u00e9butant, interm\u00e9diaire ou confirm\u00e9, si vous aimez la couture, vous \u00eates au bon endroit !<\/p>\n\n\n\n<p>Vous trouverez :<\/p>\n\n\n\n<ul class=\"wp-block-list\"><li>Des tutoriels de couture et des patrons gratuits<\/li><li>Des tutoriels sans patron<\/li><li>Des patrons de couture multi-tailles<\/li><li>Des ateliers et stages de couture sur Paris<\/li><li>Une mercerie C\u00e9cile DIY<\/li><li>La Gazette des Cousettes : la Newsletter mensuelle pour recevoir toute l&rsquo;actualit\u00e9, dont les nouveaux patrons gratuits. Cette Gazette se veut agr\u00e9able \u00e0 recevoir et attendue par nos cousettes passionn\u00e9es, et non per\u00e7ue comme un spam, aussi, elle n&rsquo;est pas envoy\u00e9e plus d&rsquo;une fois par mois.<\/li><\/ul>\n\n\n\n<p>Vous l&rsquo;aurez compris, cet endroit est destin\u00e9 \u00e0 toutes les cousettes et les cousets passionn\u00e9s !<\/p>\n","protected":false},"excerpt":{"rendered":"<p>Bienvenue sur le site C\u00e9cile DIY C\u00e9cile DIY est destin\u00e9 aux adeptes de la couture, avec une dominante lingerie. Que vous soyez de niveau d\u00e9butant, interm\u00e9diaire ou confirm\u00e9, si vous&hellip;<\/p>\n","protected":false},"author":1,"featured_media":5069,"parent":0,"menu_order":0,"comment_status":"closed","ping_status":"closed","template":"","meta":{"footnotes":""},"class_list":["post-5314","page","type-page","status-publish","has-post-thumbnail"],"yoast_head":"<!-- This site is optimized with the Yoast SEO plugin v26.4 - https:\/\/yoast.com\/wordpress\/plugins\/seo\/ -->\n<title>Cecile DIY, au service des \u00e2mes cr\u00e9atives | Couture, lingerie, box, mercerie<\/title>\n<meta name=\"description\" content=\"Cecile DIY, au service des \u00e2mes cr\u00e9atives | Retrouvez nos patrons gratuits, nos box couture et mercerie lingerie.\" \/>\n<meta name=\"robots\" content=\"index, follow, max-snippet:-1, max-image-preview:large, max-video-preview:-1\" \/>\n<link rel=\"canonical\" href=\"https:\/\/cecilediy.com\/index.php\/cecilediy\/\" \/>\n<meta property=\"og:locale\" content=\"fr_FR\" \/>\n<meta property=\"og:type\" content=\"article\" \/>\n<meta property=\"og:title\" content=\"Cecile DIY, au service des \u00e2mes cr\u00e9atives | Couture, lingerie, box, mercerie\" \/>\n<meta property=\"og:description\" content=\"Cecile DIY, au service des \u00e2mes cr\u00e9atives | Retrouvez nos patrons gratuits, nos box couture et mercerie lingerie.\" \/>\n<meta property=\"og:url\" content=\"https:\/\/cecilediy.com\/index.php\/cecilediy\/\" \/>\n<meta property=\"og:site_name\" content=\"Cecile DIY\" \/>\n<meta property=\"article:publisher\" content=\"https:\/\/www.facebook.com\/cecileoff\/\" \/>\n<meta property=\"article:modified_time\" content=\"2021-01-27T15:57:12+00:00\" \/>\n<meta property=\"og:image\" content=\"https:\/\/cecilediy.com\/wp-content\/uploads\/2020\/12\/Cecile-scaled.jpg\" \/>\n\t<meta property=\"og:image:width\" content=\"2560\" \/>\n\t<meta property=\"og:image:height\" content=\"1707\" \/>\n\t<meta property=\"og:image:type\" content=\"image\/jpeg\" \/>\n<meta name=\"twitter:card\" content=\"summary_large_image\" \/>\n<meta name=\"twitter:label1\" content=\"Dur\u00e9e de lecture estim\u00e9e\" \/>\n\t<meta name=\"twitter:data1\" content=\"1 minute\" \/>\n<script type=\"application\/ld+json\" class=\"yoast-schema-graph\">{\"@context\":\"https:\/\/schema.org\",\"@graph\":[{\"@type\":\"WebPage\",\"@id\":\"https:\/\/cecilediy.com\/index.php\/cecilediy\/\",\"url\":\"https:\/\/cecilediy.com\/index.php\/cecilediy\/\",\"name\":\"Cecile DIY, au service des \u00e2mes cr\u00e9atives | Couture, lingerie, box, mercerie\",\"isPartOf\":{\"@id\":\"https:\/\/cecilediy.com\/#website\"},\"primaryImageOfPage\":{\"@id\":\"https:\/\/cecilediy.com\/index.php\/cecilediy\/#primaryimage\"},\"image\":{\"@id\":\"https:\/\/cecilediy.com\/index.php\/cecilediy\/#primaryimage\"},\"thumbnailUrl\":\"https:\/\/cecilediy.com\/wp-content\/uploads\/2020\/12\/Cecile-scaled.jpg\",\"datePublished\":\"2021-01-27T15:56:59+00:00\",\"dateModified\":\"2021-01-27T15:57:12+00:00\",\"description\":\"Cecile DIY, au service des \u00e2mes cr\u00e9atives | Retrouvez nos patrons gratuits, nos box couture et mercerie lingerie.\",\"breadcrumb\":{\"@id\":\"https:\/\/cecilediy.com\/index.php\/cecilediy\/#breadcrumb\"},\"inLanguage\":\"fr-FR\",\"potentialAction\":[{\"@type\":\"ReadAction\",\"target\":[\"https:\/\/cecilediy.com\/index.php\/cecilediy\/\"]}]},{\"@type\":\"ImageObject\",\"inLanguage\":\"fr-FR\",\"@id\":\"https:\/\/cecilediy.com\/index.php\/cecilediy\/#primaryimage\",\"url\":\"https:\/\/cecilediy.com\/wp-content\/uploads\/2020\/12\/Cecile-scaled.jpg\",\"contentUrl\":\"https:\/\/cecilediy.com\/wp-content\/uploads\/2020\/12\/Cecile-scaled.jpg\",\"width\":2560,\"height\":1707},{\"@type\":\"BreadcrumbList\",\"@id\":\"https:\/\/cecilediy.com\/index.php\/cecilediy\/#breadcrumb\",\"itemListElement\":[{\"@type\":\"ListItem\",\"position\":1,\"name\":\"Accueil\",\"item\":\"https:\/\/cecilediy.com\/\"},{\"@type\":\"ListItem\",\"position\":2,\"name\":\"A propos\"}]},{\"@type\":\"WebSite\",\"@id\":\"https:\/\/cecilediy.com\/#website\",\"url\":\"https:\/\/cecilediy.com\/\",\"name\":\"C\u00e9cile DIY\",\"description\":\"DO IT YOURSELF\",\"publisher\":{\"@id\":\"https:\/\/cecilediy.com\/#\/schema\/person\/1e9bf1431e848e6f3f72380013e1d9db\"},\"potentialAction\":[{\"@type\":\"SearchAction\",\"target\":{\"@type\":\"EntryPoint\",\"urlTemplate\":\"https:\/\/cecilediy.com\/?s={search_term_string}\"},\"query-input\":{\"@type\":\"PropertyValueSpecification\",\"valueRequired\":true,\"valueName\":\"search_term_string\"}}],\"inLanguage\":\"fr-FR\"},{\"@type\":[\"Person\",\"Organization\"],\"@id\":\"https:\/\/cecilediy.com\/#\/schema\/person\/1e9bf1431e848e6f3f72380013e1d9db\",\"name\":\"C\u00e9cile\",\"image\":{\"@type\":\"ImageObject\",\"inLanguage\":\"fr-FR\",\"@id\":\"https:\/\/cecilediy.com\/#\/schema\/person\/image\/\",\"url\":\"https:\/\/cecilediy.com\/wp-content\/uploads\/2022\/12\/Robe-Cassiopee-scaled.jpg\",\"contentUrl\":\"https:\/\/cecilediy.com\/wp-content\/uploads\/2022\/12\/Robe-Cassiopee-scaled.jpg\",\"width\":1920,\"height\":2560,\"caption\":\"C\u00e9cile\"},\"logo\":{\"@id\":\"https:\/\/cecilediy.com\/#\/schema\/person\/image\/\"},\"description\":\"Mod\u00e9liste, Content &amp; social media, Photographe\",\"sameAs\":[\"https:\/\/cecilediy.com\",\"https:\/\/www.facebook.com\/cecileoff\/\",\"https:\/\/www.instagram.com\/cecilediy\/\",\"https:\/\/www.pinterest.fr\/ccilediy\",\"https:\/\/www.youtube.com\/c\/cecilediy\"]}]}<\/script>\n<!-- \/ Yoast SEO plugin. -->","yoast_head_json":{"title":"Cecile DIY, au service des \u00e2mes cr\u00e9atives | Couture, lingerie, box, mercerie","description":"Cecile DIY, au service des \u00e2mes cr\u00e9atives | Retrouvez nos patrons gratuits, nos box couture et mercerie lingerie.","robots":{"index":"index","follow":"follow","max-snippet":"max-snippet:-1","max-image-preview":"max-image-preview:large","max-video-preview":"max-video-preview:-1"},"canonical":"https:\/\/cecilediy.com\/index.php\/cecilediy\/","og_locale":"fr_FR","og_type":"article","og_title":"Cecile DIY, au service des \u00e2mes cr\u00e9atives | Couture, lingerie, box, mercerie","og_description":"Cecile DIY, au service des \u00e2mes cr\u00e9atives | Retrouvez nos patrons gratuits, nos box couture et mercerie lingerie.","og_url":"https:\/\/cecilediy.com\/index.php\/cecilediy\/","og_site_name":"Cecile DIY","article_publisher":"https:\/\/www.facebook.com\/cecileoff\/","article_modified_time":"2021-01-27T15:57:12+00:00","og_image":[{"width":2560,"height":1707,"url":"https:\/\/cecilediy.com\/wp-content\/uploads\/2020\/12\/Cecile-scaled.jpg","type":"image\/jpeg"}],"twitter_card":"summary_large_image","twitter_misc":{"Dur\u00e9e de lecture estim\u00e9e":"1 minute"},"schema":{"@context":"https:\/\/schema.org","@graph":[{"@type":"WebPage","@id":"https:\/\/cecilediy.com\/index.php\/cecilediy\/","url":"https:\/\/cecilediy.com\/index.php\/cecilediy\/","name":"Cecile DIY, au service des \u00e2mes cr\u00e9atives | Couture, lingerie, box, mercerie","isPartOf":{"@id":"https:\/\/cecilediy.com\/#website"},"primaryImageOfPage":{"@id":"https:\/\/cecilediy.com\/index.php\/cecilediy\/#primaryimage"},"image":{"@id":"https:\/\/cecilediy.com\/index.php\/cecilediy\/#primaryimage"},"thumbnailUrl":"https:\/\/cecilediy.com\/wp-content\/uploads\/2020\/12\/Cecile-scaled.jpg","datePublished":"2021-01-27T15:56:59+00:00","dateModified":"2021-01-27T15:57:12+00:00","description":"Cecile DIY, au service des \u00e2mes cr\u00e9atives | Retrouvez nos patrons gratuits, nos box couture et mercerie lingerie.","breadcrumb":{"@id":"https:\/\/cecilediy.com\/index.php\/cecilediy\/#breadcrumb"},"inLanguage":"fr-FR","potentialAction":[{"@type":"ReadAction","target":["https:\/\/cecilediy.com\/index.php\/cecilediy\/"]}]},{"@type":"ImageObject","inLanguage":"fr-FR","@id":"https:\/\/cecilediy.com\/index.php\/cecilediy\/#primaryimage","url":"https:\/\/cecilediy.com\/wp-content\/uploads\/2020\/12\/Cecile-scaled.jpg","contentUrl":"https:\/\/cecilediy.com\/wp-content\/uploads\/2020\/12\/Cecile-scaled.jpg","width":2560,"height":1707},{"@type":"BreadcrumbList","@id":"https:\/\/cecilediy.com\/index.php\/cecilediy\/#breadcrumb","itemListElement":[{"@type":"ListItem","position":1,"name":"Accueil","item":"https:\/\/cecilediy.com\/"},{"@type":"ListItem","position":2,"name":"A propos"}]},{"@type":"WebSite","@id":"https:\/\/cecilediy.com\/#website","url":"https:\/\/cecilediy.com\/","name":"C\u00e9cile DIY","description":"DO IT YOURSELF","publisher":{"@id":"https:\/\/cecilediy.com\/#\/schema\/person\/1e9bf1431e848e6f3f72380013e1d9db"},"potentialAction":[{"@type":"SearchAction","target":{"@type":"EntryPoint","urlTemplate":"https:\/\/cecilediy.com\/?s={search_term_string}"},"query-input":{"@type":"PropertyValueSpecification","valueRequired":true,"valueName":"search_term_string"}}],"inLanguage":"fr-FR"},{"@type":["Person","Organization"],"@id":"https:\/\/cecilediy.com\/#\/schema\/person\/1e9bf1431e848e6f3f72380013e1d9db","name":"C\u00e9cile","image":{"@type":"ImageObject","inLanguage":"fr-FR","@id":"https:\/\/cecilediy.com\/#\/schema\/person\/image\/","url":"https:\/\/cecilediy.com\/wp-content\/uploads\/2022\/12\/Robe-Cassiopee-scaled.jpg","contentUrl":"https:\/\/cecilediy.com\/wp-content\/uploads\/2022\/12\/Robe-Cassiopee-scaled.jpg","width":1920,"height":2560,"caption":"C\u00e9cile"},"logo":{"@id":"https:\/\/cecilediy.com\/#\/schema\/person\/image\/"},"description":"Mod\u00e9liste, Content &amp; social media, Photographe","sameAs":["https:\/\/cecilediy.com","https:\/\/www.facebook.com\/cecileoff\/","https:\/\/www.instagram.com\/cecilediy\/","https:\/\/www.pinterest.fr\/ccilediy","https:\/\/www.youtube.com\/c\/cecilediy"]}]}},"_links":{"self":[{"href":"https:\/\/cecilediy.com\/index.php\/wp-json\/wp\/v2\/pages\/5314","targetHints":{"allow":["GET"]}}],"collection":[{"href":"https:\/\/cecilediy.com\/index.php\/wp-json\/wp\/v2\/pages"}],"about":[{"href":"https:\/\/cecilediy.com\/index.php\/wp-json\/wp\/v2\/types\/page"}],"author":[{"embeddable":true,"href":"https:\/\/cecilediy.com\/index.php\/wp-json\/wp\/v2\/users\/1"}],"replies":[{"embeddable":true,"href":"https:\/\/cecilediy.com\/index.php\/wp-json\/wp\/v2\/comments?post=5314"}],"version-history":[{"count":3,"href":"https:\/\/cecilediy.com\/index.php\/wp-json\/wp\/v2\/pages\/5314\/revisions"}],"predecessor-version":[{"id":5317,"href":"https:\/\/cecilediy.com\/index.php\/wp-json\/wp\/v2\/pages\/5314\/revisions\/5317"}],"wp:featuredmedia":[{"embeddable":true,"href":"https:\/\/cecilediy.com\/index.php\/wp-json\/wp\/v2\/media\/5069"}],"wp:attachment":[{"href":"https:\/\/cecilediy.com\/index.php\/wp-json\/wp\/v2\/media?parent=5314"}],"curies":[{"name":"wp","href":"https:\/\/api.w.org\/{rel}","templated":true}]}}