{"id":2685,"date":"2019-10-21T15:11:08","date_gmt":"2019-10-21T13:11:08","guid":{"rendered":"https:\/\/cecilediy.com\/?page_id=2685"},"modified":"2024-06-01T09:02:39","modified_gmt":"2024-06-01T07:02:39","slug":"mentions-legales-cecile-diy","status":"publish","type":"page","link":"https:\/\/cecilediy.com\/index.php\/mentions-legales-cecile-diy\/","title":{"rendered":"Mentions l\u00e9gales"},"content":{"rendered":"\n<h2 id=\"i-identification\" class=\"wp-block-heading\">I. IDENTIFICATION<\/h2>\n\n\n\n<ul class=\"wp-block-list\">\n<li>D\u00e9nomination sociale : C\u00e9cile BERTRAND<\/li>\n\n\n\n<li>Forme juridique : Micro-entreprise<\/li>\n\n\n\n<li>Si\u00e8ge social : 6, rue Durantin, 75018, Paris<\/li>\n\n\n\n<li>Num\u00e9ro SIREN : 877\u00a0564\u00a0849 <\/li>\n<\/ul>\n\n\n\n<p>Le pr\u00e9sent site www.cecilediy.com (le \u00ab Site \u00bb) est \u00e9dit\u00e9 par C\u00e9cile DIY, micro-entreprise sous le num\u00e9ro 877\u00a0564 849, dont le si\u00e8ge social est situ\u00e9 6, rue Durantin \u00e0 75018 Paris. La fondatrice de C\u00e9cile DIY est Madame C\u00e9cile BERTRAND.<\/p>\n\n\n\n<p>L&rsquo;h\u00e9bergement du Site est assur\u00e9 par OVH, dont le si\u00e8ge\nsocial est situ\u00e9 19 Place Fran\u00e7oise Dorin, 75017 Paris, France &#8211; num\u00e9ro de\nt\u00e9l\u00e9phone : 09 55 00 66 33.<\/p>\n\n\n\n<p>L&rsquo;acc\u00e8s au Site ainsi que l&rsquo;utilisation de son contenu\ns&rsquo;effectuent dans le cadre des mentions d&rsquo;utilisation d\u00e9crites ci-apr\u00e8s. Le\nfait d&rsquo;acc\u00e9der et de naviguer sur le Site constitue de la part de l&rsquo;internaute\nune acceptation sans r\u00e9serve des pr\u00e9cisions suivantes.<\/p>\n\n\n\n<h2 id=\"ii-propriete-intellectuelle\" class=\"wp-block-heading\">II. PROPRIETE INTELLECTUELLE<\/h2>\n\n\n\n<h3 id=\"2-1-titularite\" class=\"wp-block-heading\">2.1 Titularit\u00e9<\/h3>\n\n\n\n<p>C\u00e9cile DIY est titulaire du nom de domaine du Site.<\/p>\n\n\n\n<p>Le Site dans son ensemble ainsi que les \u00e9l\u00e9ments qui le\ncomposent (notamment, textes, arborescences, logiciels, animations, photographies,\nvid\u00e9os, illustrations, sch\u00e9mas, repr\u00e9sentations graphiques, logos, etc.)\nconstituent des \u0153uvres de l&rsquo;esprit prot\u00e9g\u00e9es par les articles L. 111-1 et\nsuivants du Code de la propri\u00e9t\u00e9 intellectuelle, \u00e0 l\u2019exception de certaines\nimages qui sont libres de droit et qui proviennent du site Burst. Ils sont la\npropri\u00e9t\u00e9 exclusive de C\u00e9cile DIY, seule habilit\u00e9e \u00e0 utiliser lesdits droits de\npropri\u00e9t\u00e9 intellectuelle ainsi que les droits de la personnalit\u00e9 y aff\u00e9rents,\nles marques, les mod\u00e8les, les \u0153uvres de l\u2019esprit, les logiciels, les bases de\ndonn\u00e9es, les interpr\u00e9tations, les images de personnes et ce, \u00e0 titre originaire\nou par l&rsquo;effet d&rsquo;une licence ou d&rsquo;une autorisation expresse. <\/p>\n\n\n\n<h3 id=\"2-2-sanctions\" class=\"wp-block-heading\">2.2 Sanctions<\/h3>\n\n\n\n<p>L&rsquo;usage de tout ou partie du Site, notamment par\nt\u00e9l\u00e9chargement, reproduction, transmission, repr\u00e9sentation ou diffusion \u00e0\nd&rsquo;autres fins que pour l&rsquo;usage personnel et priv\u00e9 dans un but non commercial de\nl&rsquo;internaute est strictement interdit. La violation des droits de C\u00e9cile DIY\nexpose son auteur aux sanctions pr\u00e9vues tant par le Code de la propri\u00e9t\u00e9\nintellectuelle au titre, notamment, de la contrefa\u00e7on de droits d&rsquo;auteur\n(article L. 335-1 et suivants), de droit de marques (article L. 716-1 et\nsuivants) que par le Code civil en mati\u00e8re de responsabilit\u00e9 civile (article 9,\narticles 1382 et suivants).<\/p>\n\n\n\n<h3 id=\"2-3-liens-hypertextes\" class=\"wp-block-heading\">2.3 Liens hypertextes<\/h3>\n\n\n\n<p>La cr\u00e9ation de tous liens hypertextes renvoyant \u00e0 l&rsquo;une\nquelconque des pages web ou \u00e9l\u00e9ments composant le Site est interdite, sauf\nautorisation \u00e9crite et pr\u00e9alable de C\u00e9cile DIY, laquelle autorisation pouvant\n\u00eatre r\u00e9voqu\u00e9e \u00e0 tout moment. Tous les sites ayant un lien hypertexte dirigeant\nvers le Site ou l&rsquo;un quelconque des \u00e9l\u00e9ments qui le composent ne sont pas sous\nle contr\u00f4le de C\u00e9cile DIY et celle-ci d\u00e9cline par cons\u00e9quent toute\nresponsabilit\u00e9 (notamment \u00e9ditoriale) concernant l&rsquo;acc\u00e8s et le contenu \u00e0 ces\nsites.<\/p>\n\n\n\n<h2 id=\"iii-responsabilite\" class=\"wp-block-heading\">III. RESPONSABILITE<\/h2>\n\n\n\n<p>C\u00e9cile DIY s&rsquo;efforce d&rsquo;assurer au mieux de ses possibilit\u00e9s\nl&rsquo;exactitude et la mise \u00e0 jour des informations diffus\u00e9es sur le Site, dont\nelle se r\u00e9serve le droit de corriger, \u00e0 tout moment et sans pr\u00e9avis, le\ncontenu. Toutefois, C\u00e9cile DIY ne peut garantir l&rsquo;exactitude, la pr\u00e9cision et\nl&rsquo;exhaustivit\u00e9 des informations mises \u00e0 disposition sur le Site, lesquelles\ninformations ne constituent ni une garantie ni un engagement de la part de C\u00e9cile\nDIY \u00e0 l&rsquo;\u00e9gard de l&rsquo;internaute.<\/p>\n\n\n\n<p>En particulier, C\u00e9cile DIY ne saurait \u00eatre tenue pour\nresponsable :<\/p>\n\n\n\n<ul class=\"wp-block-list\">\n<li>de toute impr\u00e9cision, inexactitude ou omission portant sur des informations disponibles sur le Site <\/li>\n\n\n\n<li>de tous dommages r\u00e9sultant d&rsquo;une intrusion informatique d&rsquo;un tiers ayant entra\u00een\u00e9 une modification des informations mises \u00e0 disposition sur le Site ;<\/li>\n\n\n\n<li>et plus g\u00e9n\u00e9ralement, de tous dommages, directs ou indirects, qu&rsquo;elles qu&rsquo;en soient les causes, origines, natures et cons\u00e9quences, provoqu\u00e9s en raison de l&rsquo;acc\u00e8s de quiconque au Site ou de l&rsquo;impossibilit\u00e9 d&rsquo;y acc\u00e9der, de m\u00eame que de l&rsquo;utilisation du Site et\/ou du cr\u00e9dit accord\u00e9 \u00e0 une quelconque information provenant directement ou indirectement de ce dernier.<\/li>\n<\/ul>\n\n\n\n<p>C\u00e9cile DIY met en \u0153uvre des moyens destin\u00e9s \u00e0 assurer la\ns\u00e9curit\u00e9 des fichiers constitu\u00e9s \u00e0 partir des donn\u00e9es \u00e0 caract\u00e8re personnel\ncollect\u00e9es sur le Site. Il est toutefois rappel\u00e9 que C\u00e9cile DIY ne ma\u00eetrise pas\nles risques li\u00e9s au fonctionnement d&rsquo;Internet et attire l&rsquo;attention des\ninternautes sur l&rsquo;existence d&rsquo;\u00e9ventuels risques en termes de confidentialit\u00e9\ndes donn\u00e9es transitant via ce r\u00e9seau.<\/p>\n\n\n\n<h2 id=\"iv-modifications-des-mentions\" class=\"wp-block-heading\">IV. MODIFICATIONS DES MENTIONS<\/h2>\n\n\n\n<p>C\u00e9cile DIY informe les internautes consultant le Site que\nles pr\u00e9sentes mentions peuvent \u00eatre modifi\u00e9es \u00e0 tout moment. Ces modifications\nsont publi\u00e9es par leur mise en ligne et sont r\u00e9put\u00e9es accept\u00e9es sans r\u00e9serve\npar tout internaute qui acc\u00e8de au Site post\u00e9rieurement \u00e0 leur mise en ligne.<\/p>\n\n\n\n<h2 id=\"v-litiges\" class=\"wp-block-heading\">V. LITIGES<\/h2>\n\n\n\n<p>Les pr\u00e9sentes mentions sont \u00e9tablies en conformit\u00e9 avec le\ndroit fran\u00e7ais et notamment des dispositions de la loi n\u00b02004-575 du 21 juin\n2004 pour la confiance dans l&rsquo;\u00e9conomie num\u00e9rique et de la loi n\u00b078-17 du 6\njanvier 1978 relative \u00e0 l\u2019informatique, aux fichiers et aux libert\u00e9s. Les\njuridictions fran\u00e7aises sont territorialement comp\u00e9tentes pour conna\u00eetre de\ntout litige aff\u00e9rent \u00e0 l&rsquo;utilisation du Site, sauf dispositions contraires\nd\u00e9coulant du R\u00e8glement n\u00b044\/2001 du 20 d\u00e9cembre 2000 sur la comp\u00e9tence\njudiciaire, la reconnaissance et l&rsquo;ex\u00e9cution des d\u00e9cisions en mati\u00e8re civile et\ncommerciale (Bruxelles I).<\/p>\n\n\n\n<p>Pour toute question que l&rsquo;internaute pourrait se poser sur\nl&rsquo;utilisation du Site et\/ou sur les pr\u00e9sentes mentions, pour toute demande qu&rsquo;il\npourrait souhaiter adresser \u00e0 C\u00e9cile DIY, il peut lui adresser un message dans\nla rubrique \u00ab\u00a0CONTACT\u00a0\u00bb du Site et\/ou un courrier \u00e9lectronique \u00e0\nl&rsquo;adresse suivante : contact@cecilediy.com.<\/p>\n","protected":false},"excerpt":{"rendered":"<p>I. IDENTIFICATION Le pr\u00e9sent site www.cecilediy.com (le \u00ab Site \u00bb) est \u00e9dit\u00e9 par C\u00e9cile DIY, micro-entreprise sous le num\u00e9ro 877\u00a0564 849, dont le si\u00e8ge social est situ\u00e9 6, rue Durantin&hellip;<\/p>\n","protected":false},"author":1,"featured_media":0,"parent":0,"menu_order":0,"comment_status":"closed","ping_status":"closed","template":"","meta":{"footnotes":""},"class_list":["post-2685","page","type-page","status-publish"],"yoast_head":"<!-- This site is optimized with the Yoast SEO plugin v26.4 - https:\/\/yoast.com\/wordpress\/plugins\/seo\/ -->\n<title>Retrouvez le d\u00e9tail de nos mentions l\u00e9gales | C\u00e9cile DIY<\/title>\n<meta name=\"description\" content=\"Retrouvez le d\u00e9tail de nos mentions l\u00e9gales | C\u00e9cile DIY\" \/>\n<meta name=\"robots\" content=\"index, follow, max-snippet:-1, max-image-preview:large, max-video-preview:-1\" \/>\n<link rel=\"canonical\" href=\"https:\/\/cecilediy.com\/index.php\/mentions-legales-cecile-diy\/\" \/>\n<meta property=\"og:locale\" content=\"fr_FR\" \/>\n<meta property=\"og:type\" content=\"article\" \/>\n<meta property=\"og:title\" content=\"Retrouvez le d\u00e9tail de nos mentions l\u00e9gales | C\u00e9cile DIY\" \/>\n<meta property=\"og:description\" content=\"Retrouvez le d\u00e9tail de nos mentions l\u00e9gales | C\u00e9cile DIY\" \/>\n<meta property=\"og:url\" content=\"https:\/\/cecilediy.com\/index.php\/mentions-legales-cecile-diy\/\" \/>\n<meta property=\"og:site_name\" content=\"Cecile DIY\" \/>\n<meta property=\"article:publisher\" content=\"https:\/\/www.facebook.com\/cecileoff\/\" \/>\n<meta property=\"article:modified_time\" content=\"2024-06-01T07:02:39+00:00\" \/>\n<meta name=\"twitter:card\" content=\"summary_large_image\" \/>\n<meta name=\"twitter:label1\" content=\"Dur\u00e9e de lecture estim\u00e9e\" \/>\n\t<meta name=\"twitter:data1\" content=\"5 minutes\" \/>\n<script type=\"application\/ld+json\" class=\"yoast-schema-graph\">{\"@context\":\"https:\/\/schema.org\",\"@graph\":[{\"@type\":\"WebPage\",\"@id\":\"https:\/\/cecilediy.com\/index.php\/mentions-legales-cecile-diy\/\",\"url\":\"https:\/\/cecilediy.com\/index.php\/mentions-legales-cecile-diy\/\",\"name\":\"Retrouvez le d\u00e9tail de nos mentions l\u00e9gales | C\u00e9cile DIY\",\"isPartOf\":{\"@id\":\"https:\/\/cecilediy.com\/#website\"},\"datePublished\":\"2019-10-21T13:11:08+00:00\",\"dateModified\":\"2024-06-01T07:02:39+00:00\",\"description\":\"Retrouvez le d\u00e9tail de nos mentions l\u00e9gales | C\u00e9cile DIY\",\"breadcrumb\":{\"@id\":\"https:\/\/cecilediy.com\/index.php\/mentions-legales-cecile-diy\/#breadcrumb\"},\"inLanguage\":\"fr-FR\",\"potentialAction\":[{\"@type\":\"ReadAction\",\"target\":[\"https:\/\/cecilediy.com\/index.php\/mentions-legales-cecile-diy\/\"]}]},{\"@type\":\"BreadcrumbList\",\"@id\":\"https:\/\/cecilediy.com\/index.php\/mentions-legales-cecile-diy\/#breadcrumb\",\"itemListElement\":[{\"@type\":\"ListItem\",\"position\":1,\"name\":\"Accueil\",\"item\":\"https:\/\/cecilediy.com\/\"},{\"@type\":\"ListItem\",\"position\":2,\"name\":\"Mentions l\u00e9gales\"}]},{\"@type\":\"WebSite\",\"@id\":\"https:\/\/cecilediy.com\/#website\",\"url\":\"https:\/\/cecilediy.com\/\",\"name\":\"C\u00e9cile DIY\",\"description\":\"DO IT YOURSELF\",\"publisher\":{\"@id\":\"https:\/\/cecilediy.com\/#\/schema\/person\/1e9bf1431e848e6f3f72380013e1d9db\"},\"potentialAction\":[{\"@type\":\"SearchAction\",\"target\":{\"@type\":\"EntryPoint\",\"urlTemplate\":\"https:\/\/cecilediy.com\/?s={search_term_string}\"},\"query-input\":{\"@type\":\"PropertyValueSpecification\",\"valueRequired\":true,\"valueName\":\"search_term_string\"}}],\"inLanguage\":\"fr-FR\"},{\"@type\":[\"Person\",\"Organization\"],\"@id\":\"https:\/\/cecilediy.com\/#\/schema\/person\/1e9bf1431e848e6f3f72380013e1d9db\",\"name\":\"C\u00e9cile\",\"image\":{\"@type\":\"ImageObject\",\"inLanguage\":\"fr-FR\",\"@id\":\"https:\/\/cecilediy.com\/#\/schema\/person\/image\/\",\"url\":\"https:\/\/cecilediy.com\/wp-content\/uploads\/2022\/12\/Robe-Cassiopee-scaled.jpg\",\"contentUrl\":\"https:\/\/cecilediy.com\/wp-content\/uploads\/2022\/12\/Robe-Cassiopee-scaled.jpg\",\"width\":1920,\"height\":2560,\"caption\":\"C\u00e9cile\"},\"logo\":{\"@id\":\"https:\/\/cecilediy.com\/#\/schema\/person\/image\/\"},\"description\":\"Mod\u00e9liste, Content &amp; social media, Photographe\",\"sameAs\":[\"https:\/\/cecilediy.com\",\"https:\/\/www.facebook.com\/cecileoff\/\",\"https:\/\/www.instagram.com\/cecilediy\/\",\"https:\/\/www.pinterest.fr\/ccilediy\",\"https:\/\/www.youtube.com\/c\/cecilediy\"]}]}<\/script>\n<!-- \/ Yoast SEO plugin. -->","yoast_head_json":{"title":"Retrouvez le d\u00e9tail de nos mentions l\u00e9gales | C\u00e9cile DIY","description":"Retrouvez le d\u00e9tail de nos mentions l\u00e9gales | C\u00e9cile DIY","robots":{"index":"index","follow":"follow","max-snippet":"max-snippet:-1","max-image-preview":"max-image-preview:large","max-video-preview":"max-video-preview:-1"},"canonical":"https:\/\/cecilediy.com\/index.php\/mentions-legales-cecile-diy\/","og_locale":"fr_FR","og_type":"article","og_title":"Retrouvez le d\u00e9tail de nos mentions l\u00e9gales | C\u00e9cile DIY","og_description":"Retrouvez le d\u00e9tail de nos mentions l\u00e9gales | C\u00e9cile DIY","og_url":"https:\/\/cecilediy.com\/index.php\/mentions-legales-cecile-diy\/","og_site_name":"Cecile DIY","article_publisher":"https:\/\/www.facebook.com\/cecileoff\/","article_modified_time":"2024-06-01T07:02:39+00:00","twitter_card":"summary_large_image","twitter_misc":{"Dur\u00e9e de lecture estim\u00e9e":"5 minutes"},"schema":{"@context":"https:\/\/schema.org","@graph":[{"@type":"WebPage","@id":"https:\/\/cecilediy.com\/index.php\/mentions-legales-cecile-diy\/","url":"https:\/\/cecilediy.com\/index.php\/mentions-legales-cecile-diy\/","name":"Retrouvez le d\u00e9tail de nos mentions l\u00e9gales | C\u00e9cile DIY","isPartOf":{"@id":"https:\/\/cecilediy.com\/#website"},"datePublished":"2019-10-21T13:11:08+00:00","dateModified":"2024-06-01T07:02:39+00:00","description":"Retrouvez le d\u00e9tail de nos mentions l\u00e9gales | C\u00e9cile DIY","breadcrumb":{"@id":"https:\/\/cecilediy.com\/index.php\/mentions-legales-cecile-diy\/#breadcrumb"},"inLanguage":"fr-FR","potentialAction":[{"@type":"ReadAction","target":["https:\/\/cecilediy.com\/index.php\/mentions-legales-cecile-diy\/"]}]},{"@type":"BreadcrumbList","@id":"https:\/\/cecilediy.com\/index.php\/mentions-legales-cecile-diy\/#breadcrumb","itemListElement":[{"@type":"ListItem","position":1,"name":"Accueil","item":"https:\/\/cecilediy.com\/"},{"@type":"ListItem","position":2,"name":"Mentions l\u00e9gales"}]},{"@type":"WebSite","@id":"https:\/\/cecilediy.com\/#website","url":"https:\/\/cecilediy.com\/","name":"C\u00e9cile DIY","description":"DO IT YOURSELF","publisher":{"@id":"https:\/\/cecilediy.com\/#\/schema\/person\/1e9bf1431e848e6f3f72380013e1d9db"},"potentialAction":[{"@type":"SearchAction","target":{"@type":"EntryPoint","urlTemplate":"https:\/\/cecilediy.com\/?s={search_term_string}"},"query-input":{"@type":"PropertyValueSpecification","valueRequired":true,"valueName":"search_term_string"}}],"inLanguage":"fr-FR"},{"@type":["Person","Organization"],"@id":"https:\/\/cecilediy.com\/#\/schema\/person\/1e9bf1431e848e6f3f72380013e1d9db","name":"C\u00e9cile","image":{"@type":"ImageObject","inLanguage":"fr-FR","@id":"https:\/\/cecilediy.com\/#\/schema\/person\/image\/","url":"https:\/\/cecilediy.com\/wp-content\/uploads\/2022\/12\/Robe-Cassiopee-scaled.jpg","contentUrl":"https:\/\/cecilediy.com\/wp-content\/uploads\/2022\/12\/Robe-Cassiopee-scaled.jpg","width":1920,"height":2560,"caption":"C\u00e9cile"},"logo":{"@id":"https:\/\/cecilediy.com\/#\/schema\/person\/image\/"},"description":"Mod\u00e9liste, Content &amp; social media, Photographe","sameAs":["https:\/\/cecilediy.com","https:\/\/www.facebook.com\/cecileoff\/","https:\/\/www.instagram.com\/cecilediy\/","https:\/\/www.pinterest.fr\/ccilediy","https:\/\/www.youtube.com\/c\/cecilediy"]}]}},"_links":{"self":[{"href":"https:\/\/cecilediy.com\/index.php\/wp-json\/wp\/v2\/pages\/2685","targetHints":{"allow":["GET"]}}],"collection":[{"href":"https:\/\/cecilediy.com\/index.php\/wp-json\/wp\/v2\/pages"}],"about":[{"href":"https:\/\/cecilediy.com\/index.php\/wp-json\/wp\/v2\/types\/page"}],"author":[{"embeddable":true,"href":"https:\/\/cecilediy.com\/index.php\/wp-json\/wp\/v2\/users\/1"}],"replies":[{"embeddable":true,"href":"https:\/\/cecilediy.com\/index.php\/wp-json\/wp\/v2\/comments?post=2685"}],"version-history":[{"count":3,"href":"https:\/\/cecilediy.com\/index.php\/wp-json\/wp\/v2\/pages\/2685\/revisions"}],"predecessor-version":[{"id":9357,"href":"https:\/\/cecilediy.com\/index.php\/wp-json\/wp\/v2\/pages\/2685\/revisions\/9357"}],"wp:attachment":[{"href":"https:\/\/cecilediy.com\/index.php\/wp-json\/wp\/v2\/media?parent=2685"}],"curies":[{"name":"wp","href":"https:\/\/api.w.org\/{rel}","templated":true}]}}