{"id":2680,"date":"2019-10-21T14:33:40","date_gmt":"2019-10-21T12:33:40","guid":{"rendered":"https:\/\/cecilediy.com\/?page_id=2680"},"modified":"2024-06-01T09:05:14","modified_gmt":"2024-06-01T07:05:14","slug":"contact-sav","status":"publish","type":"page","link":"https:\/\/cecilediy.com\/index.php\/contact-sav\/","title":{"rendered":"Contact &#038; SAV"},"content":{"rendered":"\n<h4 id=\"vous-rencontrez-des-difficultes-avec-votre-commande-besoin-dinformations-supplementaires-sur-un-produit\" class=\"wp-block-heading\">Vous rencontrez des difficult\u00e9s avec votre commande ? Besoin d&rsquo;informations suppl\u00e9mentaires sur un produit ? <\/h4>\n\n\n\n<p>Vous pouvez contacter notre service client sur l&rsquo;adresse mail suivante : <a href=\"mailto:contact@cecilediy.com\" target=\"_blank\" rel=\"noreferrer noopener\">contact@cecilediy.com<\/a>, ou sur Instagram <a href=\"https:\/\/www.instagram.com\/cecilediy\/\" target=\"_blank\" rel=\"noreferrer noopener\">@cecilediy<\/a>.<\/p>\n\n\n\n<p>Notre service client vous r\u00e9pond entre 9h00 et 18h00 du lundi au vendredi.<\/p>\n\n\n\n<p>Vous pouvez \u00e9galement consulter notre FAQ traitant des questions les plus fr\u00e9quemment pos\u00e9es. <\/p>\n","protected":false},"excerpt":{"rendered":"<p>Vous rencontrez des difficult\u00e9s avec votre commande ? Besoin d&rsquo;informations suppl\u00e9mentaires sur un produit ? Vous pouvez contacter notre service client sur l&rsquo;adresse mail suivante : contact@cecilediy.com, ou sur Instagram&hellip;<\/p>\n","protected":false},"author":1,"featured_media":0,"parent":0,"menu_order":0,"comment_status":"closed","ping_status":"closed","template":"","meta":{"footnotes":""},"class_list":["post-2680","page","type-page","status-publish"],"yoast_head":"<!-- This site is optimized with the Yoast SEO plugin v26.4 - https:\/\/yoast.com\/wordpress\/plugins\/seo\/ -->\n<title>Contact &amp; SAV C\u00e9cile DIY<\/title>\n<meta name=\"description\" content=\"Contact &amp; SAV C\u00e9cile DIY : Vous rencontrez des difficult\u00e9s avec une commande ? Besoin d&#039;informations sur un produit ? Contactez notre SAV \u00e0..\" \/>\n<meta name=\"robots\" content=\"index, follow, max-snippet:-1, max-image-preview:large, max-video-preview:-1\" \/>\n<link rel=\"canonical\" href=\"https:\/\/cecilediy.com\/index.php\/contact-sav\/\" \/>\n<meta property=\"og:locale\" content=\"fr_FR\" \/>\n<meta property=\"og:type\" content=\"article\" \/>\n<meta property=\"og:title\" content=\"Contact &amp; SAV C\u00e9cile DIY\" \/>\n<meta property=\"og:description\" content=\"Contact &amp; SAV C\u00e9cile DIY : Vous rencontrez des difficult\u00e9s avec une commande ? Besoin d&#039;informations sur un produit ? Contactez notre SAV \u00e0..\" \/>\n<meta property=\"og:url\" content=\"https:\/\/cecilediy.com\/index.php\/contact-sav\/\" \/>\n<meta property=\"og:site_name\" content=\"Cecile DIY\" \/>\n<meta property=\"article:publisher\" content=\"https:\/\/www.facebook.com\/cecileoff\/\" \/>\n<meta property=\"article:modified_time\" content=\"2024-06-01T07:05:14+00:00\" \/>\n<meta name=\"twitter:card\" content=\"summary_large_image\" \/>\n<meta name=\"twitter:label1\" content=\"Dur\u00e9e de lecture estim\u00e9e\" \/>\n\t<meta name=\"twitter:data1\" content=\"1 minute\" \/>\n<script type=\"application\/ld+json\" class=\"yoast-schema-graph\">{\"@context\":\"https:\/\/schema.org\",\"@graph\":[{\"@type\":\"WebPage\",\"@id\":\"https:\/\/cecilediy.com\/index.php\/contact-sav\/\",\"url\":\"https:\/\/cecilediy.com\/index.php\/contact-sav\/\",\"name\":\"Contact & SAV C\u00e9cile DIY\",\"isPartOf\":{\"@id\":\"https:\/\/cecilediy.com\/#website\"},\"datePublished\":\"2019-10-21T12:33:40+00:00\",\"dateModified\":\"2024-06-01T07:05:14+00:00\",\"description\":\"Contact & SAV C\u00e9cile DIY : Vous rencontrez des difficult\u00e9s avec une commande ? Besoin d'informations sur un produit ? Contactez notre SAV \u00e0..\",\"breadcrumb\":{\"@id\":\"https:\/\/cecilediy.com\/index.php\/contact-sav\/#breadcrumb\"},\"inLanguage\":\"fr-FR\",\"potentialAction\":[{\"@type\":\"ReadAction\",\"target\":[\"https:\/\/cecilediy.com\/index.php\/contact-sav\/\"]}]},{\"@type\":\"BreadcrumbList\",\"@id\":\"https:\/\/cecilediy.com\/index.php\/contact-sav\/#breadcrumb\",\"itemListElement\":[{\"@type\":\"ListItem\",\"position\":1,\"name\":\"Accueil\",\"item\":\"https:\/\/cecilediy.com\/\"},{\"@type\":\"ListItem\",\"position\":2,\"name\":\"Contact &#038; SAV\"}]},{\"@type\":\"WebSite\",\"@id\":\"https:\/\/cecilediy.com\/#website\",\"url\":\"https:\/\/cecilediy.com\/\",\"name\":\"C\u00e9cile DIY\",\"description\":\"DO IT YOURSELF\",\"publisher\":{\"@id\":\"https:\/\/cecilediy.com\/#\/schema\/person\/1e9bf1431e848e6f3f72380013e1d9db\"},\"potentialAction\":[{\"@type\":\"SearchAction\",\"target\":{\"@type\":\"EntryPoint\",\"urlTemplate\":\"https:\/\/cecilediy.com\/?s={search_term_string}\"},\"query-input\":{\"@type\":\"PropertyValueSpecification\",\"valueRequired\":true,\"valueName\":\"search_term_string\"}}],\"inLanguage\":\"fr-FR\"},{\"@type\":[\"Person\",\"Organization\"],\"@id\":\"https:\/\/cecilediy.com\/#\/schema\/person\/1e9bf1431e848e6f3f72380013e1d9db\",\"name\":\"C\u00e9cile\",\"image\":{\"@type\":\"ImageObject\",\"inLanguage\":\"fr-FR\",\"@id\":\"https:\/\/cecilediy.com\/#\/schema\/person\/image\/\",\"url\":\"https:\/\/cecilediy.com\/wp-content\/uploads\/2022\/12\/Robe-Cassiopee-scaled.jpg\",\"contentUrl\":\"https:\/\/cecilediy.com\/wp-content\/uploads\/2022\/12\/Robe-Cassiopee-scaled.jpg\",\"width\":1920,\"height\":2560,\"caption\":\"C\u00e9cile\"},\"logo\":{\"@id\":\"https:\/\/cecilediy.com\/#\/schema\/person\/image\/\"},\"description\":\"Mod\u00e9liste, Content &amp; social media, Photographe\",\"sameAs\":[\"https:\/\/cecilediy.com\",\"https:\/\/www.facebook.com\/cecileoff\/\",\"https:\/\/www.instagram.com\/cecilediy\/\",\"https:\/\/www.pinterest.fr\/ccilediy\",\"https:\/\/www.youtube.com\/c\/cecilediy\"]}]}<\/script>\n<!-- \/ Yoast SEO plugin. -->","yoast_head_json":{"title":"Contact & SAV C\u00e9cile DIY","description":"Contact & SAV C\u00e9cile DIY : Vous rencontrez des difficult\u00e9s avec une commande ? Besoin d'informations sur un produit ? Contactez notre SAV \u00e0..","robots":{"index":"index","follow":"follow","max-snippet":"max-snippet:-1","max-image-preview":"max-image-preview:large","max-video-preview":"max-video-preview:-1"},"canonical":"https:\/\/cecilediy.com\/index.php\/contact-sav\/","og_locale":"fr_FR","og_type":"article","og_title":"Contact & SAV C\u00e9cile DIY","og_description":"Contact & SAV C\u00e9cile DIY : Vous rencontrez des difficult\u00e9s avec une commande ? Besoin d'informations sur un produit ? Contactez notre SAV \u00e0..","og_url":"https:\/\/cecilediy.com\/index.php\/contact-sav\/","og_site_name":"Cecile DIY","article_publisher":"https:\/\/www.facebook.com\/cecileoff\/","article_modified_time":"2024-06-01T07:05:14+00:00","twitter_card":"summary_large_image","twitter_misc":{"Dur\u00e9e de lecture estim\u00e9e":"1 minute"},"schema":{"@context":"https:\/\/schema.org","@graph":[{"@type":"WebPage","@id":"https:\/\/cecilediy.com\/index.php\/contact-sav\/","url":"https:\/\/cecilediy.com\/index.php\/contact-sav\/","name":"Contact & SAV C\u00e9cile DIY","isPartOf":{"@id":"https:\/\/cecilediy.com\/#website"},"datePublished":"2019-10-21T12:33:40+00:00","dateModified":"2024-06-01T07:05:14+00:00","description":"Contact & SAV C\u00e9cile DIY : Vous rencontrez des difficult\u00e9s avec une commande ? Besoin d'informations sur un produit ? Contactez notre SAV \u00e0..","breadcrumb":{"@id":"https:\/\/cecilediy.com\/index.php\/contact-sav\/#breadcrumb"},"inLanguage":"fr-FR","potentialAction":[{"@type":"ReadAction","target":["https:\/\/cecilediy.com\/index.php\/contact-sav\/"]}]},{"@type":"BreadcrumbList","@id":"https:\/\/cecilediy.com\/index.php\/contact-sav\/#breadcrumb","itemListElement":[{"@type":"ListItem","position":1,"name":"Accueil","item":"https:\/\/cecilediy.com\/"},{"@type":"ListItem","position":2,"name":"Contact &#038; SAV"}]},{"@type":"WebSite","@id":"https:\/\/cecilediy.com\/#website","url":"https:\/\/cecilediy.com\/","name":"C\u00e9cile DIY","description":"DO IT YOURSELF","publisher":{"@id":"https:\/\/cecilediy.com\/#\/schema\/person\/1e9bf1431e848e6f3f72380013e1d9db"},"potentialAction":[{"@type":"SearchAction","target":{"@type":"EntryPoint","urlTemplate":"https:\/\/cecilediy.com\/?s={search_term_string}"},"query-input":{"@type":"PropertyValueSpecification","valueRequired":true,"valueName":"search_term_string"}}],"inLanguage":"fr-FR"},{"@type":["Person","Organization"],"@id":"https:\/\/cecilediy.com\/#\/schema\/person\/1e9bf1431e848e6f3f72380013e1d9db","name":"C\u00e9cile","image":{"@type":"ImageObject","inLanguage":"fr-FR","@id":"https:\/\/cecilediy.com\/#\/schema\/person\/image\/","url":"https:\/\/cecilediy.com\/wp-content\/uploads\/2022\/12\/Robe-Cassiopee-scaled.jpg","contentUrl":"https:\/\/cecilediy.com\/wp-content\/uploads\/2022\/12\/Robe-Cassiopee-scaled.jpg","width":1920,"height":2560,"caption":"C\u00e9cile"},"logo":{"@id":"https:\/\/cecilediy.com\/#\/schema\/person\/image\/"},"description":"Mod\u00e9liste, Content &amp; social media, Photographe","sameAs":["https:\/\/cecilediy.com","https:\/\/www.facebook.com\/cecileoff\/","https:\/\/www.instagram.com\/cecilediy\/","https:\/\/www.pinterest.fr\/ccilediy","https:\/\/www.youtube.com\/c\/cecilediy"]}]}},"_links":{"self":[{"href":"https:\/\/cecilediy.com\/index.php\/wp-json\/wp\/v2\/pages\/2680","targetHints":{"allow":["GET"]}}],"collection":[{"href":"https:\/\/cecilediy.com\/index.php\/wp-json\/wp\/v2\/pages"}],"about":[{"href":"https:\/\/cecilediy.com\/index.php\/wp-json\/wp\/v2\/types\/page"}],"author":[{"embeddable":true,"href":"https:\/\/cecilediy.com\/index.php\/wp-json\/wp\/v2\/users\/1"}],"replies":[{"embeddable":true,"href":"https:\/\/cecilediy.com\/index.php\/wp-json\/wp\/v2\/comments?post=2680"}],"version-history":[{"count":5,"href":"https:\/\/cecilediy.com\/index.php\/wp-json\/wp\/v2\/pages\/2680\/revisions"}],"predecessor-version":[{"id":9354,"href":"https:\/\/cecilediy.com\/index.php\/wp-json\/wp\/v2\/pages\/2680\/revisions\/9354"}],"wp:attachment":[{"href":"https:\/\/cecilediy.com\/index.php\/wp-json\/wp\/v2\/media?parent=2680"}],"curies":[{"name":"wp","href":"https:\/\/api.w.org\/{rel}","templated":true}]}}